{"id":6603,"date":"2020-09-28T14:41:53","date_gmt":"2020-09-28T14:41:53","guid":{"rendered":"https:\/\/www.pdf-online.nl\/allgemeine-geschaeftsbedingungen\/"},"modified":"2020-10-01T08:07:32","modified_gmt":"2020-10-01T08:07:32","slug":"allgemeine-geschaeftsbedingungen","status":"publish","type":"page","link":"https:\/\/pdf-online.shop\/de\/allgemeine-geschaeftsbedingungen\/","title":{"rendered":"Allgemeine Gesch\u00e4ftsbedingungen"},"content":{"rendered":"<p>Definitionen Buro Zero ist bei der Handelskammer in Rotterdam registriert. Kunde: Benutzer eines Produkts oder einer Dienstleistung von Buro Zero. Durch Vereinbarung ist die Vereinbarung gemeint, die von beiden Parteien unterzeichnet wird, bevor Buro Zero mit der Lieferung an den Kunden fortf\u00e4hrt.<\/p>\n<p><strong>1. Anwendbarkeit<\/strong><\/p>\n<p>Diese Allgemeinen Gesch\u00e4ftsbedingungen gelten f\u00fcr alle Angebote und Lieferungen von Buro Zero. Buro Zero hat das Recht, die Allgemeinen Gesch\u00e4ftsbedingungen jederzeit zu \u00e4ndern. Eine aktuelle Version der Allgemeinen Gesch\u00e4ftsbedingungen ist auf Anfrage kostenlos erh\u00e4ltlich.<\/p>\n<p><strong>2. Kostenvorschl\u00e4ge und Angebote<\/strong><\/p>\n<p>Kostenvorschl\u00e4ge und Angebote von Buro Zero sind vorl\u00e4ufig und unter keinen Umst\u00e4nden bindend. Alle Angebote haben eine G\u00fcltigkeit von 30 Tagen.<\/p>\n<p><strong>3. Vereinbarungen<\/strong><\/p>\n<p>Die endg\u00fcltigen Vereinbarungen in Bezug auf das von Buro Zero an den Kunden zu liefernden Produkts sind in einer Vereinbarung festgelegt, die die technischen und grafischen Einzelheiten, die Preise und die Lieferdetails enth\u00e4lt. In manchen F\u00e4llen muss der Kunde Buro Zero Informationen zur Verf\u00fcgung stellen, f\u00fcr die in der Vereinbarung ein endg\u00fcltiger Termin angegeben ist. Sollte der Kunde Buro Zero bis zu diesem Datum keine (ausreichenden) Informationen zur Verf\u00fcgung gestellt haben, so hat Buro Zero das Recht, das Lieferdatum des Endprodukts und aller Zwischenprodukte zu \u00e4ndern.\u00a0 Eine Vereinbarung ist nur verbindlich, wenn: a. es ausdr\u00fccklich darauf hingewiesen wird, dass es sich um eine Vereinbarung handelt; b. das Dokument die Unterschrift von Buro Zero oder eines seiner Vertreter sowie die Unterschrift des Kunden oder eines Vertreters des Kunden enth\u00e4lt; c. ein Liefertermin von Buro Zero schriftlich festgelegt wurde. Buro Zero hat das Recht, den Abschluss einer Vereinbarung zu verweigern.<\/p>\n<p><strong>4. Geb\u00fchre<\/strong><\/p>\n<p>Sofern nicht anders angegeben, enthalten alle angegebenen Geb\u00fchren keine Mehrwertsteuer (hoher Satz, 21%). Sollte Buro Zero schriftlich nachweisen k\u00f6nnen, dass der Kostenpreis eines Produkts den Verkaufspreis \u00fcbersteigt, so hat Buro Zero das Recht, den Verkaufspreis zu erh\u00f6hen. Dies gibt dem Kunden jedoch kein Recht, den Vertrag aufzul\u00f6sen.<\/p>\n<p><strong>5. Lieferung<\/strong><\/p>\n<p>Nach Kenntnisstand von Buro Zero sind zum Zeitpunkt der Lieferung alle technischen Anforderungen der Vereinbarung erf\u00fcllt. Zum Zeitpunkt der Lieferung wird das Endprodukt von Buro Zero und dem Kunden gemeinsam auf m\u00f6gliche M\u00e4ngel oder hinsichtlich von gew\u00fcnschten \u00c4nderungen \u00fcberpr\u00fcft.\u00a0 Sollte Buro Zero die \u00c4nderungen anerkennen haben, so werden sie soweit m\u00f6glich innerhalb von 7 (sieben) Tagen nach Lieferung vorgenommen.<\/p>\n<p><strong>6. Zahlung<\/strong><\/p>\n<p>Buro Zero hat das Recht, eine Vorauszahlung zu verlangen und kann den Betrag der Vorauszahlung bis zur H\u00f6he des gesamten Rechnungsbetrags selbst festlegen. Standardm\u00e4\u00dfig betr\u00e4gt die Vorauszahlung 40% zu Beginn der Erstellung des Produkts. Nach Lieferung des Endprodukts muss der Kunde den ausstehenden Rechnungsbetrag innerhalb von 30 (drei\u00dfig) Tagen an Buro Zero zahlen. Sollte der Kunde diese Voraussetzung nicht erf\u00fcllen, so ist Buro Zero berechtigt, h\u00f6chstens das 2-fache des Rechnungsbetrags zuz\u00fcglich etwaiger Inkassokosten zu berechnen.<\/p>\n<p><strong>7. Eigentumsvorbehalt und Urheberrecht<\/strong><\/p>\n<p>Soweit nicht anders angegeben, werden alle Produkte (audiovisuelle, grafische, dynamische Websites und Managementsysteme usw.) von Buro Zero unter Lizenz bereitgestellt. Dies bedeutet, dass die Produkte nach wie vor Eigentum von Buro Zero bleiben, w\u00e4hrend der Kunde eine Lizenz zur Nutzung der Produkte erh\u00e4lt. Dieses Recht ist ohne schriftliche Genehmigung von Buro Zero nicht \u00fcbertragbar. Nach Lieferung eines Produkts beh\u00e4lt sich Buro Zero das Urheberrecht vor: dies bedeutet, dass der Kunde das lizenzierte Produkt nicht \u00e4ndern darf. Buro Zero beh\u00e4lt sich das Urheberrecht in Bezug auf die Designs einer Website vor. Nach Zahlung des vollen Rechnungsbetrags erh\u00e4lt der Kunde automatisch eine begrenzte \u00fcbertragbare Lizenz, um die Designs f\u00fcr eine unbestimmte Zeit zu verwenden. Dies sch\u00fctzt den Kunden vor weiteren Kosten, die aufgrund von Verwendung und Weiterentwicklung der gelieferten Designs entstehen k\u00f6nnten. Diese Lizenz ist nur mit dem Verkauf des gesamten Unternehmens \/ der Stiftung des Kunden \u00fcbertragbar und bezieht sich nur auf die Verwendung der Designs f\u00fcr den vom Kunden in diesem Kostenvorschlag beabsichtigten und beschriebenen Zweck. \u00dcber eine \u00dcbertragungsurkunde kann Buro Zero das Urheberrecht auf den Kunden \u00fcbertragen, wof\u00fcr Buro Zero dem Kunden einen noch festzulegenden Betrag in Rechnung stellen kann.<\/p>\n<p><strong>8. Haftung<\/strong><\/p>\n<p>Buro Zero haftet weder f\u00fcr direkte oder indirekte Sch\u00e4den, die aus oder durch M\u00e4ngel an den gelieferten Produkten und Dienstleistungen entstehen, noch f\u00fcr unsachgem\u00e4\u00dfe oder vorzeitige Lieferung von Produkten und Dienstleistungen an den Kunden. Jegliche Haftung f\u00fcr Gesch\u00e4ftssch\u00e4den (Betriebsunterbrechungen, verlorene Einnahmen usw.), Verlust oder Reduzierung von Daten und \/ oder Folgesch\u00e4den, aus welchen Gr\u00fcnden auch immer, einschlie\u00dflich einer Verz\u00f6gerung der Lieferzeit von Produkten und Dienstleistungen, wird ausdr\u00fccklich ausgeschlossen. Buro Zero haftet nicht f\u00fcr Sch\u00e4den, die dem Kunden oder Dritten durch die Handlungen oder Produkte und Dienstleistungen von Buro Zero entstehen. Die Nichteinhaltung einer Frist bedeutet, dass Buro Zero f\u00fcr etwaige Konsequenzen f\u00fcr den Kunden zur Verantwortung gezogen werden kann. Buro Zero ist nicht daf\u00fcr verantwortlich, dass die (m\u00f6gliche) vereinbarte Frist nicht eingehalten werden kann. Der Kunde sch\u00fctzt Buro Zero und seine Mitarbeiter vor Anspr\u00fcchen Dritter auf Ersatz von materiellen und immateriellen Sch\u00e4den, die direkt oder indirekt durch (die Verwendung der) von Buro Zero bereitgestellten Produkte und Dienstleistungen verursacht werden. Die Haftung von Buro Zero aufgrund der mit dem Kunden geschlossenen Vereinbarung \u00fcbersteigt niemals den Rechnungsbetrag.<\/p>\n<p><strong>9. Zur\u00fcckbehaltungsrecht<\/strong><\/p>\n<p>Alle Produkte bleiben Eigentum von Buro Zero, bis der Kunde den vollen Rechnungsbetrag bezahlt hat. Buro Zero ist berechtigt, das Zur\u00fcckbehaltungsrecht anzuwenden, wenn die Zahlung nicht nach der vereinbarten Zahlungsfrist erfolgt. Weitere Informationen zu diesem Thema finden Sie in Artikel 1612 des niederl\u00e4ndischen Zivilgesetzbuches.<\/p>\n","protected":false},"excerpt":{"rendered":"<p>Definitionen Buro Zero ist bei der Handelskammer in Rotterdam registriert. Kunde: Benutzer eines Produkts oder einer Dienstleistung von Buro Zero. Durch Vereinbarung ist die Vereinbarung gemeint, die von beiden Parteien unterzeichnet wird, bevor Buro Zero mit der Lieferung an den Kunden fortf\u00e4hrt. 1. Anwendbarkeit Diese Allgemeinen Gesch\u00e4ftsbedingungen gelten f\u00fcr alle Angebote und Lieferungen von Buro&#8230;<\/p>\n<p><a rel=\"bookmark\" class=\"theme-button-text wvc-button wvc-button-size-xs\" href=\"https:\/\/pdf-online.shop\/de\/allgemeine-geschaeftsbedingungen\/\"><small class=\"wvc-button-background-fill\"><\/small><span>Continue reading<\/span><\/a><\/p>\n","protected":false},"author":1,"featured_media":0,"parent":0,"menu_order":0,"comment_status":"closed","ping_status":"closed","template":"","meta":{"footnotes":""},"yoast_head":"<!-- This site is optimized with the Yoast SEO plugin v24.5 - https:\/\/yoast.com\/wordpress\/plugins\/seo\/ -->\n<title>Allgemeine Gesch\u00e4ftsbedingungen - PDF-Online<\/title>\n<meta name=\"robots\" content=\"index, follow, max-snippet:-1, max-image-preview:large, max-video-preview:-1\" \/>\n<link rel=\"canonical\" href=\"https:\/\/pdf-online.shop\/de\/allgemeine-geschaeftsbedingungen\/\" \/>\n<meta property=\"og:locale\" content=\"de_DE\" \/>\n<meta property=\"og:type\" content=\"article\" \/>\n<meta property=\"og:title\" content=\"Allgemeine Gesch\u00e4ftsbedingungen - PDF-Online\" \/>\n<meta property=\"og:description\" content=\"Definitionen Buro Zero ist bei der Handelskammer in Rotterdam registriert. Kunde: Benutzer eines Produkts oder einer Dienstleistung von Buro Zero. Durch Vereinbarung ist die Vereinbarung gemeint, die von beiden Parteien unterzeichnet wird, bevor Buro Zero mit der Lieferung an den Kunden fortf\u00e4hrt. 1. Anwendbarkeit Diese Allgemeinen Gesch\u00e4ftsbedingungen gelten f\u00fcr alle Angebote und Lieferungen von Buro...Continue reading\" \/>\n<meta property=\"og:url\" content=\"https:\/\/pdf-online.shop\/de\/allgemeine-geschaeftsbedingungen\/\" \/>\n<meta property=\"og:site_name\" content=\"PDF-Online\" \/>\n<meta property=\"article:modified_time\" content=\"2020-10-01T08:07:32+00:00\" \/>\n<meta name=\"twitter:card\" content=\"summary_large_image\" \/>\n<meta name=\"twitter:label1\" content=\"Gesch\u00e4tzte Lesezeit\" \/>\n\t<meta name=\"twitter:data1\" content=\"5\u00a0Minuten\" \/>\n<script type=\"application\/ld+json\" class=\"yoast-schema-graph\">{\"@context\":\"https:\/\/schema.org\",\"@graph\":[{\"@type\":\"WebPage\",\"@id\":\"https:\/\/pdf-online.shop\/de\/allgemeine-geschaeftsbedingungen\/\",\"url\":\"https:\/\/pdf-online.shop\/de\/allgemeine-geschaeftsbedingungen\/\",\"name\":\"Allgemeine Gesch\u00e4ftsbedingungen - PDF-Online\",\"isPartOf\":{\"@id\":\"https:\/\/pdf-online.shop\/#website\"},\"datePublished\":\"2020-09-28T14:41:53+00:00\",\"dateModified\":\"2020-10-01T08:07:32+00:00\",\"breadcrumb\":{\"@id\":\"https:\/\/pdf-online.shop\/de\/allgemeine-geschaeftsbedingungen\/#breadcrumb\"},\"inLanguage\":\"de\",\"potentialAction\":[{\"@type\":\"ReadAction\",\"target\":[\"https:\/\/pdf-online.shop\/de\/allgemeine-geschaeftsbedingungen\/\"]}]},{\"@type\":\"BreadcrumbList\",\"@id\":\"https:\/\/pdf-online.shop\/de\/allgemeine-geschaeftsbedingungen\/#breadcrumb\",\"itemListElement\":[{\"@type\":\"ListItem\",\"position\":1,\"name\":\"Home\",\"item\":\"https:\/\/pdf-online.shop\/de\/\"},{\"@type\":\"ListItem\",\"position\":2,\"name\":\"Allgemeine Gesch\u00e4ftsbedingungen\"}]},{\"@type\":\"WebSite\",\"@id\":\"https:\/\/pdf-online.shop\/#website\",\"url\":\"https:\/\/pdf-online.shop\/\",\"name\":\"PDF-Online\",\"description\":\"\",\"potentialAction\":[{\"@type\":\"SearchAction\",\"target\":{\"@type\":\"EntryPoint\",\"urlTemplate\":\"https:\/\/pdf-online.shop\/?s={search_term_string}\"},\"query-input\":{\"@type\":\"PropertyValueSpecification\",\"valueRequired\":true,\"valueName\":\"search_term_string\"}}],\"inLanguage\":\"de\"}]}<\/script>\n<!-- \/ Yoast SEO plugin. -->","yoast_head_json":{"title":"Allgemeine Gesch\u00e4ftsbedingungen - PDF-Online","robots":{"index":"index","follow":"follow","max-snippet":"max-snippet:-1","max-image-preview":"max-image-preview:large","max-video-preview":"max-video-preview:-1"},"canonical":"https:\/\/pdf-online.shop\/de\/allgemeine-geschaeftsbedingungen\/","og_locale":"de_DE","og_type":"article","og_title":"Allgemeine Gesch\u00e4ftsbedingungen - PDF-Online","og_description":"Definitionen Buro Zero ist bei der Handelskammer in Rotterdam registriert. Kunde: Benutzer eines Produkts oder einer Dienstleistung von Buro Zero. Durch Vereinbarung ist die Vereinbarung gemeint, die von beiden Parteien unterzeichnet wird, bevor Buro Zero mit der Lieferung an den Kunden fortf\u00e4hrt. 1. Anwendbarkeit Diese Allgemeinen Gesch\u00e4ftsbedingungen gelten f\u00fcr alle Angebote und Lieferungen von Buro...Continue reading","og_url":"https:\/\/pdf-online.shop\/de\/allgemeine-geschaeftsbedingungen\/","og_site_name":"PDF-Online","article_modified_time":"2020-10-01T08:07:32+00:00","twitter_card":"summary_large_image","twitter_misc":{"Gesch\u00e4tzte Lesezeit":"5\u00a0Minuten"},"schema":{"@context":"https:\/\/schema.org","@graph":[{"@type":"WebPage","@id":"https:\/\/pdf-online.shop\/de\/allgemeine-geschaeftsbedingungen\/","url":"https:\/\/pdf-online.shop\/de\/allgemeine-geschaeftsbedingungen\/","name":"Allgemeine Gesch\u00e4ftsbedingungen - PDF-Online","isPartOf":{"@id":"https:\/\/pdf-online.shop\/#website"},"datePublished":"2020-09-28T14:41:53+00:00","dateModified":"2020-10-01T08:07:32+00:00","breadcrumb":{"@id":"https:\/\/pdf-online.shop\/de\/allgemeine-geschaeftsbedingungen\/#breadcrumb"},"inLanguage":"de","potentialAction":[{"@type":"ReadAction","target":["https:\/\/pdf-online.shop\/de\/allgemeine-geschaeftsbedingungen\/"]}]},{"@type":"BreadcrumbList","@id":"https:\/\/pdf-online.shop\/de\/allgemeine-geschaeftsbedingungen\/#breadcrumb","itemListElement":[{"@type":"ListItem","position":1,"name":"Home","item":"https:\/\/pdf-online.shop\/de\/"},{"@type":"ListItem","position":2,"name":"Allgemeine Gesch\u00e4ftsbedingungen"}]},{"@type":"WebSite","@id":"https:\/\/pdf-online.shop\/#website","url":"https:\/\/pdf-online.shop\/","name":"PDF-Online","description":"","potentialAction":[{"@type":"SearchAction","target":{"@type":"EntryPoint","urlTemplate":"https:\/\/pdf-online.shop\/?s={search_term_string}"},"query-input":{"@type":"PropertyValueSpecification","valueRequired":true,"valueName":"search_term_string"}}],"inLanguage":"de"}]}},"_links":{"self":[{"href":"https:\/\/pdf-online.shop\/de\/wp-json\/wp\/v2\/pages\/6603"}],"collection":[{"href":"https:\/\/pdf-online.shop\/de\/wp-json\/wp\/v2\/pages"}],"about":[{"href":"https:\/\/pdf-online.shop\/de\/wp-json\/wp\/v2\/types\/page"}],"author":[{"embeddable":true,"href":"https:\/\/pdf-online.shop\/de\/wp-json\/wp\/v2\/users\/1"}],"replies":[{"embeddable":true,"href":"https:\/\/pdf-online.shop\/de\/wp-json\/wp\/v2\/comments?post=6603"}],"version-history":[{"count":1,"href":"https:\/\/pdf-online.shop\/de\/wp-json\/wp\/v2\/pages\/6603\/revisions"}],"predecessor-version":[{"id":6702,"href":"https:\/\/pdf-online.shop\/de\/wp-json\/wp\/v2\/pages\/6603\/revisions\/6702"}],"wp:attachment":[{"href":"https:\/\/pdf-online.shop\/de\/wp-json\/wp\/v2\/media?parent=6603"}],"curies":[{"name":"wp","href":"https:\/\/api.w.org\/{rel}","templated":true}]}}