{"id":6606,"date":"2020-09-28T14:46:59","date_gmt":"2020-09-28T14:46:59","guid":{"rendered":"https:\/\/www.pdf-online.nl\/ausschlussklausel\/"},"modified":"2020-09-28T14:46:59","modified_gmt":"2020-09-28T14:46:59","slug":"ausschlussklausel","status":"publish","type":"page","link":"https:\/\/pdf-online.shop\/de\/ausschlussklausel\/","title":{"rendered":"Ausschlussklausel"},"content":{"rendered":"<p>Die Zusammensetzung, der Inhalt und die Struktur dieser Website sind urheberrechtlich gesch\u00fctzt. Kein Teil davon darf ohne vorherige schriftliche Genehmigung von Buro Zero als Druck, Fotokopie, Mikrofilm oder auf andere Weise vervielf\u00e4ltigt und \/ oder ver\u00f6ffentlicht werden.<\/p>\n<p>Die Informationen auf dieser Website wurden sorgf\u00e4ltig zusammengestellt. Buro Zero kann nicht f\u00fcr jegliche Fehler zur Verantwortung gezogen werden und es k\u00f6nnen keine Rechte aufgrund des Inhalts dieser Website geltend gemacht werden.<\/p>\n<p>Auch wenn Buro Zero die Informationen auf dieser Website mit gr\u00f6\u00dfter Sorgfalt erstellt, kompiliert und verteilt, die Richtigkeit bzw. Vollst\u00e4ndigkeit der Informationen kann nicht garantiert werden.<\/p>\n<p>Buro Zero \u00fcbernimmt keine Verantwortung f\u00fcr Sch\u00e4den, die durch die Verwendung der auf dieser Website bereitgestellten unvollst\u00e4ndigen Informationen entstehen. Die Informationen und Empfehlungen auf dieser Website k\u00f6nnen ohne vorherige Warnung oder Benachrichtigung ge\u00e4ndert werden.<\/p>\n","protected":false},"excerpt":{"rendered":"<p>Die Zusammensetzung, der Inhalt und die Struktur dieser Website sind urheberrechtlich gesch\u00fctzt. Kein Teil davon darf ohne vorherige schriftliche Genehmigung von Buro Zero als Druck, Fotokopie, Mikrofilm oder auf andere Weise vervielf\u00e4ltigt und \/ oder ver\u00f6ffentlicht werden. Die Informationen auf dieser Website wurden sorgf\u00e4ltig zusammengestellt. Buro Zero kann nicht f\u00fcr jegliche Fehler zur Verantwortung gezogen&#8230;<\/p>\n<p><a rel=\"bookmark\" class=\"theme-button-text wvc-button wvc-button-size-xs\" href=\"https:\/\/pdf-online.shop\/de\/ausschlussklausel\/\"><small class=\"wvc-button-background-fill\"><\/small><span>Continue reading<\/span><\/a><\/p>\n","protected":false},"author":1,"featured_media":0,"parent":0,"menu_order":0,"comment_status":"closed","ping_status":"closed","template":"","meta":{"footnotes":""},"yoast_head":"<!-- This site is optimized with the Yoast SEO plugin v24.5 - https:\/\/yoast.com\/wordpress\/plugins\/seo\/ -->\n<title>Ausschlussklausel - PDF-Online<\/title>\n<meta name=\"robots\" content=\"index, follow, max-snippet:-1, max-image-preview:large, max-video-preview:-1\" \/>\n<link rel=\"canonical\" href=\"https:\/\/pdf-online.shop\/de\/ausschlussklausel\/\" \/>\n<meta property=\"og:locale\" content=\"de_DE\" \/>\n<meta property=\"og:type\" content=\"article\" \/>\n<meta property=\"og:title\" content=\"Ausschlussklausel - PDF-Online\" \/>\n<meta property=\"og:description\" content=\"Die Zusammensetzung, der Inhalt und die Struktur dieser Website sind urheberrechtlich gesch\u00fctzt. Kein Teil davon darf ohne vorherige schriftliche Genehmigung von Buro Zero als Druck, Fotokopie, Mikrofilm oder auf andere Weise vervielf\u00e4ltigt und \/ oder ver\u00f6ffentlicht werden. Die Informationen auf dieser Website wurden sorgf\u00e4ltig zusammengestellt. Buro Zero kann nicht f\u00fcr jegliche Fehler zur Verantwortung gezogen...Continue reading\" \/>\n<meta property=\"og:url\" content=\"https:\/\/pdf-online.shop\/de\/ausschlussklausel\/\" \/>\n<meta property=\"og:site_name\" content=\"PDF-Online\" \/>\n<meta name=\"twitter:card\" content=\"summary_large_image\" \/>\n<meta name=\"twitter:label1\" content=\"Gesch\u00e4tzte Lesezeit\" \/>\n\t<meta name=\"twitter:data1\" content=\"1\u00a0Minute\" \/>\n<script type=\"application\/ld+json\" class=\"yoast-schema-graph\">{\"@context\":\"https:\/\/schema.org\",\"@graph\":[{\"@type\":\"WebPage\",\"@id\":\"https:\/\/pdf-online.shop\/de\/ausschlussklausel\/\",\"url\":\"https:\/\/pdf-online.shop\/de\/ausschlussklausel\/\",\"name\":\"Ausschlussklausel - PDF-Online\",\"isPartOf\":{\"@id\":\"https:\/\/pdf-online.shop\/#website\"},\"datePublished\":\"2020-09-28T14:46:59+00:00\",\"breadcrumb\":{\"@id\":\"https:\/\/pdf-online.shop\/de\/ausschlussklausel\/#breadcrumb\"},\"inLanguage\":\"de\",\"potentialAction\":[{\"@type\":\"ReadAction\",\"target\":[\"https:\/\/pdf-online.shop\/de\/ausschlussklausel\/\"]}]},{\"@type\":\"BreadcrumbList\",\"@id\":\"https:\/\/pdf-online.shop\/de\/ausschlussklausel\/#breadcrumb\",\"itemListElement\":[{\"@type\":\"ListItem\",\"position\":1,\"name\":\"Home\",\"item\":\"https:\/\/pdf-online.shop\/de\/\"},{\"@type\":\"ListItem\",\"position\":2,\"name\":\"Ausschlussklausel\"}]},{\"@type\":\"WebSite\",\"@id\":\"https:\/\/pdf-online.shop\/#website\",\"url\":\"https:\/\/pdf-online.shop\/\",\"name\":\"PDF-Online\",\"description\":\"\",\"potentialAction\":[{\"@type\":\"SearchAction\",\"target\":{\"@type\":\"EntryPoint\",\"urlTemplate\":\"https:\/\/pdf-online.shop\/?s={search_term_string}\"},\"query-input\":{\"@type\":\"PropertyValueSpecification\",\"valueRequired\":true,\"valueName\":\"search_term_string\"}}],\"inLanguage\":\"de\"}]}<\/script>\n<!-- \/ Yoast SEO plugin. -->","yoast_head_json":{"title":"Ausschlussklausel - PDF-Online","robots":{"index":"index","follow":"follow","max-snippet":"max-snippet:-1","max-image-preview":"max-image-preview:large","max-video-preview":"max-video-preview:-1"},"canonical":"https:\/\/pdf-online.shop\/de\/ausschlussklausel\/","og_locale":"de_DE","og_type":"article","og_title":"Ausschlussklausel - PDF-Online","og_description":"Die Zusammensetzung, der Inhalt und die Struktur dieser Website sind urheberrechtlich gesch\u00fctzt. Kein Teil davon darf ohne vorherige schriftliche Genehmigung von Buro Zero als Druck, Fotokopie, Mikrofilm oder auf andere Weise vervielf\u00e4ltigt und \/ oder ver\u00f6ffentlicht werden. Die Informationen auf dieser Website wurden sorgf\u00e4ltig zusammengestellt. Buro Zero kann nicht f\u00fcr jegliche Fehler zur Verantwortung gezogen...Continue reading","og_url":"https:\/\/pdf-online.shop\/de\/ausschlussklausel\/","og_site_name":"PDF-Online","twitter_card":"summary_large_image","twitter_misc":{"Gesch\u00e4tzte Lesezeit":"1\u00a0Minute"},"schema":{"@context":"https:\/\/schema.org","@graph":[{"@type":"WebPage","@id":"https:\/\/pdf-online.shop\/de\/ausschlussklausel\/","url":"https:\/\/pdf-online.shop\/de\/ausschlussklausel\/","name":"Ausschlussklausel - PDF-Online","isPartOf":{"@id":"https:\/\/pdf-online.shop\/#website"},"datePublished":"2020-09-28T14:46:59+00:00","breadcrumb":{"@id":"https:\/\/pdf-online.shop\/de\/ausschlussklausel\/#breadcrumb"},"inLanguage":"de","potentialAction":[{"@type":"ReadAction","target":["https:\/\/pdf-online.shop\/de\/ausschlussklausel\/"]}]},{"@type":"BreadcrumbList","@id":"https:\/\/pdf-online.shop\/de\/ausschlussklausel\/#breadcrumb","itemListElement":[{"@type":"ListItem","position":1,"name":"Home","item":"https:\/\/pdf-online.shop\/de\/"},{"@type":"ListItem","position":2,"name":"Ausschlussklausel"}]},{"@type":"WebSite","@id":"https:\/\/pdf-online.shop\/#website","url":"https:\/\/pdf-online.shop\/","name":"PDF-Online","description":"","potentialAction":[{"@type":"SearchAction","target":{"@type":"EntryPoint","urlTemplate":"https:\/\/pdf-online.shop\/?s={search_term_string}"},"query-input":{"@type":"PropertyValueSpecification","valueRequired":true,"valueName":"search_term_string"}}],"inLanguage":"de"}]}},"_links":{"self":[{"href":"https:\/\/pdf-online.shop\/de\/wp-json\/wp\/v2\/pages\/6606"}],"collection":[{"href":"https:\/\/pdf-online.shop\/de\/wp-json\/wp\/v2\/pages"}],"about":[{"href":"https:\/\/pdf-online.shop\/de\/wp-json\/wp\/v2\/types\/page"}],"author":[{"embeddable":true,"href":"https:\/\/pdf-online.shop\/de\/wp-json\/wp\/v2\/users\/1"}],"replies":[{"embeddable":true,"href":"https:\/\/pdf-online.shop\/de\/wp-json\/wp\/v2\/comments?post=6606"}],"version-history":[{"count":1,"href":"https:\/\/pdf-online.shop\/de\/wp-json\/wp\/v2\/pages\/6606\/revisions"}],"predecessor-version":[{"id":6680,"href":"https:\/\/pdf-online.shop\/de\/wp-json\/wp\/v2\/pages\/6606\/revisions\/6680"}],"wp:attachment":[{"href":"https:\/\/pdf-online.shop\/de\/wp-json\/wp\/v2\/media?parent=6606"}],"curies":[{"name":"wp","href":"https:\/\/api.w.org\/{rel}","templated":true}]}}