{"id":6621,"date":"2020-09-29T09:05:07","date_gmt":"2020-09-29T09:05:07","guid":{"rendered":"https:\/\/www.pdf-online.nl\/faq\/"},"modified":"2020-10-06T09:00:12","modified_gmt":"2020-10-06T09:00:12","slug":"faq","status":"publish","type":"page","link":"https:\/\/pdf-online.shop\/de\/faq\/","title":{"rendered":"FAQ"},"content":{"rendered":"<p>[vc_row equal_height=&#8220;&#8220; background_type=&#8220;image&#8220; background_color=&#8220;lightergrey&#8220; background_img_lazyload=&#8220;1&#8243; add_bottom_shape_divider=&#8220;yes&#8220; sd_bottom_type=&#8220;image&#8220; sd_bottom_opacity=&#8220;100&#8243; sd_bottom_zindex=&#8220;0&#8243; shift_y=&#8220;0&#8243; z_index=&#8220;0&#8243; sd_bottom_img=&#8220;3826&#8243;][vc_column][vc_custom_heading text=&#8220;{{post_title}}&#8220; font_size=&#8220;48&#8243; tag=&#8220;h1&#8243; css=&#8220;.vc_custom_1592221008968{padding-top: 180px !important;padding-bottom: 90px !important;}&#8220;][\/vc_column][\/vc_row][vc_row equal_height=&#8220;&#8220; gap=&#8220;60&#8243; shift_y=&#8220;0&#8243; z_index=&#8220;0&#8243;][vc_column][vc_accordion accent_color=&#8220;secondary&#8220; css=&#8220;.vc_custom_1563379175992{margin-top: -15px !important;}&#8220;][vc_accordion_tab title=&#8220;Wie liefere ich die PDF-Datei?&#8220;][vc_column_text]Sie k\u00f6nnen das PDF genauso hochladen, wie Sie es an den Drucker senden w\u00fcrden. Wie ohne Schnittlinien. Versuchen Sie immer, eine gerade Anzahl von Seiten beizubehalten, um die Buchform beizubehalten.[\/vc_column_text][\/vc_accordion_tab][vc_accordion_tab title=&#8220;Kann ich das durchsuchbare PDF selbst hosten?&#8220;][vc_column_text]Nat\u00fcrlich k\u00f6nnen Sie das durchsuchbare PDF auch selbst hosten. Bitte geben Sie dies in den Kommentaren an. Wir werden dann eine ZIP-Datei mit allen Dateien senden. Wenn Sie die Indexdatei verkn\u00fcpfen, wird das durchsuchbare PDF angezeigt.[\/vc_column_text][\/vc_accordion_tab][vc_accordion_tab title=&#8220;Ich sehe Buro Zero auf meinem Kontoauszug. Ist das richtig?&#8220;][vc_column_text]PDF Online ist ein Produkt van Buro Zero. Dies ist der Grund, warum Mollies Belastungen \u00fcber das Konto van Buro Zero erfolgen.[\/vc_column_text][\/vc_accordion_tab][vc_accordion_tab title=&#8220;Ist das durchsuchbare PDF f\u00fcr Mobilger\u00e4te und Tablets verf\u00fcgbar?&#8220;][vc_column_text]Das durchsuchbare PDF reagiert und ist f\u00fcr jedes Ger\u00e4t kompitabel.[\/vc_column_text][\/vc_accordion_tab][vc_accordion_tab title=&#8220;Kan das durchsuchbare PDF in jedem Browser verwendet werden?&#8220;][vc_column_text]PDF Online ist f\u00fcr jeden Browser optimiert. Sie k\u00f6nnen es \u00fcberall \u00f6ffnen.[\/vc_column_text][\/vc_accordion_tab][vc_accordion_tab title=&#8220;Wie funktioniert das Abonnement f\u00fcr PDF-Dateien&#8220;][vc_column_text]Wenn Sie ein PDF-Paket kaufen, erhalten Sie von uns eine separate E-Mail mit den Bedingungen. Sie k\u00f6nnen die PDF-Dateien \u00fcber WeTransfer senden. Wir werden es dann an dieselbe Adresse zur\u00fccksenden. Dies betrifft 15 Dateien pro monat.[\/vc_column_text][\/vc_accordion_tab][vc_accordion_tab title=&#8220;Kann ich in einem durchsuchbaren PDF suchen?&#8220;][vc_column_text]Ja, es ist m\u00f6glich, innerhalb der durchsuchbaren PDF-Datei zu suchen.[\/vc_column_text][\/vc_accordion_tab][\/vc_accordion][\/vc_column][\/vc_row]<\/p>\n","protected":false},"excerpt":{"rendered":"<p>[vc_row equal_height=&#8220;&#8220; background_type=&#8220;image&#8220; background_color=&#8220;lightergrey&#8220; background_img_lazyload=&#8220;1&#8243; add_bottom_shape_divider=&#8220;yes&#8220; sd_bottom_type=&#8220;image&#8220; sd_bottom_opacity=&#8220;100&#8243; sd_bottom_zindex=&#8220;0&#8243; shift_y=&#8220;0&#8243; z_index=&#8220;0&#8243; sd_bottom_img=&#8220;3826&#8243;][vc_column][vc_custom_heading text=&#8220;{{post_title}}&#8220; font_size=&#8220;48&#8243; tag=&#8220;h1&#8243; css=&#8220;.vc_custom_1592221008968{padding-top: 180px !important;padding-bottom: 90px !important;}&#8220;][\/vc_column][\/vc_row][vc_row equal_height=&#8220;&#8220; gap=&#8220;60&#8243; shift_y=&#8220;0&#8243; z_index=&#8220;0&#8243;][vc_column][vc_accordion accent_color=&#8220;secondary&#8220; css=&#8220;.vc_custom_1563379175992{margin-top: -15px !important;}&#8220;][vc_accordion_tab title=&#8220;Wie liefere ich die PDF-Datei?&#8220;][vc_column_text]Sie k\u00f6nnen das PDF genauso hochladen, wie Sie es an den Drucker senden w\u00fcrden. Wie ohne Schnittlinien. Versuchen Sie immer, eine gerade Anzahl&#8230;<\/p>\n<p><a rel=\"bookmark\" class=\"theme-button-text wvc-button wvc-button-size-xs\" href=\"https:\/\/pdf-online.shop\/de\/faq\/\"><small class=\"wvc-button-background-fill\"><\/small><span>Continue reading<\/span><\/a><\/p>\n","protected":false},"author":1,"featured_media":0,"parent":0,"menu_order":0,"comment_status":"closed","ping_status":"closed","template":"","meta":{"footnotes":""},"yoast_head":"<!-- This site is optimized with the Yoast SEO plugin v24.5 - https:\/\/yoast.com\/wordpress\/plugins\/seo\/ -->\n<title>FAQ - PDF-Online<\/title>\n<meta name=\"robots\" content=\"index, follow, max-snippet:-1, max-image-preview:large, max-video-preview:-1\" \/>\n<link rel=\"canonical\" href=\"https:\/\/pdf-online.shop\/de\/faq\/\" \/>\n<meta property=\"og:locale\" content=\"de_DE\" \/>\n<meta property=\"og:type\" content=\"article\" \/>\n<meta property=\"og:title\" content=\"FAQ - PDF-Online\" \/>\n<meta property=\"og:description\" content=\"[vc_row equal_height=&#8220;&#8220; background_type=&#8220;image&#8220; background_color=&#8220;lightergrey&#8220; background_img_lazyload=&#8220;1&#8243; add_bottom_shape_divider=&#8220;yes&#8220; sd_bottom_type=&#8220;image&#8220; sd_bottom_opacity=&#8220;100&#8243; sd_bottom_zindex=&#8220;0&#8243; shift_y=&#8220;0&#8243; z_index=&#8220;0&#8243; sd_bottom_img=&#8220;3826&#8243;][vc_column][vc_custom_heading text=&#8220;{{post_title}}&#8220; font_size=&#8220;48&#8243; tag=&#8220;h1&#8243; css=&#8220;.vc_custom_1592221008968{padding-top: 180px !important;padding-bottom: 90px !important;}&#8220;][\/vc_column][\/vc_row][vc_row equal_height=&#8220;&#8220; gap=&#8220;60&#8243; shift_y=&#8220;0&#8243; z_index=&#8220;0&#8243;][vc_column][vc_accordion accent_color=&#8220;secondary&#8220; css=&#8220;.vc_custom_1563379175992{margin-top: -15px !important;}&#8220;][vc_accordion_tab title=&#8220;Wie liefere ich die PDF-Datei?&#8220;][vc_column_text]Sie k\u00f6nnen das PDF genauso hochladen, wie Sie es an den Drucker senden w\u00fcrden. Wie ohne Schnittlinien. Versuchen Sie immer, eine gerade Anzahl...Continue reading\" \/>\n<meta property=\"og:url\" content=\"https:\/\/pdf-online.shop\/de\/faq\/\" \/>\n<meta property=\"og:site_name\" content=\"PDF-Online\" \/>\n<meta property=\"article:modified_time\" content=\"2020-10-06T09:00:12+00:00\" \/>\n<meta name=\"twitter:card\" content=\"summary_large_image\" \/>\n<meta name=\"twitter:label1\" content=\"Gesch\u00e4tzte Lesezeit\" \/>\n\t<meta name=\"twitter:data1\" content=\"2\u00a0Minuten\" \/>\n<script type=\"application\/ld+json\" class=\"yoast-schema-graph\">{\"@context\":\"https:\/\/schema.org\",\"@graph\":[{\"@type\":\"WebPage\",\"@id\":\"https:\/\/pdf-online.shop\/de\/faq\/\",\"url\":\"https:\/\/pdf-online.shop\/de\/faq\/\",\"name\":\"FAQ - PDF-Online\",\"isPartOf\":{\"@id\":\"https:\/\/pdf-online.shop\/#website\"},\"datePublished\":\"2020-09-29T09:05:07+00:00\",\"dateModified\":\"2020-10-06T09:00:12+00:00\",\"breadcrumb\":{\"@id\":\"https:\/\/pdf-online.shop\/de\/faq\/#breadcrumb\"},\"inLanguage\":\"de\",\"potentialAction\":[{\"@type\":\"ReadAction\",\"target\":[\"https:\/\/pdf-online.shop\/de\/faq\/\"]}]},{\"@type\":\"BreadcrumbList\",\"@id\":\"https:\/\/pdf-online.shop\/de\/faq\/#breadcrumb\",\"itemListElement\":[{\"@type\":\"ListItem\",\"position\":1,\"name\":\"Home\",\"item\":\"https:\/\/pdf-online.shop\/de\/\"},{\"@type\":\"ListItem\",\"position\":2,\"name\":\"FAQ\"}]},{\"@type\":\"WebSite\",\"@id\":\"https:\/\/pdf-online.shop\/#website\",\"url\":\"https:\/\/pdf-online.shop\/\",\"name\":\"PDF-Online\",\"description\":\"\",\"potentialAction\":[{\"@type\":\"SearchAction\",\"target\":{\"@type\":\"EntryPoint\",\"urlTemplate\":\"https:\/\/pdf-online.shop\/?s={search_term_string}\"},\"query-input\":{\"@type\":\"PropertyValueSpecification\",\"valueRequired\":true,\"valueName\":\"search_term_string\"}}],\"inLanguage\":\"de\"}]}<\/script>\n<!-- \/ Yoast SEO plugin. -->","yoast_head_json":{"title":"FAQ - PDF-Online","robots":{"index":"index","follow":"follow","max-snippet":"max-snippet:-1","max-image-preview":"max-image-preview:large","max-video-preview":"max-video-preview:-1"},"canonical":"https:\/\/pdf-online.shop\/de\/faq\/","og_locale":"de_DE","og_type":"article","og_title":"FAQ - PDF-Online","og_description":"[vc_row equal_height=&#8220;&#8220; background_type=&#8220;image&#8220; background_color=&#8220;lightergrey&#8220; background_img_lazyload=&#8220;1&#8243; add_bottom_shape_divider=&#8220;yes&#8220; sd_bottom_type=&#8220;image&#8220; sd_bottom_opacity=&#8220;100&#8243; sd_bottom_zindex=&#8220;0&#8243; shift_y=&#8220;0&#8243; z_index=&#8220;0&#8243; sd_bottom_img=&#8220;3826&#8243;][vc_column][vc_custom_heading text=&#8220;{{post_title}}&#8220; font_size=&#8220;48&#8243; tag=&#8220;h1&#8243; css=&#8220;.vc_custom_1592221008968{padding-top: 180px !important;padding-bottom: 90px !important;}&#8220;][\/vc_column][\/vc_row][vc_row equal_height=&#8220;&#8220; gap=&#8220;60&#8243; shift_y=&#8220;0&#8243; z_index=&#8220;0&#8243;][vc_column][vc_accordion accent_color=&#8220;secondary&#8220; css=&#8220;.vc_custom_1563379175992{margin-top: -15px !important;}&#8220;][vc_accordion_tab title=&#8220;Wie liefere ich die PDF-Datei?&#8220;][vc_column_text]Sie k\u00f6nnen das PDF genauso hochladen, wie Sie es an den Drucker senden w\u00fcrden. Wie ohne Schnittlinien. Versuchen Sie immer, eine gerade Anzahl...Continue reading","og_url":"https:\/\/pdf-online.shop\/de\/faq\/","og_site_name":"PDF-Online","article_modified_time":"2020-10-06T09:00:12+00:00","twitter_card":"summary_large_image","twitter_misc":{"Gesch\u00e4tzte Lesezeit":"2\u00a0Minuten"},"schema":{"@context":"https:\/\/schema.org","@graph":[{"@type":"WebPage","@id":"https:\/\/pdf-online.shop\/de\/faq\/","url":"https:\/\/pdf-online.shop\/de\/faq\/","name":"FAQ - PDF-Online","isPartOf":{"@id":"https:\/\/pdf-online.shop\/#website"},"datePublished":"2020-09-29T09:05:07+00:00","dateModified":"2020-10-06T09:00:12+00:00","breadcrumb":{"@id":"https:\/\/pdf-online.shop\/de\/faq\/#breadcrumb"},"inLanguage":"de","potentialAction":[{"@type":"ReadAction","target":["https:\/\/pdf-online.shop\/de\/faq\/"]}]},{"@type":"BreadcrumbList","@id":"https:\/\/pdf-online.shop\/de\/faq\/#breadcrumb","itemListElement":[{"@type":"ListItem","position":1,"name":"Home","item":"https:\/\/pdf-online.shop\/de\/"},{"@type":"ListItem","position":2,"name":"FAQ"}]},{"@type":"WebSite","@id":"https:\/\/pdf-online.shop\/#website","url":"https:\/\/pdf-online.shop\/","name":"PDF-Online","description":"","potentialAction":[{"@type":"SearchAction","target":{"@type":"EntryPoint","urlTemplate":"https:\/\/pdf-online.shop\/?s={search_term_string}"},"query-input":{"@type":"PropertyValueSpecification","valueRequired":true,"valueName":"search_term_string"}}],"inLanguage":"de"}]}},"_links":{"self":[{"href":"https:\/\/pdf-online.shop\/de\/wp-json\/wp\/v2\/pages\/6621"}],"collection":[{"href":"https:\/\/pdf-online.shop\/de\/wp-json\/wp\/v2\/pages"}],"about":[{"href":"https:\/\/pdf-online.shop\/de\/wp-json\/wp\/v2\/types\/page"}],"author":[{"embeddable":true,"href":"https:\/\/pdf-online.shop\/de\/wp-json\/wp\/v2\/users\/1"}],"replies":[{"embeddable":true,"href":"https:\/\/pdf-online.shop\/de\/wp-json\/wp\/v2\/comments?post=6621"}],"version-history":[{"count":3,"href":"https:\/\/pdf-online.shop\/de\/wp-json\/wp\/v2\/pages\/6621\/revisions"}],"predecessor-version":[{"id":6714,"href":"https:\/\/pdf-online.shop\/de\/wp-json\/wp\/v2\/pages\/6621\/revisions\/6714"}],"wp:attachment":[{"href":"https:\/\/pdf-online.shop\/de\/wp-json\/wp\/v2\/media?parent=6621"}],"curies":[{"name":"wp","href":"https:\/\/api.w.org\/{rel}","templated":true}]}}