{"id":6623,"date":"2020-09-29T09:13:03","date_gmt":"2020-09-29T09:13:03","guid":{"rendered":"https:\/\/www.pdf-online.nl\/online-veroeffentlichung\/"},"modified":"2020-09-29T14:59:28","modified_gmt":"2020-09-29T14:59:28","slug":"online-veroeffentlichung","status":"publish","type":"page","link":"https:\/\/pdf-online.shop\/de\/online-veroeffentlichung\/","title":{"rendered":"Online-Ver\u00f6ffentlichung"},"content":{"rendered":"<p>[vc_row columns_placement=&#8220;middle&#8220; equal_height=&#8220;&#8220; content_placement=&#8220;middle&#8220; background_type=&#8220;image&#8220; background_color=&#8220;lightergrey&#8220; background_img_lazyload=&#8220;1&#8243; add_bottom_shape_divider=&#8220;yes&#8220; sd_bottom_type=&#8220;image&#8220; sd_bottom_opacity=&#8220;100&#8243; sd_bottom_zindex=&#8220;0&#8243; shift_y=&#8220;0&#8243; z_index=&#8220;0&#8243; min_height=&#8220;450&#8243; css=&#8220;.vc_custom_1592219801806{padding-bottom: 40px !important;}&#8220; sd_bottom_img=&#8220;3826&#8243;][vc_column width=&#8220;1\/2&#8243;][vc_custom_heading text=&#8220;{{page_title}}&#8220; font_size=&#8220;48&#8243; text_align=&#8220;left&#8220; tag=&#8220;h1&#8243; css_animation=&#8220;fadeInUp&#8220; css=&#8220;.vc_custom_1563461635117{margin-bottom: 15px !important;}&#8220;][vc_column_text css_animation=&#8220;fade&#8220; css_animation_delay=&#8220;300&#8243;]\u00c4ndern Sie Ihre Dateien direkt in einen gro\u00dfartigen digitalen Online-Katalog, ein Lookbook, einen Gesch\u00e4ftsbericht oder ein Magazin. Mit PDF Online k\u00f6nnen Sie schnell und einfach f\u00fcr jeden Kanal und jedes Ger\u00e4t online ver\u00f6ffentlichen.[\/vc_column_text][\/vc_column][vc_column width=&#8220;1\/2&#8243;]\n\t\t\t\t<p class=\"rs-p-wp-fix\"><\/p>\n\t\t\t\t<sr7-module data-alias=\"app_dev\" data-id=\"4\" id=\"SR7_4_1\" class=\"rs-ov-hidden\" data-version=\"6.7.51\">\n\t\t\t\t\t<sr7-adjuster><\/sr7-adjuster>\n\t\t\t\t\t<sr7-content>\n\t\t\t\t\t\t<sr7-slide id=\"SR7_4_1-5\" data-key=\"5\">\n\t\t\t\t\t\t<\/sr7-slide>\n\t\t\t\t\t\t<sr7-slide id=\"SR7_4_1-45\" data-key=\"45\">\n\t\t\t\t\t\t<\/sr7-slide>\n\t\t\t\t\t<\/sr7-content>\n\t\t\t\t\t<image_lists style=\"display:none\">\n\t\t\t\t\t\t<img data-src=\"\/\/pdf-online.shop\/wp-content\/uploads\/2020\/06\/home-icon-2.png\" data-libid=\"5071\" alt=\"shade\" title=\"home-icon-2\" width=\"0\" height=\"0\" data-dbsrc=\"Ly9wZGYtb25saW5lLnNob3Avd3AtY29udGVudC91cGxvYWRzLzIwMjAvMDYvaG9tZS1pY29uLTIucG5n\"\/>\n\t\t\t\t\t\t<img data-src=\"\/\/pdf-online.shop\/wp-content\/uploads\/2020\/06\/icon-jaarverslagen-def.png\" data-libid=\"5917\" title=\"icon-jaarverslagen-def\" width=\"0\" height=\"0\" data-dbsrc=\"Ly9wZGYtb25saW5lLnNob3Avd3AtY29udGVudC91cGxvYWRzLzIwMjAvMDYvaWNvbi1qYWFydmVyc2xhZ2VuLWRlZi5wbmc=\"\/>\n\t\t\t\t\t\t<img data-src=\"\/\/pdf-online.shop\/wp-content\/uploads\/2020\/06\/circle.png\" data-libid=\"5921\" title=\"circle\" width=\"0\" height=\"0\" data-dbsrc=\"Ly9wZGYtb25saW5lLnNob3Avd3AtY29udGVudC91cGxvYWRzLzIwMjAvMDYvY2lyY2xlLnBuZw==\"\/>\n\t\t\t\t\t\t<img data-src=\"\/\/pdf-online.shop\/wp-content\/uploads\/2020\/06\/table.png\" data-libid=\"5924\" title=\"table\" width=\"0\" height=\"0\" data-dbsrc=\"Ly9wZGYtb25saW5lLnNob3Avd3AtY29udGVudC91cGxvYWRzLzIwMjAvMDYvdGFibGUucG5n\"\/>\n\t\t\t\t\t\t<img data-src=\"\/\/pdf-online.shop\/wp-content\/uploads\/2020\/06\/tabel2.png\" data-libid=\"5926\" title=\"tabel2\" width=\"0\" height=\"0\" data-dbsrc=\"Ly9wZGYtb25saW5lLnNob3Avd3AtY29udGVudC91cGxvYWRzLzIwMjAvMDYvdGFiZWwyLnBuZw==\"\/>\n\t\t\t\t\t\t<img data-src=\"\/\/pdf-online.shop\/wp-content\/uploads\/2020\/06\/cirle2.png\" data-libid=\"5929\" title=\"cirle2\" width=\"0\" height=\"0\" data-dbsrc=\"Ly9wZGYtb25saW5lLnNob3Avd3AtY29udGVudC91cGxvYWRzLzIwMjAvMDYvY2lybGUyLnBuZw==\"\/>\n\t\t\t\t\t<\/image_lists>\n\t\t\t\t<\/sr7-module>\n\t\t\t\t<script>\n\t\t\t\t\twindow.SR7 ??={};SR7.PMH ??={}; SR7.PMH[\"SR7_4_1\"] = {cn:100,state:false,fn: function() { if (window._tpt!==undefined && window._tpt.prepareModuleHeight !== undefined) {  _tpt.prepareModuleHeight({id:\"SR7_4_1\",el:[600,600,768,960,720],type:'hero',shdw:'0',gh:[600,600,768,960,720],gw:[600,600,1024,778,480],vpt:['50%&#039;,&#039;50%&#039;,&#039;50%&#039;,&#039;50%&#039;,&#039;50%'],size:{fullWidth:false, fullHeight:false},mh:'0',onh:0,onw:0,bg:{color:'{\"orig\":\"transparent\",\"type\":\"solid\",\"string\":\"transparent\"}'},plType:'-1',plColor:'#FFFFFF'});   SR7.PMH[\"SR7_4_1\"].state=true;} else if(SR7.PMH[\"SR7_4_1\"].cn-->0)\tsetTimeout( SR7.PMH[\"SR7_4_1\"].fn,19);}};SR7.PMH[\"SR7_4_1\" ].fn();\n\t\t\t\t<\/script>\n[\/vc_column][\/vc_row][vc_row equal_height=&#8220;&#8220; gap=&#8220;100&#8243; shift_y=&#8220;0&#8243; z_index=&#8220;0&#8243;][vc_column width=&#8220;1\/3&#8243; shift_x=&#8220;0&#8243; shift_y=&#8220;0&#8243; z_index=&#8220;0&#8243; css_animation=&#8220;fade-up&#8220;][vc_custom_heading text=&#8220;Vermarktungsstrategie&#8220; font_size=&#8220;28&#8243; text_align=&#8220;left&#8220; css=&#8220;.vc_custom_1597935612165{margin-bottom: 15px !important;}&#8220;][vc_column_text]Die Online-Ver\u00f6ffentlichung von Zeitschriften ist zu einem wachsenden Trend geworden. Viele Vermarkter nutzen Online-Magazine, um f\u00fcr ihre Arbeit werben bzw. um eine tiefere Bindung zu ihrem Publikum herzustellen. Vermarktungsstrategie ist ein wichtiger Bestandteil der Content-Marketing-Strategie geworden.[\/vc_column_text][\/vc_column][vc_column width=&#8220;1\/3&#8243; shift_x=&#8220;0&#8243; shift_y=&#8220;0&#8243; z_index=&#8220;0&#8243; css_animation=&#8220;fade-up&#8220; css_animation_delay=&#8220;300&#8243;][vc_custom_heading text=&#8220;Markenpromotion&#8220; font_size=&#8220;28&#8243; text_align=&#8220;left&#8220; css=&#8220;.vc_custom_1597935657878{margin-bottom: 15px !important;}&#8220;][vc_column_text]Werben Sie f\u00fcr Ihre Marke \u00fcber Online-Ver\u00f6ffentlichungen. PDF Online hilft Ihnen dabei, Ihren Ruf zu verbessern und einen tieferen positiven Eindruck beim Publikum zu hinterlassen. Au\u00dferdem k\u00f6nnen wir Ihrem Logo ge\u00e4nderte URLs hinzuf\u00fcgen, um deren Zielgruppe mit Ihrer Website zu verkn\u00fcpfen.[\/vc_column_text][\/vc_column][vc_column width=&#8220;1\/3&#8243; shift_x=&#8220;0&#8243; shift_y=&#8220;0&#8243; z_index=&#8220;0&#8243; css_animation=&#8220;fade-up&#8220; css_animation_delay=&#8220;600&#8243;][vc_custom_heading text=&#8220;Multimediale Unterst\u00fctzung&#8220; font_size=&#8220;28&#8243; text_align=&#8220;left&#8220; css=&#8220;.vc_custom_1597935720120{margin-bottom: 15px !important;}&#8220;][vc_column_text]Um das richtige Erlebnis f\u00fcr Ihr Publikum zu schaffen, ist es wichtig, Ihre digitalen Magazine interaktiv zu gestalten. PDF Online bietet praktische interaktive Widgets, mit denen Sie Ihre Inhalte bzw. die Kundenbeteiligung verbessern k\u00f6nnen: mithilfe von Links, Video- und Audiodateien sowie Bilder k\u00f6nnen Sie Online-Ver\u00f6ffentlichungen auf die n\u00e4chste Stufe heben.[\/vc_column_text][\/vc_column][\/vc_row][vc_row columns_placement=&#8220;middle&#8220; equal_height=&#8220;yes&#8220; content_placement=&#8220;middle&#8220; shift_y=&#8220;0&#8243; z_index=&#8220;0&#8243; min_height=&#8220;400&#8243; css=&#8220;.vc_custom_1563534807697{padding-top: 0px !important;padding-bottom: 0px !important;}&#8220;][vc_column width=&#8220;1\/2&#8243;]\n\t\t\t\t<p class=\"rs-p-wp-fix\"><\/p>\n\t\t\t\t<sr7-module data-alias=\"data_protection\" data-id=\"9\" id=\"SR7_9_2\" class=\"rs-ov-hidden\" data-version=\"6.7.51\">\n\t\t\t\t\t<sr7-adjuster><\/sr7-adjuster>\n\t\t\t\t\t<sr7-content>\n\t\t\t\t\t\t<sr7-slide id=\"SR7_9_2-11\" data-key=\"11\">\n\t\t\t\t\t\t<\/sr7-slide>\n\t\t\t\t\t\t<sr7-slide id=\"SR7_9_2-48\" data-key=\"48\">\n\t\t\t\t\t\t<\/sr7-slide>\n\t\t\t\t\t<\/sr7-content>\n\t\t\t\t\t<image_lists style=\"display:none\">\n\t\t\t\t\t\t<img data-src=\"\/\/pdf-online.shop\/wp-content\/uploads\/2020\/06\/background-enterprice.png\" data-libid=\"5955\" title=\"background-enterprice\" width=\"0\" height=\"0\" data-dbsrc=\"Ly9wZGYtb25saW5lLnNob3Avd3AtY29udGVudC91cGxvYWRzLzIwMjAvMDYvYmFja2dyb3VuZC1lbnRlcnByaWNlLnBuZw==\"\/>\n\t\t\t\t\t\t<img data-src=\"\/\/pdf-online.shop\/wp-content\/uploads\/2020\/06\/icon-home-telefoon.png\" data-libid=\"5958\" title=\"icon-home-telefoon\" width=\"0\" height=\"0\" data-dbsrc=\"Ly9wZGYtb25saW5lLnNob3Avd3AtY29udGVudC91cGxvYWRzLzIwMjAvMDYvaWNvbi1ob21lLXRlbGVmb29uLnBuZw==\"\/>\n\t\t\t\t\t\t<img data-src=\"\/\/pdf-online.shop\/wp-content\/uploads\/2020\/06\/icon-home-persoon.png\" data-libid=\"5078\" alt=\"persoon\" title=\"icon-home-persoon\" width=\"0\" height=\"0\" data-dbsrc=\"Ly9wZGYtb25saW5lLnNob3Avd3AtY29udGVudC91cGxvYWRzLzIwMjAvMDYvaWNvbi1ob21lLXBlcnNvb24ucG5n\"\/>\n\t\t\t\t\t\t<img data-src=\"\/\/pdf-online.shop\/wp-content\/uploads\/2020\/06\/icon-cloud-home.png\" data-libid=\"5076\" alt=\"cloud\" title=\"icon-cloud-home\" width=\"0\" height=\"0\" data-dbsrc=\"Ly9wZGYtb25saW5lLnNob3Avd3AtY29udGVudC91cGxvYWRzLzIwMjAvMDYvaWNvbi1jbG91ZC1ob21lLnBuZw==\"\/>\n\t\t\t\t\t\t<img data-src=\"\/\/pdf-online.shop\/wp-content\/uploads\/2020\/06\/wifi-icon-home.png\" data-libid=\"5077\" alt=\"wifi\" title=\"wifi-icon-home\" width=\"0\" height=\"0\" data-dbsrc=\"Ly9wZGYtb25saW5lLnNob3Avd3AtY29udGVudC91cGxvYWRzLzIwMjAvMDYvd2lmaS1pY29uLWhvbWUucG5n\"\/>\n\t\t\t\t\t\t<img data-src=\"\/\/pdf-online.shop\/wp-content\/uploads\/2020\/06\/@-2.png\" data-libid=\"5961\" alt=\"@\" title=\"@-2\" width=\"0\" height=\"0\" data-dbsrc=\"Ly9wZGYtb25saW5lLnNob3Avd3AtY29udGVudC91cGxvYWRzLzIwMjAvMDYvQC0yLnBuZw==\"\/>\n\t\t\t\t\t\t<img data-src=\"\/\/pdf-online.shop\/wp-content\/uploads\/2020\/06\/cloud-pink.png\" data-libid=\"5082\" title=\"cloud-pink\" width=\"0\" height=\"0\" data-dbsrc=\"Ly9wZGYtb25saW5lLnNob3Avd3AtY29udGVudC91cGxvYWRzLzIwMjAvMDYvY2xvdWQtcGluay5wbmc=\"\/>\n\t\t\t\t\t<\/image_lists>\n\t\t\t\t<\/sr7-module>\n\t\t\t\t<script>\n\t\t\t\t\twindow.SR7 ??={};SR7.PMH ??={}; SR7.PMH[\"SR7_9_2\"] = {cn:100,state:false,fn: function() { if (window._tpt!==undefined && window._tpt.prepareModuleHeight !== undefined) {  _tpt.prepareModuleHeight({id:\"SR7_9_2\",el:[575,575,768,960,720],type:'hero',shdw:'0',gh:[575,575,575,575,394],gw:[700,700,700,700,480],vpt:['50%'],size:{fullWidth:false, fullHeight:false},mh:'0',onh:0,onw:0,bg:{color:'{\"orig\":\"transparent\",\"type\":\"solid\",\"string\":\"transparent\"}'},plType:'-1',plColor:'#FFFFFF'});   SR7.PMH[\"SR7_9_2\"].state=true;} else if(SR7.PMH[\"SR7_9_2\"].cn-->0)\tsetTimeout( SR7.PMH[\"SR7_9_2\"].fn,19);}};SR7.PMH[\"SR7_9_2\" ].fn();\n\t\t\t\t<\/script>\n[\/vc_column][vc_column width=&#8220;1\/2&#8243;][vc_custom_heading text=&#8220;Niedrigere Kosten, h\u00f6herer Umsatz&#8220; font_size=&#8220;32&#8243; text_align=&#8220;left&#8220;][vc_column_text]Mit PDF Online erstellen Sie auf einfache Weise interessante und \u00fcberzeugende Verkaufsmaterialien zu geringeren Kosten. Jetzt k\u00f6nnen Sie Ihre Online-Publikationen \u00fcber Ihre eigene Plattform verkaufen. Durch digitale Analysedienste erhalten Sie einen besseren Einblick in das Benutzerverhalten; au\u00dferdem werden Sie Einnahmen aus Online-Ver\u00f6ffentlichungen erzielen k\u00f6nnen.[\/vc_column_text][vc_button button_type=&#8220;theme-button-special-accent-secondary&#8220; title=&#8220;Fangen Sie sofort an&#8220; align=&#8220;left&#8220; font_weight=&#8220;700&#8243; link=&#8220;url:https%3A%2F%2Fpdf-online.shop%2Ftarieven%2F|title:Direct%20aan%20de%20slag||&#8220; css_animation=&#8220;fade&#8220; css_animation_delay=&#8220;600&#8243;][vc_empty_space height=&#8220;20px&#8220;][\/vc_column][\/vc_row][vc_row columns_placement=&#8220;middle&#8220; equal_height=&#8220;yes&#8220; content_placement=&#8220;middle&#8220; shift_y=&#8220;0&#8243; z_index=&#8220;0&#8243; min_height=&#8220;400&#8243; css=&#8220;.vc_custom_1563535499904{padding-top: 0px !important;}&#8220;][vc_column width=&#8220;1\/2&#8243;][vc_custom_heading text=&#8220;Teilen Sie das Material \u00fcberall&#8220; font_size=&#8220;32&#8243; text_align=&#8220;left&#8220;][vc_column_text]Durch das Teilen werden Ihre Online-Ver\u00f6ffentlichungen noch bekannter. Die von PDF Online bereitgestellten Freigabeoptionen erleichtern es Ihnen, sich mit Ihrem Publikum zu verbinden und Ihre Marketingergebnisse zu verbessern. Mit einem einfachen Klick k\u00f6nnen Sie Ihre Materialien auch auf Facebook, Twitter, LinkedIn und anderen Kan\u00e4len ver\u00f6ffentlichen. Au\u00dferdem k\u00f6nnen Sie Ihre digitalen Magazine auch auf Ihrer eigenen Website ver\u00f6ffentlichen.[\/vc_column_text][\/vc_column][vc_column width=&#8220;1\/2&#8243;]\n\t\t\t\t<p class=\"rs-p-wp-fix\"><\/p>\n\t\t\t\t<sr7-module data-alias=\"ui_medlay_1\" data-id=\"20\" id=\"SR7_20_3\" data-version=\"6.7.51\">\n\t\t\t\t\t<sr7-adjuster><\/sr7-adjuster>\n\t\t\t\t\t<sr7-content>\n\t\t\t\t\t\t<sr7-slide id=\"SR7_20_3-24\" data-key=\"24\">\n\t\t\t\t\t\t<\/sr7-slide>\n\t\t\t\t\t\t<sr7-slide id=\"SR7_20_3-49\" data-key=\"49\">\n\t\t\t\t\t\t<\/sr7-slide>\n\t\t\t\t\t<\/sr7-content>\n\t\t\t\t<\/sr7-module>\n\t\t\t\t<script>\n\t\t\t\t\twindow.SR7 ??={};SR7.PMH ??={}; SR7.PMH[\"SR7_20_3\"] = {cn:100,state:false,fn: function() { if (window._tpt!==undefined && window._tpt.prepareModuleHeight !== undefined) {  _tpt.prepareModuleHeight({id:\"SR7_20_3\",el:[700],type:'hero',shdw:'0',gh:[700],gw:[800],vpt:['50%'],size:{fullWidth:false, fullHeight:false},mh:'0',onh:0,onw:0,bg:{color:'transparent'},plType:'-1',plColor:'#FFFFFF'});   SR7.PMH[\"SR7_20_3\"].state=true;} else if(SR7.PMH[\"SR7_20_3\"].cn-->0)\tsetTimeout( SR7.PMH[\"SR7_20_3\"].fn,19);}};SR7.PMH[\"SR7_20_3\" ].fn();\n\t\t\t\t<\/script>\n[\/vc_column][\/vc_row][vc_row][vc_column][vc_row columns_placement=\"middle\" equal_height=\"yes\" content_placement=\"middle\" background_type=\"transparent\" shift_y=\"0\" z_index=\"0\" min_height=\"250\" el_class=\"start-pdf\"][vc_column][vc_cta h2=\"Erstellen Sie jetzt Ihr PDF!\" font_size=\"32\" btn_button_type=\"theme-button-special-accent-secondary\" btn_title=\"Sofort starten\" btn_font_weight=\"700\" btn_link=\"url:http%3A%2F%2Fpdf-online.shop%2Fpreise%2F|title:Preise|\"][\/vc_column][\/vc_row][\/vc_column][\/vc_row]<\/p>\n","protected":false},"excerpt":{"rendered":"<p>[vc_row columns_placement=&#8220;middle&#8220; equal_height=&#8220;&#8220; content_placement=&#8220;middle&#8220; background_type=&#8220;image&#8220; background_color=&#8220;lightergrey&#8220; background_img_lazyload=&#8220;1&#8243; add_bottom_shape_divider=&#8220;yes&#8220; sd_bottom_type=&#8220;image&#8220; sd_bottom_opacity=&#8220;100&#8243; sd_bottom_zindex=&#8220;0&#8243; shift_y=&#8220;0&#8243; z_index=&#8220;0&#8243; min_height=&#8220;450&#8243; css=&#8220;.vc_custom_1592219801806{padding-bottom: 40px !important;}&#8220; sd_bottom_img=&#8220;3826&#8243;][vc_column width=&#8220;1\/2&#8243;][vc_custom_heading text=&#8220;{{page_title}}&#8220; font_size=&#8220;48&#8243; text_align=&#8220;left&#8220; tag=&#8220;h1&#8243; css_animation=&#8220;fadeInUp&#8220; css=&#8220;.vc_custom_1563461635117{margin-bottom: 15px !important;}&#8220;][vc_column_text css_animation=&#8220;fade&#8220; css_animation_delay=&#8220;300&#8243;]\u00c4ndern Sie Ihre Dateien direkt in einen gro\u00dfartigen digitalen Online-Katalog, ein Lookbook, einen Gesch\u00e4ftsbericht oder ein Magazin. Mit PDF Online k\u00f6nnen Sie schnell und einfach f\u00fcr jeden&#8230;<\/p>\n<p><a rel=\"bookmark\" class=\"theme-button-text wvc-button wvc-button-size-xs\" href=\"https:\/\/pdf-online.shop\/de\/online-veroeffentlichung\/\"><small class=\"wvc-button-background-fill\"><\/small><span>Continue reading<\/span><\/a><\/p>\n","protected":false},"author":1,"featured_media":0,"parent":0,"menu_order":0,"comment_status":"closed","ping_status":"closed","template":"","meta":{"footnotes":""},"yoast_head":"<!-- This site is optimized with the Yoast SEO plugin v24.5 - https:\/\/yoast.com\/wordpress\/plugins\/seo\/ -->\n<title>Mit PDF Online einfach und kosteng\u00fcnstig online ver\u00f6ffentlichen<\/title>\n<meta name=\"description\" content=\"Das Online-Ver\u00f6ffentlichen von Zeitschriften und Katalogen ist zum Trend geworden. Viele Vermarkter verwenden onlne ver\u00f6ffentlichte PDFs, um f\u00fcr ihre Marke zu werben.\" \/>\n<meta name=\"robots\" content=\"index, follow, max-snippet:-1, max-image-preview:large, max-video-preview:-1\" \/>\n<link rel=\"canonical\" href=\"https:\/\/pdf-online.shop\/de\/online-veroeffentlichung\/\" \/>\n<meta property=\"og:locale\" content=\"de_DE\" \/>\n<meta property=\"og:type\" content=\"article\" \/>\n<meta property=\"og:title\" content=\"Mit PDF Online einfach und kosteng\u00fcnstig online ver\u00f6ffentlichen\" \/>\n<meta property=\"og:description\" content=\"Das Online-Ver\u00f6ffentlichen von Zeitschriften und Katalogen ist zum Trend geworden. Viele Vermarkter verwenden onlne ver\u00f6ffentlichte PDFs, um f\u00fcr ihre Marke zu werben.\" \/>\n<meta property=\"og:url\" content=\"https:\/\/pdf-online.shop\/de\/online-veroeffentlichung\/\" \/>\n<meta property=\"og:site_name\" content=\"PDF-Online\" \/>\n<meta property=\"article:modified_time\" content=\"2020-09-29T14:59:28+00:00\" \/>\n<meta name=\"twitter:card\" content=\"summary_large_image\" \/>\n<meta name=\"twitter:label1\" content=\"Gesch\u00e4tzte Lesezeit\" \/>\n\t<meta name=\"twitter:data1\" content=\"3\u00a0Minuten\" \/>\n<script type=\"application\/ld+json\" class=\"yoast-schema-graph\">{\"@context\":\"https:\/\/schema.org\",\"@graph\":[{\"@type\":\"WebPage\",\"@id\":\"https:\/\/pdf-online.shop\/de\/online-veroeffentlichung\/\",\"url\":\"https:\/\/pdf-online.shop\/de\/online-veroeffentlichung\/\",\"name\":\"Mit PDF Online einfach und kosteng\u00fcnstig online ver\u00f6ffentlichen\",\"isPartOf\":{\"@id\":\"https:\/\/pdf-online.shop\/#website\"},\"datePublished\":\"2020-09-29T09:13:03+00:00\",\"dateModified\":\"2020-09-29T14:59:28+00:00\",\"description\":\"Das Online-Ver\u00f6ffentlichen von Zeitschriften und Katalogen ist zum Trend geworden. Viele Vermarkter verwenden onlne ver\u00f6ffentlichte PDFs, um f\u00fcr ihre Marke zu werben.\",\"breadcrumb\":{\"@id\":\"https:\/\/pdf-online.shop\/de\/online-veroeffentlichung\/#breadcrumb\"},\"inLanguage\":\"de\",\"potentialAction\":[{\"@type\":\"ReadAction\",\"target\":[\"https:\/\/pdf-online.shop\/de\/online-veroeffentlichung\/\"]}]},{\"@type\":\"BreadcrumbList\",\"@id\":\"https:\/\/pdf-online.shop\/de\/online-veroeffentlichung\/#breadcrumb\",\"itemListElement\":[{\"@type\":\"ListItem\",\"position\":1,\"name\":\"Home\",\"item\":\"https:\/\/pdf-online.shop\/de\/\"},{\"@type\":\"ListItem\",\"position\":2,\"name\":\"Online-Ver\u00f6ffentlichung\"}]},{\"@type\":\"WebSite\",\"@id\":\"https:\/\/pdf-online.shop\/#website\",\"url\":\"https:\/\/pdf-online.shop\/\",\"name\":\"PDF-Online\",\"description\":\"\",\"potentialAction\":[{\"@type\":\"SearchAction\",\"target\":{\"@type\":\"EntryPoint\",\"urlTemplate\":\"https:\/\/pdf-online.shop\/?s={search_term_string}\"},\"query-input\":{\"@type\":\"PropertyValueSpecification\",\"valueRequired\":true,\"valueName\":\"search_term_string\"}}],\"inLanguage\":\"de\"}]}<\/script>\n<!-- \/ Yoast SEO plugin. -->","yoast_head_json":{"title":"Mit PDF Online einfach und kosteng\u00fcnstig online ver\u00f6ffentlichen","description":"Das Online-Ver\u00f6ffentlichen von Zeitschriften und Katalogen ist zum Trend geworden. Viele Vermarkter verwenden onlne ver\u00f6ffentlichte PDFs, um f\u00fcr ihre Marke zu werben.","robots":{"index":"index","follow":"follow","max-snippet":"max-snippet:-1","max-image-preview":"max-image-preview:large","max-video-preview":"max-video-preview:-1"},"canonical":"https:\/\/pdf-online.shop\/de\/online-veroeffentlichung\/","og_locale":"de_DE","og_type":"article","og_title":"Mit PDF Online einfach und kosteng\u00fcnstig online ver\u00f6ffentlichen","og_description":"Das Online-Ver\u00f6ffentlichen von Zeitschriften und Katalogen ist zum Trend geworden. Viele Vermarkter verwenden onlne ver\u00f6ffentlichte PDFs, um f\u00fcr ihre Marke zu werben.","og_url":"https:\/\/pdf-online.shop\/de\/online-veroeffentlichung\/","og_site_name":"PDF-Online","article_modified_time":"2020-09-29T14:59:28+00:00","twitter_card":"summary_large_image","twitter_misc":{"Gesch\u00e4tzte Lesezeit":"3\u00a0Minuten"},"schema":{"@context":"https:\/\/schema.org","@graph":[{"@type":"WebPage","@id":"https:\/\/pdf-online.shop\/de\/online-veroeffentlichung\/","url":"https:\/\/pdf-online.shop\/de\/online-veroeffentlichung\/","name":"Mit PDF Online einfach und kosteng\u00fcnstig online ver\u00f6ffentlichen","isPartOf":{"@id":"https:\/\/pdf-online.shop\/#website"},"datePublished":"2020-09-29T09:13:03+00:00","dateModified":"2020-09-29T14:59:28+00:00","description":"Das Online-Ver\u00f6ffentlichen von Zeitschriften und Katalogen ist zum Trend geworden. Viele Vermarkter verwenden onlne ver\u00f6ffentlichte PDFs, um f\u00fcr ihre Marke zu werben.","breadcrumb":{"@id":"https:\/\/pdf-online.shop\/de\/online-veroeffentlichung\/#breadcrumb"},"inLanguage":"de","potentialAction":[{"@type":"ReadAction","target":["https:\/\/pdf-online.shop\/de\/online-veroeffentlichung\/"]}]},{"@type":"BreadcrumbList","@id":"https:\/\/pdf-online.shop\/de\/online-veroeffentlichung\/#breadcrumb","itemListElement":[{"@type":"ListItem","position":1,"name":"Home","item":"https:\/\/pdf-online.shop\/de\/"},{"@type":"ListItem","position":2,"name":"Online-Ver\u00f6ffentlichung"}]},{"@type":"WebSite","@id":"https:\/\/pdf-online.shop\/#website","url":"https:\/\/pdf-online.shop\/","name":"PDF-Online","description":"","potentialAction":[{"@type":"SearchAction","target":{"@type":"EntryPoint","urlTemplate":"https:\/\/pdf-online.shop\/?s={search_term_string}"},"query-input":{"@type":"PropertyValueSpecification","valueRequired":true,"valueName":"search_term_string"}}],"inLanguage":"de"}]}},"_links":{"self":[{"href":"https:\/\/pdf-online.shop\/de\/wp-json\/wp\/v2\/pages\/6623"}],"collection":[{"href":"https:\/\/pdf-online.shop\/de\/wp-json\/wp\/v2\/pages"}],"about":[{"href":"https:\/\/pdf-online.shop\/de\/wp-json\/wp\/v2\/types\/page"}],"author":[{"embeddable":true,"href":"https:\/\/pdf-online.shop\/de\/wp-json\/wp\/v2\/users\/1"}],"replies":[{"embeddable":true,"href":"https:\/\/pdf-online.shop\/de\/wp-json\/wp\/v2\/comments?post=6623"}],"version-history":[{"count":1,"href":"https:\/\/pdf-online.shop\/de\/wp-json\/wp\/v2\/pages\/6623\/revisions"}],"predecessor-version":[{"id":6624,"href":"https:\/\/pdf-online.shop\/de\/wp-json\/wp\/v2\/pages\/6623\/revisions\/6624"}],"wp:attachment":[{"href":"https:\/\/pdf-online.shop\/de\/wp-json\/wp\/v2\/media?parent=6623"}],"curies":[{"name":"wp","href":"https:\/\/api.w.org\/{rel}","templated":true}]}}