{"id":6627,"date":"2020-09-29T09:16:28","date_gmt":"2020-09-29T09:16:28","guid":{"rendered":"https:\/\/www.pdf-online.nl\/datenschutzerklaerung\/"},"modified":"2020-09-29T09:16:28","modified_gmt":"2020-09-29T09:16:28","slug":"datenschutzerklaerung","status":"publish","type":"page","link":"https:\/\/pdf-online.shop\/de\/datenschutzerklaerung\/","title":{"rendered":"Datenschutzerkl\u00e4rung"},"content":{"rendered":"<p>Buro Zero respektiert und sch\u00fctzt die Privatsph\u00e4re aller Besucher seiner Website <a href=\"https:\/\/pdf-online.shop\">www.pdf-online.shop<\/a>. Buro Zero verwendet alle ihm zur Verf\u00fcgung gestellten pers\u00f6nlichen Daten nur f\u00fcr die in der vorliegenden Datenschutzerkl\u00e4rung beschriebenen Zwecke. Das Rechtsverh\u00e4ltnis zwischen Ihnen und Buro Zero unterliegt niederl\u00e4ndischem Recht: dies bedeutet, dass personenbezogene Daten auch in \u00dcbereinstimmung mit den geltenden niederl\u00e4ndischen Gesetzen und Vorschriften in Bezug auf den Datenschutz, insbesondere dem Gesetz zum Schutz personenbezogener Daten verarbeitet werden.<\/p>\n","protected":false},"excerpt":{"rendered":"<p>Buro Zero respektiert und sch\u00fctzt die Privatsph\u00e4re aller Besucher seiner Website www.pdf-online.shop. Buro Zero verwendet alle ihm zur Verf\u00fcgung gestellten pers\u00f6nlichen Daten nur f\u00fcr die in der vorliegenden Datenschutzerkl\u00e4rung beschriebenen Zwecke. Das Rechtsverh\u00e4ltnis zwischen Ihnen und Buro Zero unterliegt niederl\u00e4ndischem Recht: dies bedeutet, dass personenbezogene Daten auch in \u00dcbereinstimmung mit den geltenden niederl\u00e4ndischen Gesetzen und&#8230;<\/p>\n<p><a rel=\"bookmark\" class=\"theme-button-text wvc-button wvc-button-size-xs\" href=\"https:\/\/pdf-online.shop\/de\/datenschutzerklaerung\/\"><small class=\"wvc-button-background-fill\"><\/small><span>Continue reading<\/span><\/a><\/p>\n","protected":false},"author":1,"featured_media":0,"parent":0,"menu_order":0,"comment_status":"closed","ping_status":"closed","template":"","meta":{"footnotes":""},"yoast_head":"<!-- This site is optimized with the Yoast SEO plugin v24.5 - https:\/\/yoast.com\/wordpress\/plugins\/seo\/ -->\n<title>Datenschutzerkl\u00e4rung - PDF-Online<\/title>\n<meta name=\"robots\" content=\"index, follow, max-snippet:-1, max-image-preview:large, max-video-preview:-1\" \/>\n<link rel=\"canonical\" href=\"https:\/\/pdf-online.shop\/de\/datenschutzerklaerung\/\" \/>\n<meta property=\"og:locale\" content=\"de_DE\" \/>\n<meta property=\"og:type\" content=\"article\" \/>\n<meta property=\"og:title\" content=\"Datenschutzerkl\u00e4rung - PDF-Online\" \/>\n<meta property=\"og:description\" content=\"Buro Zero respektiert und sch\u00fctzt die Privatsph\u00e4re aller Besucher seiner Website www.pdf-online.shop. Buro Zero verwendet alle ihm zur Verf\u00fcgung gestellten pers\u00f6nlichen Daten nur f\u00fcr die in der vorliegenden Datenschutzerkl\u00e4rung beschriebenen Zwecke. Das Rechtsverh\u00e4ltnis zwischen Ihnen und Buro Zero unterliegt niederl\u00e4ndischem Recht: dies bedeutet, dass personenbezogene Daten auch in \u00dcbereinstimmung mit den geltenden niederl\u00e4ndischen Gesetzen und...Continue reading\" \/>\n<meta property=\"og:url\" content=\"https:\/\/pdf-online.shop\/de\/datenschutzerklaerung\/\" \/>\n<meta property=\"og:site_name\" content=\"PDF-Online\" \/>\n<meta name=\"twitter:card\" content=\"summary_large_image\" \/>\n<script type=\"application\/ld+json\" class=\"yoast-schema-graph\">{\"@context\":\"https:\/\/schema.org\",\"@graph\":[{\"@type\":\"WebPage\",\"@id\":\"https:\/\/pdf-online.shop\/de\/datenschutzerklaerung\/\",\"url\":\"https:\/\/pdf-online.shop\/de\/datenschutzerklaerung\/\",\"name\":\"Datenschutzerkl\u00e4rung - PDF-Online\",\"isPartOf\":{\"@id\":\"https:\/\/pdf-online.shop\/#website\"},\"datePublished\":\"2020-09-29T09:16:28+00:00\",\"breadcrumb\":{\"@id\":\"https:\/\/pdf-online.shop\/de\/datenschutzerklaerung\/#breadcrumb\"},\"inLanguage\":\"de\",\"potentialAction\":[{\"@type\":\"ReadAction\",\"target\":[\"https:\/\/pdf-online.shop\/de\/datenschutzerklaerung\/\"]}]},{\"@type\":\"BreadcrumbList\",\"@id\":\"https:\/\/pdf-online.shop\/de\/datenschutzerklaerung\/#breadcrumb\",\"itemListElement\":[{\"@type\":\"ListItem\",\"position\":1,\"name\":\"Home\",\"item\":\"https:\/\/pdf-online.shop\/de\/\"},{\"@type\":\"ListItem\",\"position\":2,\"name\":\"Datenschutzerkl\u00e4rung\"}]},{\"@type\":\"WebSite\",\"@id\":\"https:\/\/pdf-online.shop\/#website\",\"url\":\"https:\/\/pdf-online.shop\/\",\"name\":\"PDF-Online\",\"description\":\"\",\"potentialAction\":[{\"@type\":\"SearchAction\",\"target\":{\"@type\":\"EntryPoint\",\"urlTemplate\":\"https:\/\/pdf-online.shop\/?s={search_term_string}\"},\"query-input\":{\"@type\":\"PropertyValueSpecification\",\"valueRequired\":true,\"valueName\":\"search_term_string\"}}],\"inLanguage\":\"de\"}]}<\/script>\n<!-- \/ Yoast SEO plugin. -->","yoast_head_json":{"title":"Datenschutzerkl\u00e4rung - PDF-Online","robots":{"index":"index","follow":"follow","max-snippet":"max-snippet:-1","max-image-preview":"max-image-preview:large","max-video-preview":"max-video-preview:-1"},"canonical":"https:\/\/pdf-online.shop\/de\/datenschutzerklaerung\/","og_locale":"de_DE","og_type":"article","og_title":"Datenschutzerkl\u00e4rung - PDF-Online","og_description":"Buro Zero respektiert und sch\u00fctzt die Privatsph\u00e4re aller Besucher seiner Website www.pdf-online.shop. Buro Zero verwendet alle ihm zur Verf\u00fcgung gestellten pers\u00f6nlichen Daten nur f\u00fcr die in der vorliegenden Datenschutzerkl\u00e4rung beschriebenen Zwecke. Das Rechtsverh\u00e4ltnis zwischen Ihnen und Buro Zero unterliegt niederl\u00e4ndischem Recht: dies bedeutet, dass personenbezogene Daten auch in \u00dcbereinstimmung mit den geltenden niederl\u00e4ndischen Gesetzen und...Continue reading","og_url":"https:\/\/pdf-online.shop\/de\/datenschutzerklaerung\/","og_site_name":"PDF-Online","twitter_card":"summary_large_image","schema":{"@context":"https:\/\/schema.org","@graph":[{"@type":"WebPage","@id":"https:\/\/pdf-online.shop\/de\/datenschutzerklaerung\/","url":"https:\/\/pdf-online.shop\/de\/datenschutzerklaerung\/","name":"Datenschutzerkl\u00e4rung - PDF-Online","isPartOf":{"@id":"https:\/\/pdf-online.shop\/#website"},"datePublished":"2020-09-29T09:16:28+00:00","breadcrumb":{"@id":"https:\/\/pdf-online.shop\/de\/datenschutzerklaerung\/#breadcrumb"},"inLanguage":"de","potentialAction":[{"@type":"ReadAction","target":["https:\/\/pdf-online.shop\/de\/datenschutzerklaerung\/"]}]},{"@type":"BreadcrumbList","@id":"https:\/\/pdf-online.shop\/de\/datenschutzerklaerung\/#breadcrumb","itemListElement":[{"@type":"ListItem","position":1,"name":"Home","item":"https:\/\/pdf-online.shop\/de\/"},{"@type":"ListItem","position":2,"name":"Datenschutzerkl\u00e4rung"}]},{"@type":"WebSite","@id":"https:\/\/pdf-online.shop\/#website","url":"https:\/\/pdf-online.shop\/","name":"PDF-Online","description":"","potentialAction":[{"@type":"SearchAction","target":{"@type":"EntryPoint","urlTemplate":"https:\/\/pdf-online.shop\/?s={search_term_string}"},"query-input":{"@type":"PropertyValueSpecification","valueRequired":true,"valueName":"search_term_string"}}],"inLanguage":"de"}]}},"_links":{"self":[{"href":"https:\/\/pdf-online.shop\/de\/wp-json\/wp\/v2\/pages\/6627"}],"collection":[{"href":"https:\/\/pdf-online.shop\/de\/wp-json\/wp\/v2\/pages"}],"about":[{"href":"https:\/\/pdf-online.shop\/de\/wp-json\/wp\/v2\/types\/page"}],"author":[{"embeddable":true,"href":"https:\/\/pdf-online.shop\/de\/wp-json\/wp\/v2\/users\/1"}],"replies":[{"embeddable":true,"href":"https:\/\/pdf-online.shop\/de\/wp-json\/wp\/v2\/comments?post=6627"}],"version-history":[{"count":0,"href":"https:\/\/pdf-online.shop\/de\/wp-json\/wp\/v2\/pages\/6627\/revisions"}],"wp:attachment":[{"href":"https:\/\/pdf-online.shop\/de\/wp-json\/wp\/v2\/media?parent=6627"}],"curies":[{"name":"wp","href":"https:\/\/api.w.org\/{rel}","templated":true}]}}