{"id":6642,"date":"2020-09-29T09:52:03","date_gmt":"2020-09-29T09:52:03","guid":{"rendered":"https:\/\/www.pdf-online.nl\/preise\/"},"modified":"2021-01-26T15:14:04","modified_gmt":"2021-01-26T15:14:04","slug":"preise","status":"publish","type":"page","link":"https:\/\/pdf-online.shop\/de\/preise\/","title":{"rendered":"Preise"},"content":{"rendered":"<p>[vc_row equal_height=&#8220;&#8220; shift_y=&#8220;0&#8243; z_index=&#8220;0&#8243; css=&#8220;.vc_custom_1611673783756{padding-top: 10px !important;padding-bottom: 0px !important;}&#8220;][vc_column][vc_custom_heading text=&#8220;{{page_title}}&#8220; font_size=&#8220;48&#8243; text_align=&#8220;left&#8220; tag=&#8220;h1&#8243; css_animation=&#8220;fadeInUp&#8220;][\/vc_column][\/vc_row][vc_row equal_height=&#8220;&#8220; shift_y=&#8220;0&#8243; z_index=&#8220;0&#8243; css=&#8220;.vc_custom_1611673788619{padding-top: 0px !important;padding-bottom: 0px !important;}&#8220;][vc_column width=&#8220;1\/3&#8243;][wvc_pricing_table title=&#8220;PDF ONE&#8220; title_tag=&#8220;h1&#8243; button_text=&#8220;Kaufen&#8220; tagline=&#8220;1x durchsuchbare PDF-Datei gegen eine einmalige Geb\u00fchr&#8220; currency=&#8220;\u20ac&#8220; price_period=&#8220;Ab&#8220; services=&#8220;Keine monatliche Geb\u00fchr<br \/>\nSchnell und einfach<br \/>\nFunktioniert auf allen Ger\u00e4ten<br \/>\nKostenloses Hosting in einer sicheren Umgebung<br \/>\nDurchsuchbare PDF-Datei ohne Werbeanzeigen<br \/>\nIhr eigener Firmenstil mit Logo und Farbe nach Wahl<br \/>\nKompatibel mit jedem Browser&#8220; css_animation=&#8220;fade-right&#8220; price=&#8220;35&#8243; css_animation_delay=&#8220;250&#8243; link=&#8220;url:https%3A%2F%2Fpdf-online.shop%2Fde%2Fprodukt%2Fpdf-one%2F|title:PDF%20One||&#8220;][\/vc_column][vc_column width=&#8220;1\/3&#8243;][wvc_pricing_table title=&#8220;PDF BUNDLE&#8220; title_tag=&#8220;h2&#8243; button_text=&#8220;Kaufen&#8220; featured=&#8220;yes&#8220; featured_text=&#8220;Beste Wahl&#8220; tagline=&#8220;Ideal f\u00fcr Gesch\u00e4ftsberichte, Magazine und Brosch\u00fcren&#8220; currency=&#8220;\u20ac&#8220; price_period=&#8220;Pro Monat&#8220; services=&#8220;15 Konvertierte PDF-Dateien pro Monat<br \/>\nBis zu 100 Seiten pro PDF-Datei<br \/>\nFunktioniert auf allen Ger\u00e4ten<br \/>\nKostenloses Hosting in einer sicheren Umgebung<br \/>\nDurchsuchbare PDF-Datei ohne Werbeanzeigen<br \/>\nIhre eigener Firmenstil mit Logo und Farbe nach Wahl<br \/>\nEinfacher Datei-Upload \u00fcber wetransfer.com&#8220; css_animation=&#8220;fade-up&#8220; price=&#8220;65&#8243; css_animation_delay=&#8220;450&#8243; link=&#8220;url:http%3A%2F%2Fpdf-online.shop%2Fde%2Fshop%2Fcart%2F%3Fadd-to-cart%3D5984|title:PDF%20BUNDLE||&#8220;][\/vc_column][vc_column width=&#8220;1\/3&#8243;][wvc_pricing_table title=&#8220;PDF ENTERPRISE&#8220; button_text=&#8220;Kaufen&#8220; tagline=&#8220;Ideal f\u00fcr Verlage, Drucker und Regierungen&#8220; currency=&#8220;\u20ac&#8220; price_period=&#8220;Pro Monat&#8220; services=&#8220;Upload-M\u00f6glichkeit von bis 100 PDF -Dateien<br \/>\nEinfacher Datei-Upload \u00fcber wetransfer.com<br \/>\nFunktioniert auf allen Ger\u00e4ten<br \/>\nKostenloses Hosting in einer sicheren Umgebung<br \/>\nDurchsuchbare PDF-Datei ohne Werbeanzeigen<br \/>\nIhr eigener Firmenstil mit Logo und Farbe nach Wahl<br \/>\nKompatibel mit jedem Browser&#8220; css_animation=&#8220;fade-left&#8220; price=&#8220;245&#8243; css_animation_delay=&#8220;250&#8243; link=&#8220;url:http%3A%2F%2Fpdf-online.shop%2Fde%2Fshop%2Fcart%2F%3Fadd-to-cart%3D5997|title:PDF%20ENTERPRISE||&#8220;][\/vc_column][\/vc_row][vc_row equal_height=&#8220;&#8220; add_bottom_shape_divider=&#8220;yes&#8220; sd_bottom_type=&#8220;image&#8220; sd_bottom_opacity=&#8220;100&#8243; sd_bottom_zindex=&#8220;0&#8243; shift_y=&#8220;0&#8243; z_index=&#8220;0&#8243; sd_bottom_img=&#8220;3826&#8243; css=&#8220;.vc_custom_1611674041577{padding-top: 0px !important;padding-bottom: 0px !important;}&#8220;][vc_column width=&#8220;1\/2&#8243; shift_x=&#8220;0&#8243; shift_y=&#8220;0&#8243; z_index=&#8220;0&#8243; el_class=&#8220;pricing-header-textblok&#8220;][vc_column_text]Mit PDF Online k\u00f6nnen Sie einzelne PDF-Dateien ohne monatliche Geb\u00fchr in durchsuchbare PDF-Dateien umwandeln. Falls Sie mehrere PDF-Dateien pro Monat konvertieren m\u00f6chten, bieten wir auch wettbewerbsf\u00e4hige Abonnements an. Laden Sie die Dateien mit WeTransfer auf PDF Online hoch: wir stellen sicher, dass sie als durchsuchbare PDF-Dateien online ver\u00f6ffentlicht werden. Alle verf\u00fcgbaren Optionen finden Sie in der nachfolgenden \u00dcbersicht:[\/vc_column_text][\/vc_column][vc_column width=&#8220;1\/2&#8243;][vc_column_text]\n\t\t\t\t<p class=\"rs-p-wp-fix\"><\/p>\n\t\t\t\t<sr7-module data-alias=\"online_shopping\" data-id=\"17\" id=\"SR7_17_1\" data-version=\"6.7.51\">\n\t\t\t\t\t<sr7-adjuster><\/sr7-adjuster>\n\t\t\t\t\t<sr7-content>\n\t\t\t\t\t\t<sr7-slide id=\"SR7_17_1-21\" data-key=\"21\">\n\t\t\t\t\t\t<\/sr7-slide>\n\t\t\t\t\t\t<sr7-slide id=\"SR7_17_1-47\" data-key=\"47\">\n\t\t\t\t\t\t<\/sr7-slide>\n\t\t\t\t\t<\/sr7-content>\n\t\t\t\t<\/sr7-module>\n\t\t\t\t<script>\n\t\t\t\t\twindow.SR7 ??={};SR7.PMH ??={}; SR7.PMH[\"SR7_17_1\"] = {cn:100,state:false,fn: function() { if (window._tpt!==undefined && window._tpt.prepareModuleHeight !== undefined) {  _tpt.prepareModuleHeight({id:\"SR7_17_1\",el:[600],type:'hero',shdw:'0',gh:[600],gw:[600],vpt:['50%'],size:{fullWidth:false, fullHeight:false},mh:'0',onh:0,onw:0,bg:{color:'transparent'},plType:'-1',plColor:'#FFFFFF'});   SR7.PMH[\"SR7_17_1\"].state=true;} else if(SR7.PMH[\"SR7_17_1\"].cn-->0)\tsetTimeout( SR7.PMH[\"SR7_17_1\"].fn,19);}};SR7.PMH[\"SR7_17_1\" ].fn();\n\t\t\t\t<\/script>\n[\/vc_column_text][\/vc_column][\/vc_row][vc_row equal_height=&#8220;&#8220; shift_y=&#8220;0&#8243; z_index=&#8220;0&#8243; css=&#8220;.vc_custom_1611673777410{padding-top: 0px !important;padding-bottom: 0px !important;}&#8220;][vc_column][vc_custom_heading text=&#8220;Beispiele&#8220; font_size=&#8220;48&#8243; text_align=&#8220;left&#8220; tag=&#8220;h1&#8243; css_animation=&#8220;fadeInUp&#8220;][vc_gallery slides_per_view=&#8220;3&#8243; hover_effect=&#8220;zoomin&#8220; onclick=&#8220;custom_link&#8220; images=&#8220;7169,7174,7179,7184,7189,7194&#8243; custom_links=&#8220;#E-8_aHR0cHMlM0ElMkYlMkZ2aWV3ZXIucGRmLW9ubGluZS5ubCUyRmJvb2tzJTJGZ3NpeiUyQ2h0dHBzJTNBJTJGJTJGdmlld2VyLnBkZi1vbmxpbmUubmwlMkZib29rcyUyRnZtcXElMkNodHRwcyUzQSUyRiUyRnZpZXdlci5wZGYtb25saW5lLm5sJTJGYm9va3MlMkZrcHdtJTJDaHR0cHMlM0ElMkYlMkZ2aWV3ZXIucGRmLW9ubGluZS5ubCUyRmJvb2tzJTJGcm1pZSUyQ2h0dHBzJTNBJTJGJTJGdmlld2VyLnBkZi1vbmxpbmUubmwlMkZib29rcyUyRmpicGUlMkNodHRwcyUzQSUyRiUyRnZpZXdlci5wZGYtb25saW5lLm5sJTJGYm9va3MlMkZpd21t&#8220;][\/vc_column][\/vc_row]<\/p>\n","protected":false},"excerpt":{"rendered":"<p>[vc_row equal_height=&#8220;&#8220; shift_y=&#8220;0&#8243; z_index=&#8220;0&#8243; css=&#8220;.vc_custom_1611673783756{padding-top: 10px !important;padding-bottom: 0px !important;}&#8220;][vc_column][vc_custom_heading text=&#8220;{{page_title}}&#8220; font_size=&#8220;48&#8243; text_align=&#8220;left&#8220; tag=&#8220;h1&#8243; css_animation=&#8220;fadeInUp&#8220;][\/vc_column][\/vc_row][vc_row equal_height=&#8220;&#8220; shift_y=&#8220;0&#8243; z_index=&#8220;0&#8243; css=&#8220;.vc_custom_1611673788619{padding-top: 0px !important;padding-bottom: 0px !important;}&#8220;][vc_column width=&#8220;1\/3&#8243;][wvc_pricing_table title=&#8220;PDF ONE&#8220; title_tag=&#8220;h1&#8243; button_text=&#8220;Kaufen&#8220; tagline=&#8220;1x durchsuchbare PDF-Datei gegen eine einmalige Geb\u00fchr&#8220; currency=&#8220;\u20ac&#8220; price_period=&#8220;Ab&#8220; services=&#8220;Keine monatliche Geb\u00fchr Schnell und einfach Funktioniert auf allen Ger\u00e4ten Kostenloses Hosting in einer sicheren Umgebung Durchsuchbare PDF-Datei ohne&#8230;<\/p>\n<p><a rel=\"bookmark\" class=\"theme-button-text wvc-button wvc-button-size-xs\" href=\"https:\/\/pdf-online.shop\/de\/preise\/\"><small class=\"wvc-button-background-fill\"><\/small><span>Continue reading<\/span><\/a><\/p>\n","protected":false},"author":1,"featured_media":0,"parent":0,"menu_order":0,"comment_status":"closed","ping_status":"closed","template":"","meta":{"footnotes":""},"yoast_head":"<!-- This site is optimized with the Yoast SEO plugin v24.5 - https:\/\/yoast.com\/wordpress\/plugins\/seo\/ -->\n<title>Preise - PDF-Online<\/title>\n<meta name=\"robots\" content=\"index, follow, max-snippet:-1, max-image-preview:large, max-video-preview:-1\" \/>\n<link rel=\"canonical\" href=\"https:\/\/pdf-online.shop\/de\/preise\/\" \/>\n<meta property=\"og:locale\" content=\"de_DE\" \/>\n<meta property=\"og:type\" content=\"article\" \/>\n<meta property=\"og:title\" content=\"Preise - PDF-Online\" \/>\n<meta property=\"og:description\" content=\"[vc_row equal_height=&#8220;&#8220; shift_y=&#8220;0&#8243; z_index=&#8220;0&#8243; css=&#8220;.vc_custom_1611673783756{padding-top: 10px !important;padding-bottom: 0px !important;}&#8220;][vc_column][vc_custom_heading text=&#8220;{{page_title}}&#8220; font_size=&#8220;48&#8243; text_align=&#8220;left&#8220; tag=&#8220;h1&#8243; css_animation=&#8220;fadeInUp&#8220;][\/vc_column][\/vc_row][vc_row equal_height=&#8220;&#8220; shift_y=&#8220;0&#8243; z_index=&#8220;0&#8243; css=&#8220;.vc_custom_1611673788619{padding-top: 0px !important;padding-bottom: 0px !important;}&#8220;][vc_column width=&#8220;1\/3&#8243;][wvc_pricing_table title=&#8220;PDF ONE&#8220; title_tag=&#8220;h1&#8243; button_text=&#8220;Kaufen&#8220; tagline=&#8220;1x durchsuchbare PDF-Datei gegen eine einmalige Geb\u00fchr&#8220; currency=&#8220;\u20ac&#8220; price_period=&#8220;Ab&#8220; services=&#8220;Keine monatliche Geb\u00fchr Schnell und einfach Funktioniert auf allen Ger\u00e4ten Kostenloses Hosting in einer sicheren Umgebung Durchsuchbare PDF-Datei ohne...Continue reading\" \/>\n<meta property=\"og:url\" content=\"https:\/\/pdf-online.shop\/de\/preise\/\" \/>\n<meta property=\"og:site_name\" content=\"PDF-Online\" \/>\n<meta property=\"article:modified_time\" content=\"2021-01-26T15:14:04+00:00\" \/>\n<meta name=\"twitter:card\" content=\"summary_large_image\" \/>\n<meta name=\"twitter:label1\" content=\"Gesch\u00e4tzte Lesezeit\" \/>\n\t<meta name=\"twitter:data1\" content=\"3\u00a0Minuten\" \/>\n<script type=\"application\/ld+json\" class=\"yoast-schema-graph\">{\"@context\":\"https:\/\/schema.org\",\"@graph\":[{\"@type\":\"WebPage\",\"@id\":\"https:\/\/pdf-online.shop\/de\/preise\/\",\"url\":\"https:\/\/pdf-online.shop\/de\/preise\/\",\"name\":\"Preise - PDF-Online\",\"isPartOf\":{\"@id\":\"https:\/\/pdf-online.shop\/#website\"},\"datePublished\":\"2020-09-29T09:52:03+00:00\",\"dateModified\":\"2021-01-26T15:14:04+00:00\",\"breadcrumb\":{\"@id\":\"https:\/\/pdf-online.shop\/de\/preise\/#breadcrumb\"},\"inLanguage\":\"de\",\"potentialAction\":[{\"@type\":\"ReadAction\",\"target\":[\"https:\/\/pdf-online.shop\/de\/preise\/\"]}]},{\"@type\":\"BreadcrumbList\",\"@id\":\"https:\/\/pdf-online.shop\/de\/preise\/#breadcrumb\",\"itemListElement\":[{\"@type\":\"ListItem\",\"position\":1,\"name\":\"Home\",\"item\":\"https:\/\/pdf-online.shop\/de\/\"},{\"@type\":\"ListItem\",\"position\":2,\"name\":\"Preise\"}]},{\"@type\":\"WebSite\",\"@id\":\"https:\/\/pdf-online.shop\/#website\",\"url\":\"https:\/\/pdf-online.shop\/\",\"name\":\"PDF-Online\",\"description\":\"\",\"potentialAction\":[{\"@type\":\"SearchAction\",\"target\":{\"@type\":\"EntryPoint\",\"urlTemplate\":\"https:\/\/pdf-online.shop\/?s={search_term_string}\"},\"query-input\":{\"@type\":\"PropertyValueSpecification\",\"valueRequired\":true,\"valueName\":\"search_term_string\"}}],\"inLanguage\":\"de\"}]}<\/script>\n<!-- \/ Yoast SEO plugin. -->","yoast_head_json":{"title":"Preise - PDF-Online","robots":{"index":"index","follow":"follow","max-snippet":"max-snippet:-1","max-image-preview":"max-image-preview:large","max-video-preview":"max-video-preview:-1"},"canonical":"https:\/\/pdf-online.shop\/de\/preise\/","og_locale":"de_DE","og_type":"article","og_title":"Preise - PDF-Online","og_description":"[vc_row equal_height=&#8220;&#8220; shift_y=&#8220;0&#8243; z_index=&#8220;0&#8243; css=&#8220;.vc_custom_1611673783756{padding-top: 10px !important;padding-bottom: 0px !important;}&#8220;][vc_column][vc_custom_heading text=&#8220;{{page_title}}&#8220; font_size=&#8220;48&#8243; text_align=&#8220;left&#8220; tag=&#8220;h1&#8243; css_animation=&#8220;fadeInUp&#8220;][\/vc_column][\/vc_row][vc_row equal_height=&#8220;&#8220; shift_y=&#8220;0&#8243; z_index=&#8220;0&#8243; css=&#8220;.vc_custom_1611673788619{padding-top: 0px !important;padding-bottom: 0px !important;}&#8220;][vc_column width=&#8220;1\/3&#8243;][wvc_pricing_table title=&#8220;PDF ONE&#8220; title_tag=&#8220;h1&#8243; button_text=&#8220;Kaufen&#8220; tagline=&#8220;1x durchsuchbare PDF-Datei gegen eine einmalige Geb\u00fchr&#8220; currency=&#8220;\u20ac&#8220; price_period=&#8220;Ab&#8220; services=&#8220;Keine monatliche Geb\u00fchr Schnell und einfach Funktioniert auf allen Ger\u00e4ten Kostenloses Hosting in einer sicheren Umgebung Durchsuchbare PDF-Datei ohne...Continue reading","og_url":"https:\/\/pdf-online.shop\/de\/preise\/","og_site_name":"PDF-Online","article_modified_time":"2021-01-26T15:14:04+00:00","twitter_card":"summary_large_image","twitter_misc":{"Gesch\u00e4tzte Lesezeit":"3\u00a0Minuten"},"schema":{"@context":"https:\/\/schema.org","@graph":[{"@type":"WebPage","@id":"https:\/\/pdf-online.shop\/de\/preise\/","url":"https:\/\/pdf-online.shop\/de\/preise\/","name":"Preise - PDF-Online","isPartOf":{"@id":"https:\/\/pdf-online.shop\/#website"},"datePublished":"2020-09-29T09:52:03+00:00","dateModified":"2021-01-26T15:14:04+00:00","breadcrumb":{"@id":"https:\/\/pdf-online.shop\/de\/preise\/#breadcrumb"},"inLanguage":"de","potentialAction":[{"@type":"ReadAction","target":["https:\/\/pdf-online.shop\/de\/preise\/"]}]},{"@type":"BreadcrumbList","@id":"https:\/\/pdf-online.shop\/de\/preise\/#breadcrumb","itemListElement":[{"@type":"ListItem","position":1,"name":"Home","item":"https:\/\/pdf-online.shop\/de\/"},{"@type":"ListItem","position":2,"name":"Preise"}]},{"@type":"WebSite","@id":"https:\/\/pdf-online.shop\/#website","url":"https:\/\/pdf-online.shop\/","name":"PDF-Online","description":"","potentialAction":[{"@type":"SearchAction","target":{"@type":"EntryPoint","urlTemplate":"https:\/\/pdf-online.shop\/?s={search_term_string}"},"query-input":{"@type":"PropertyValueSpecification","valueRequired":true,"valueName":"search_term_string"}}],"inLanguage":"de"}]}},"_links":{"self":[{"href":"https:\/\/pdf-online.shop\/de\/wp-json\/wp\/v2\/pages\/6642"}],"collection":[{"href":"https:\/\/pdf-online.shop\/de\/wp-json\/wp\/v2\/pages"}],"about":[{"href":"https:\/\/pdf-online.shop\/de\/wp-json\/wp\/v2\/types\/page"}],"author":[{"embeddable":true,"href":"https:\/\/pdf-online.shop\/de\/wp-json\/wp\/v2\/users\/1"}],"replies":[{"embeddable":true,"href":"https:\/\/pdf-online.shop\/de\/wp-json\/wp\/v2\/comments?post=6642"}],"version-history":[{"count":5,"href":"https:\/\/pdf-online.shop\/de\/wp-json\/wp\/v2\/pages\/6642\/revisions"}],"predecessor-version":[{"id":7199,"href":"https:\/\/pdf-online.shop\/de\/wp-json\/wp\/v2\/pages\/6642\/revisions\/7199"}],"wp:attachment":[{"href":"https:\/\/pdf-online.shop\/de\/wp-json\/wp\/v2\/media?parent=6642"}],"curies":[{"name":"wp","href":"https:\/\/api.w.org\/{rel}","templated":true}]}}