{"id":6650,"date":"2020-09-29T10:13:35","date_gmt":"2020-09-29T10:13:35","guid":{"rendered":"https:\/\/www.pdf-online.nl\/leistungen\/"},"modified":"2020-09-29T10:13:35","modified_gmt":"2020-09-29T10:13:35","slug":"leistungen","status":"publish","type":"page","link":"https:\/\/pdf-online.shop\/de\/leistungen\/","title":{"rendered":"Leistungen"},"content":{"rendered":"<p>[vc_row][vc_column width=&#8220;1\/6&#8243;][\/vc_column][vc_column width=&#8220;1\/3&#8243;][vc_single_image image=&#8220;6266&#8243; img_size=&#8220;custom&#8220; full_width=&#8220;&#8220; opacity=&#8220;100&#8243; css_animation=&#8220;fade-right&#8220;][\/vc_column][vc_column width=&#8220;1\/3&#8243;][vc_custom_heading text=&#8220;Mobile Ger\u00e4te&#8220; font_size=&#8220;32&#8243; text_align=&#8220;left&#8220; text_align_mobile=&#8220;center&#8220;][vc_column_text]Genie\u00dfen Sie digitales Lesen auf verschiedenen Mobilger\u00e4ten wie iPad, iPhone, Android-Handys und Tablets. Sie m\u00fcssen daf\u00fcr nichts installieren!Lesen Sie es einfach durch alle Webbrowser.[\/vc_column_text][\/vc_column][vc_column width=&#8220;1\/6&#8243;][\/vc_column][\/vc_row][vc_row][vc_column width=&#8220;1\/6&#8243;][\/vc_column][vc_column width=&#8220;1\/3&#8243;][vc_custom_heading text=&#8220;Funktioniert in allen Browsern&#8220; font_size=&#8220;32&#8243; text_align=&#8220;left&#8220; text_align_mobile=&#8220;center&#8220;][vc_column_text]<br \/>\nPDF online ist optimiert, um die beste Erfahrung in allen Browsern zu bieten, einschlie\u00dflich Chrome, Firefox, Safari und mehr.<br \/>\n[\/vc_column_text][\/vc_column][vc_column width=&#8220;1\/3&#8243;][vc_single_image image=&#8220;6412&#8243; img_size=&#8220;custom&#8220; full_width=&#8220;&#8220; opacity=&#8220;100&#8243; css_animation=&#8220;fade-right&#8220;][\/vc_column][vc_column width=&#8220;1\/6&#8243;][\/vc_column][\/vc_row][vc_row][vc_column width=&#8220;1\/6&#8243;][\/vc_column][vc_column width=&#8220;1\/3&#8243;][vc_single_image image=&#8220;6407&#8243; img_size=&#8220;custom&#8220; full_width=&#8220;&#8220; opacity=&#8220;100&#8243; css_animation=&#8220;fade-right&#8220;][\/vc_column][vc_column width=&#8220;1\/3&#8243;][vc_custom_heading text=&#8220;Teilen&#8220; font_size=&#8220;32&#8243; text_align=&#8220;left&#8220;][vc_column_text]Teilen Sie ganz einfach digitale Ver\u00f6ffentlichungen in sozialen Netzwerken. Zum Bespiel FaceBook oder Twitter. Ihr digitales Daumenkino wird schneller an mehr Personen verteilt.[\/vc_column_text][\/vc_column][vc_column width=&#8220;1\/6&#8243;][\/vc_column][\/vc_row][vc_row][vc_column width=&#8220;1\/6&#8243;][\/vc_column][vc_column width=&#8220;1\/3&#8243;][vc_custom_heading text=&#8220;SEO freundlich&#8220; font_size=&#8220;32&#8243; text_align=&#8220;left&#8220; text_align_mobile=&#8220;center&#8220;][vc_column_text]<br \/>\nHaben Sie gedacht, dass Suchmaschineoptimierung nur f\u00fcr Websites oder Blogs gilt? Flipbook-Inhalte k\u00f6nnen von Suchmaschinen einfach indiziert werden.<br \/>\n[\/vc_column_text][\/vc_column][vc_column width=&#8220;1\/3&#8243;][vc_single_image image=&#8220;6415&#8243; img_size=&#8220;custom&#8220; full_width=&#8220;&#8220; opacity=&#8220;100&#8243; css_animation=&#8220;fade-right&#8220;][\/vc_column][vc_column width=&#8220;1\/6&#8243;][\/vc_column][\/vc_row]<\/p>\n","protected":false},"excerpt":{"rendered":"<p>[vc_row][vc_column width=&#8220;1\/6&#8243;][\/vc_column][vc_column width=&#8220;1\/3&#8243;][vc_single_image image=&#8220;6266&#8243; img_size=&#8220;custom&#8220; full_width=&#8220;&#8220; opacity=&#8220;100&#8243; css_animation=&#8220;fade-right&#8220;][\/vc_column][vc_column width=&#8220;1\/3&#8243;][vc_custom_heading text=&#8220;Mobile Ger\u00e4te&#8220; font_size=&#8220;32&#8243; text_align=&#8220;left&#8220; text_align_mobile=&#8220;center&#8220;][vc_column_text]Genie\u00dfen Sie digitales Lesen auf verschiedenen Mobilger\u00e4ten wie iPad, iPhone, Android-Handys und Tablets. Sie m\u00fcssen daf\u00fcr nichts installieren!Lesen Sie es einfach durch alle Webbrowser.[\/vc_column_text][\/vc_column][vc_column width=&#8220;1\/6&#8243;][\/vc_column][\/vc_row][vc_row][vc_column width=&#8220;1\/6&#8243;][\/vc_column][vc_column width=&#8220;1\/3&#8243;][vc_custom_heading text=&#8220;Funktioniert in allen Browsern&#8220; font_size=&#8220;32&#8243; text_align=&#8220;left&#8220; text_align_mobile=&#8220;center&#8220;][vc_column_text] PDF online ist optimiert, um die beste Erfahrung&#8230;<\/p>\n<p><a rel=\"bookmark\" class=\"theme-button-text wvc-button wvc-button-size-xs\" href=\"https:\/\/pdf-online.shop\/de\/leistungen\/\"><small class=\"wvc-button-background-fill\"><\/small><span>Continue reading<\/span><\/a><\/p>\n","protected":false},"author":1,"featured_media":0,"parent":0,"menu_order":0,"comment_status":"closed","ping_status":"closed","template":"","meta":{"footnotes":""},"yoast_head":"<!-- This site is optimized with the Yoast SEO plugin v24.5 - https:\/\/yoast.com\/wordpress\/plugins\/seo\/ -->\n<title>Leistungen - PDF-Online<\/title>\n<meta name=\"robots\" content=\"index, follow, max-snippet:-1, max-image-preview:large, max-video-preview:-1\" \/>\n<link rel=\"canonical\" href=\"https:\/\/pdf-online.shop\/de\/leistungen\/\" \/>\n<meta property=\"og:locale\" content=\"de_DE\" \/>\n<meta property=\"og:type\" content=\"article\" \/>\n<meta property=\"og:title\" content=\"Leistungen - PDF-Online\" \/>\n<meta property=\"og:description\" content=\"[vc_row][vc_column width=&#8220;1\/6&#8243;][\/vc_column][vc_column width=&#8220;1\/3&#8243;][vc_single_image image=&#8220;6266&#8243; img_size=&#8220;custom&#8220; full_width=&#8220;&#8220; opacity=&#8220;100&#8243; css_animation=&#8220;fade-right&#8220;][\/vc_column][vc_column width=&#8220;1\/3&#8243;][vc_custom_heading text=&#8220;Mobile Ger\u00e4te&#8220; font_size=&#8220;32&#8243; text_align=&#8220;left&#8220; text_align_mobile=&#8220;center&#8220;][vc_column_text]Genie\u00dfen Sie digitales Lesen auf verschiedenen Mobilger\u00e4ten wie iPad, iPhone, Android-Handys und Tablets. Sie m\u00fcssen daf\u00fcr nichts installieren!Lesen Sie es einfach durch alle Webbrowser.[\/vc_column_text][\/vc_column][vc_column width=&#8220;1\/6&#8243;][\/vc_column][\/vc_row][vc_row][vc_column width=&#8220;1\/6&#8243;][\/vc_column][vc_column width=&#8220;1\/3&#8243;][vc_custom_heading text=&#8220;Funktioniert in allen Browsern&#8220; font_size=&#8220;32&#8243; text_align=&#8220;left&#8220; text_align_mobile=&#8220;center&#8220;][vc_column_text] PDF online ist optimiert, um die beste Erfahrung...Continue reading\" \/>\n<meta property=\"og:url\" content=\"https:\/\/pdf-online.shop\/de\/leistungen\/\" \/>\n<meta property=\"og:site_name\" content=\"PDF-Online\" \/>\n<meta name=\"twitter:card\" content=\"summary_large_image\" \/>\n<meta name=\"twitter:label1\" content=\"Gesch\u00e4tzte Lesezeit\" \/>\n\t<meta name=\"twitter:data1\" content=\"2\u00a0Minuten\" \/>\n<script type=\"application\/ld+json\" class=\"yoast-schema-graph\">{\"@context\":\"https:\/\/schema.org\",\"@graph\":[{\"@type\":\"WebPage\",\"@id\":\"https:\/\/pdf-online.shop\/de\/leistungen\/\",\"url\":\"https:\/\/pdf-online.shop\/de\/leistungen\/\",\"name\":\"Leistungen - PDF-Online\",\"isPartOf\":{\"@id\":\"https:\/\/pdf-online.shop\/#website\"},\"datePublished\":\"2020-09-29T10:13:35+00:00\",\"breadcrumb\":{\"@id\":\"https:\/\/pdf-online.shop\/de\/leistungen\/#breadcrumb\"},\"inLanguage\":\"de\",\"potentialAction\":[{\"@type\":\"ReadAction\",\"target\":[\"https:\/\/pdf-online.shop\/de\/leistungen\/\"]}]},{\"@type\":\"BreadcrumbList\",\"@id\":\"https:\/\/pdf-online.shop\/de\/leistungen\/#breadcrumb\",\"itemListElement\":[{\"@type\":\"ListItem\",\"position\":1,\"name\":\"Home\",\"item\":\"https:\/\/pdf-online.shop\/de\/\"},{\"@type\":\"ListItem\",\"position\":2,\"name\":\"Leistungen\"}]},{\"@type\":\"WebSite\",\"@id\":\"https:\/\/pdf-online.shop\/#website\",\"url\":\"https:\/\/pdf-online.shop\/\",\"name\":\"PDF-Online\",\"description\":\"\",\"potentialAction\":[{\"@type\":\"SearchAction\",\"target\":{\"@type\":\"EntryPoint\",\"urlTemplate\":\"https:\/\/pdf-online.shop\/?s={search_term_string}\"},\"query-input\":{\"@type\":\"PropertyValueSpecification\",\"valueRequired\":true,\"valueName\":\"search_term_string\"}}],\"inLanguage\":\"de\"}]}<\/script>\n<!-- \/ Yoast SEO plugin. -->","yoast_head_json":{"title":"Leistungen - PDF-Online","robots":{"index":"index","follow":"follow","max-snippet":"max-snippet:-1","max-image-preview":"max-image-preview:large","max-video-preview":"max-video-preview:-1"},"canonical":"https:\/\/pdf-online.shop\/de\/leistungen\/","og_locale":"de_DE","og_type":"article","og_title":"Leistungen - PDF-Online","og_description":"[vc_row][vc_column width=&#8220;1\/6&#8243;][\/vc_column][vc_column width=&#8220;1\/3&#8243;][vc_single_image image=&#8220;6266&#8243; img_size=&#8220;custom&#8220; full_width=&#8220;&#8220; opacity=&#8220;100&#8243; css_animation=&#8220;fade-right&#8220;][\/vc_column][vc_column width=&#8220;1\/3&#8243;][vc_custom_heading text=&#8220;Mobile Ger\u00e4te&#8220; font_size=&#8220;32&#8243; text_align=&#8220;left&#8220; text_align_mobile=&#8220;center&#8220;][vc_column_text]Genie\u00dfen Sie digitales Lesen auf verschiedenen Mobilger\u00e4ten wie iPad, iPhone, Android-Handys und Tablets. Sie m\u00fcssen daf\u00fcr nichts installieren!Lesen Sie es einfach durch alle Webbrowser.[\/vc_column_text][\/vc_column][vc_column width=&#8220;1\/6&#8243;][\/vc_column][\/vc_row][vc_row][vc_column width=&#8220;1\/6&#8243;][\/vc_column][vc_column width=&#8220;1\/3&#8243;][vc_custom_heading text=&#8220;Funktioniert in allen Browsern&#8220; font_size=&#8220;32&#8243; text_align=&#8220;left&#8220; text_align_mobile=&#8220;center&#8220;][vc_column_text] PDF online ist optimiert, um die beste Erfahrung...Continue reading","og_url":"https:\/\/pdf-online.shop\/de\/leistungen\/","og_site_name":"PDF-Online","twitter_card":"summary_large_image","twitter_misc":{"Gesch\u00e4tzte Lesezeit":"2\u00a0Minuten"},"schema":{"@context":"https:\/\/schema.org","@graph":[{"@type":"WebPage","@id":"https:\/\/pdf-online.shop\/de\/leistungen\/","url":"https:\/\/pdf-online.shop\/de\/leistungen\/","name":"Leistungen - PDF-Online","isPartOf":{"@id":"https:\/\/pdf-online.shop\/#website"},"datePublished":"2020-09-29T10:13:35+00:00","breadcrumb":{"@id":"https:\/\/pdf-online.shop\/de\/leistungen\/#breadcrumb"},"inLanguage":"de","potentialAction":[{"@type":"ReadAction","target":["https:\/\/pdf-online.shop\/de\/leistungen\/"]}]},{"@type":"BreadcrumbList","@id":"https:\/\/pdf-online.shop\/de\/leistungen\/#breadcrumb","itemListElement":[{"@type":"ListItem","position":1,"name":"Home","item":"https:\/\/pdf-online.shop\/de\/"},{"@type":"ListItem","position":2,"name":"Leistungen"}]},{"@type":"WebSite","@id":"https:\/\/pdf-online.shop\/#website","url":"https:\/\/pdf-online.shop\/","name":"PDF-Online","description":"","potentialAction":[{"@type":"SearchAction","target":{"@type":"EntryPoint","urlTemplate":"https:\/\/pdf-online.shop\/?s={search_term_string}"},"query-input":{"@type":"PropertyValueSpecification","valueRequired":true,"valueName":"search_term_string"}}],"inLanguage":"de"}]}},"_links":{"self":[{"href":"https:\/\/pdf-online.shop\/de\/wp-json\/wp\/v2\/pages\/6650"}],"collection":[{"href":"https:\/\/pdf-online.shop\/de\/wp-json\/wp\/v2\/pages"}],"about":[{"href":"https:\/\/pdf-online.shop\/de\/wp-json\/wp\/v2\/types\/page"}],"author":[{"embeddable":true,"href":"https:\/\/pdf-online.shop\/de\/wp-json\/wp\/v2\/users\/1"}],"replies":[{"embeddable":true,"href":"https:\/\/pdf-online.shop\/de\/wp-json\/wp\/v2\/comments?post=6650"}],"version-history":[{"count":1,"href":"https:\/\/pdf-online.shop\/de\/wp-json\/wp\/v2\/pages\/6650\/revisions"}],"predecessor-version":[{"id":6651,"href":"https:\/\/pdf-online.shop\/de\/wp-json\/wp\/v2\/pages\/6650\/revisions\/6651"}],"wp:attachment":[{"href":"https:\/\/pdf-online.shop\/de\/wp-json\/wp\/v2\/media?parent=6650"}],"curies":[{"name":"wp","href":"https:\/\/api.w.org\/{rel}","templated":true}]}}