{"id":6671,"date":"2020-06-15T14:24:24","date_gmt":"2020-06-15T14:24:24","guid":{"rendered":"https:\/\/www.pdf-online.nl\/product\/pdf-bundle\/"},"modified":"2020-10-05T10:13:28","modified_gmt":"2020-10-05T10:13:28","slug":"pdf-bundle","status":"publish","type":"product","link":"https:\/\/pdf-online.shop\/de\/produkt\/pdf-bundle\/","title":{"rendered":"PDF BUNDLE"},"content":{"rendered":"","protected":false},"excerpt":{"rendered":"<div class=\"wvc-pricing-table-inner\">\n<ul>\n<li class=\"wvc-pricing-table-title-cell\">\n<h2 class=\"wvc-pricing-table-title\">PDF BUNDLE<\/h2>\n<p><span class=\"wvc-pricing-table-tagline\">Ideal f\u00fcr Gesch\u00e4ftsberichte, Magazine und Brosch\u00fcren<\/span><\/li>\n<li class=\"wvc-pt-cell\"><span class=\"wvc-pt-cell-text\">15 Konvertierte PDF-Dateien pro Monat<\/span><\/li>\n<li class=\"wvc-pt-cell\"><span class=\"wvc-pt-cell-text\">Bis zu 100 Seiten pro PDF-Datei<\/span><\/li>\n<li class=\"wvc-pt-cell\"><span class=\"wvc-pt-cell-text\">Funktioniert auf allen Ger\u00e4ten<\/span><\/li>\n<li class=\"wvc-pt-cell\"><span class=\"wvc-pt-cell-text\">Durchsuchbare PDF-Datei ohne Werbeanzeigen<\/span><\/li>\n<li class=\"wvc-pt-cell\"><span class=\"wvc-pt-cell-text\">Ihr eigener Firmenstil mit Logo und Farbe nach Wahl<\/span><\/li>\n<li class=\"wvc-pt-cell\"><span class=\"wvc-pt-cell-text\">Einfacher Datei-Upload \u00fcber wetransfer.com<\/span><\/li>\n<\/ul>\n<\/div>\n","protected":false},"featured_media":6672,"comment_status":"closed","ping_status":"closed","template":"","meta":[],"product_cat":[76],"product_tag":[],"yoast_head":"<!-- This site is optimized with the Yoast SEO plugin v24.5 - https:\/\/yoast.com\/wordpress\/plugins\/seo\/ -->\n<title>PDF BUNDLE - PDF-Online<\/title>\n<meta name=\"robots\" content=\"index, follow, max-snippet:-1, max-image-preview:large, max-video-preview:-1\" \/>\n<link rel=\"canonical\" href=\"https:\/\/pdf-online.shop\/de\/produkt\/pdf-bundle\/\" \/>\n<meta property=\"og:locale\" content=\"de_DE\" \/>\n<meta property=\"og:type\" content=\"article\" \/>\n<meta property=\"og:title\" content=\"PDF BUNDLE - PDF-Online\" \/>\n<meta property=\"og:description\" content=\"PDF BUNDLE Ideal f\u00fcr Gesch\u00e4ftsberichte, Magazine und Brosch\u00fcren  15 Konvertierte PDF-Dateien pro Monat  Bis zu 100 Seiten pro PDF-Datei  Funktioniert auf allen Ger\u00e4ten  Durchsuchbare PDF-Datei ohne Werbeanzeigen  Ihr eigener Firmenstil mit Logo und Farbe nach Wahl  Einfacher Datei-Upload \u00fcber wetransfer.com\" \/>\n<meta property=\"og:url\" content=\"https:\/\/pdf-online.shop\/de\/produkt\/pdf-bundle\/\" \/>\n<meta property=\"og:site_name\" content=\"PDF-Online\" \/>\n<meta property=\"article:modified_time\" content=\"2020-10-05T10:13:28+00:00\" \/>\n<meta property=\"og:image\" content=\"https:\/\/pdf-online.shop\/wp-content\/uploads\/2020\/06\/pdf-bundle.jpg\" \/>\n\t<meta property=\"og:image:width\" content=\"1000\" \/>\n\t<meta property=\"og:image:height\" content=\"1000\" \/>\n\t<meta property=\"og:image:type\" content=\"image\/jpeg\" \/>\n<meta name=\"twitter:card\" content=\"summary_large_image\" \/>\n<script type=\"application\/ld+json\" class=\"yoast-schema-graph\">{\"@context\":\"https:\/\/schema.org\",\"@graph\":[{\"@type\":\"WebPage\",\"@id\":\"https:\/\/pdf-online.shop\/de\/produkt\/pdf-bundle\/\",\"url\":\"https:\/\/pdf-online.shop\/de\/produkt\/pdf-bundle\/\",\"name\":\"PDF BUNDLE - PDF-Online\",\"isPartOf\":{\"@id\":\"https:\/\/pdf-online.shop\/#website\"},\"primaryImageOfPage\":{\"@id\":\"https:\/\/pdf-online.shop\/de\/produkt\/pdf-bundle\/#primaryimage\"},\"image\":{\"@id\":\"https:\/\/pdf-online.shop\/de\/produkt\/pdf-bundle\/#primaryimage\"},\"thumbnailUrl\":\"https:\/\/pdf-online.shop\/wp-content\/uploads\/2020\/06\/pdf-bundle.jpg\",\"datePublished\":\"2020-06-15T14:24:24+00:00\",\"dateModified\":\"2020-10-05T10:13:28+00:00\",\"breadcrumb\":{\"@id\":\"https:\/\/pdf-online.shop\/de\/produkt\/pdf-bundle\/#breadcrumb\"},\"inLanguage\":\"de\",\"potentialAction\":[{\"@type\":\"ReadAction\",\"target\":[\"https:\/\/pdf-online.shop\/de\/produkt\/pdf-bundle\/\"]}]},{\"@type\":\"ImageObject\",\"inLanguage\":\"de\",\"@id\":\"https:\/\/pdf-online.shop\/de\/produkt\/pdf-bundle\/#primaryimage\",\"url\":\"https:\/\/pdf-online.shop\/wp-content\/uploads\/2020\/06\/pdf-bundle.jpg\",\"contentUrl\":\"https:\/\/pdf-online.shop\/wp-content\/uploads\/2020\/06\/pdf-bundle.jpg\",\"width\":1000,\"height\":1000},{\"@type\":\"BreadcrumbList\",\"@id\":\"https:\/\/pdf-online.shop\/de\/produkt\/pdf-bundle\/#breadcrumb\",\"itemListElement\":[{\"@type\":\"ListItem\",\"position\":1,\"name\":\"Home\",\"item\":\"https:\/\/pdf-online.shop\/de\/\"},{\"@type\":\"ListItem\",\"position\":2,\"name\":\"Shop\",\"item\":\"https:\/\/pdf-online.shop\/shop\/\"},{\"@type\":\"ListItem\",\"position\":3,\"name\":\"PDF BUNDLE\"}]},{\"@type\":\"WebSite\",\"@id\":\"https:\/\/pdf-online.shop\/#website\",\"url\":\"https:\/\/pdf-online.shop\/\",\"name\":\"PDF-Online\",\"description\":\"\",\"potentialAction\":[{\"@type\":\"SearchAction\",\"target\":{\"@type\":\"EntryPoint\",\"urlTemplate\":\"https:\/\/pdf-online.shop\/?s={search_term_string}\"},\"query-input\":{\"@type\":\"PropertyValueSpecification\",\"valueRequired\":true,\"valueName\":\"search_term_string\"}}],\"inLanguage\":\"de\"}]}<\/script>\n<!-- \/ Yoast SEO plugin. -->","yoast_head_json":{"title":"PDF BUNDLE - PDF-Online","robots":{"index":"index","follow":"follow","max-snippet":"max-snippet:-1","max-image-preview":"max-image-preview:large","max-video-preview":"max-video-preview:-1"},"canonical":"https:\/\/pdf-online.shop\/de\/produkt\/pdf-bundle\/","og_locale":"de_DE","og_type":"article","og_title":"PDF BUNDLE - PDF-Online","og_description":"PDF BUNDLE Ideal f\u00fcr Gesch\u00e4ftsberichte, Magazine und Brosch\u00fcren  15 Konvertierte PDF-Dateien pro Monat  Bis zu 100 Seiten pro PDF-Datei  Funktioniert auf allen Ger\u00e4ten  Durchsuchbare PDF-Datei ohne Werbeanzeigen  Ihr eigener Firmenstil mit Logo und Farbe nach Wahl  Einfacher Datei-Upload \u00fcber wetransfer.com","og_url":"https:\/\/pdf-online.shop\/de\/produkt\/pdf-bundle\/","og_site_name":"PDF-Online","article_modified_time":"2020-10-05T10:13:28+00:00","og_image":[{"width":1000,"height":1000,"url":"https:\/\/pdf-online.shop\/wp-content\/uploads\/2020\/06\/pdf-bundle.jpg","type":"image\/jpeg"}],"twitter_card":"summary_large_image","schema":{"@context":"https:\/\/schema.org","@graph":[{"@type":"WebPage","@id":"https:\/\/pdf-online.shop\/de\/produkt\/pdf-bundle\/","url":"https:\/\/pdf-online.shop\/de\/produkt\/pdf-bundle\/","name":"PDF BUNDLE - PDF-Online","isPartOf":{"@id":"https:\/\/pdf-online.shop\/#website"},"primaryImageOfPage":{"@id":"https:\/\/pdf-online.shop\/de\/produkt\/pdf-bundle\/#primaryimage"},"image":{"@id":"https:\/\/pdf-online.shop\/de\/produkt\/pdf-bundle\/#primaryimage"},"thumbnailUrl":"https:\/\/pdf-online.shop\/wp-content\/uploads\/2020\/06\/pdf-bundle.jpg","datePublished":"2020-06-15T14:24:24+00:00","dateModified":"2020-10-05T10:13:28+00:00","breadcrumb":{"@id":"https:\/\/pdf-online.shop\/de\/produkt\/pdf-bundle\/#breadcrumb"},"inLanguage":"de","potentialAction":[{"@type":"ReadAction","target":["https:\/\/pdf-online.shop\/de\/produkt\/pdf-bundle\/"]}]},{"@type":"ImageObject","inLanguage":"de","@id":"https:\/\/pdf-online.shop\/de\/produkt\/pdf-bundle\/#primaryimage","url":"https:\/\/pdf-online.shop\/wp-content\/uploads\/2020\/06\/pdf-bundle.jpg","contentUrl":"https:\/\/pdf-online.shop\/wp-content\/uploads\/2020\/06\/pdf-bundle.jpg","width":1000,"height":1000},{"@type":"BreadcrumbList","@id":"https:\/\/pdf-online.shop\/de\/produkt\/pdf-bundle\/#breadcrumb","itemListElement":[{"@type":"ListItem","position":1,"name":"Home","item":"https:\/\/pdf-online.shop\/de\/"},{"@type":"ListItem","position":2,"name":"Shop","item":"https:\/\/pdf-online.shop\/shop\/"},{"@type":"ListItem","position":3,"name":"PDF BUNDLE"}]},{"@type":"WebSite","@id":"https:\/\/pdf-online.shop\/#website","url":"https:\/\/pdf-online.shop\/","name":"PDF-Online","description":"","potentialAction":[{"@type":"SearchAction","target":{"@type":"EntryPoint","urlTemplate":"https:\/\/pdf-online.shop\/?s={search_term_string}"},"query-input":{"@type":"PropertyValueSpecification","valueRequired":true,"valueName":"search_term_string"}}],"inLanguage":"de"}]}},"_links":{"self":[{"href":"https:\/\/pdf-online.shop\/de\/wp-json\/wp\/v2\/product\/6671"}],"collection":[{"href":"https:\/\/pdf-online.shop\/de\/wp-json\/wp\/v2\/product"}],"about":[{"href":"https:\/\/pdf-online.shop\/de\/wp-json\/wp\/v2\/types\/product"}],"replies":[{"embeddable":true,"href":"https:\/\/pdf-online.shop\/de\/wp-json\/wp\/v2\/comments?post=6671"}],"wp:featuredmedia":[{"embeddable":true,"href":"https:\/\/pdf-online.shop\/de\/wp-json\/wp\/v2\/media\/6672"}],"wp:attachment":[{"href":"https:\/\/pdf-online.shop\/de\/wp-json\/wp\/v2\/media?parent=6671"}],"wp:term":[{"taxonomy":"product_cat","embeddable":true,"href":"https:\/\/pdf-online.shop\/de\/wp-json\/wp\/v2\/product_cat?post=6671"},{"taxonomy":"product_tag","embeddable":true,"href":"https:\/\/pdf-online.shop\/de\/wp-json\/wp\/v2\/product_tag?post=6671"}],"curies":[{"name":"wp","href":"https:\/\/api.w.org\/{rel}","templated":true}]}}