{"id":6824,"date":"2020-10-06T08:55:52","date_gmt":"2020-10-06T08:55:52","guid":{"rendered":"https:\/\/www.pdf-online.nl\/terminos-y-condiciones\/"},"modified":"2020-10-06T08:55:52","modified_gmt":"2020-10-06T08:55:52","slug":"terminos-y-condiciones","status":"publish","type":"page","link":"https:\/\/pdf-online.shop\/es\/terminos-y-condiciones\/","title":{"rendered":"T\u00e9rminos y Condiciones"},"content":{"rendered":"<div class=\"content\">\n<p>Definiciones<br \/>\nBuro Zero est\u00e1 registrada en la C\u00e1mara de Comercio de Rotterdam, Pa\u00edses Bajos. El Cliente es el comprador de un producto o servicio de Buro Zero<br \/>\nEl Contrato es el Contrato que se firma por ambas partes antes de que Buro Zero proceda a la entrega al Cliente.<\/p>\n<p><strong>1. Aplicabilidad<\/strong><\/p>\n<p>Estos t\u00e9rminos y condiciones generales se aplican a todas las ofertas y entregas de Buro Zero. Buro Zero tendr\u00e1 derecho a modificar los t\u00e9rminos y condiciones generales en cualquier momento. La \u00faltima versi\u00f3n de estas condiciones generales se proporcionar\u00e1 gratuitamente a quien la solicite.<\/p>\n<p><strong>2.\u00a0Ofertas y cotizaciones<\/strong><\/p>\n<p>Las ofertas y cotizaciones emitidas por Buro Zero, son sin compromiso y no son vinculantes bajo ninguna condici\u00f3n. Todas las ofertas tienen una validez de 30 d\u00edas laborales.<\/p>\n<p><strong>3. Contratos<\/strong><\/p>\n<p>Un Contrato contiene los arreglos finales en relaci\u00f3n al producto a ser entregado por Buro Zero al Cliente. El Contrato contiene los detalles t\u00e9cnicos y gr\u00e1ficos, la cotizaci\u00f3n y las fechas de entrega. En algunos casos el Cliente debe proporcionar informaci\u00f3n a Buro Zero. En el Contrato se establece un plazo para ello. Si el Cliente no ha proporcionado o no ha proporcionado suficiente informaci\u00f3n a Buro Zero para esta fecha, Buro Zero tendr\u00e1 derecho a cambiar la fecha de entrega del producto final y de cualquier producto intermedio. Un Contrato s\u00f3lo es vinculante cuando:<br \/>\nPrimero. Se declara expl\u00edcitamente que se trata de un Contrato. Segundo. Este documento lleva la firma de Buro Zero o de un representante de Buro Zero y del Cliente o de un representante del Cliente.<br \/>\nTercero. Buro Zero ha fijado una fecha de entrega por escrito. Buro Zero tiene derecho a negarse a firmar un Contrato.<\/p>\n<p><strong>4. Precios<\/strong><\/p>\n<p>Los precios mencionados no incluyen el IVA aplicable (tasa alta del 21%), a menos que se indique lo contrario. Si Buro Zero puede demostrar por escrito que el precio de costo de un producto excede el precio de venta, Buro Zero tiene derecho a aumentar el precio de venta. Esto no le da al Cliente el derecho a disolver el Contrato.<\/p>\n<p><strong>5. Entrega<\/strong><\/p>\n<p>El momento de la entrega es cuando, seg\u00fan Buro Zero, se han cumplido todos los requisitos t\u00e9cnicos del Contrato. A la entrega, Buro Zero y el Cliente revisan conjuntamente el producto terminado para ver si hay defectos o se desean cambios. Si son aprobados por Buro Zero y si es posible, estos ser\u00e1n ajustados dentro de 7 (siete) d\u00edas despu\u00e9s de la entrega.<\/p>\n<p><strong>6.\u00a0Pago<\/strong><\/p>\n<p>Buro Zero tiene derecho a exigir un anticipo y puede determinar el monto del anticipo \u00e9l mismo, hasta un m\u00e1ximo del monto total de la factura. El valor predeterminado es el 40% al inicio del proyecto. Despu\u00e9s de la entrega del producto final, el Cliente debe haber pagado el monto total de la factura a Buro Zero dentro de los 30 (treinta) d\u00edas. Si el Cliente no ha cumplido con esto, Buro Zero tendr\u00e1 derecho a cobrar un m\u00e1ximo de 2 (dos) veces el importe de la factura, m\u00e1s los gastos de cobro.<\/p>\n<p><strong>7.\u00a0Reserva de dominio y derecho de autor<\/strong><\/p>\n<p>Todos los productos (audiovisuales, gr\u00e1ficos, sitios web din\u00e1micos y sistemas de gesti\u00f3n, etc.) de Buro Zero se proporcionan  bajo licencia, a menos que se indique lo contrario. Por tanto, los productos siguen siendo propiedad de Buro Zero. El Cliente obtiene el derecho a utilizar estos productos mediante una licencia. Este derecho no es transferible sin el consentimiento escrito de Buro Zero. A la entrega de un producto, los derechos de autor quedan en manos de Buro Zero. Esto significa que el Cliente no puede realizar ning\u00fan cambio en el producto que est\u00e1 con licencia. Buro Zero conserva los derechos de autor de los dise\u00f1os de la p\u00e1gina web. Despu\u00e9s del pago del monto total de la factura, el Cliente obtiene autom\u00e1ticamente una licencia transferible limitada al derecho de usar los dise\u00f1os por un per\u00edodo de tiempo indefinido. Esto indemniza al Cliente contra los costos adicionales por el uso y el desarrollo adicional de los dise\u00f1os entregados. Esta licencia no es transferible excepto cuando se vende toda la empresa \/ fundaci\u00f3n del Cliente y solo incluye el uso de los dise\u00f1os para el prop\u00f3sito previsto por el Cliente y descrito en esta cotizaci\u00f3n. Por medio de una Escritura de Transferencia, Buro Zero puede transferir los derechos de autor al Cliente. Para ello, Buro Zero podr\u00e1 cobrar al Cliente una cantidad a determinar.<\/p>\n<p><strong>8.\u00a0Responsabilidad<\/strong><\/p>\n<p>Buro Zero no se hace responsable de los da\u00f1os directos o indirectos sufridos como resultado de o causados por defectos en los productos y servicios entregados, o por la entrega incorrecta o tard\u00eda de productos y servicios al Cliente. Queda expresamente excluida toda responsabilidad por da\u00f1os comerciales (interrupci\u00f3n del negocio, p\u00e9rdida de ingresos, etc.), la p\u00e9rdida o reducci\u00f3n de datos y\/o da\u00f1os consiguientes, cualquiera que sea la causa, incluidos los retrasos en el tiempo de entrega de los productos y servicios. Buro Zero no se hace responsable de los da\u00f1os sufridos por el Cliente o terceros, debido a las acciones de Buro Zero o productos y servicios entregados por Buro Zero. En caso de incumplimiento del plazo, Buro Zero no se hace responsable de las consecuencias para el Cliente. Buro Zero no ser\u00e1 responsable en caso de que no se cumpla el (posible) plazo acordado. El Cliente indemniza a Buro Zero y a sus empleados por las reclamaciones de terceros para la compensaci\u00f3n de da\u00f1os materiales e inmateriales causados directa o indirectamente por (el uso de) los productos y servicios entregados por Buro Zero. La responsabilidad de Buro Zero en virtud del Contrato  celebrado con el Cliente, nunca exceder\u00e1 el importe de la factura.<\/p>\n<p><strong>9.\u00a0Derecho de retenci\u00f3n<\/strong><\/p>\n<p>Todos los productos siguen siendo propiedad de Buro Zero hasta que la otra parte haya pagado el importe total de la factura. Buro Zero tiene derecho a aplicar el derecho de retenci\u00f3n si el pago no se ha realizado despu\u00e9s del plazo acordado. Se puede encontrar m\u00e1s informaci\u00f3n sobre este punto en el Art. 1612 del C\u00f3digo Civil Neerland\u00e9s.<\/p>\n<\/div>\n","protected":false},"excerpt":{"rendered":"<p>Definiciones Buro Zero est\u00e1 registrada en la C\u00e1mara de Comercio de Rotterdam, Pa\u00edses Bajos. El Cliente es el comprador de un producto o servicio de Buro Zero El Contrato es el Contrato que se firma por ambas partes antes de que Buro Zero proceda a la entrega al Cliente. 1. Aplicabilidad Estos t\u00e9rminos y condiciones&#8230;<\/p>\n<p><a rel=\"bookmark\" class=\"theme-button-text wvc-button wvc-button-size-xs\" href=\"https:\/\/pdf-online.shop\/es\/terminos-y-condiciones\/\"><small class=\"wvc-button-background-fill\"><\/small><span>Seguir leyendo<\/span><\/a><\/p>\n","protected":false},"author":1,"featured_media":0,"parent":0,"menu_order":0,"comment_status":"closed","ping_status":"closed","template":"","meta":{"footnotes":""},"yoast_head":"<!-- This site is optimized with the Yoast SEO plugin v24.5 - https:\/\/yoast.com\/wordpress\/plugins\/seo\/ -->\n<title>T\u00e9rminos y Condiciones - PDF-Online<\/title>\n<meta name=\"robots\" content=\"index, follow, max-snippet:-1, max-image-preview:large, max-video-preview:-1\" \/>\n<link rel=\"canonical\" href=\"https:\/\/pdf-online.shop\/es\/terminos-y-condiciones\/\" \/>\n<meta property=\"og:locale\" content=\"es_ES\" \/>\n<meta property=\"og:type\" content=\"article\" \/>\n<meta property=\"og:title\" content=\"T\u00e9rminos y Condiciones - PDF-Online\" \/>\n<meta property=\"og:description\" content=\"Definiciones Buro Zero est\u00e1 registrada en la C\u00e1mara de Comercio de Rotterdam, Pa\u00edses Bajos. El Cliente es el comprador de un producto o servicio de Buro Zero El Contrato es el Contrato que se firma por ambas partes antes de que Buro Zero proceda a la entrega al Cliente. 1. Aplicabilidad Estos t\u00e9rminos y condiciones...Seguir leyendo\" \/>\n<meta property=\"og:url\" content=\"https:\/\/pdf-online.shop\/es\/terminos-y-condiciones\/\" \/>\n<meta property=\"og:site_name\" content=\"PDF-Online\" \/>\n<meta name=\"twitter:card\" content=\"summary_large_image\" \/>\n<meta name=\"twitter:label1\" content=\"Tiempo de lectura\" \/>\n\t<meta name=\"twitter:data1\" content=\"5 minutos\" \/>\n<script type=\"application\/ld+json\" class=\"yoast-schema-graph\">{\"@context\":\"https:\/\/schema.org\",\"@graph\":[{\"@type\":\"WebPage\",\"@id\":\"https:\/\/pdf-online.shop\/es\/terminos-y-condiciones\/\",\"url\":\"https:\/\/pdf-online.shop\/es\/terminos-y-condiciones\/\",\"name\":\"T\u00e9rminos y Condiciones - PDF-Online\",\"isPartOf\":{\"@id\":\"https:\/\/pdf-online.shop\/#website\"},\"datePublished\":\"2020-10-06T08:55:52+00:00\",\"breadcrumb\":{\"@id\":\"https:\/\/pdf-online.shop\/es\/terminos-y-condiciones\/#breadcrumb\"},\"inLanguage\":\"es\",\"potentialAction\":[{\"@type\":\"ReadAction\",\"target\":[\"https:\/\/pdf-online.shop\/es\/terminos-y-condiciones\/\"]}]},{\"@type\":\"BreadcrumbList\",\"@id\":\"https:\/\/pdf-online.shop\/es\/terminos-y-condiciones\/#breadcrumb\",\"itemListElement\":[{\"@type\":\"ListItem\",\"position\":1,\"name\":\"Home\",\"item\":\"https:\/\/pdf-online.shop\/es\/\"},{\"@type\":\"ListItem\",\"position\":2,\"name\":\"T\u00e9rminos y Condiciones\"}]},{\"@type\":\"WebSite\",\"@id\":\"https:\/\/pdf-online.shop\/#website\",\"url\":\"https:\/\/pdf-online.shop\/\",\"name\":\"PDF-Online\",\"description\":\"\",\"potentialAction\":[{\"@type\":\"SearchAction\",\"target\":{\"@type\":\"EntryPoint\",\"urlTemplate\":\"https:\/\/pdf-online.shop\/?s={search_term_string}\"},\"query-input\":{\"@type\":\"PropertyValueSpecification\",\"valueRequired\":true,\"valueName\":\"search_term_string\"}}],\"inLanguage\":\"es\"}]}<\/script>\n<!-- \/ Yoast SEO plugin. -->","yoast_head_json":{"title":"T\u00e9rminos y Condiciones - PDF-Online","robots":{"index":"index","follow":"follow","max-snippet":"max-snippet:-1","max-image-preview":"max-image-preview:large","max-video-preview":"max-video-preview:-1"},"canonical":"https:\/\/pdf-online.shop\/es\/terminos-y-condiciones\/","og_locale":"es_ES","og_type":"article","og_title":"T\u00e9rminos y Condiciones - PDF-Online","og_description":"Definiciones Buro Zero est\u00e1 registrada en la C\u00e1mara de Comercio de Rotterdam, Pa\u00edses Bajos. El Cliente es el comprador de un producto o servicio de Buro Zero El Contrato es el Contrato que se firma por ambas partes antes de que Buro Zero proceda a la entrega al Cliente. 1. Aplicabilidad Estos t\u00e9rminos y condiciones...Seguir leyendo","og_url":"https:\/\/pdf-online.shop\/es\/terminos-y-condiciones\/","og_site_name":"PDF-Online","twitter_card":"summary_large_image","twitter_misc":{"Tiempo de lectura":"5 minutos"},"schema":{"@context":"https:\/\/schema.org","@graph":[{"@type":"WebPage","@id":"https:\/\/pdf-online.shop\/es\/terminos-y-condiciones\/","url":"https:\/\/pdf-online.shop\/es\/terminos-y-condiciones\/","name":"T\u00e9rminos y Condiciones - PDF-Online","isPartOf":{"@id":"https:\/\/pdf-online.shop\/#website"},"datePublished":"2020-10-06T08:55:52+00:00","breadcrumb":{"@id":"https:\/\/pdf-online.shop\/es\/terminos-y-condiciones\/#breadcrumb"},"inLanguage":"es","potentialAction":[{"@type":"ReadAction","target":["https:\/\/pdf-online.shop\/es\/terminos-y-condiciones\/"]}]},{"@type":"BreadcrumbList","@id":"https:\/\/pdf-online.shop\/es\/terminos-y-condiciones\/#breadcrumb","itemListElement":[{"@type":"ListItem","position":1,"name":"Home","item":"https:\/\/pdf-online.shop\/es\/"},{"@type":"ListItem","position":2,"name":"T\u00e9rminos y Condiciones"}]},{"@type":"WebSite","@id":"https:\/\/pdf-online.shop\/#website","url":"https:\/\/pdf-online.shop\/","name":"PDF-Online","description":"","potentialAction":[{"@type":"SearchAction","target":{"@type":"EntryPoint","urlTemplate":"https:\/\/pdf-online.shop\/?s={search_term_string}"},"query-input":{"@type":"PropertyValueSpecification","valueRequired":true,"valueName":"search_term_string"}}],"inLanguage":"es"}]}},"_links":{"self":[{"href":"https:\/\/pdf-online.shop\/es\/wp-json\/wp\/v2\/pages\/6824"}],"collection":[{"href":"https:\/\/pdf-online.shop\/es\/wp-json\/wp\/v2\/pages"}],"about":[{"href":"https:\/\/pdf-online.shop\/es\/wp-json\/wp\/v2\/types\/page"}],"author":[{"embeddable":true,"href":"https:\/\/pdf-online.shop\/es\/wp-json\/wp\/v2\/users\/1"}],"replies":[{"embeddable":true,"href":"https:\/\/pdf-online.shop\/es\/wp-json\/wp\/v2\/comments?post=6824"}],"version-history":[{"count":0,"href":"https:\/\/pdf-online.shop\/es\/wp-json\/wp\/v2\/pages\/6824\/revisions"}],"wp:attachment":[{"href":"https:\/\/pdf-online.shop\/es\/wp-json\/wp\/v2\/media?parent=6824"}],"curies":[{"name":"wp","href":"https:\/\/api.w.org\/{rel}","templated":true}]}}