{"id":6825,"date":"2020-10-06T08:58:01","date_gmt":"2020-10-06T08:58:01","guid":{"rendered":"https:\/\/www.pdf-online.nl\/contacto\/"},"modified":"2020-10-06T10:38:45","modified_gmt":"2020-10-06T10:38:45","slug":"contacto","status":"publish","type":"page","link":"https:\/\/pdf-online.shop\/es\/contacto\/","title":{"rendered":"Contacto"},"content":{"rendered":"<p>[vc_row content_width=\u00bbfull\u00bb equal_height=\u00bb\u00bb add_bottom_shape_divider=\u00bbyes\u00bb sd_bottom_type=\u00bbimage\u00bb sd_bottom_inverted=\u00bbyes\u00bb sd_bottom_flip=\u00bbyes\u00bb sd_bottom_opacity=\u00bb100&#8243; sd_bottom_zindex=\u00bb6&#8243; shift_y=\u00bb0&#8243; z_index=\u00bb0&#8243; sd_bottom_img=\u00bb3826&#8243; sd_bottom_height=\u00bb235px\u00bb][vc_column][vc_raw_html]PGRpdiBzdHlsZT0id2lkdGg6IDEwMCUiPjxpZnJhbWUgd2lkdGg9IjEwMCUiIGhlaWdodD0iNDAwIiBmcmFtZWJvcmRlcj0iMCIgc2Nyb2xsaW5nPSJubyIgbWFyZ2luaGVpZ2h0PSIwIiBtYXJnaW53aWR0aD0iMCIgc3JjPSJodHRwczovL21hcHMuZ29vZ2xlLmNvbS9tYXBzP3dpZHRoPTEwMCUyNSZoZWlnaHQ9NjAwJmhsPWVuJnE9JTIwT29zdHplZWRpamslMjA2NEEsJTIwMzA2MyUyMEJFJTIwUm90dGVyZGFtKyhQREYtb25saW5lKSZ0PSZ6PTE0JmllPVVURjgmaXdsb2M9QiZvdXRwdXQ9ZW1iZWQiPjwvaWZyYW1lPjxhIGhyZWY9Imh0dHA6Ly93d3cuZ3BzLmllLyI+RmluZCBteSBsb2NhdGlvbjwvYT48L2Rpdj4=[\/vc_raw_html][\/vc_column][\/vc_row][vc_row][vc_column][vc_row equal_height=\"\" gap=\"60\" shift_y=\"0\" z_index=\"0\"][vc_column width=\"1\/2\"][vc_row_inner][vc_column_inner][vc_custom_heading text=\"Nuestros datos\" font_size=\"32\" text_align=\"left\"][vc_column_text]Si tienes alguna pregunta, echa un vistazo a nuestro <a href=\"\/?page_id=2267\">p\u00e1gina de preguntas frecuentes<\/a>, o nos la env\u00edas usando el formulario de contacto. Nuestro servicio de ayuda tratar\u00e1 de ayudarte lo antes posible. Si es posible, menciona tu n\u00famero de pedido.[\/vc_column_text][\/vc_column_inner][\/vc_row_inner][vc_row_inner][vc_column_inner width=\"1\/2\"][vc_column_text]\r\n<h4>Direcci\u00f3n<\/h4>\r\nPDF Online\r\nOostzeedijk 64a\r\n3063 BE Rotterdam\r\nNederland[\/vc_column_text][\/vc_column_inner][vc_column_inner width=\"1\/2\"][vc_column_text]\r\n<h4>Horario de trabajo<\/h4>\r\nDe lunes a viernes: 09:00 \u2013 17:00\r\nFin de semana: gesloten[\/vc_column_text][\/vc_column_inner][\/vc_row_inner][vc_row_inner][vc_column_inner width=\"1\/2\"][vc_column_text]\r\n<h4>Contacto<\/h4>\r\ninfo@pdf-online.shop\r\n+31(0)88 321 9376[\/vc_column_text][\/vc_column_inner][\/vc_row_inner][\/vc_column][vc_column width=\"1\/2\"][vc_custom_heading text=\" Hacer una pregunta\" font_size=\"32\" text_align=\"left\"]\n<div class=\"wpcf7 no-js\" id=\"wpcf7-f6557-o1\" lang=\"en-US\" dir=\"ltr\">\n<div class=\"screen-reader-response\"><p role=\"status\" aria-live=\"polite\" aria-atomic=\"true\"><\/p> <ul><\/ul><\/div>\n<form action=\"\/es\/wp-json\/wp\/v2\/pages\/6825#wpcf7-f6557-o1\" method=\"post\" class=\"wpcf7-form init\" aria-label=\"Contact form\" novalidate=\"novalidate\" data-status=\"init\">\n<div style=\"display: none;\">\n<input type=\"hidden\" name=\"_wpcf7\" value=\"6557\" \/>\n<input type=\"hidden\" name=\"_wpcf7_version\" value=\"5.9.8\" \/>\n<input type=\"hidden\" name=\"_wpcf7_locale\" value=\"en_US\" \/>\n<input type=\"hidden\" name=\"_wpcf7_unit_tag\" value=\"wpcf7-f6557-o1\" \/>\n<input type=\"hidden\" name=\"_wpcf7_container_post\" value=\"0\" \/>\n<input type=\"hidden\" name=\"_wpcf7_posted_data_hash\" value=\"\" \/>\n<input type=\"hidden\" name=\"_wpcf7_recaptcha_response\" value=\"\" \/>\n<\/div>\n<div class=\"wpcf7-inline-wrapper\">\n\t<p class=\"wpcf7-inline-field\"><label aria-label='Name'><span class=\"wpcf7-form-control-wrap\" data-name=\"your-firstname\"><input size=\"40\" maxlength=\"400\" class=\"wpcf7-form-control wpcf7-text wpcf7-validates-as-required\" aria-required=\"true\" aria-invalid=\"false\" placeholder=\"Name\" value=\"\" type=\"text\" name=\"your-firstname\" \/><\/span><\/label>\n\t<\/p>\n\t<p class=\"wpcf7-inline-field\"><label aria-label='Email'><span class=\"wpcf7-form-control-wrap\" data-name=\"your-email\"><input size=\"40\" maxlength=\"400\" class=\"wpcf7-form-control wpcf7-email wpcf7-validates-as-required wpcf7-text wpcf7-validates-as-email\" aria-required=\"true\" aria-invalid=\"false\" placeholder=\"E-mail\" value=\"\" type=\"email\" name=\"your-email\" \/><\/span><\/label>\n\t<\/p>\n<\/div>\n<div class=\"wpcf7-wrapper\">\n\t<p class=\"wpcf7-field\"><label aria-label='Subject'><span class=\"wpcf7-form-control-wrap\" data-name=\"subject\"><input size=\"40\" maxlength=\"400\" class=\"wpcf7-form-control wpcf7-text wpcf7-validates-as-required\" aria-required=\"true\" aria-invalid=\"false\" placeholder=\"Subject, ordernumber\" value=\"\" type=\"text\" name=\"subject\" \/><\/span><\/label>\n\t<\/p>\n<\/div>\n<p class=\"wpcf7-field-no-margin\"><label aria-label='hnpt'><span id=\"wpcf7-69fde9002f92f-wrapper\" class=\"wpcf7-form-control-wrap honeypot-295-wrap\" style=\"display:none !important; visibility:hidden !important;\"><label for=\"wpcf7-69fde9002f92f-field\" class=\"hp-message\">Please leave this field empty.<\/label><input id=\"wpcf7-69fde9002f92f-field\"  class=\"wpcf7-form-control wpcf7-text\" type=\"text\" name=\"honeypot-295\" value=\"\" size=\"40\" tabindex=\"-1\" autocomplete=\"new-password\" \/><\/span><\/label>\n<\/p>\n<p><label aria-label='message'><span class=\"wpcf7-form-control-wrap\" data-name=\"your-message\"><textarea cols=\"40\" rows=\"10\" maxlength=\"2000\" class=\"wpcf7-form-control wpcf7-textarea\" aria-invalid=\"false\" placeholder=\"Message\" name=\"your-message\"><\/textarea><\/span><\/label>\n<\/p>\n<p><span id=\"wpcf7-69fde9002fa00-wrapper\" class=\"wpcf7-form-control-wrap email-wrap\" style=\"display:none !important; visibility:hidden !important;\"><label for=\"wpcf7-69fde9002fa00-field\" class=\"hp-message\">Please leave this field empty.<\/label><input id=\"wpcf7-69fde9002fa00-field\"  class=\"wpcf7-form-control wpcf7-text\" type=\"text\" name=\"email\" value=\"\" size=\"40\" tabindex=\"-1\" autocomplete=\"new-password\" \/><\/span>\n<\/p>\n<p><input class=\"wpcf7-form-control wpcf7-submit has-spinner wpcf7-button-accent-secondary\" type=\"submit\" value=\"Send\" \/>\n<\/p><p style=\"display: none !important;\" class=\"akismet-fields-container\" data-prefix=\"_wpcf7_ak_\"><label>&#916;<textarea name=\"_wpcf7_ak_hp_textarea\" cols=\"45\" rows=\"8\" maxlength=\"100\"><\/textarea><\/label><input type=\"hidden\" id=\"ak_js_1\" name=\"_wpcf7_ak_js\" value=\"13\"\/><script type=\"text\/javascript\">\n\/* <![CDATA[ *\/\ndocument.getElementById( \"ak_js_1\" ).setAttribute( \"value\", ( new Date() ).getTime() );\n\/* ]]> *\/\n<\/script>\n<\/p><div class=\"wpcf7-response-output\" aria-hidden=\"true\"><\/div>\n<\/form>\n<\/div>\n[\/vc_column][\/vc_row][\/vc_column][\/vc_row]<\/p>\n","protected":false},"excerpt":{"rendered":"<p>[vc_row content_width=\u00bbfull\u00bb equal_height=\u00bb\u00bb add_bottom_shape_divider=\u00bbyes\u00bb sd_bottom_type=\u00bbimage\u00bb sd_bottom_inverted=\u00bbyes\u00bb sd_bottom_flip=\u00bbyes\u00bb sd_bottom_opacity=\u00bb100&#8243; sd_bottom_zindex=\u00bb6&#8243; shift_y=\u00bb0&#8243; z_index=\u00bb0&#8243; sd_bottom_img=\u00bb3826&#8243; sd_bottom_height=\u00bb235px\u00bb][vc_column][vc_raw_html]PGRpdiBzdHlsZT0id2lkdGg6IDEwMCUiPjxpZnJhbWUgd2lkdGg9IjEwMCUiIGhlaWdodD0iNDAwIiBmcmFtZWJvcmRlcj0iMCIgc2Nyb2xsaW5nPSJubyIgbWFyZ2luaGVpZ2h0PSIwIiBtYXJnaW53aWR0aD0iMCIgc3JjPSJodHRwczovL21hcHMuZ29vZ2xlLmNvbS9tYXBzP3dpZHRoPTEwMCUyNSZoZWlnaHQ9NjAwJmhsPWVuJnE9JTIwT29zdHplZWRpamslMjA2NEEsJTIwMzA2MyUyMEJFJTIwUm90dGVyZGFtKyhQREYtb25saW5lKSZ0PSZ6PTE0JmllPVVURjgmaXdsb2M9QiZvdXRwdXQ9ZW1iZWQiPjwvaWZyYW1lPjxhIGhyZWY9Imh0dHA6Ly93d3cuZ3BzLmllLyI+RmluZCBteSBsb2NhdGlvbjwvYT48L2Rpdj4=[\/vc_raw_html][\/vc_column][\/vc_row][vc_row][vc_column][\/vc_column][\/vc_row]<\/p>\n","protected":false},"author":1,"featured_media":0,"parent":0,"menu_order":0,"comment_status":"closed","ping_status":"closed","template":"","meta":{"footnotes":""},"yoast_head":"<!-- This site is optimized with the Yoast SEO plugin v24.5 - https:\/\/yoast.com\/wordpress\/plugins\/seo\/ -->\n<title>Contacto - PDF-Online<\/title>\n<meta name=\"robots\" content=\"index, follow, max-snippet:-1, max-image-preview:large, max-video-preview:-1\" \/>\n<link rel=\"canonical\" href=\"https:\/\/pdf-online.shop\/es\/contacto\/\" \/>\n<meta property=\"og:locale\" content=\"es_ES\" \/>\n<meta property=\"og:type\" content=\"article\" \/>\n<meta property=\"og:title\" content=\"Contacto - PDF-Online\" \/>\n<meta property=\"og:description\" content=\"[vc_row content_width=\u00bbfull\u00bb equal_height=\u00bb\u00bb add_bottom_shape_divider=\u00bbyes\u00bb sd_bottom_type=\u00bbimage\u00bb sd_bottom_inverted=\u00bbyes\u00bb sd_bottom_flip=\u00bbyes\u00bb sd_bottom_opacity=\u00bb100&#8243; sd_bottom_zindex=\u00bb6&#8243; shift_y=\u00bb0&#8243; z_index=\u00bb0&#8243; sd_bottom_img=\u00bb3826&#8243; sd_bottom_height=\u00bb235px\u00bb][vc_column][vc_raw_html]PGRpdiBzdHlsZT0id2lkdGg6IDEwMCUiPjxpZnJhbWUgd2lkdGg9IjEwMCUiIGhlaWdodD0iNDAwIiBmcmFtZWJvcmRlcj0iMCIgc2Nyb2xsaW5nPSJubyIgbWFyZ2luaGVpZ2h0PSIwIiBtYXJnaW53aWR0aD0iMCIgc3JjPSJodHRwczovL21hcHMuZ29vZ2xlLmNvbS9tYXBzP3dpZHRoPTEwMCUyNSZoZWlnaHQ9NjAwJmhsPWVuJnE9JTIwT29zdHplZWRpamslMjA2NEEsJTIwMzA2MyUyMEJFJTIwUm90dGVyZGFtKyhQREYtb25saW5lKSZ0PSZ6PTE0JmllPVVURjgmaXdsb2M9QiZvdXRwdXQ9ZW1iZWQiPjwvaWZyYW1lPjxhIGhyZWY9Imh0dHA6Ly93d3cuZ3BzLmllLyI+RmluZCBteSBsb2NhdGlvbjwvYT48L2Rpdj4=[\/vc_raw_html][\/vc_column][\/vc_row][vc_row][vc_column][\/vc_column][\/vc_row]\" \/>\n<meta property=\"og:url\" content=\"https:\/\/pdf-online.shop\/es\/contacto\/\" \/>\n<meta property=\"og:site_name\" content=\"PDF-Online\" \/>\n<meta property=\"article:modified_time\" content=\"2020-10-06T10:38:45+00:00\" \/>\n<meta name=\"twitter:card\" content=\"summary_large_image\" \/>\n<meta name=\"twitter:label1\" content=\"Tiempo de lectura\" \/>\n\t<meta name=\"twitter:data1\" content=\"1 minuto\" \/>\n<script type=\"application\/ld+json\" class=\"yoast-schema-graph\">{\"@context\":\"https:\/\/schema.org\",\"@graph\":[{\"@type\":\"WebPage\",\"@id\":\"https:\/\/pdf-online.shop\/es\/contacto\/\",\"url\":\"https:\/\/pdf-online.shop\/es\/contacto\/\",\"name\":\"Contacto - PDF-Online\",\"isPartOf\":{\"@id\":\"https:\/\/pdf-online.shop\/#website\"},\"datePublished\":\"2020-10-06T08:58:01+00:00\",\"dateModified\":\"2020-10-06T10:38:45+00:00\",\"breadcrumb\":{\"@id\":\"https:\/\/pdf-online.shop\/es\/contacto\/#breadcrumb\"},\"inLanguage\":\"es\",\"potentialAction\":[{\"@type\":\"ReadAction\",\"target\":[\"https:\/\/pdf-online.shop\/es\/contacto\/\"]}]},{\"@type\":\"BreadcrumbList\",\"@id\":\"https:\/\/pdf-online.shop\/es\/contacto\/#breadcrumb\",\"itemListElement\":[{\"@type\":\"ListItem\",\"position\":1,\"name\":\"Home\",\"item\":\"https:\/\/pdf-online.shop\/es\/\"},{\"@type\":\"ListItem\",\"position\":2,\"name\":\"Contacto\"}]},{\"@type\":\"WebSite\",\"@id\":\"https:\/\/pdf-online.shop\/#website\",\"url\":\"https:\/\/pdf-online.shop\/\",\"name\":\"PDF-Online\",\"description\":\"\",\"potentialAction\":[{\"@type\":\"SearchAction\",\"target\":{\"@type\":\"EntryPoint\",\"urlTemplate\":\"https:\/\/pdf-online.shop\/?s={search_term_string}\"},\"query-input\":{\"@type\":\"PropertyValueSpecification\",\"valueRequired\":true,\"valueName\":\"search_term_string\"}}],\"inLanguage\":\"es\"}]}<\/script>\n<!-- \/ Yoast SEO plugin. -->","yoast_head_json":{"title":"Contacto - PDF-Online","robots":{"index":"index","follow":"follow","max-snippet":"max-snippet:-1","max-image-preview":"max-image-preview:large","max-video-preview":"max-video-preview:-1"},"canonical":"https:\/\/pdf-online.shop\/es\/contacto\/","og_locale":"es_ES","og_type":"article","og_title":"Contacto - PDF-Online","og_description":"[vc_row content_width=\u00bbfull\u00bb equal_height=\u00bb\u00bb add_bottom_shape_divider=\u00bbyes\u00bb sd_bottom_type=\u00bbimage\u00bb sd_bottom_inverted=\u00bbyes\u00bb sd_bottom_flip=\u00bbyes\u00bb sd_bottom_opacity=\u00bb100&#8243; sd_bottom_zindex=\u00bb6&#8243; shift_y=\u00bb0&#8243; z_index=\u00bb0&#8243; sd_bottom_img=\u00bb3826&#8243; sd_bottom_height=\u00bb235px\u00bb][vc_column][vc_raw_html]PGRpdiBzdHlsZT0id2lkdGg6IDEwMCUiPjxpZnJhbWUgd2lkdGg9IjEwMCUiIGhlaWdodD0iNDAwIiBmcmFtZWJvcmRlcj0iMCIgc2Nyb2xsaW5nPSJubyIgbWFyZ2luaGVpZ2h0PSIwIiBtYXJnaW53aWR0aD0iMCIgc3JjPSJodHRwczovL21hcHMuZ29vZ2xlLmNvbS9tYXBzP3dpZHRoPTEwMCUyNSZoZWlnaHQ9NjAwJmhsPWVuJnE9JTIwT29zdHplZWRpamslMjA2NEEsJTIwMzA2MyUyMEJFJTIwUm90dGVyZGFtKyhQREYtb25saW5lKSZ0PSZ6PTE0JmllPVVURjgmaXdsb2M9QiZvdXRwdXQ9ZW1iZWQiPjwvaWZyYW1lPjxhIGhyZWY9Imh0dHA6Ly93d3cuZ3BzLmllLyI+RmluZCBteSBsb2NhdGlvbjwvYT48L2Rpdj4=[\/vc_raw_html][\/vc_column][\/vc_row][vc_row][vc_column][\/vc_column][\/vc_row]","og_url":"https:\/\/pdf-online.shop\/es\/contacto\/","og_site_name":"PDF-Online","article_modified_time":"2020-10-06T10:38:45+00:00","twitter_card":"summary_large_image","twitter_misc":{"Tiempo de lectura":"1 minuto"},"schema":{"@context":"https:\/\/schema.org","@graph":[{"@type":"WebPage","@id":"https:\/\/pdf-online.shop\/es\/contacto\/","url":"https:\/\/pdf-online.shop\/es\/contacto\/","name":"Contacto - PDF-Online","isPartOf":{"@id":"https:\/\/pdf-online.shop\/#website"},"datePublished":"2020-10-06T08:58:01+00:00","dateModified":"2020-10-06T10:38:45+00:00","breadcrumb":{"@id":"https:\/\/pdf-online.shop\/es\/contacto\/#breadcrumb"},"inLanguage":"es","potentialAction":[{"@type":"ReadAction","target":["https:\/\/pdf-online.shop\/es\/contacto\/"]}]},{"@type":"BreadcrumbList","@id":"https:\/\/pdf-online.shop\/es\/contacto\/#breadcrumb","itemListElement":[{"@type":"ListItem","position":1,"name":"Home","item":"https:\/\/pdf-online.shop\/es\/"},{"@type":"ListItem","position":2,"name":"Contacto"}]},{"@type":"WebSite","@id":"https:\/\/pdf-online.shop\/#website","url":"https:\/\/pdf-online.shop\/","name":"PDF-Online","description":"","potentialAction":[{"@type":"SearchAction","target":{"@type":"EntryPoint","urlTemplate":"https:\/\/pdf-online.shop\/?s={search_term_string}"},"query-input":{"@type":"PropertyValueSpecification","valueRequired":true,"valueName":"search_term_string"}}],"inLanguage":"es"}]}},"_links":{"self":[{"href":"https:\/\/pdf-online.shop\/es\/wp-json\/wp\/v2\/pages\/6825"}],"collection":[{"href":"https:\/\/pdf-online.shop\/es\/wp-json\/wp\/v2\/pages"}],"about":[{"href":"https:\/\/pdf-online.shop\/es\/wp-json\/wp\/v2\/types\/page"}],"author":[{"embeddable":true,"href":"https:\/\/pdf-online.shop\/es\/wp-json\/wp\/v2\/users\/1"}],"replies":[{"embeddable":true,"href":"https:\/\/pdf-online.shop\/es\/wp-json\/wp\/v2\/comments?post=6825"}],"version-history":[{"count":2,"href":"https:\/\/pdf-online.shop\/es\/wp-json\/wp\/v2\/pages\/6825\/revisions"}],"predecessor-version":[{"id":6895,"href":"https:\/\/pdf-online.shop\/es\/wp-json\/wp\/v2\/pages\/6825\/revisions\/6895"}],"wp:attachment":[{"href":"https:\/\/pdf-online.shop\/es\/wp-json\/wp\/v2\/media?parent=6825"}],"curies":[{"name":"wp","href":"https:\/\/api.w.org\/{rel}","templated":true}]}}