{"id":6827,"date":"2020-10-06T08:58:43","date_gmt":"2020-10-06T08:58:43","guid":{"rendered":"https:\/\/www.pdf-online.nl\/descargo-de-responsabilidad\/"},"modified":"2020-10-06T08:58:43","modified_gmt":"2020-10-06T08:58:43","slug":"descargo-de-responsabilidad","status":"publish","type":"page","link":"https:\/\/pdf-online.shop\/es\/descargo-de-responsabilidad\/","title":{"rendered":"Descargo de responsabilidad"},"content":{"rendered":"<p>La composici\u00f3n, el contenido y la estructura de este sitio web est\u00e1n protegidos por el derecho de autor. Ninguna parte de ella puede ser reproducida y\/o hecha p\u00fablica por medio de impresi\u00f3n, fotocopia, microfilm o cualquier otro medio sin el permiso previo por escrito de Buro Zero.<br \/>\nLa informaci\u00f3n de este sitio web ha sido recopilada con cuidado. Buro Zero no se hace responsable de ning\u00fan error ni se puede derivar ning\u00fan derecho del contenido de este sitio web.<br \/>\nBuro Zero pone el m\u00e1ximo cuidado en la producci\u00f3n, compilaci\u00f3n y distribuci\u00f3n de la informaci\u00f3n de este sitio web, pero no puede garantizar de ninguna manera la exactitud o integridad de la informaci\u00f3n.<br \/>\nBuro Zero de ning\u00fan modo acepta ninguna responsabilidad por los da\u00f1os causados por el uso o la incompleta informaci\u00f3n ofrecida en este sitio web. La informaci\u00f3n y las recomendaciones que figuran en este sitio web, est\u00e1n sujetas a cambios sin previo aviso o notificaci\u00f3n.<\/p>\n","protected":false},"excerpt":{"rendered":"<p>La composici\u00f3n, el contenido y la estructura de este sitio web est\u00e1n protegidos por el derecho de autor. Ninguna parte de ella puede ser reproducida y\/o hecha p\u00fablica por medio de impresi\u00f3n, fotocopia, microfilm o cualquier otro medio sin el permiso previo por escrito de Buro Zero. La informaci\u00f3n de este sitio web ha sido&#8230;<\/p>\n<p><a rel=\"bookmark\" class=\"theme-button-text wvc-button wvc-button-size-xs\" href=\"https:\/\/pdf-online.shop\/es\/descargo-de-responsabilidad\/\"><small class=\"wvc-button-background-fill\"><\/small><span>Seguir leyendo<\/span><\/a><\/p>\n","protected":false},"author":1,"featured_media":0,"parent":0,"menu_order":0,"comment_status":"closed","ping_status":"closed","template":"","meta":{"footnotes":""},"yoast_head":"<!-- This site is optimized with the Yoast SEO plugin v24.5 - https:\/\/yoast.com\/wordpress\/plugins\/seo\/ -->\n<title>Descargo de responsabilidad - PDF-Online<\/title>\n<meta name=\"robots\" content=\"index, follow, max-snippet:-1, max-image-preview:large, max-video-preview:-1\" \/>\n<link rel=\"canonical\" href=\"https:\/\/pdf-online.shop\/es\/descargo-de-responsabilidad\/\" \/>\n<meta property=\"og:locale\" content=\"es_ES\" \/>\n<meta property=\"og:type\" content=\"article\" \/>\n<meta property=\"og:title\" content=\"Descargo de responsabilidad - PDF-Online\" \/>\n<meta property=\"og:description\" content=\"La composici\u00f3n, el contenido y la estructura de este sitio web est\u00e1n protegidos por el derecho de autor. Ninguna parte de ella puede ser reproducida y\/o hecha p\u00fablica por medio de impresi\u00f3n, fotocopia, microfilm o cualquier otro medio sin el permiso previo por escrito de Buro Zero. La informaci\u00f3n de este sitio web ha sido...Seguir leyendo\" \/>\n<meta property=\"og:url\" content=\"https:\/\/pdf-online.shop\/es\/descargo-de-responsabilidad\/\" \/>\n<meta property=\"og:site_name\" content=\"PDF-Online\" \/>\n<meta name=\"twitter:card\" content=\"summary_large_image\" \/>\n<meta name=\"twitter:label1\" content=\"Tiempo de lectura\" \/>\n\t<meta name=\"twitter:data1\" content=\"1 minuto\" \/>\n<script type=\"application\/ld+json\" class=\"yoast-schema-graph\">{\"@context\":\"https:\/\/schema.org\",\"@graph\":[{\"@type\":\"WebPage\",\"@id\":\"https:\/\/pdf-online.shop\/es\/descargo-de-responsabilidad\/\",\"url\":\"https:\/\/pdf-online.shop\/es\/descargo-de-responsabilidad\/\",\"name\":\"Descargo de responsabilidad - PDF-Online\",\"isPartOf\":{\"@id\":\"https:\/\/pdf-online.shop\/#website\"},\"datePublished\":\"2020-10-06T08:58:43+00:00\",\"breadcrumb\":{\"@id\":\"https:\/\/pdf-online.shop\/es\/descargo-de-responsabilidad\/#breadcrumb\"},\"inLanguage\":\"es\",\"potentialAction\":[{\"@type\":\"ReadAction\",\"target\":[\"https:\/\/pdf-online.shop\/es\/descargo-de-responsabilidad\/\"]}]},{\"@type\":\"BreadcrumbList\",\"@id\":\"https:\/\/pdf-online.shop\/es\/descargo-de-responsabilidad\/#breadcrumb\",\"itemListElement\":[{\"@type\":\"ListItem\",\"position\":1,\"name\":\"Home\",\"item\":\"https:\/\/pdf-online.shop\/es\/\"},{\"@type\":\"ListItem\",\"position\":2,\"name\":\"Descargo de responsabilidad\"}]},{\"@type\":\"WebSite\",\"@id\":\"https:\/\/pdf-online.shop\/#website\",\"url\":\"https:\/\/pdf-online.shop\/\",\"name\":\"PDF-Online\",\"description\":\"\",\"potentialAction\":[{\"@type\":\"SearchAction\",\"target\":{\"@type\":\"EntryPoint\",\"urlTemplate\":\"https:\/\/pdf-online.shop\/?s={search_term_string}\"},\"query-input\":{\"@type\":\"PropertyValueSpecification\",\"valueRequired\":true,\"valueName\":\"search_term_string\"}}],\"inLanguage\":\"es\"}]}<\/script>\n<!-- \/ Yoast SEO plugin. -->","yoast_head_json":{"title":"Descargo de responsabilidad - PDF-Online","robots":{"index":"index","follow":"follow","max-snippet":"max-snippet:-1","max-image-preview":"max-image-preview:large","max-video-preview":"max-video-preview:-1"},"canonical":"https:\/\/pdf-online.shop\/es\/descargo-de-responsabilidad\/","og_locale":"es_ES","og_type":"article","og_title":"Descargo de responsabilidad - PDF-Online","og_description":"La composici\u00f3n, el contenido y la estructura de este sitio web est\u00e1n protegidos por el derecho de autor. Ninguna parte de ella puede ser reproducida y\/o hecha p\u00fablica por medio de impresi\u00f3n, fotocopia, microfilm o cualquier otro medio sin el permiso previo por escrito de Buro Zero. La informaci\u00f3n de este sitio web ha sido...Seguir leyendo","og_url":"https:\/\/pdf-online.shop\/es\/descargo-de-responsabilidad\/","og_site_name":"PDF-Online","twitter_card":"summary_large_image","twitter_misc":{"Tiempo de lectura":"1 minuto"},"schema":{"@context":"https:\/\/schema.org","@graph":[{"@type":"WebPage","@id":"https:\/\/pdf-online.shop\/es\/descargo-de-responsabilidad\/","url":"https:\/\/pdf-online.shop\/es\/descargo-de-responsabilidad\/","name":"Descargo de responsabilidad - PDF-Online","isPartOf":{"@id":"https:\/\/pdf-online.shop\/#website"},"datePublished":"2020-10-06T08:58:43+00:00","breadcrumb":{"@id":"https:\/\/pdf-online.shop\/es\/descargo-de-responsabilidad\/#breadcrumb"},"inLanguage":"es","potentialAction":[{"@type":"ReadAction","target":["https:\/\/pdf-online.shop\/es\/descargo-de-responsabilidad\/"]}]},{"@type":"BreadcrumbList","@id":"https:\/\/pdf-online.shop\/es\/descargo-de-responsabilidad\/#breadcrumb","itemListElement":[{"@type":"ListItem","position":1,"name":"Home","item":"https:\/\/pdf-online.shop\/es\/"},{"@type":"ListItem","position":2,"name":"Descargo de responsabilidad"}]},{"@type":"WebSite","@id":"https:\/\/pdf-online.shop\/#website","url":"https:\/\/pdf-online.shop\/","name":"PDF-Online","description":"","potentialAction":[{"@type":"SearchAction","target":{"@type":"EntryPoint","urlTemplate":"https:\/\/pdf-online.shop\/?s={search_term_string}"},"query-input":{"@type":"PropertyValueSpecification","valueRequired":true,"valueName":"search_term_string"}}],"inLanguage":"es"}]}},"_links":{"self":[{"href":"https:\/\/pdf-online.shop\/es\/wp-json\/wp\/v2\/pages\/6827"}],"collection":[{"href":"https:\/\/pdf-online.shop\/es\/wp-json\/wp\/v2\/pages"}],"about":[{"href":"https:\/\/pdf-online.shop\/es\/wp-json\/wp\/v2\/types\/page"}],"author":[{"embeddable":true,"href":"https:\/\/pdf-online.shop\/es\/wp-json\/wp\/v2\/users\/1"}],"replies":[{"embeddable":true,"href":"https:\/\/pdf-online.shop\/es\/wp-json\/wp\/v2\/comments?post=6827"}],"version-history":[{"count":0,"href":"https:\/\/pdf-online.shop\/es\/wp-json\/wp\/v2\/pages\/6827\/revisions"}],"wp:attachment":[{"href":"https:\/\/pdf-online.shop\/es\/wp-json\/wp\/v2\/media?parent=6827"}],"curies":[{"name":"wp","href":"https:\/\/api.w.org\/{rel}","templated":true}]}}