{"id":6828,"date":"2020-10-06T09:06:20","date_gmt":"2020-10-06T09:06:20","guid":{"rendered":"https:\/\/www.pdf-online.nl\/pagina-de-preguntas-frecuentes\/"},"modified":"2020-10-06T10:38:33","modified_gmt":"2020-10-06T10:38:33","slug":"pagina-de-preguntas-frecuentes","status":"publish","type":"page","link":"https:\/\/pdf-online.shop\/es\/pagina-de-preguntas-frecuentes\/","title":{"rendered":"FAQ"},"content":{"rendered":"<p>[vc_row equal_height=\u00bb\u00bb background_type=\u00bbimage\u00bb background_color=\u00bblightergrey\u00bb background_img_lazyload=\u00bb1&#8243; add_bottom_shape_divider=\u00bbyes\u00bb sd_bottom_type=\u00bbimage\u00bb sd_bottom_opacity=\u00bb100&#8243; sd_bottom_zindex=\u00bb0&#8243; shift_y=\u00bb0&#8243; z_index=\u00bb0&#8243; sd_bottom_img=\u00bb3826&#8243;][vc_column][vc_custom_heading text=\u00bb{{post_title}}\u00bb font_size=\u00bb48&#8243; tag=\u00bbh1&#8243; css=\u00bb.vc_custom_1592221008968{padding-top: 180px !important;padding-bottom: 90px !important;}\u00bb][\/vc_column][\/vc_row][vc_row equal_height=\u00bb\u00bb gap=\u00bb60&#8243; shift_y=\u00bb0&#8243; z_index=\u00bb0&#8243;][vc_column][vc_accordion accent_color=\u00bbsecondary\u00bb css=\u00bb.vc_custom_1563379175992{margin-top: -15px !important;}\u00bb][vc_accordion_tab title=\u00bb\u00bfC\u00f3mo entregar el archivo PDF?\u00bb][vc_column_text]Puedes subir el PDF de la misma manera que lo enviar\u00edas a una imprenta. Por favor sin marcas de corte. Siempre trata de mantener un n\u00famero par de p\u00e1ginas para mantener la forma del libro.[\/vc_column_text][\/vc_accordion_tab][vc_accordion_tab title=\u00bb\u00bfPuedo alojar el PDF navegable yo mismo?\u00bb][vc_column_text]Por supuesto puedes alojar el PDF navegable tu mismo. Por favor, ind\u00edcalo en la secci\u00f3n de comentarios. En este caso, te enviaremos un archivo ZIP con todos los archivos. Cuando enlazas el archivo \u00edndice, se muestra el PDF navegable.[\/vc_column_text][\/vc_accordion_tab][vc_accordion_tab title=\u00bb\u00bfVeo que se menciona Buro Zero en mi estado de cuenta.\u00bfEs esto correcto?\u00bb][vc_column_text]PDF Online es un producto de Buro Zero. Esta es la raz\u00f3n por la que las deducciones de Mollie se hacen a trav\u00e9s de la cuenta de Buro Zero.[\/vc_column_text][\/vc_accordion_tab][vc_accordion_tab title=\u00bb\u00bfSon los PDF navegables adecuados para el m\u00f3vil y la tableta?\u00bb][vc_column_text]El PDF navegable es adaptativo y compatible con cualquier dispositivo.[\/vc_column_text][\/vc_accordion_tab][vc_accordion_tab title=\u00bb\u00bfSe puede utilizar el PDF navegable con cualquier navegador?\u00bb][vc_column_text]PDF Online est\u00e1 optimizado para cualquier navegador. Puedes abrirlo donde y como quieras.[\/vc_column_text][\/vc_accordion_tab][vc_accordion_tab title=\u00bb\u00bfC\u00f3mo funciona la suscripci\u00f3n para los archivos PDF?\u00bb][vc_column_text]Cuando se adquiere un volumen  de PDFs, se recibe un correo electr\u00f3nico de nosotros con los t\u00e9rminos y condiciones. Nos puedes enviar los archivos PDF a trav\u00e9s de WeTransfer. Luego los devolveremos a la misma direcci\u00f3n. Esto concierne a 15 archivos por mes.[\/vc_column_text][\/vc_accordion_tab][vc_accordion_tab title=\u00bb\u00bfPuedo efectuar b\u00fasquedas en un PDF navegable?\u00bb][vc_column_text]S\u00ed, es posible buscar dentro de un PDF navegable.[\/vc_column_text][\/vc_accordion_tab][\/vc_accordion][\/vc_column][\/vc_row]<\/p>\n","protected":false},"excerpt":{"rendered":"<p>[vc_row equal_height=\u00bb\u00bb background_type=\u00bbimage\u00bb background_color=\u00bblightergrey\u00bb background_img_lazyload=\u00bb1&#8243; add_bottom_shape_divider=\u00bbyes\u00bb sd_bottom_type=\u00bbimage\u00bb sd_bottom_opacity=\u00bb100&#8243; sd_bottom_zindex=\u00bb0&#8243; shift_y=\u00bb0&#8243; z_index=\u00bb0&#8243; sd_bottom_img=\u00bb3826&#8243;][vc_column][vc_custom_heading text=\u00bb{{post_title}}\u00bb font_size=\u00bb48&#8243; tag=\u00bbh1&#8243; css=\u00bb.vc_custom_1592221008968{padding-top: 180px !important;padding-bottom: 90px !important;}\u00bb][\/vc_column][\/vc_row][vc_row equal_height=\u00bb\u00bb gap=\u00bb60&#8243; shift_y=\u00bb0&#8243; z_index=\u00bb0&#8243;][vc_column][vc_accordion accent_color=\u00bbsecondary\u00bb css=\u00bb.vc_custom_1563379175992{margin-top: -15px !important;}\u00bb][vc_accordion_tab title=\u00bb\u00bfC\u00f3mo entregar el archivo PDF?\u00bb][vc_column_text]Puedes subir el PDF de la misma manera que lo enviar\u00edas a una imprenta. Por favor sin marcas de corte. Siempre trata de&#8230;<\/p>\n<p><a rel=\"bookmark\" class=\"theme-button-text wvc-button wvc-button-size-xs\" href=\"https:\/\/pdf-online.shop\/es\/pagina-de-preguntas-frecuentes\/\"><small class=\"wvc-button-background-fill\"><\/small><span>Seguir leyendo<\/span><\/a><\/p>\n","protected":false},"author":1,"featured_media":0,"parent":0,"menu_order":0,"comment_status":"closed","ping_status":"closed","template":"","meta":{"footnotes":""},"yoast_head":"<!-- This site is optimized with the Yoast SEO plugin v24.5 - https:\/\/yoast.com\/wordpress\/plugins\/seo\/ -->\n<title>FAQ - PDF-Online<\/title>\n<meta name=\"robots\" content=\"index, follow, max-snippet:-1, max-image-preview:large, max-video-preview:-1\" \/>\n<link rel=\"canonical\" href=\"https:\/\/pdf-online.shop\/es\/pagina-de-preguntas-frecuentes\/\" \/>\n<meta property=\"og:locale\" content=\"es_ES\" \/>\n<meta property=\"og:type\" content=\"article\" \/>\n<meta property=\"og:title\" content=\"FAQ - PDF-Online\" \/>\n<meta property=\"og:description\" content=\"[vc_row equal_height=\u00bb\u00bb background_type=\u00bbimage\u00bb background_color=\u00bblightergrey\u00bb background_img_lazyload=\u00bb1&#8243; add_bottom_shape_divider=\u00bbyes\u00bb sd_bottom_type=\u00bbimage\u00bb sd_bottom_opacity=\u00bb100&#8243; sd_bottom_zindex=\u00bb0&#8243; shift_y=\u00bb0&#8243; z_index=\u00bb0&#8243; sd_bottom_img=\u00bb3826&#8243;][vc_column][vc_custom_heading text=\u00bb{{post_title}}\u00bb font_size=\u00bb48&#8243; tag=\u00bbh1&#8243; css=\u00bb.vc_custom_1592221008968{padding-top: 180px !important;padding-bottom: 90px !important;}\u00bb][\/vc_column][\/vc_row][vc_row equal_height=\u00bb\u00bb gap=\u00bb60&#8243; shift_y=\u00bb0&#8243; z_index=\u00bb0&#8243;][vc_column][vc_accordion accent_color=\u00bbsecondary\u00bb css=\u00bb.vc_custom_1563379175992{margin-top: -15px !important;}\u00bb][vc_accordion_tab title=\u00bb\u00bfC\u00f3mo entregar el archivo PDF?\u00bb][vc_column_text]Puedes subir el PDF de la misma manera que lo enviar\u00edas a una imprenta. Por favor sin marcas de corte. Siempre trata de...Seguir leyendo\" \/>\n<meta property=\"og:url\" content=\"https:\/\/pdf-online.shop\/es\/pagina-de-preguntas-frecuentes\/\" \/>\n<meta property=\"og:site_name\" content=\"PDF-Online\" \/>\n<meta property=\"article:modified_time\" content=\"2020-10-06T10:38:33+00:00\" \/>\n<meta name=\"twitter:card\" content=\"summary_large_image\" \/>\n<meta name=\"twitter:label1\" content=\"Tiempo de lectura\" \/>\n\t<meta name=\"twitter:data1\" content=\"2 minutos\" \/>\n<script type=\"application\/ld+json\" class=\"yoast-schema-graph\">{\"@context\":\"https:\/\/schema.org\",\"@graph\":[{\"@type\":\"WebPage\",\"@id\":\"https:\/\/pdf-online.shop\/es\/pagina-de-preguntas-frecuentes\/\",\"url\":\"https:\/\/pdf-online.shop\/es\/pagina-de-preguntas-frecuentes\/\",\"name\":\"FAQ - PDF-Online\",\"isPartOf\":{\"@id\":\"https:\/\/pdf-online.shop\/#website\"},\"datePublished\":\"2020-10-06T09:06:20+00:00\",\"dateModified\":\"2020-10-06T10:38:33+00:00\",\"breadcrumb\":{\"@id\":\"https:\/\/pdf-online.shop\/es\/pagina-de-preguntas-frecuentes\/#breadcrumb\"},\"inLanguage\":\"es\",\"potentialAction\":[{\"@type\":\"ReadAction\",\"target\":[\"https:\/\/pdf-online.shop\/es\/pagina-de-preguntas-frecuentes\/\"]}]},{\"@type\":\"BreadcrumbList\",\"@id\":\"https:\/\/pdf-online.shop\/es\/pagina-de-preguntas-frecuentes\/#breadcrumb\",\"itemListElement\":[{\"@type\":\"ListItem\",\"position\":1,\"name\":\"Home\",\"item\":\"https:\/\/pdf-online.shop\/es\/\"},{\"@type\":\"ListItem\",\"position\":2,\"name\":\"FAQ\"}]},{\"@type\":\"WebSite\",\"@id\":\"https:\/\/pdf-online.shop\/#website\",\"url\":\"https:\/\/pdf-online.shop\/\",\"name\":\"PDF-Online\",\"description\":\"\",\"potentialAction\":[{\"@type\":\"SearchAction\",\"target\":{\"@type\":\"EntryPoint\",\"urlTemplate\":\"https:\/\/pdf-online.shop\/?s={search_term_string}\"},\"query-input\":{\"@type\":\"PropertyValueSpecification\",\"valueRequired\":true,\"valueName\":\"search_term_string\"}}],\"inLanguage\":\"es\"}]}<\/script>\n<!-- \/ Yoast SEO plugin. -->","yoast_head_json":{"title":"FAQ - PDF-Online","robots":{"index":"index","follow":"follow","max-snippet":"max-snippet:-1","max-image-preview":"max-image-preview:large","max-video-preview":"max-video-preview:-1"},"canonical":"https:\/\/pdf-online.shop\/es\/pagina-de-preguntas-frecuentes\/","og_locale":"es_ES","og_type":"article","og_title":"FAQ - PDF-Online","og_description":"[vc_row equal_height=\u00bb\u00bb background_type=\u00bbimage\u00bb background_color=\u00bblightergrey\u00bb background_img_lazyload=\u00bb1&#8243; add_bottom_shape_divider=\u00bbyes\u00bb sd_bottom_type=\u00bbimage\u00bb sd_bottom_opacity=\u00bb100&#8243; sd_bottom_zindex=\u00bb0&#8243; shift_y=\u00bb0&#8243; z_index=\u00bb0&#8243; sd_bottom_img=\u00bb3826&#8243;][vc_column][vc_custom_heading text=\u00bb{{post_title}}\u00bb font_size=\u00bb48&#8243; tag=\u00bbh1&#8243; css=\u00bb.vc_custom_1592221008968{padding-top: 180px !important;padding-bottom: 90px !important;}\u00bb][\/vc_column][\/vc_row][vc_row equal_height=\u00bb\u00bb gap=\u00bb60&#8243; shift_y=\u00bb0&#8243; z_index=\u00bb0&#8243;][vc_column][vc_accordion accent_color=\u00bbsecondary\u00bb css=\u00bb.vc_custom_1563379175992{margin-top: -15px !important;}\u00bb][vc_accordion_tab title=\u00bb\u00bfC\u00f3mo entregar el archivo PDF?\u00bb][vc_column_text]Puedes subir el PDF de la misma manera que lo enviar\u00edas a una imprenta. Por favor sin marcas de corte. Siempre trata de...Seguir leyendo","og_url":"https:\/\/pdf-online.shop\/es\/pagina-de-preguntas-frecuentes\/","og_site_name":"PDF-Online","article_modified_time":"2020-10-06T10:38:33+00:00","twitter_card":"summary_large_image","twitter_misc":{"Tiempo de lectura":"2 minutos"},"schema":{"@context":"https:\/\/schema.org","@graph":[{"@type":"WebPage","@id":"https:\/\/pdf-online.shop\/es\/pagina-de-preguntas-frecuentes\/","url":"https:\/\/pdf-online.shop\/es\/pagina-de-preguntas-frecuentes\/","name":"FAQ - PDF-Online","isPartOf":{"@id":"https:\/\/pdf-online.shop\/#website"},"datePublished":"2020-10-06T09:06:20+00:00","dateModified":"2020-10-06T10:38:33+00:00","breadcrumb":{"@id":"https:\/\/pdf-online.shop\/es\/pagina-de-preguntas-frecuentes\/#breadcrumb"},"inLanguage":"es","potentialAction":[{"@type":"ReadAction","target":["https:\/\/pdf-online.shop\/es\/pagina-de-preguntas-frecuentes\/"]}]},{"@type":"BreadcrumbList","@id":"https:\/\/pdf-online.shop\/es\/pagina-de-preguntas-frecuentes\/#breadcrumb","itemListElement":[{"@type":"ListItem","position":1,"name":"Home","item":"https:\/\/pdf-online.shop\/es\/"},{"@type":"ListItem","position":2,"name":"FAQ"}]},{"@type":"WebSite","@id":"https:\/\/pdf-online.shop\/#website","url":"https:\/\/pdf-online.shop\/","name":"PDF-Online","description":"","potentialAction":[{"@type":"SearchAction","target":{"@type":"EntryPoint","urlTemplate":"https:\/\/pdf-online.shop\/?s={search_term_string}"},"query-input":{"@type":"PropertyValueSpecification","valueRequired":true,"valueName":"search_term_string"}}],"inLanguage":"es"}]}},"_links":{"self":[{"href":"https:\/\/pdf-online.shop\/es\/wp-json\/wp\/v2\/pages\/6828"}],"collection":[{"href":"https:\/\/pdf-online.shop\/es\/wp-json\/wp\/v2\/pages"}],"about":[{"href":"https:\/\/pdf-online.shop\/es\/wp-json\/wp\/v2\/types\/page"}],"author":[{"embeddable":true,"href":"https:\/\/pdf-online.shop\/es\/wp-json\/wp\/v2\/users\/1"}],"replies":[{"embeddable":true,"href":"https:\/\/pdf-online.shop\/es\/wp-json\/wp\/v2\/comments?post=6828"}],"version-history":[{"count":3,"href":"https:\/\/pdf-online.shop\/es\/wp-json\/wp\/v2\/pages\/6828\/revisions"}],"predecessor-version":[{"id":6887,"href":"https:\/\/pdf-online.shop\/es\/wp-json\/wp\/v2\/pages\/6828\/revisions\/6887"}],"wp:attachment":[{"href":"https:\/\/pdf-online.shop\/es\/wp-json\/wp\/v2\/media?parent=6828"}],"curies":[{"name":"wp","href":"https:\/\/api.w.org\/{rel}","templated":true}]}}