{"id":6846,"date":"2020-10-06T09:23:35","date_gmt":"2020-10-06T09:23:35","guid":{"rendered":"https:\/\/www.pdf-online.nl\/publicar-en-linea\/"},"modified":"2020-10-06T09:23:35","modified_gmt":"2020-10-06T09:23:35","slug":"publicar-en-linea","status":"publish","type":"page","link":"https:\/\/pdf-online.shop\/es\/publicar-en-linea\/","title":{"rendered":"Publicar en l\u00ednea"},"content":{"rendered":"<p>[vc_row columns_placement=\u00bbmiddle\u00bb equal_height=\u00bb\u00bb content_placement=\u00bbmiddle\u00bb background_type=\u00bbimage\u00bb background_color=\u00bblightergrey\u00bb background_img_lazyload=\u00bb1&#8243; add_bottom_shape_divider=\u00bbyes\u00bb sd_bottom_type=\u00bbimage\u00bb sd_bottom_opacity=\u00bb100&#8243; sd_bottom_zindex=\u00bb0&#8243; shift_y=\u00bb0&#8243; z_index=\u00bb0&#8243; min_height=\u00bb450&#8243; css=\u00bb.vc_custom_1592219801806{padding-bottom: 40px !important;}\u00bb sd_bottom_img=\u00bb3826&#8243;][vc_column width=\u00bb1\/2&#8243;][vc_custom_heading text=\u00bb{{page_title}}\u00bb font_size=\u00bb48&#8243; text_align=\u00bbleft\u00bb tag=\u00bbh1&#8243; css_animation=\u00bbfadeInUp\u00bb css=\u00bb.vc_custom_1563461635117{margin-bottom: 15px !important;}\u00bb][vc_column_text css_animation=\u00bbfade\u00bb css_animation_delay=\u00bb300&#8243;]<span style=\"font-size: 14pt;\">Convierte instant\u00e1neamente tus archivos PDF en un fant\u00e1stico cat\u00e1logo digital en l\u00ednea, un lookbook, un informe anual o una revista. Con PDF Online puedes publicar en l\u00ednea f\u00e1cil y r\u00e1pidamente para cualquier canal y dispositivo.<br \/>\n<\/span>[\/vc_column_text][\/vc_column][vc_column width=\u00bb1\/2&#8243;]\n\t\t\t\t<p class=\"rs-p-wp-fix\"><\/p>\n\t\t\t\t<sr7-module data-alias=\"app_dev\" data-id=\"4\" id=\"SR7_4_1\" class=\"rs-ov-hidden\" data-version=\"6.7.51\">\n\t\t\t\t\t<sr7-adjuster><\/sr7-adjuster>\n\t\t\t\t\t<sr7-content>\n\t\t\t\t\t\t<sr7-slide id=\"SR7_4_1-5\" data-key=\"5\">\n\t\t\t\t\t\t<\/sr7-slide>\n\t\t\t\t\t\t<sr7-slide id=\"SR7_4_1-45\" data-key=\"45\">\n\t\t\t\t\t\t<\/sr7-slide>\n\t\t\t\t\t<\/sr7-content>\n\t\t\t\t\t<image_lists style=\"display:none\">\n\t\t\t\t\t\t<img data-src=\"\/\/pdf-online.shop\/wp-content\/uploads\/2020\/06\/home-icon-2.png\" data-libid=\"5071\" alt=\"shade\" title=\"home-icon-2\" width=\"0\" height=\"0\" data-dbsrc=\"Ly9wZGYtb25saW5lLnNob3Avd3AtY29udGVudC91cGxvYWRzLzIwMjAvMDYvaG9tZS1pY29uLTIucG5n\"\/>\n\t\t\t\t\t\t<img data-src=\"\/\/pdf-online.shop\/wp-content\/uploads\/2020\/06\/icon-jaarverslagen-def.png\" data-libid=\"5917\" title=\"icon-jaarverslagen-def\" width=\"0\" height=\"0\" data-dbsrc=\"Ly9wZGYtb25saW5lLnNob3Avd3AtY29udGVudC91cGxvYWRzLzIwMjAvMDYvaWNvbi1qYWFydmVyc2xhZ2VuLWRlZi5wbmc=\"\/>\n\t\t\t\t\t\t<img data-src=\"\/\/pdf-online.shop\/wp-content\/uploads\/2020\/06\/circle.png\" data-libid=\"5921\" title=\"circle\" width=\"0\" height=\"0\" data-dbsrc=\"Ly9wZGYtb25saW5lLnNob3Avd3AtY29udGVudC91cGxvYWRzLzIwMjAvMDYvY2lyY2xlLnBuZw==\"\/>\n\t\t\t\t\t\t<img data-src=\"\/\/pdf-online.shop\/wp-content\/uploads\/2020\/06\/table.png\" data-libid=\"5924\" title=\"table\" width=\"0\" height=\"0\" data-dbsrc=\"Ly9wZGYtb25saW5lLnNob3Avd3AtY29udGVudC91cGxvYWRzLzIwMjAvMDYvdGFibGUucG5n\"\/>\n\t\t\t\t\t\t<img data-src=\"\/\/pdf-online.shop\/wp-content\/uploads\/2020\/06\/tabel2.png\" data-libid=\"5926\" title=\"tabel2\" width=\"0\" height=\"0\" data-dbsrc=\"Ly9wZGYtb25saW5lLnNob3Avd3AtY29udGVudC91cGxvYWRzLzIwMjAvMDYvdGFiZWwyLnBuZw==\"\/>\n\t\t\t\t\t\t<img data-src=\"\/\/pdf-online.shop\/wp-content\/uploads\/2020\/06\/cirle2.png\" data-libid=\"5929\" title=\"cirle2\" width=\"0\" height=\"0\" data-dbsrc=\"Ly9wZGYtb25saW5lLnNob3Avd3AtY29udGVudC91cGxvYWRzLzIwMjAvMDYvY2lybGUyLnBuZw==\"\/>\n\t\t\t\t\t<\/image_lists>\n\t\t\t\t<\/sr7-module>\n\t\t\t\t<script>\n\t\t\t\t\twindow.SR7 ??={};SR7.PMH ??={}; SR7.PMH[\"SR7_4_1\"] = {cn:100,state:false,fn: function() { if (window._tpt!==undefined && window._tpt.prepareModuleHeight !== undefined) {  _tpt.prepareModuleHeight({id:\"SR7_4_1\",el:[600,600,768,960,720],type:'hero',shdw:'0',gh:[600,600,768,960,720],gw:[600,600,1024,778,480],vpt:['50%&#039;,&#039;50%&#039;,&#039;50%&#039;,&#039;50%&#039;,&#039;50%'],size:{fullWidth:false, fullHeight:false},mh:'0',onh:0,onw:0,bg:{color:'{\"orig\":\"transparent\",\"type\":\"solid\",\"string\":\"transparent\"}'},plType:'-1',plColor:'#FFFFFF'});   SR7.PMH[\"SR7_4_1\"].state=true;} else if(SR7.PMH[\"SR7_4_1\"].cn-->0)\tsetTimeout( SR7.PMH[\"SR7_4_1\"].fn,19);}};SR7.PMH[\"SR7_4_1\" ].fn();\n\t\t\t\t<\/script>\n[\/vc_column][\/vc_row][vc_row equal_height=\u00bb\u00bb gap=\u00bb100&#8243; shift_y=\u00bb0&#8243; z_index=\u00bb0&#8243;][vc_column width=\u00bb1\/3&#8243; shift_x=\u00bb0&#8243; shift_y=\u00bb0&#8243; z_index=\u00bb0&#8243; css_animation=\u00bbfade-up\u00bb][vc_custom_heading text=\u00bbEstrategia de marketing\u00bb font_size=\u00bb28&#8243; text_align=\u00bbleft\u00bb css=\u00bb.vc_custom_1597935612165{margin-bottom: 15px !important;}\u00bb][vc_column_text]La publicaci\u00f3n en l\u00ednea de revistas se ha convertido en una tendencia emergente. Muchos especialistas en marketing utilizan revistas en l\u00ednea para promover su marca y establecer conexiones m\u00e1s profundas con su p\u00fablico. Esto se ha convertido en una parte importante de la estrategia de marketing de contenidos.[\/vc_column_text][\/vc_column][vc_column width=\u00bb1\/3&#8243; shift_x=\u00bb0&#8243; shift_y=\u00bb0&#8243; z_index=\u00bb0&#8243; css_animation=\u00bbfade-up\u00bb css_animation_delay=\u00bb300&#8243;][vc_custom_heading text=\u00bbPromoci\u00f3n de la marca\u00bb font_size=\u00bb28&#8243; text_align=\u00bbleft\u00bb css=\u00bb.vc_custom_1597935657878{margin-bottom: 15px !important;}\u00bb][vc_column_text]F\u00e1cil promoci\u00f3n de la marca a trav\u00e9s de publicaciones en l\u00ednea. PDF Online ayuda a aumentar el conocimiento de la marca y a dejar una impresi\u00f3n positiva m\u00e1s profunda con tu p\u00fablico. Adem\u00e1s, podemos a\u00f1adir URLs personalizadas a tu logotipo para conectar tu audiencia con tu propio sitio web.[\/vc_column_text][\/vc_column][vc_column width=\u00bb1\/3&#8243; shift_x=\u00bb0&#8243; shift_y=\u00bb0&#8243; z_index=\u00bb0&#8243; css_animation=\u00bbfade-up\u00bb css_animation_delay=\u00bb600&#8243;][vc_custom_heading text=\u00bbSoporte multimedia\u00bb font_size=\u00bb28&#8243; text_align=\u00bbleft\u00bb css=\u00bb.vc_custom_1597935720120{margin-bottom: 15px !important;}\u00bb][vc_column_text]Para crear la experiencia adecuada para tu p\u00fablico, es importante que tus revistas digitales sean interactivas. PDF Online ofrece widgets \u00fatiles e interactivos para ayudarte a mejorar tu contenido y generar una mayor participaci\u00f3n. A trav\u00e9s de enlaces, videos, audio e im\u00e1genes, puedes llevar una publicaci\u00f3n en l\u00ednea al siguiente nivel.[\/vc_column_text][\/vc_column][\/vc_row][vc_row columns_placement=\u00bbmiddle\u00bb equal_height=\u00bbyes\u00bb content_placement=\u00bbmiddle\u00bb shift_y=\u00bb0&#8243; z_index=\u00bb0&#8243; min_height=\u00bb400&#8243; css=\u00bb.vc_custom_1563534807697{padding-top: 0px !important;padding-bottom: 0px !important;}\u00bb][vc_column width=\u00bb1\/2&#8243;]\n\t\t\t\t<p class=\"rs-p-wp-fix\"><\/p>\n\t\t\t\t<sr7-module data-alias=\"data_protection\" data-id=\"9\" id=\"SR7_9_2\" class=\"rs-ov-hidden\" data-version=\"6.7.51\">\n\t\t\t\t\t<sr7-adjuster><\/sr7-adjuster>\n\t\t\t\t\t<sr7-content>\n\t\t\t\t\t\t<sr7-slide id=\"SR7_9_2-11\" data-key=\"11\">\n\t\t\t\t\t\t<\/sr7-slide>\n\t\t\t\t\t\t<sr7-slide id=\"SR7_9_2-48\" data-key=\"48\">\n\t\t\t\t\t\t<\/sr7-slide>\n\t\t\t\t\t<\/sr7-content>\n\t\t\t\t\t<image_lists style=\"display:none\">\n\t\t\t\t\t\t<img data-src=\"\/\/pdf-online.shop\/wp-content\/uploads\/2020\/06\/background-enterprice.png\" data-libid=\"5955\" title=\"background-enterprice\" width=\"0\" height=\"0\" data-dbsrc=\"Ly9wZGYtb25saW5lLnNob3Avd3AtY29udGVudC91cGxvYWRzLzIwMjAvMDYvYmFja2dyb3VuZC1lbnRlcnByaWNlLnBuZw==\"\/>\n\t\t\t\t\t\t<img data-src=\"\/\/pdf-online.shop\/wp-content\/uploads\/2020\/06\/icon-home-telefoon.png\" data-libid=\"5958\" title=\"icon-home-telefoon\" width=\"0\" height=\"0\" data-dbsrc=\"Ly9wZGYtb25saW5lLnNob3Avd3AtY29udGVudC91cGxvYWRzLzIwMjAvMDYvaWNvbi1ob21lLXRlbGVmb29uLnBuZw==\"\/>\n\t\t\t\t\t\t<img data-src=\"\/\/pdf-online.shop\/wp-content\/uploads\/2020\/06\/icon-home-persoon.png\" data-libid=\"5078\" alt=\"persoon\" title=\"icon-home-persoon\" width=\"0\" height=\"0\" data-dbsrc=\"Ly9wZGYtb25saW5lLnNob3Avd3AtY29udGVudC91cGxvYWRzLzIwMjAvMDYvaWNvbi1ob21lLXBlcnNvb24ucG5n\"\/>\n\t\t\t\t\t\t<img data-src=\"\/\/pdf-online.shop\/wp-content\/uploads\/2020\/06\/icon-cloud-home.png\" data-libid=\"5076\" alt=\"cloud\" title=\"icon-cloud-home\" width=\"0\" height=\"0\" data-dbsrc=\"Ly9wZGYtb25saW5lLnNob3Avd3AtY29udGVudC91cGxvYWRzLzIwMjAvMDYvaWNvbi1jbG91ZC1ob21lLnBuZw==\"\/>\n\t\t\t\t\t\t<img data-src=\"\/\/pdf-online.shop\/wp-content\/uploads\/2020\/06\/wifi-icon-home.png\" data-libid=\"5077\" alt=\"wifi\" title=\"wifi-icon-home\" width=\"0\" height=\"0\" data-dbsrc=\"Ly9wZGYtb25saW5lLnNob3Avd3AtY29udGVudC91cGxvYWRzLzIwMjAvMDYvd2lmaS1pY29uLWhvbWUucG5n\"\/>\n\t\t\t\t\t\t<img data-src=\"\/\/pdf-online.shop\/wp-content\/uploads\/2020\/06\/@-2.png\" data-libid=\"5961\" alt=\"@\" title=\"@-2\" width=\"0\" height=\"0\" data-dbsrc=\"Ly9wZGYtb25saW5lLnNob3Avd3AtY29udGVudC91cGxvYWRzLzIwMjAvMDYvQC0yLnBuZw==\"\/>\n\t\t\t\t\t\t<img data-src=\"\/\/pdf-online.shop\/wp-content\/uploads\/2020\/06\/cloud-pink.png\" data-libid=\"5082\" title=\"cloud-pink\" width=\"0\" height=\"0\" data-dbsrc=\"Ly9wZGYtb25saW5lLnNob3Avd3AtY29udGVudC91cGxvYWRzLzIwMjAvMDYvY2xvdWQtcGluay5wbmc=\"\/>\n\t\t\t\t\t<\/image_lists>\n\t\t\t\t<\/sr7-module>\n\t\t\t\t<script>\n\t\t\t\t\twindow.SR7 ??={};SR7.PMH ??={}; SR7.PMH[\"SR7_9_2\"] = {cn:100,state:false,fn: function() { if (window._tpt!==undefined && window._tpt.prepareModuleHeight !== undefined) {  _tpt.prepareModuleHeight({id:\"SR7_9_2\",el:[575,575,768,960,720],type:'hero',shdw:'0',gh:[575,575,575,575,394],gw:[700,700,700,700,480],vpt:['50%'],size:{fullWidth:false, fullHeight:false},mh:'0',onh:0,onw:0,bg:{color:'{\"orig\":\"transparent\",\"type\":\"solid\",\"string\":\"transparent\"}'},plType:'-1',plColor:'#FFFFFF'});   SR7.PMH[\"SR7_9_2\"].state=true;} else if(SR7.PMH[\"SR7_9_2\"].cn-->0)\tsetTimeout( SR7.PMH[\"SR7_9_2\"].fn,19);}};SR7.PMH[\"SR7_9_2\" ].fn();\n\t\t\t\t<\/script>\n[\/vc_column][vc_column width=\u00bb1\/2&#8243;][vc_custom_heading text=\u00bbMenos costos, m\u00e1s ventas\u00bb font_size=\u00bb32&#8243; text_align=\u00bbleft\u00bb][vc_column_text]PDF Online te ayuda a f\u00e1cilmente a crear materiales de venta atractivos y convincentes a un costo menor. Puedes vender tus publicaciones en l\u00ednea a trav\u00e9s de tu propia plataforma. Con la ayuda de servicios de an\u00e1lisis digital, se puede obtener una comprehensi\u00f3n m\u00e1s profunda del comportamiento del usuario y monetizar la publicaci\u00f3n en l\u00ednea.[\/vc_column_text][vc_button button_type=\u00bbtheme-button-special-accent-secondary\u00bb title=\u00bbEmpiece de inmediato\u00bb align=\u00bbleft\u00bb font_weight=\u00bb700&#8243; link=\u00bburl:https%3A%2F%2Fpdf-online.shop%2Ftarieven%2F|title:Direct%20aan%20de%20slag||\u00bb css_animation=\u00bbfade\u00bb css_animation_delay=\u00bb600&#8243;][vc_empty_space height=\u00bb20px\u00bb][\/vc_column][\/vc_row][vc_row columns_placement=\u00bbmiddle\u00bb equal_height=\u00bbyes\u00bb content_placement=\u00bbmiddle\u00bb shift_y=\u00bb0&#8243; z_index=\u00bb0&#8243; min_height=\u00bb400&#8243; css=\u00bb.vc_custom_1563535499904{padding-top: 0px !important;}\u00bb][vc_column width=\u00bb1\/2&#8243;][vc_custom_heading text=\u00bbComp\u00e1rtelo en todas partes\u00bb font_size=\u00bb32&#8243; text_align=\u00bbleft\u00bb][vc_column_text]<span style=\"font-size: 12pt;\">Comparti\u00e9ndolas hace que tus revistas digitales sean a\u00fan m\u00e1s populares. Las opciones para compartir que ofrece PDF Online, facilitan la conexi\u00f3n con tu p\u00fablico y permiten obtener mejores resultados de marketing. Con un solo clic puedes publicar tus publicaciones en Facebook, Twitter, Google+ y muchos m\u00e1s canales. Tambi\u00e9n puedes insertar tus revistas digitales en tu propio sitio web.<\/span>[\/vc_column_text][\/vc_column][vc_column width=\u00bb1\/2&#8243;]\n\t\t\t\t<p class=\"rs-p-wp-fix\"><\/p>\n\t\t\t\t<sr7-module data-alias=\"ui_medlay_1\" data-id=\"20\" id=\"SR7_20_3\" data-version=\"6.7.51\">\n\t\t\t\t\t<sr7-adjuster><\/sr7-adjuster>\n\t\t\t\t\t<sr7-content>\n\t\t\t\t\t\t<sr7-slide id=\"SR7_20_3-24\" data-key=\"24\">\n\t\t\t\t\t\t<\/sr7-slide>\n\t\t\t\t\t\t<sr7-slide id=\"SR7_20_3-49\" data-key=\"49\">\n\t\t\t\t\t\t<\/sr7-slide>\n\t\t\t\t\t<\/sr7-content>\n\t\t\t\t<\/sr7-module>\n\t\t\t\t<script>\n\t\t\t\t\twindow.SR7 ??={};SR7.PMH ??={}; SR7.PMH[\"SR7_20_3\"] = {cn:100,state:false,fn: function() { if (window._tpt!==undefined && window._tpt.prepareModuleHeight !== undefined) {  _tpt.prepareModuleHeight({id:\"SR7_20_3\",el:[700],type:'hero',shdw:'0',gh:[700],gw:[800],vpt:['50%'],size:{fullWidth:false, fullHeight:false},mh:'0',onh:0,onw:0,bg:{color:'transparent'},plType:'-1',plColor:'#FFFFFF'});   SR7.PMH[\"SR7_20_3\"].state=true;} else if(SR7.PMH[\"SR7_20_3\"].cn-->0)\tsetTimeout( SR7.PMH[\"SR7_20_3\"].fn,19);}};SR7.PMH[\"SR7_20_3\" ].fn();\n\t\t\t\t<\/script>\n[\/vc_column][\/vc_row][vc_row][vc_column][vc_row columns_placement=\"middle\" equal_height=\"yes\" content_placement=\"middle\" background_type=\"transparent\" shift_y=\"0\" z_index=\"0\" min_height=\"250\" el_class=\"start-pdf\"][vc_column][vc_cta h2=\"\u00a1Empieza a crear tu PDF ahora!\" font_size=\"32\" btn_button_type=\"theme-button-special-accent-secondary\" btn_title=\" Empieza inmediatamente\" btn_font_weight=\"700\" btn_link=\"url:http%3A%2F%2Fpdf-online.shop%2Ftarieven%2F|title:Tarifas|\"][\/vc_column][\/vc_row][\/vc_column][\/vc_row]<\/p>\n","protected":false},"excerpt":{"rendered":"<p>[vc_row columns_placement=\u00bbmiddle\u00bb equal_height=\u00bb\u00bb content_placement=\u00bbmiddle\u00bb background_type=\u00bbimage\u00bb background_color=\u00bblightergrey\u00bb background_img_lazyload=\u00bb1&#8243; add_bottom_shape_divider=\u00bbyes\u00bb sd_bottom_type=\u00bbimage\u00bb sd_bottom_opacity=\u00bb100&#8243; sd_bottom_zindex=\u00bb0&#8243; shift_y=\u00bb0&#8243; z_index=\u00bb0&#8243; min_height=\u00bb450&#8243; css=\u00bb.vc_custom_1592219801806{padding-bottom: 40px !important;}\u00bb sd_bottom_img=\u00bb3826&#8243;][vc_column width=\u00bb1\/2&#8243;][vc_custom_heading text=\u00bb{{page_title}}\u00bb font_size=\u00bb48&#8243; text_align=\u00bbleft\u00bb tag=\u00bbh1&#8243; css_animation=\u00bbfadeInUp\u00bb css=\u00bb.vc_custom_1563461635117{margin-bottom: 15px !important;}\u00bb][vc_column_text css_animation=\u00bbfade\u00bb css_animation_delay=\u00bb300&#8243;]Convierte instant\u00e1neamente tus archivos PDF en un fant\u00e1stico cat\u00e1logo digital en l\u00ednea, un lookbook, un informe anual o una revista. Con PDF Online puedes publicar en l\u00ednea&#8230;<\/p>\n<p><a rel=\"bookmark\" class=\"theme-button-text wvc-button wvc-button-size-xs\" href=\"https:\/\/pdf-online.shop\/es\/publicar-en-linea\/\"><small class=\"wvc-button-background-fill\"><\/small><span>Seguir leyendo<\/span><\/a><\/p>\n","protected":false},"author":1,"featured_media":0,"parent":0,"menu_order":0,"comment_status":"closed","ping_status":"closed","template":"","meta":{"footnotes":""},"yoast_head":"<!-- This site is optimized with the Yoast SEO plugin v24.5 - https:\/\/yoast.com\/wordpress\/plugins\/seo\/ -->\n<title>Publique en l\u00ednea de forma f\u00e1cil y econ\u00f3mica con PDF Online<\/title>\n<meta name=\"description\" content=\"Publicar revistas, cat\u00e1logos online se ha convertido en tendencia. Muchos especialistas en marketing utilizan archivos PDF publicados en l\u00ednea para promocionar su marca.\" \/>\n<meta name=\"robots\" content=\"index, follow, max-snippet:-1, max-image-preview:large, max-video-preview:-1\" \/>\n<link rel=\"canonical\" href=\"https:\/\/pdf-online.shop\/es\/publicar-en-linea\/\" \/>\n<meta property=\"og:locale\" content=\"es_ES\" \/>\n<meta property=\"og:type\" content=\"article\" \/>\n<meta property=\"og:title\" content=\"Publique en l\u00ednea de forma f\u00e1cil y econ\u00f3mica con PDF Online\" \/>\n<meta property=\"og:description\" content=\"Publicar revistas, cat\u00e1logos online se ha convertido en tendencia. Muchos especialistas en marketing utilizan archivos PDF publicados en l\u00ednea para promocionar su marca.\" \/>\n<meta property=\"og:url\" content=\"https:\/\/pdf-online.shop\/es\/publicar-en-linea\/\" \/>\n<meta property=\"og:site_name\" content=\"PDF-Online\" \/>\n<meta name=\"twitter:card\" content=\"summary_large_image\" \/>\n<meta name=\"twitter:label1\" content=\"Tiempo de lectura\" \/>\n\t<meta name=\"twitter:data1\" content=\"4 minutos\" \/>\n<script type=\"application\/ld+json\" class=\"yoast-schema-graph\">{\"@context\":\"https:\/\/schema.org\",\"@graph\":[{\"@type\":\"WebPage\",\"@id\":\"https:\/\/pdf-online.shop\/es\/publicar-en-linea\/\",\"url\":\"https:\/\/pdf-online.shop\/es\/publicar-en-linea\/\",\"name\":\"Publique en l\u00ednea de forma f\u00e1cil y econ\u00f3mica con PDF Online\",\"isPartOf\":{\"@id\":\"https:\/\/pdf-online.shop\/#website\"},\"datePublished\":\"2020-10-06T09:23:35+00:00\",\"description\":\"Publicar revistas, cat\u00e1logos online se ha convertido en tendencia. Muchos especialistas en marketing utilizan archivos PDF publicados en l\u00ednea para promocionar su marca.\",\"breadcrumb\":{\"@id\":\"https:\/\/pdf-online.shop\/es\/publicar-en-linea\/#breadcrumb\"},\"inLanguage\":\"es\",\"potentialAction\":[{\"@type\":\"ReadAction\",\"target\":[\"https:\/\/pdf-online.shop\/es\/publicar-en-linea\/\"]}]},{\"@type\":\"BreadcrumbList\",\"@id\":\"https:\/\/pdf-online.shop\/es\/publicar-en-linea\/#breadcrumb\",\"itemListElement\":[{\"@type\":\"ListItem\",\"position\":1,\"name\":\"Home\",\"item\":\"https:\/\/pdf-online.shop\/es\/\"},{\"@type\":\"ListItem\",\"position\":2,\"name\":\"Publicar en l\u00ednea\"}]},{\"@type\":\"WebSite\",\"@id\":\"https:\/\/pdf-online.shop\/#website\",\"url\":\"https:\/\/pdf-online.shop\/\",\"name\":\"PDF-Online\",\"description\":\"\",\"potentialAction\":[{\"@type\":\"SearchAction\",\"target\":{\"@type\":\"EntryPoint\",\"urlTemplate\":\"https:\/\/pdf-online.shop\/?s={search_term_string}\"},\"query-input\":{\"@type\":\"PropertyValueSpecification\",\"valueRequired\":true,\"valueName\":\"search_term_string\"}}],\"inLanguage\":\"es\"}]}<\/script>\n<!-- \/ Yoast SEO plugin. -->","yoast_head_json":{"title":"Publique en l\u00ednea de forma f\u00e1cil y econ\u00f3mica con PDF Online","description":"Publicar revistas, cat\u00e1logos online se ha convertido en tendencia. Muchos especialistas en marketing utilizan archivos PDF publicados en l\u00ednea para promocionar su marca.","robots":{"index":"index","follow":"follow","max-snippet":"max-snippet:-1","max-image-preview":"max-image-preview:large","max-video-preview":"max-video-preview:-1"},"canonical":"https:\/\/pdf-online.shop\/es\/publicar-en-linea\/","og_locale":"es_ES","og_type":"article","og_title":"Publique en l\u00ednea de forma f\u00e1cil y econ\u00f3mica con PDF Online","og_description":"Publicar revistas, cat\u00e1logos online se ha convertido en tendencia. Muchos especialistas en marketing utilizan archivos PDF publicados en l\u00ednea para promocionar su marca.","og_url":"https:\/\/pdf-online.shop\/es\/publicar-en-linea\/","og_site_name":"PDF-Online","twitter_card":"summary_large_image","twitter_misc":{"Tiempo de lectura":"4 minutos"},"schema":{"@context":"https:\/\/schema.org","@graph":[{"@type":"WebPage","@id":"https:\/\/pdf-online.shop\/es\/publicar-en-linea\/","url":"https:\/\/pdf-online.shop\/es\/publicar-en-linea\/","name":"Publique en l\u00ednea de forma f\u00e1cil y econ\u00f3mica con PDF Online","isPartOf":{"@id":"https:\/\/pdf-online.shop\/#website"},"datePublished":"2020-10-06T09:23:35+00:00","description":"Publicar revistas, cat\u00e1logos online se ha convertido en tendencia. Muchos especialistas en marketing utilizan archivos PDF publicados en l\u00ednea para promocionar su marca.","breadcrumb":{"@id":"https:\/\/pdf-online.shop\/es\/publicar-en-linea\/#breadcrumb"},"inLanguage":"es","potentialAction":[{"@type":"ReadAction","target":["https:\/\/pdf-online.shop\/es\/publicar-en-linea\/"]}]},{"@type":"BreadcrumbList","@id":"https:\/\/pdf-online.shop\/es\/publicar-en-linea\/#breadcrumb","itemListElement":[{"@type":"ListItem","position":1,"name":"Home","item":"https:\/\/pdf-online.shop\/es\/"},{"@type":"ListItem","position":2,"name":"Publicar en l\u00ednea"}]},{"@type":"WebSite","@id":"https:\/\/pdf-online.shop\/#website","url":"https:\/\/pdf-online.shop\/","name":"PDF-Online","description":"","potentialAction":[{"@type":"SearchAction","target":{"@type":"EntryPoint","urlTemplate":"https:\/\/pdf-online.shop\/?s={search_term_string}"},"query-input":{"@type":"PropertyValueSpecification","valueRequired":true,"valueName":"search_term_string"}}],"inLanguage":"es"}]}},"_links":{"self":[{"href":"https:\/\/pdf-online.shop\/es\/wp-json\/wp\/v2\/pages\/6846"}],"collection":[{"href":"https:\/\/pdf-online.shop\/es\/wp-json\/wp\/v2\/pages"}],"about":[{"href":"https:\/\/pdf-online.shop\/es\/wp-json\/wp\/v2\/types\/page"}],"author":[{"embeddable":true,"href":"https:\/\/pdf-online.shop\/es\/wp-json\/wp\/v2\/users\/1"}],"replies":[{"embeddable":true,"href":"https:\/\/pdf-online.shop\/es\/wp-json\/wp\/v2\/comments?post=6846"}],"version-history":[{"count":1,"href":"https:\/\/pdf-online.shop\/es\/wp-json\/wp\/v2\/pages\/6846\/revisions"}],"predecessor-version":[{"id":6847,"href":"https:\/\/pdf-online.shop\/es\/wp-json\/wp\/v2\/pages\/6846\/revisions\/6847"}],"wp:attachment":[{"href":"https:\/\/pdf-online.shop\/es\/wp-json\/wp\/v2\/media?parent=6846"}],"curies":[{"name":"wp","href":"https:\/\/api.w.org\/{rel}","templated":true}]}}