{"id":6848,"date":"2020-10-06T09:28:19","date_gmt":"2020-10-06T09:28:19","guid":{"rendered":"https:\/\/www.pdf-online.nl\/sobre-nosotros\/"},"modified":"2020-10-06T10:36:04","modified_gmt":"2020-10-06T10:36:04","slug":"sobre-nosotros","status":"publish","type":"page","link":"https:\/\/pdf-online.shop\/es\/sobre-nosotros\/","title":{"rendered":"Sobre nosotros"},"content":{"rendered":"<p>[vc_row columns_placement=\u00bbmiddle\u00bb equal_height=\u00bb\u00bb content_placement=\u00bbmiddle\u00bb background_type=\u00bbimage\u00bb background_color=\u00bblightergrey\u00bb background_img_lazyload=\u00bb1&#8243; add_bottom_shape_divider=\u00bbyes\u00bb sd_bottom_type=\u00bbimage\u00bb sd_bottom_opacity=\u00bb100&#8243; sd_bottom_zindex=\u00bb0&#8243; shift_y=\u00bb0&#8243; z_index=\u00bb0&#8243; min_height=\u00bb450&#8243; css=\u00bb.vc_custom_1592219801806{padding-bottom: 40px !important;}\u00bb sd_bottom_img=\u00bb3826&#8243;][vc_column width=\u00bb1\/2&#8243;][vc_custom_heading text=\u00bb{{page_title}}\u00bb font_size=\u00bb48&#8243; text_align=\u00bbleft\u00bb tag=\u00bbh1&#8243; css_animation=\u00bbfadeInUp\u00bb css=\u00bb.vc_custom_1563461635117{margin-bottom: 15px !important;}\u00bb][vc_column_text css_animation=\u00bbfade\u00bb css_animation_delay=\u00bb300&#8243;]<span style=\"font-size: 14pt;\">PDF Online es un producto de Buro Zero. PDF Online convierte los archivos PDF en PDFs navegables adaptativos. PDF Online lleva m\u00e1s de 10 a\u00f1os en la industria y ha convertido m\u00e1s de 20.000 archivos PDF.<br \/>\n<\/span>[\/vc_column_text][\/vc_column][vc_column width=\u00bb1\/2&#8243;]\n\t\t\t\t<p class=\"rs-p-wp-fix\"><\/p>\n\t\t\t\t<sr7-module data-alias=\"app_dev\" data-id=\"4\" id=\"SR7_4_1\" class=\"rs-ov-hidden\" data-version=\"6.7.51\">\n\t\t\t\t\t<sr7-adjuster><\/sr7-adjuster>\n\t\t\t\t\t<sr7-content>\n\t\t\t\t\t\t<sr7-slide id=\"SR7_4_1-5\" data-key=\"5\">\n\t\t\t\t\t\t<\/sr7-slide>\n\t\t\t\t\t\t<sr7-slide id=\"SR7_4_1-45\" data-key=\"45\">\n\t\t\t\t\t\t<\/sr7-slide>\n\t\t\t\t\t<\/sr7-content>\n\t\t\t\t\t<image_lists style=\"display:none\">\n\t\t\t\t\t\t<img data-src=\"\/\/pdf-online.shop\/wp-content\/uploads\/2020\/06\/home-icon-2.png\" data-libid=\"5071\" alt=\"shade\" title=\"home-icon-2\" width=\"0\" height=\"0\" data-dbsrc=\"Ly9wZGYtb25saW5lLnNob3Avd3AtY29udGVudC91cGxvYWRzLzIwMjAvMDYvaG9tZS1pY29uLTIucG5n\"\/>\n\t\t\t\t\t\t<img data-src=\"\/\/pdf-online.shop\/wp-content\/uploads\/2020\/06\/icon-jaarverslagen-def.png\" data-libid=\"5917\" title=\"icon-jaarverslagen-def\" width=\"0\" height=\"0\" data-dbsrc=\"Ly9wZGYtb25saW5lLnNob3Avd3AtY29udGVudC91cGxvYWRzLzIwMjAvMDYvaWNvbi1qYWFydmVyc2xhZ2VuLWRlZi5wbmc=\"\/>\n\t\t\t\t\t\t<img data-src=\"\/\/pdf-online.shop\/wp-content\/uploads\/2020\/06\/circle.png\" data-libid=\"5921\" title=\"circle\" width=\"0\" height=\"0\" data-dbsrc=\"Ly9wZGYtb25saW5lLnNob3Avd3AtY29udGVudC91cGxvYWRzLzIwMjAvMDYvY2lyY2xlLnBuZw==\"\/>\n\t\t\t\t\t\t<img data-src=\"\/\/pdf-online.shop\/wp-content\/uploads\/2020\/06\/table.png\" data-libid=\"5924\" title=\"table\" width=\"0\" height=\"0\" data-dbsrc=\"Ly9wZGYtb25saW5lLnNob3Avd3AtY29udGVudC91cGxvYWRzLzIwMjAvMDYvdGFibGUucG5n\"\/>\n\t\t\t\t\t\t<img data-src=\"\/\/pdf-online.shop\/wp-content\/uploads\/2020\/06\/tabel2.png\" data-libid=\"5926\" title=\"tabel2\" width=\"0\" height=\"0\" data-dbsrc=\"Ly9wZGYtb25saW5lLnNob3Avd3AtY29udGVudC91cGxvYWRzLzIwMjAvMDYvdGFiZWwyLnBuZw==\"\/>\n\t\t\t\t\t\t<img data-src=\"\/\/pdf-online.shop\/wp-content\/uploads\/2020\/06\/cirle2.png\" data-libid=\"5929\" title=\"cirle2\" width=\"0\" height=\"0\" data-dbsrc=\"Ly9wZGYtb25saW5lLnNob3Avd3AtY29udGVudC91cGxvYWRzLzIwMjAvMDYvY2lybGUyLnBuZw==\"\/>\n\t\t\t\t\t<\/image_lists>\n\t\t\t\t<\/sr7-module>\n\t\t\t\t<script>\n\t\t\t\t\twindow.SR7 ??={};SR7.PMH ??={}; SR7.PMH[\"SR7_4_1\"] = {cn:100,state:false,fn: function() { if (window._tpt!==undefined && window._tpt.prepareModuleHeight !== undefined) {  _tpt.prepareModuleHeight({id:\"SR7_4_1\",el:[600,600,768,960,720],type:'hero',shdw:'0',gh:[600,600,768,960,720],gw:[600,600,1024,778,480],vpt:['50%&#039;,&#039;50%&#039;,&#039;50%&#039;,&#039;50%&#039;,&#039;50%'],size:{fullWidth:false, fullHeight:false},mh:'0',onh:0,onw:0,bg:{color:'{\"orig\":\"transparent\",\"type\":\"solid\",\"string\":\"transparent\"}'},plType:'-1',plColor:'#FFFFFF'});   SR7.PMH[\"SR7_4_1\"].state=true;} else if(SR7.PMH[\"SR7_4_1\"].cn-->0)\tsetTimeout( SR7.PMH[\"SR7_4_1\"].fn,19);}};SR7.PMH[\"SR7_4_1\" ].fn();\n\t\t\t\t<\/script>\n[\/vc_column][\/vc_row][vc_row equal_height=\u00bb\u00bb gap=\u00bb100&#8243; shift_y=\u00bb0&#8243; z_index=\u00bb0&#8243;][vc_column width=\u00bb1\/3&#8243; shift_x=\u00bb0&#8243; shift_y=\u00bb0&#8243; z_index=\u00bb0&#8243; css_animation=\u00bbfade-up\u00bb][vc_custom_heading text=\u00bbConfiable\u00bb font_size=\u00bb28&#8243; text_align=\u00bbleft\u00bb css=\u00bb.vc_custom_1592915690712{margin-bottom: 15px !important;}\u00bb][vc_column_text]PDF Online ya durante 10 a\u00f1os est\u00e1 activo en el sector de la publicaci\u00f3n digital. Nuestra amplia experiencia nos convierte en un socio fiable para grandes y peque\u00f1as empresas.[\/vc_column_text][\/vc_column][vc_column width=\u00bb1\/3&#8243; shift_x=\u00bb0&#8243; shift_y=\u00bb0&#8243; z_index=\u00bb0&#8243; css_animation=\u00bbfade-up\u00bb css_animation_delay=\u00bb300&#8243;][vc_custom_heading text=\u00bbEntrega en 48 horas\u00bb font_size=\u00bb28&#8243; text_align=\u00bbleft\u00bb css=\u00bb.vc_custom_1592915718293{margin-bottom: 15px !important;}\u00bb][vc_column_text]Convertimos tu archivo PDF en 48 horas en un PDF navegable, configurado a tu estilo empresarial. Simple y r\u00e1pido.[\/vc_column_text][\/vc_column][vc_column width=\u00bb1\/3&#8243; shift_x=\u00bb0&#8243; shift_y=\u00bb0&#8243; z_index=\u00bb0&#8243; css_animation=\u00bbfade-up\u00bb css_animation_delay=\u00bb600&#8243;][vc_custom_heading text=\u00bbAsequible\u00bb font_size=\u00bb28&#8243; text_align=\u00bbleft\u00bb css=\u00bb.vc_custom_1592915729721{margin-bottom: 15px !important;}\u00bb][vc_column_text]PDF Online es la forma m\u00e1s barata de convertir tu archivo PDF. Opte por una tarifa \u00fanica para un solo archivo PDF o suscr\u00edbete a costos competitivos fijos por mes.[\/vc_column_text][\/vc_column][\/vc_row][vc_row columns_placement=\u00bbmiddle\u00bb equal_height=\u00bbyes\u00bb content_placement=\u00bbmiddle\u00bb shift_y=\u00bb0&#8243; z_index=\u00bb0&#8243; min_height=\u00bb400&#8243; css=\u00bb.vc_custom_1563534807697{padding-top: 0px !important;padding-bottom: 0px !important;}\u00bb][vc_column width=\u00bb1\/2&#8243;]\n\t\t\t\t<p class=\"rs-p-wp-fix\"><\/p>\n\t\t\t\t<sr7-module data-alias=\"data_protection\" data-id=\"9\" id=\"SR7_9_2\" class=\"rs-ov-hidden\" data-version=\"6.7.51\">\n\t\t\t\t\t<sr7-adjuster><\/sr7-adjuster>\n\t\t\t\t\t<sr7-content>\n\t\t\t\t\t\t<sr7-slide id=\"SR7_9_2-11\" data-key=\"11\">\n\t\t\t\t\t\t<\/sr7-slide>\n\t\t\t\t\t\t<sr7-slide id=\"SR7_9_2-48\" data-key=\"48\">\n\t\t\t\t\t\t<\/sr7-slide>\n\t\t\t\t\t<\/sr7-content>\n\t\t\t\t\t<image_lists style=\"display:none\">\n\t\t\t\t\t\t<img data-src=\"\/\/pdf-online.shop\/wp-content\/uploads\/2020\/06\/background-enterprice.png\" data-libid=\"5955\" title=\"background-enterprice\" width=\"0\" height=\"0\" data-dbsrc=\"Ly9wZGYtb25saW5lLnNob3Avd3AtY29udGVudC91cGxvYWRzLzIwMjAvMDYvYmFja2dyb3VuZC1lbnRlcnByaWNlLnBuZw==\"\/>\n\t\t\t\t\t\t<img data-src=\"\/\/pdf-online.shop\/wp-content\/uploads\/2020\/06\/icon-home-telefoon.png\" data-libid=\"5958\" title=\"icon-home-telefoon\" width=\"0\" height=\"0\" data-dbsrc=\"Ly9wZGYtb25saW5lLnNob3Avd3AtY29udGVudC91cGxvYWRzLzIwMjAvMDYvaWNvbi1ob21lLXRlbGVmb29uLnBuZw==\"\/>\n\t\t\t\t\t\t<img data-src=\"\/\/pdf-online.shop\/wp-content\/uploads\/2020\/06\/icon-home-persoon.png\" data-libid=\"5078\" alt=\"persoon\" title=\"icon-home-persoon\" width=\"0\" height=\"0\" data-dbsrc=\"Ly9wZGYtb25saW5lLnNob3Avd3AtY29udGVudC91cGxvYWRzLzIwMjAvMDYvaWNvbi1ob21lLXBlcnNvb24ucG5n\"\/>\n\t\t\t\t\t\t<img data-src=\"\/\/pdf-online.shop\/wp-content\/uploads\/2020\/06\/icon-cloud-home.png\" data-libid=\"5076\" alt=\"cloud\" title=\"icon-cloud-home\" width=\"0\" height=\"0\" data-dbsrc=\"Ly9wZGYtb25saW5lLnNob3Avd3AtY29udGVudC91cGxvYWRzLzIwMjAvMDYvaWNvbi1jbG91ZC1ob21lLnBuZw==\"\/>\n\t\t\t\t\t\t<img data-src=\"\/\/pdf-online.shop\/wp-content\/uploads\/2020\/06\/wifi-icon-home.png\" data-libid=\"5077\" alt=\"wifi\" title=\"wifi-icon-home\" width=\"0\" height=\"0\" data-dbsrc=\"Ly9wZGYtb25saW5lLnNob3Avd3AtY29udGVudC91cGxvYWRzLzIwMjAvMDYvd2lmaS1pY29uLWhvbWUucG5n\"\/>\n\t\t\t\t\t\t<img data-src=\"\/\/pdf-online.shop\/wp-content\/uploads\/2020\/06\/@-2.png\" data-libid=\"5961\" alt=\"@\" title=\"@-2\" width=\"0\" height=\"0\" data-dbsrc=\"Ly9wZGYtb25saW5lLnNob3Avd3AtY29udGVudC91cGxvYWRzLzIwMjAvMDYvQC0yLnBuZw==\"\/>\n\t\t\t\t\t\t<img data-src=\"\/\/pdf-online.shop\/wp-content\/uploads\/2020\/06\/cloud-pink.png\" data-libid=\"5082\" title=\"cloud-pink\" width=\"0\" height=\"0\" data-dbsrc=\"Ly9wZGYtb25saW5lLnNob3Avd3AtY29udGVudC91cGxvYWRzLzIwMjAvMDYvY2xvdWQtcGluay5wbmc=\"\/>\n\t\t\t\t\t<\/image_lists>\n\t\t\t\t<\/sr7-module>\n\t\t\t\t<script>\n\t\t\t\t\twindow.SR7 ??={};SR7.PMH ??={}; SR7.PMH[\"SR7_9_2\"] = {cn:100,state:false,fn: function() { if (window._tpt!==undefined && window._tpt.prepareModuleHeight !== undefined) {  _tpt.prepareModuleHeight({id:\"SR7_9_2\",el:[575,575,768,960,720],type:'hero',shdw:'0',gh:[575,575,575,575,394],gw:[700,700,700,700,480],vpt:['50%'],size:{fullWidth:false, fullHeight:false},mh:'0',onh:0,onw:0,bg:{color:'{\"orig\":\"transparent\",\"type\":\"solid\",\"string\":\"transparent\"}'},plType:'-1',plColor:'#FFFFFF'});   SR7.PMH[\"SR7_9_2\"].state=true;} else if(SR7.PMH[\"SR7_9_2\"].cn-->0)\tsetTimeout( SR7.PMH[\"SR7_9_2\"].fn,19);}};SR7.PMH[\"SR7_9_2\" ].fn();\n\t\t\t\t<\/script>\n[\/vc_column][vc_column width=\u00bb1\/2&#8243;][vc_custom_heading text=\u00bbUna respuesta r\u00e1pida a tus preguntas\u00bb font_size=\u00bb32&#8243; text_align=\u00bbleft\u00bb][vc_column_text]<span style=\"font-size: 12pt;\">\u00bfTienes alguna pregunta? Echa un vistazo a nuestro p\u00e1gina de preguntas frecuentes o nos la env\u00edas usando el formulario de contacto. Nuestro servicio de ayuda tratar\u00e1 de ayudarte lo antes posible. Estamos encantados de ayudarte a crear un precioso PDF navegable.<br \/>\n<\/span>[\/vc_column_text][vc_button button_type=\u00bbtheme-button-special-accent-secondary\u00bb title=\u00bbCont\u00e1ctenos\u00bb align=\u00bbleft\u00bb font_weight=\u00bb700&#8243; link=\u00bburl:http%3A%2F%2Fpdf-online.shop%2Fcontact-us%2F|title:Contact%20Us||\u00bb css_animation=\u00bbfade\u00bb css_animation_delay=\u00bb600&#8243;][vc_empty_space height=\u00bb20px\u00bb][\/vc_column][\/vc_row][vc_row columns_placement=\u00bbmiddle\u00bb equal_height=\u00bbyes\u00bb content_placement=\u00bbmiddle\u00bb shift_y=\u00bb0&#8243; z_index=\u00bb0&#8243; min_height=\u00bb400&#8243; css=\u00bb.vc_custom_1563535499904{padding-top: 0px !important;}\u00bb][vc_column width=\u00bb1\/2&#8243;][vc_custom_heading text=\u00bbLas ventajas de PDF Online\u00bb font_size=\u00bb32&#8243; text_align=\u00bbleft\u00bb][vc_column_text]<span style=\"font-size: 12pt;\">El PDF navegable en l\u00ednea est\u00e1 optimizado para cualquier dispositivo y funciona con todos los navegadores. El alojamiento del PDF es gratuito y libre de publicidad. La publicaci\u00f3n digital hace que esta soluci\u00f3n sea ecol\u00f3gica y respetuosa con el medio ambiente.<\/span>[\/vc_column_text][\/vc_column][vc_column width=\u00bb1\/2&#8243;]\n\t\t\t\t<p class=\"rs-p-wp-fix\"><\/p>\n\t\t\t\t<sr7-module data-alias=\"ui_medlay_1\" data-id=\"20\" id=\"SR7_20_3\" data-version=\"6.7.51\">\n\t\t\t\t\t<sr7-adjuster><\/sr7-adjuster>\n\t\t\t\t\t<sr7-content>\n\t\t\t\t\t\t<sr7-slide id=\"SR7_20_3-24\" data-key=\"24\">\n\t\t\t\t\t\t<\/sr7-slide>\n\t\t\t\t\t\t<sr7-slide id=\"SR7_20_3-49\" data-key=\"49\">\n\t\t\t\t\t\t<\/sr7-slide>\n\t\t\t\t\t<\/sr7-content>\n\t\t\t\t<\/sr7-module>\n\t\t\t\t<script>\n\t\t\t\t\twindow.SR7 ??={};SR7.PMH ??={}; SR7.PMH[\"SR7_20_3\"] = {cn:100,state:false,fn: function() { if (window._tpt!==undefined && window._tpt.prepareModuleHeight !== undefined) {  _tpt.prepareModuleHeight({id:\"SR7_20_3\",el:[700],type:'hero',shdw:'0',gh:[700],gw:[800],vpt:['50%'],size:{fullWidth:false, fullHeight:false},mh:'0',onh:0,onw:0,bg:{color:'transparent'},plType:'-1',plColor:'#FFFFFF'});   SR7.PMH[\"SR7_20_3\"].state=true;} else if(SR7.PMH[\"SR7_20_3\"].cn-->0)\tsetTimeout( SR7.PMH[\"SR7_20_3\"].fn,19);}};SR7.PMH[\"SR7_20_3\" ].fn();\n\t\t\t\t<\/script>\n[\/vc_column][\/vc_row][vc_row][vc_column][vc_row columns_placement=\"middle\" equal_height=\"yes\" content_placement=\"middle\" background_type=\"transparent\" shift_y=\"0\" z_index=\"0\" min_height=\"250\" el_class=\"start-pdf\"][vc_column][vc_cta h2=\"\u00a1Empieza a crear tu PDF ahora!\" font_size=\"32\" btn_button_type=\"theme-button-special-accent-secondary\" btn_title=\" Empieza inmediatamente\" btn_font_weight=\"700\" btn_link=\"url:http%3A%2F%2Fpdf-online.shop%2Ftarieven%2F|title:Tarifas|\"][\/vc_column][\/vc_row][\/vc_column][\/vc_row]<\/p>\n","protected":false},"excerpt":{"rendered":"<p>[vc_row columns_placement=\u00bbmiddle\u00bb equal_height=\u00bb\u00bb content_placement=\u00bbmiddle\u00bb background_type=\u00bbimage\u00bb background_color=\u00bblightergrey\u00bb background_img_lazyload=\u00bb1&#8243; add_bottom_shape_divider=\u00bbyes\u00bb sd_bottom_type=\u00bbimage\u00bb sd_bottom_opacity=\u00bb100&#8243; sd_bottom_zindex=\u00bb0&#8243; shift_y=\u00bb0&#8243; z_index=\u00bb0&#8243; min_height=\u00bb450&#8243; css=\u00bb.vc_custom_1592219801806{padding-bottom: 40px !important;}\u00bb sd_bottom_img=\u00bb3826&#8243;][vc_column width=\u00bb1\/2&#8243;][vc_custom_heading text=\u00bb{{page_title}}\u00bb font_size=\u00bb48&#8243; text_align=\u00bbleft\u00bb tag=\u00bbh1&#8243; css_animation=\u00bbfadeInUp\u00bb css=\u00bb.vc_custom_1563461635117{margin-bottom: 15px !important;}\u00bb][vc_column_text css_animation=\u00bbfade\u00bb css_animation_delay=\u00bb300&#8243;]PDF Online es un producto de Buro Zero. PDF Online convierte los archivos PDF en PDFs navegables adaptativos. PDF Online lleva m\u00e1s de 10 a\u00f1os en la&#8230;<\/p>\n<p><a rel=\"bookmark\" class=\"theme-button-text wvc-button wvc-button-size-xs\" href=\"https:\/\/pdf-online.shop\/es\/sobre-nosotros\/\"><small class=\"wvc-button-background-fill\"><\/small><span>Seguir leyendo<\/span><\/a><\/p>\n","protected":false},"author":1,"featured_media":0,"parent":0,"menu_order":0,"comment_status":"closed","ping_status":"closed","template":"","meta":{"footnotes":""},"yoast_head":"<!-- This site is optimized with the Yoast SEO plugin v24.5 - https:\/\/yoast.com\/wordpress\/plugins\/seo\/ -->\n<title>Sobre nosotros - PDF-Online<\/title>\n<meta name=\"robots\" content=\"noindex, follow\" \/>\n<meta property=\"og:locale\" content=\"es_ES\" \/>\n<meta property=\"og:type\" content=\"article\" \/>\n<meta property=\"og:title\" content=\"Sobre nosotros - PDF-Online\" \/>\n<meta property=\"og:description\" content=\"[vc_row columns_placement=\u00bbmiddle\u00bb equal_height=\u00bb\u00bb content_placement=\u00bbmiddle\u00bb background_type=\u00bbimage\u00bb background_color=\u00bblightergrey\u00bb background_img_lazyload=\u00bb1&#8243; add_bottom_shape_divider=\u00bbyes\u00bb sd_bottom_type=\u00bbimage\u00bb sd_bottom_opacity=\u00bb100&#8243; sd_bottom_zindex=\u00bb0&#8243; shift_y=\u00bb0&#8243; z_index=\u00bb0&#8243; min_height=\u00bb450&#8243; css=\u00bb.vc_custom_1592219801806{padding-bottom: 40px !important;}\u00bb sd_bottom_img=\u00bb3826&#8243;][vc_column width=\u00bb1\/2&#8243;][vc_custom_heading text=\u00bb{{page_title}}\u00bb font_size=\u00bb48&#8243; text_align=\u00bbleft\u00bb tag=\u00bbh1&#8243; css_animation=\u00bbfadeInUp\u00bb css=\u00bb.vc_custom_1563461635117{margin-bottom: 15px !important;}\u00bb][vc_column_text css_animation=\u00bbfade\u00bb css_animation_delay=\u00bb300&#8243;]PDF Online es un producto de Buro Zero. PDF Online convierte los archivos PDF en PDFs navegables adaptativos. PDF Online lleva m\u00e1s de 10 a\u00f1os en la...Seguir leyendo\" \/>\n<meta property=\"og:url\" content=\"https:\/\/pdf-online.shop\/es\/sobre-nosotros\/\" \/>\n<meta property=\"og:site_name\" content=\"PDF-Online\" \/>\n<meta property=\"article:modified_time\" content=\"2020-10-06T10:36:04+00:00\" \/>\n<meta name=\"twitter:card\" content=\"summary_large_image\" \/>\n<meta name=\"twitter:label1\" content=\"Tiempo de lectura\" \/>\n\t<meta name=\"twitter:data1\" content=\"3 minutos\" \/>\n<script type=\"application\/ld+json\" class=\"yoast-schema-graph\">{\"@context\":\"https:\/\/schema.org\",\"@graph\":[{\"@type\":\"WebPage\",\"@id\":\"https:\/\/pdf-online.shop\/es\/sobre-nosotros\/\",\"url\":\"https:\/\/pdf-online.shop\/es\/sobre-nosotros\/\",\"name\":\"Sobre nosotros - PDF-Online\",\"isPartOf\":{\"@id\":\"https:\/\/pdf-online.shop\/#website\"},\"datePublished\":\"2020-10-06T09:28:19+00:00\",\"dateModified\":\"2020-10-06T10:36:04+00:00\",\"breadcrumb\":{\"@id\":\"https:\/\/pdf-online.shop\/es\/sobre-nosotros\/#breadcrumb\"},\"inLanguage\":\"es\",\"potentialAction\":[{\"@type\":\"ReadAction\",\"target\":[\"https:\/\/pdf-online.shop\/es\/sobre-nosotros\/\"]}]},{\"@type\":\"BreadcrumbList\",\"@id\":\"https:\/\/pdf-online.shop\/es\/sobre-nosotros\/#breadcrumb\",\"itemListElement\":[{\"@type\":\"ListItem\",\"position\":1,\"name\":\"Home\",\"item\":\"https:\/\/pdf-online.shop\/es\/\"},{\"@type\":\"ListItem\",\"position\":2,\"name\":\"Sobre nosotros\"}]},{\"@type\":\"WebSite\",\"@id\":\"https:\/\/pdf-online.shop\/#website\",\"url\":\"https:\/\/pdf-online.shop\/\",\"name\":\"PDF-Online\",\"description\":\"\",\"potentialAction\":[{\"@type\":\"SearchAction\",\"target\":{\"@type\":\"EntryPoint\",\"urlTemplate\":\"https:\/\/pdf-online.shop\/?s={search_term_string}\"},\"query-input\":{\"@type\":\"PropertyValueSpecification\",\"valueRequired\":true,\"valueName\":\"search_term_string\"}}],\"inLanguage\":\"es\"}]}<\/script>\n<!-- \/ Yoast SEO plugin. -->","yoast_head_json":{"title":"Sobre nosotros - PDF-Online","robots":{"index":"noindex","follow":"follow"},"og_locale":"es_ES","og_type":"article","og_title":"Sobre nosotros - PDF-Online","og_description":"[vc_row columns_placement=\u00bbmiddle\u00bb equal_height=\u00bb\u00bb content_placement=\u00bbmiddle\u00bb background_type=\u00bbimage\u00bb background_color=\u00bblightergrey\u00bb background_img_lazyload=\u00bb1&#8243; add_bottom_shape_divider=\u00bbyes\u00bb sd_bottom_type=\u00bbimage\u00bb sd_bottom_opacity=\u00bb100&#8243; sd_bottom_zindex=\u00bb0&#8243; shift_y=\u00bb0&#8243; z_index=\u00bb0&#8243; min_height=\u00bb450&#8243; css=\u00bb.vc_custom_1592219801806{padding-bottom: 40px !important;}\u00bb sd_bottom_img=\u00bb3826&#8243;][vc_column width=\u00bb1\/2&#8243;][vc_custom_heading text=\u00bb{{page_title}}\u00bb font_size=\u00bb48&#8243; text_align=\u00bbleft\u00bb tag=\u00bbh1&#8243; css_animation=\u00bbfadeInUp\u00bb css=\u00bb.vc_custom_1563461635117{margin-bottom: 15px !important;}\u00bb][vc_column_text css_animation=\u00bbfade\u00bb css_animation_delay=\u00bb300&#8243;]PDF Online es un producto de Buro Zero. PDF Online convierte los archivos PDF en PDFs navegables adaptativos. PDF Online lleva m\u00e1s de 10 a\u00f1os en la...Seguir leyendo","og_url":"https:\/\/pdf-online.shop\/es\/sobre-nosotros\/","og_site_name":"PDF-Online","article_modified_time":"2020-10-06T10:36:04+00:00","twitter_card":"summary_large_image","twitter_misc":{"Tiempo de lectura":"3 minutos"},"schema":{"@context":"https:\/\/schema.org","@graph":[{"@type":"WebPage","@id":"https:\/\/pdf-online.shop\/es\/sobre-nosotros\/","url":"https:\/\/pdf-online.shop\/es\/sobre-nosotros\/","name":"Sobre nosotros - PDF-Online","isPartOf":{"@id":"https:\/\/pdf-online.shop\/#website"},"datePublished":"2020-10-06T09:28:19+00:00","dateModified":"2020-10-06T10:36:04+00:00","breadcrumb":{"@id":"https:\/\/pdf-online.shop\/es\/sobre-nosotros\/#breadcrumb"},"inLanguage":"es","potentialAction":[{"@type":"ReadAction","target":["https:\/\/pdf-online.shop\/es\/sobre-nosotros\/"]}]},{"@type":"BreadcrumbList","@id":"https:\/\/pdf-online.shop\/es\/sobre-nosotros\/#breadcrumb","itemListElement":[{"@type":"ListItem","position":1,"name":"Home","item":"https:\/\/pdf-online.shop\/es\/"},{"@type":"ListItem","position":2,"name":"Sobre nosotros"}]},{"@type":"WebSite","@id":"https:\/\/pdf-online.shop\/#website","url":"https:\/\/pdf-online.shop\/","name":"PDF-Online","description":"","potentialAction":[{"@type":"SearchAction","target":{"@type":"EntryPoint","urlTemplate":"https:\/\/pdf-online.shop\/?s={search_term_string}"},"query-input":{"@type":"PropertyValueSpecification","valueRequired":true,"valueName":"search_term_string"}}],"inLanguage":"es"}]}},"_links":{"self":[{"href":"https:\/\/pdf-online.shop\/es\/wp-json\/wp\/v2\/pages\/6848"}],"collection":[{"href":"https:\/\/pdf-online.shop\/es\/wp-json\/wp\/v2\/pages"}],"about":[{"href":"https:\/\/pdf-online.shop\/es\/wp-json\/wp\/v2\/types\/page"}],"author":[{"embeddable":true,"href":"https:\/\/pdf-online.shop\/es\/wp-json\/wp\/v2\/users\/1"}],"replies":[{"embeddable":true,"href":"https:\/\/pdf-online.shop\/es\/wp-json\/wp\/v2\/comments?post=6848"}],"version-history":[{"count":2,"href":"https:\/\/pdf-online.shop\/es\/wp-json\/wp\/v2\/pages\/6848\/revisions"}],"predecessor-version":[{"id":6894,"href":"https:\/\/pdf-online.shop\/es\/wp-json\/wp\/v2\/pages\/6848\/revisions\/6894"}],"wp:attachment":[{"href":"https:\/\/pdf-online.shop\/es\/wp-json\/wp\/v2\/media?parent=6848"}],"curies":[{"name":"wp","href":"https:\/\/api.w.org\/{rel}","templated":true}]}}