{"id":6857,"date":"2020-10-06T10:05:13","date_gmt":"2020-10-06T10:05:13","guid":{"rendered":"https:\/\/www.pdf-online.nl\/tarifas\/"},"modified":"2021-01-26T15:17:38","modified_gmt":"2021-01-26T15:17:38","slug":"tarifas","status":"publish","type":"page","link":"https:\/\/pdf-online.shop\/es\/tarifas\/","title":{"rendered":"Tarifas"},"content":{"rendered":"<p>[vc_row][vc_column][vc_custom_heading text=\u00bb{{page_title}}\u00bb font_size=\u00bb48&#8243; text_align=\u00bbleft\u00bb tag=\u00bbh1&#8243; css_animation=\u00bbfadeInUp\u00bb css=\u00bb.vc_custom_1611674185866{padding-top: 10px !important;padding-bottom: 0px !important;}\u00bb][\/vc_column][\/vc_row][vc_row equal_height=\u00bb\u00bb shift_y=\u00bb0&#8243; z_index=\u00bb0&#8243; css=\u00bb.vc_custom_1611674195610{padding-top: 0px !important;padding-bottom: 0px !important;}\u00bb][vc_column width=\u00bb1\/3&#8243;][wvc_pricing_table title=\u00bbPDF ONE\u00bb title_tag=\u00bbh1&#8243; button_text=\u00bbComprar\u00bb tagline=\u00bb1x PDF navegable a costos \u00fanicos\u00bb currency=\u00bb\u20ac\u00bb price_period=\u00bbA partir de\u00bb services=\u00bbSin costos mensuales<br \/>\nR\u00e1pido y f\u00e1cil<br \/>\nAdaptativo en cada dispositivo<br \/>\nAlojamiento web gratuito en un entorno seguro<br \/>\nPDF navegable sin publicidad<br \/>\nIdentidad empresarial con logotipo y color<br \/>\nCompatible con cualquier navegador\u00bb css_animation=\u00bbfade-right\u00bb price=\u00bb35&#8243; css_animation_delay=\u00bb250&#8243; link=\u00bburl:http%3A%2F%2Fpdf-online.shop%2Fes%2Fproduct%2Fpdf-one%2F|title:PDF%20One||\u00bb][\/vc_column][vc_column width=\u00bb1\/3&#8243;][wvc_pricing_table title=\u00bbPDF BUNDLE\u00bb title_tag=\u00bbh2&#8243; button_text=\u00bbComprar\u00bb featured=\u00bbyes\u00bb featured_text=\u00bbLa mejor opci\u00f3n\u00bb tagline=\u00bbIdeal para informes anuales, revistas y folletos\u00bb currency=\u00bb\u20ac\u00bb price_period=\u00bbPor mes\u00bb services=\u00bbConvertir 15 archivos PDF por mes.<br \/>\nHasta 100 p\u00e1ginas por PDF<br \/>\nAdaptativo en cada dispositivo<br \/>\nAlojamiento gratuito en un entorno seguro<br \/>\nPDF navegable sin publicidad<br \/>\nIdentidad empresarial propia con logotipo y color<br \/>\nEntrega f\u00e1cil a trav\u00e9s de wetransfer.com\u00bb css_animation=\u00bbfade-up\u00bb price=\u00bb65&#8243; css_animation_delay=\u00bb450&#8243; link=\u00bburl:http%3A%2F%2Fpdf-online.shop%2Fes%2Fshop%2Fcart%2F%3Fadd-to-cart%3D5984|title:PDF%20BUNDLE||\u00bb][\/vc_column][vc_column width=\u00bb1\/3&#8243;][wvc_pricing_table title=\u00bbPDF ENTERPRISE\u00bb button_text=\u00bbComprar\u00bb tagline=\u00bbIdeal para editoriales, imprentas y autoridades\u00bb currency=\u00bb\u20ac\u00bb price_period=\u00bbPor mes\u00bb services=\u00bbSubir 100 archivos PDF<br \/>\nEntrega f\u00e1cil a trav\u00e9s de wetransfer.com<br \/>\nAdaptativo en cada dispositivo<br \/>\nAlojamiento gratuito en un entorno seguro<br \/>\nPDF navegable sin publicidad<br \/>\nIdentidad empresarial propia con logotipo y color<br \/>\nCompatible con cualquier navegador\u00bb css_animation=\u00bbfade-left\u00bb price=\u00bb245&#8243; css_animation_delay=\u00bb250&#8243; link=\u00bburl:http%3A%2F%2Fpdf-online.shop%2Fes%2Fshop%2Fcart%2F%3Fadd-to-cart%3D5997|title:PDF%20ENTERPRISE||\u00bb][\/vc_column][\/vc_row][vc_row equal_height=\u00bb\u00bb add_bottom_shape_divider=\u00bbyes\u00bb sd_bottom_type=\u00bbimage\u00bb sd_bottom_opacity=\u00bb100&#8243; sd_bottom_zindex=\u00bb0&#8243; shift_y=\u00bb0&#8243; z_index=\u00bb0&#8243; sd_bottom_img=\u00bb3826&#8243; css=\u00bb.vc_custom_1611674255333{padding-top: 0px !important;padding-bottom: 0px !important;}\u00bb][vc_column width=\u00bb1\/2&#8243; shift_x=\u00bb0&#8243; shift_y=\u00bb0&#8243; z_index=\u00bb0&#8243; el_class=\u00bbpricing-header-textblok\u00bb][vc_column_text]Con PDF One puedes convertir archivos PDF una sola vez en PDFs navegables sin coste mensual. Si necesitas convertir varios archivos PDF cada mes, tambi\u00e9n ofrecemos suscripciones de bajo costo. Sube los archivos a PDF Online a trav\u00e9s de Wetransfer y nosotros nos encargamos de que se colocan estos en l\u00ednea como archivo PDF navegable. A continuaci\u00f3n encontrar\u00e1s las diferentes posibilidades que ofrecemos.[\/vc_column_text][\/vc_column][vc_column width=\u00bb1\/2&#8243;][vc_column_text]\n\t\t\t\t<p class=\"rs-p-wp-fix\"><\/p>\n\t\t\t\t<sr7-module data-alias=\"online_shopping\" data-id=\"17\" id=\"SR7_17_1\" data-version=\"6.7.51\">\n\t\t\t\t\t<sr7-adjuster><\/sr7-adjuster>\n\t\t\t\t\t<sr7-content>\n\t\t\t\t\t\t<sr7-slide id=\"SR7_17_1-21\" data-key=\"21\">\n\t\t\t\t\t\t<\/sr7-slide>\n\t\t\t\t\t\t<sr7-slide id=\"SR7_17_1-47\" data-key=\"47\">\n\t\t\t\t\t\t<\/sr7-slide>\n\t\t\t\t\t<\/sr7-content>\n\t\t\t\t<\/sr7-module>\n\t\t\t\t<script>\n\t\t\t\t\twindow.SR7 ??={};SR7.PMH ??={}; SR7.PMH[\"SR7_17_1\"] = {cn:100,state:false,fn: function() { if (window._tpt!==undefined && window._tpt.prepareModuleHeight !== undefined) {  _tpt.prepareModuleHeight({id:\"SR7_17_1\",el:[600],type:'hero',shdw:'0',gh:[600],gw:[600],vpt:['50%'],size:{fullWidth:false, fullHeight:false},mh:'0',onh:0,onw:0,bg:{color:'transparent'},plType:'-1',plColor:'#FFFFFF'});   SR7.PMH[\"SR7_17_1\"].state=true;} else if(SR7.PMH[\"SR7_17_1\"].cn-->0)\tsetTimeout( SR7.PMH[\"SR7_17_1\"].fn,19);}};SR7.PMH[\"SR7_17_1\" ].fn();\n\t\t\t\t<\/script>\n[\/vc_column_text][\/vc_column][\/vc_row][vc_row equal_height=\u00bb\u00bb shift_y=\u00bb0&#8243; z_index=\u00bb0&#8243; css=\u00bb.vc_custom_1611674205169{padding-top: 0px !important;padding-bottom: 0px !important;}\u00bb][vc_column][vc_custom_heading text=\u00bbEjemples\u00bb font_size=\u00bb48&#8243; text_align=\u00bbleft\u00bb tag=\u00bbh1&#8243; css_animation=\u00bbfadeInUp\u00bb][vc_gallery slides_per_view=\u00bb3&#8243; onclick=\u00bbcustom_link\u00bb custom_links_target=\u00bb_blank\u00bb images=\u00bb7170,7175,7180,7185,7190,7195&#8243; custom_links=\u00bb#E-8_aHR0cHMlM0ElMkYlMkZ2aWV3ZXIucGRmLW9ubGluZS5ubCUyRmJvb2tzJTJGZ3NpeiUyQ2h0dHBzJTNBJTJGJTJGdmlld2VyLnBkZi1vbmxpbmUubmwlMkZib29rcyUyRnZtcXElMkNodHRwcyUzQSUyRiUyRnZpZXdlci5wZGYtb25saW5lLm5sJTJGYm9va3MlMkZrcHdtJTJDaHR0cHMlM0ElMkYlMkZ2aWV3ZXIucGRmLW9ubGluZS5ubCUyRmJvb2tzJTJGcm1pZSUyQ2h0dHBzJTNBJTJGJTJGdmlld2VyLnBkZi1vbmxpbmUubmwlMkZib29rcyUyRmpicGUlMkNodHRwcyUzQSUyRiUyRnZpZXdlci5wZGYtb25saW5lLm5sJTJGYm9va3MlMkZpd21t\u00bb][\/vc_column][\/vc_row]<\/p>\n","protected":false},"excerpt":{"rendered":"<p>[vc_row][vc_column][vc_custom_heading text=\u00bb{{page_title}}\u00bb font_size=\u00bb48&#8243; text_align=\u00bbleft\u00bb tag=\u00bbh1&#8243; css_animation=\u00bbfadeInUp\u00bb css=\u00bb.vc_custom_1611674185866{padding-top: 10px !important;padding-bottom: 0px !important;}\u00bb][\/vc_column][\/vc_row][vc_row equal_height=\u00bb\u00bb shift_y=\u00bb0&#8243; z_index=\u00bb0&#8243; css=\u00bb.vc_custom_1611674195610{padding-top: 0px !important;padding-bottom: 0px !important;}\u00bb][vc_column width=\u00bb1\/3&#8243;][wvc_pricing_table title=\u00bbPDF ONE\u00bb title_tag=\u00bbh1&#8243; button_text=\u00bbComprar\u00bb tagline=\u00bb1x PDF navegable a costos \u00fanicos\u00bb currency=\u00bb\u20ac\u00bb price_period=\u00bbA partir de\u00bb services=\u00bbSin costos mensuales R\u00e1pido y f\u00e1cil Adaptativo en cada dispositivo Alojamiento web gratuito en un entorno seguro PDF navegable sin publicidad&#8230;<\/p>\n<p><a rel=\"bookmark\" class=\"theme-button-text wvc-button wvc-button-size-xs\" href=\"https:\/\/pdf-online.shop\/es\/tarifas\/\"><small class=\"wvc-button-background-fill\"><\/small><span>Seguir leyendo<\/span><\/a><\/p>\n","protected":false},"author":1,"featured_media":0,"parent":0,"menu_order":0,"comment_status":"closed","ping_status":"closed","template":"","meta":{"footnotes":""},"yoast_head":"<!-- This site is optimized with the Yoast SEO plugin v24.5 - https:\/\/yoast.com\/wordpress\/plugins\/seo\/ -->\n<title>Tarifas - PDF-Online<\/title>\n<meta name=\"robots\" content=\"index, follow, max-snippet:-1, max-image-preview:large, max-video-preview:-1\" \/>\n<link rel=\"canonical\" href=\"https:\/\/pdf-online.shop\/es\/tarifas\/\" \/>\n<meta property=\"og:locale\" content=\"es_ES\" \/>\n<meta property=\"og:type\" content=\"article\" \/>\n<meta property=\"og:title\" content=\"Tarifas - PDF-Online\" \/>\n<meta property=\"og:description\" content=\"[vc_row][vc_column][vc_custom_heading text=\u00bb{{page_title}}\u00bb font_size=\u00bb48&#8243; text_align=\u00bbleft\u00bb tag=\u00bbh1&#8243; css_animation=\u00bbfadeInUp\u00bb css=\u00bb.vc_custom_1611674185866{padding-top: 10px !important;padding-bottom: 0px !important;}\u00bb][\/vc_column][\/vc_row][vc_row equal_height=\u00bb\u00bb shift_y=\u00bb0&#8243; z_index=\u00bb0&#8243; css=\u00bb.vc_custom_1611674195610{padding-top: 0px !important;padding-bottom: 0px !important;}\u00bb][vc_column width=\u00bb1\/3&#8243;][wvc_pricing_table title=\u00bbPDF ONE\u00bb title_tag=\u00bbh1&#8243; button_text=\u00bbComprar\u00bb tagline=\u00bb1x PDF navegable a costos \u00fanicos\u00bb currency=\u00bb\u20ac\u00bb price_period=\u00bbA partir de\u00bb services=\u00bbSin costos mensuales R\u00e1pido y f\u00e1cil Adaptativo en cada dispositivo Alojamiento web gratuito en un entorno seguro PDF navegable sin publicidad...Seguir leyendo\" \/>\n<meta property=\"og:url\" content=\"https:\/\/pdf-online.shop\/es\/tarifas\/\" \/>\n<meta property=\"og:site_name\" content=\"PDF-Online\" \/>\n<meta property=\"article:modified_time\" content=\"2021-01-26T15:17:38+00:00\" \/>\n<meta name=\"twitter:card\" content=\"summary_large_image\" \/>\n<meta name=\"twitter:label1\" content=\"Tiempo de lectura\" \/>\n\t<meta name=\"twitter:data1\" content=\"3 minutos\" \/>\n<script type=\"application\/ld+json\" class=\"yoast-schema-graph\">{\"@context\":\"https:\/\/schema.org\",\"@graph\":[{\"@type\":\"WebPage\",\"@id\":\"https:\/\/pdf-online.shop\/es\/tarifas\/\",\"url\":\"https:\/\/pdf-online.shop\/es\/tarifas\/\",\"name\":\"Tarifas - PDF-Online\",\"isPartOf\":{\"@id\":\"https:\/\/pdf-online.shop\/#website\"},\"datePublished\":\"2020-10-06T10:05:13+00:00\",\"dateModified\":\"2021-01-26T15:17:38+00:00\",\"breadcrumb\":{\"@id\":\"https:\/\/pdf-online.shop\/es\/tarifas\/#breadcrumb\"},\"inLanguage\":\"es\",\"potentialAction\":[{\"@type\":\"ReadAction\",\"target\":[\"https:\/\/pdf-online.shop\/es\/tarifas\/\"]}]},{\"@type\":\"BreadcrumbList\",\"@id\":\"https:\/\/pdf-online.shop\/es\/tarifas\/#breadcrumb\",\"itemListElement\":[{\"@type\":\"ListItem\",\"position\":1,\"name\":\"Home\",\"item\":\"https:\/\/pdf-online.shop\/es\/\"},{\"@type\":\"ListItem\",\"position\":2,\"name\":\"Tarifas\"}]},{\"@type\":\"WebSite\",\"@id\":\"https:\/\/pdf-online.shop\/#website\",\"url\":\"https:\/\/pdf-online.shop\/\",\"name\":\"PDF-Online\",\"description\":\"\",\"potentialAction\":[{\"@type\":\"SearchAction\",\"target\":{\"@type\":\"EntryPoint\",\"urlTemplate\":\"https:\/\/pdf-online.shop\/?s={search_term_string}\"},\"query-input\":{\"@type\":\"PropertyValueSpecification\",\"valueRequired\":true,\"valueName\":\"search_term_string\"}}],\"inLanguage\":\"es\"}]}<\/script>\n<!-- \/ Yoast SEO plugin. -->","yoast_head_json":{"title":"Tarifas - PDF-Online","robots":{"index":"index","follow":"follow","max-snippet":"max-snippet:-1","max-image-preview":"max-image-preview:large","max-video-preview":"max-video-preview:-1"},"canonical":"https:\/\/pdf-online.shop\/es\/tarifas\/","og_locale":"es_ES","og_type":"article","og_title":"Tarifas - PDF-Online","og_description":"[vc_row][vc_column][vc_custom_heading text=\u00bb{{page_title}}\u00bb font_size=\u00bb48&#8243; text_align=\u00bbleft\u00bb tag=\u00bbh1&#8243; css_animation=\u00bbfadeInUp\u00bb css=\u00bb.vc_custom_1611674185866{padding-top: 10px !important;padding-bottom: 0px !important;}\u00bb][\/vc_column][\/vc_row][vc_row equal_height=\u00bb\u00bb shift_y=\u00bb0&#8243; z_index=\u00bb0&#8243; css=\u00bb.vc_custom_1611674195610{padding-top: 0px !important;padding-bottom: 0px !important;}\u00bb][vc_column width=\u00bb1\/3&#8243;][wvc_pricing_table title=\u00bbPDF ONE\u00bb title_tag=\u00bbh1&#8243; button_text=\u00bbComprar\u00bb tagline=\u00bb1x PDF navegable a costos \u00fanicos\u00bb currency=\u00bb\u20ac\u00bb price_period=\u00bbA partir de\u00bb services=\u00bbSin costos mensuales R\u00e1pido y f\u00e1cil Adaptativo en cada dispositivo Alojamiento web gratuito en un entorno seguro PDF navegable sin publicidad...Seguir leyendo","og_url":"https:\/\/pdf-online.shop\/es\/tarifas\/","og_site_name":"PDF-Online","article_modified_time":"2021-01-26T15:17:38+00:00","twitter_card":"summary_large_image","twitter_misc":{"Tiempo de lectura":"3 minutos"},"schema":{"@context":"https:\/\/schema.org","@graph":[{"@type":"WebPage","@id":"https:\/\/pdf-online.shop\/es\/tarifas\/","url":"https:\/\/pdf-online.shop\/es\/tarifas\/","name":"Tarifas - PDF-Online","isPartOf":{"@id":"https:\/\/pdf-online.shop\/#website"},"datePublished":"2020-10-06T10:05:13+00:00","dateModified":"2021-01-26T15:17:38+00:00","breadcrumb":{"@id":"https:\/\/pdf-online.shop\/es\/tarifas\/#breadcrumb"},"inLanguage":"es","potentialAction":[{"@type":"ReadAction","target":["https:\/\/pdf-online.shop\/es\/tarifas\/"]}]},{"@type":"BreadcrumbList","@id":"https:\/\/pdf-online.shop\/es\/tarifas\/#breadcrumb","itemListElement":[{"@type":"ListItem","position":1,"name":"Home","item":"https:\/\/pdf-online.shop\/es\/"},{"@type":"ListItem","position":2,"name":"Tarifas"}]},{"@type":"WebSite","@id":"https:\/\/pdf-online.shop\/#website","url":"https:\/\/pdf-online.shop\/","name":"PDF-Online","description":"","potentialAction":[{"@type":"SearchAction","target":{"@type":"EntryPoint","urlTemplate":"https:\/\/pdf-online.shop\/?s={search_term_string}"},"query-input":{"@type":"PropertyValueSpecification","valueRequired":true,"valueName":"search_term_string"}}],"inLanguage":"es"}]}},"_links":{"self":[{"href":"https:\/\/pdf-online.shop\/es\/wp-json\/wp\/v2\/pages\/6857"}],"collection":[{"href":"https:\/\/pdf-online.shop\/es\/wp-json\/wp\/v2\/pages"}],"about":[{"href":"https:\/\/pdf-online.shop\/es\/wp-json\/wp\/v2\/types\/page"}],"author":[{"embeddable":true,"href":"https:\/\/pdf-online.shop\/es\/wp-json\/wp\/v2\/users\/1"}],"replies":[{"embeddable":true,"href":"https:\/\/pdf-online.shop\/es\/wp-json\/wp\/v2\/comments?post=6857"}],"version-history":[{"count":4,"href":"https:\/\/pdf-online.shop\/es\/wp-json\/wp\/v2\/pages\/6857\/revisions"}],"predecessor-version":[{"id":7200,"href":"https:\/\/pdf-online.shop\/es\/wp-json\/wp\/v2\/pages\/6857\/revisions\/7200"}],"wp:attachment":[{"href":"https:\/\/pdf-online.shop\/es\/wp-json\/wp\/v2\/media?parent=6857"}],"curies":[{"name":"wp","href":"https:\/\/api.w.org\/{rel}","templated":true}]}}