{"id":6859,"date":"2020-10-06T10:06:18","date_gmt":"2020-10-06T10:06:18","guid":{"rendered":"https:\/\/www.pdf-online.nl\/ejemplos\/"},"modified":"2020-10-06T10:38:27","modified_gmt":"2020-10-06T10:38:27","slug":"ejemplos","status":"publish","type":"page","link":"https:\/\/pdf-online.shop\/es\/ejemplos\/","title":{"rendered":"Ejemplos"},"content":{"rendered":"<p>[vc_row equal_height=\u00bb\u00bb background_type=\u00bbimage\u00bb background_color=\u00bblightergrey\u00bb background_img_lazyload=\u00bb1&#8243; add_bottom_shape_divider=\u00bbyes\u00bb sd_bottom_type=\u00bbimage\u00bb sd_bottom_opacity=\u00bb100&#8243; sd_bottom_zindex=\u00bb0&#8243; shift_y=\u00bb0&#8243; z_index=\u00bb0&#8243; sd_bottom_img=\u00bb3826&#8243;][vc_column width=\u00bb1\/2&#8243;][vc_custom_heading text=\u00bbEjemplos\u00bb font_size=\u00bb48&#8243; text_align=\u00bbleft\u00bb tag=\u00bbh1&#8243; css=\u00bb.vc_custom_1592466870344{padding-top: 180px !important;padding-bottom: 0px !important;}\u00bb css_animation=\u00bbfadeInUp\u00bb][vc_column_text]El PDF navegable puede ser creado seg\u00fan tu identidad empresarial con  tu propio logotipo y dise\u00f1o de color. Adem\u00e1s es posible integrar v\u00eddeo y hacer todo completamente medible. PDF Online ya ha convertido m\u00e1s de 20.000 PDFs en PDFs navegables. A continuaci\u00f3n se presentan varios ejemplos.[\/vc_column_text][\/vc_column][vc_column width=\u00bb1\/2&#8243;]\n\t\t\t\t<p class=\"rs-p-wp-fix\"><\/p>\n\t\t\t\t<sr7-module data-alias=\"ui_medlay_1\" data-id=\"20\" id=\"SR7_20_1\" data-version=\"6.7.51\">\n\t\t\t\t\t<sr7-adjuster><\/sr7-adjuster>\n\t\t\t\t\t<sr7-content>\n\t\t\t\t\t\t<sr7-slide id=\"SR7_20_1-24\" data-key=\"24\">\n\t\t\t\t\t\t<\/sr7-slide>\n\t\t\t\t\t\t<sr7-slide id=\"SR7_20_1-49\" data-key=\"49\">\n\t\t\t\t\t\t<\/sr7-slide>\n\t\t\t\t\t<\/sr7-content>\n\t\t\t\t<\/sr7-module>\n\t\t\t\t<script>\n\t\t\t\t\twindow.SR7 ??={};SR7.PMH ??={}; SR7.PMH[\"SR7_20_1\"] = {cn:100,state:false,fn: function() { if (window._tpt!==undefined && window._tpt.prepareModuleHeight !== undefined) {  _tpt.prepareModuleHeight({id:\"SR7_20_1\",el:[700],type:'hero',shdw:'0',gh:[700],gw:[800],vpt:['50%'],size:{fullWidth:false, fullHeight:false},mh:'0',onh:0,onw:0,bg:{color:'transparent'},plType:'-1',plColor:'#FFFFFF'});   SR7.PMH[\"SR7_20_1\"].state=true;} else if(SR7.PMH[\"SR7_20_1\"].cn-->0)\tsetTimeout( SR7.PMH[\"SR7_20_1\"].fn,19);}};SR7.PMH[\"SR7_20_1\" ].fn();\n\t\t\t\t<\/script>\n[\/vc_column][\/vc_row][vc_row][vc_column][vc_gallery slides_per_view=\u00bb3&#8243; hover_effect=\u00bbzoomin\u00bb onclick=\u00bbcustom_link\u00bb custom_links_target=\u00bb_blank\u00bb images=\u00bb6034,6008,6004,6039,6107,6100&#8243; css_animation=\u00bbfadeInDown\u00bb custom_links=\u00bb#E-8_aHR0cHMlM0ElMkYlMkZ2aWV3ZXIucGRmLW9ubGluZS5ubCUyRmJvb2tzJTJGZ3NpeiUyQ2h0dHBzJTNBJTJGJTJGdmlld2VyLnBkZi1vbmxpbmUubmwlMkZib29rcyUyRnZtcXElMkNodHRwcyUzQSUyRiUyRnZpZXdlci5wZGYtb25saW5lLm5sJTJGYm9va3MlMkZrcHdtJTJDaHR0cHMlM0ElMkYlMkZ2aWV3ZXIucGRmLW9ubGluZS5ubCUyRmJvb2tzJTJGcm1pZSUyQ2h0dHBzJTNBJTJGJTJGdmlld2VyLnBkZi1vbmxpbmUubmwlMkZib29rcyUyRmpicGUlMkNodHRwcyUzQSUyRiUyRnZpZXdlci5wZGYtb25saW5lLm5sJTJGYm9va3MlMkZpd21t\u00bb][\/vc_column][\/vc_row][vc_row][vc_column][vc_row columns_placement=\"middle\" equal_height=\"yes\" content_placement=\"middle\" background_type=\"transparent\" shift_y=\"0\" z_index=\"0\" min_height=\"250\" el_class=\"start-pdf\"][vc_column][vc_cta h2=\"\u00a1Empieza a crear tu PDF ahora!\" font_size=\"32\" btn_button_type=\"theme-button-special-accent-secondary\" btn_title=\" Empieza inmediatamente\" btn_font_weight=\"700\" btn_link=\"url:http%3A%2F%2Fpdf-online.shop%2Ftarieven%2F|title:Tarifas|\"][\/vc_column][\/vc_row][\/vc_column][\/vc_row]<\/p>\n","protected":false},"excerpt":{"rendered":"<p>[vc_row equal_height=\u00bb\u00bb background_type=\u00bbimage\u00bb background_color=\u00bblightergrey\u00bb background_img_lazyload=\u00bb1&#8243; add_bottom_shape_divider=\u00bbyes\u00bb sd_bottom_type=\u00bbimage\u00bb sd_bottom_opacity=\u00bb100&#8243; sd_bottom_zindex=\u00bb0&#8243; shift_y=\u00bb0&#8243; z_index=\u00bb0&#8243; sd_bottom_img=\u00bb3826&#8243;][vc_column width=\u00bb1\/2&#8243;][vc_custom_heading text=\u00bbEjemplos\u00bb font_size=\u00bb48&#8243; text_align=\u00bbleft\u00bb tag=\u00bbh1&#8243; css=\u00bb.vc_custom_1592466870344{padding-top: 180px !important;padding-bottom: 0px !important;}\u00bb css_animation=\u00bbfadeInUp\u00bb][vc_column_text]El PDF navegable puede ser creado seg\u00fan tu identidad empresarial con tu propio logotipo y dise\u00f1o de color. Adem\u00e1s es posible integrar v\u00eddeo y hacer todo completamente medible. PDF Online ya ha convertido&#8230;<\/p>\n<p><a rel=\"bookmark\" class=\"theme-button-text wvc-button wvc-button-size-xs\" href=\"https:\/\/pdf-online.shop\/es\/ejemplos\/\"><small class=\"wvc-button-background-fill\"><\/small><span>Seguir leyendo<\/span><\/a><\/p>\n","protected":false},"author":1,"featured_media":0,"parent":0,"menu_order":0,"comment_status":"closed","ping_status":"closed","template":"","meta":{"footnotes":""},"yoast_head":"<!-- This site is optimized with the Yoast SEO plugin v24.5 - https:\/\/yoast.com\/wordpress\/plugins\/seo\/ -->\n<title>Ejemplos - PDF-Online<\/title>\n<meta name=\"robots\" content=\"index, follow, max-snippet:-1, max-image-preview:large, max-video-preview:-1\" \/>\n<link rel=\"canonical\" href=\"https:\/\/pdf-online.shop\/es\/ejemplos\/\" \/>\n<meta property=\"og:locale\" content=\"es_ES\" \/>\n<meta property=\"og:type\" content=\"article\" \/>\n<meta property=\"og:title\" content=\"Ejemplos - PDF-Online\" \/>\n<meta property=\"og:description\" content=\"[vc_row equal_height=\u00bb\u00bb background_type=\u00bbimage\u00bb background_color=\u00bblightergrey\u00bb background_img_lazyload=\u00bb1&#8243; add_bottom_shape_divider=\u00bbyes\u00bb sd_bottom_type=\u00bbimage\u00bb sd_bottom_opacity=\u00bb100&#8243; sd_bottom_zindex=\u00bb0&#8243; shift_y=\u00bb0&#8243; z_index=\u00bb0&#8243; sd_bottom_img=\u00bb3826&#8243;][vc_column width=\u00bb1\/2&#8243;][vc_custom_heading text=\u00bbEjemplos\u00bb font_size=\u00bb48&#8243; text_align=\u00bbleft\u00bb tag=\u00bbh1&#8243; css=\u00bb.vc_custom_1592466870344{padding-top: 180px !important;padding-bottom: 0px !important;}\u00bb css_animation=\u00bbfadeInUp\u00bb][vc_column_text]El PDF navegable puede ser creado seg\u00fan tu identidad empresarial con tu propio logotipo y dise\u00f1o de color. Adem\u00e1s es posible integrar v\u00eddeo y hacer todo completamente medible. PDF Online ya ha convertido...Seguir leyendo\" \/>\n<meta property=\"og:url\" content=\"https:\/\/pdf-online.shop\/es\/ejemplos\/\" \/>\n<meta property=\"og:site_name\" content=\"PDF-Online\" \/>\n<meta property=\"article:modified_time\" content=\"2020-10-06T10:38:27+00:00\" \/>\n<meta name=\"twitter:card\" content=\"summary_large_image\" \/>\n<meta name=\"twitter:label1\" content=\"Tiempo de lectura\" \/>\n\t<meta name=\"twitter:data1\" content=\"1 minuto\" \/>\n<script type=\"application\/ld+json\" class=\"yoast-schema-graph\">{\"@context\":\"https:\/\/schema.org\",\"@graph\":[{\"@type\":\"WebPage\",\"@id\":\"https:\/\/pdf-online.shop\/es\/ejemplos\/\",\"url\":\"https:\/\/pdf-online.shop\/es\/ejemplos\/\",\"name\":\"Ejemplos - PDF-Online\",\"isPartOf\":{\"@id\":\"https:\/\/pdf-online.shop\/#website\"},\"datePublished\":\"2020-10-06T10:06:18+00:00\",\"dateModified\":\"2020-10-06T10:38:27+00:00\",\"breadcrumb\":{\"@id\":\"https:\/\/pdf-online.shop\/es\/ejemplos\/#breadcrumb\"},\"inLanguage\":\"es\",\"potentialAction\":[{\"@type\":\"ReadAction\",\"target\":[\"https:\/\/pdf-online.shop\/es\/ejemplos\/\"]}]},{\"@type\":\"BreadcrumbList\",\"@id\":\"https:\/\/pdf-online.shop\/es\/ejemplos\/#breadcrumb\",\"itemListElement\":[{\"@type\":\"ListItem\",\"position\":1,\"name\":\"Home\",\"item\":\"https:\/\/pdf-online.shop\/es\/\"},{\"@type\":\"ListItem\",\"position\":2,\"name\":\"Ejemplos\"}]},{\"@type\":\"WebSite\",\"@id\":\"https:\/\/pdf-online.shop\/#website\",\"url\":\"https:\/\/pdf-online.shop\/\",\"name\":\"PDF-Online\",\"description\":\"\",\"potentialAction\":[{\"@type\":\"SearchAction\",\"target\":{\"@type\":\"EntryPoint\",\"urlTemplate\":\"https:\/\/pdf-online.shop\/?s={search_term_string}\"},\"query-input\":{\"@type\":\"PropertyValueSpecification\",\"valueRequired\":true,\"valueName\":\"search_term_string\"}}],\"inLanguage\":\"es\"}]}<\/script>\n<!-- \/ Yoast SEO plugin. -->","yoast_head_json":{"title":"Ejemplos - PDF-Online","robots":{"index":"index","follow":"follow","max-snippet":"max-snippet:-1","max-image-preview":"max-image-preview:large","max-video-preview":"max-video-preview:-1"},"canonical":"https:\/\/pdf-online.shop\/es\/ejemplos\/","og_locale":"es_ES","og_type":"article","og_title":"Ejemplos - PDF-Online","og_description":"[vc_row equal_height=\u00bb\u00bb background_type=\u00bbimage\u00bb background_color=\u00bblightergrey\u00bb background_img_lazyload=\u00bb1&#8243; add_bottom_shape_divider=\u00bbyes\u00bb sd_bottom_type=\u00bbimage\u00bb sd_bottom_opacity=\u00bb100&#8243; sd_bottom_zindex=\u00bb0&#8243; shift_y=\u00bb0&#8243; z_index=\u00bb0&#8243; sd_bottom_img=\u00bb3826&#8243;][vc_column width=\u00bb1\/2&#8243;][vc_custom_heading text=\u00bbEjemplos\u00bb font_size=\u00bb48&#8243; text_align=\u00bbleft\u00bb tag=\u00bbh1&#8243; css=\u00bb.vc_custom_1592466870344{padding-top: 180px !important;padding-bottom: 0px !important;}\u00bb css_animation=\u00bbfadeInUp\u00bb][vc_column_text]El PDF navegable puede ser creado seg\u00fan tu identidad empresarial con tu propio logotipo y dise\u00f1o de color. Adem\u00e1s es posible integrar v\u00eddeo y hacer todo completamente medible. PDF Online ya ha convertido...Seguir leyendo","og_url":"https:\/\/pdf-online.shop\/es\/ejemplos\/","og_site_name":"PDF-Online","article_modified_time":"2020-10-06T10:38:27+00:00","twitter_card":"summary_large_image","twitter_misc":{"Tiempo de lectura":"1 minuto"},"schema":{"@context":"https:\/\/schema.org","@graph":[{"@type":"WebPage","@id":"https:\/\/pdf-online.shop\/es\/ejemplos\/","url":"https:\/\/pdf-online.shop\/es\/ejemplos\/","name":"Ejemplos - PDF-Online","isPartOf":{"@id":"https:\/\/pdf-online.shop\/#website"},"datePublished":"2020-10-06T10:06:18+00:00","dateModified":"2020-10-06T10:38:27+00:00","breadcrumb":{"@id":"https:\/\/pdf-online.shop\/es\/ejemplos\/#breadcrumb"},"inLanguage":"es","potentialAction":[{"@type":"ReadAction","target":["https:\/\/pdf-online.shop\/es\/ejemplos\/"]}]},{"@type":"BreadcrumbList","@id":"https:\/\/pdf-online.shop\/es\/ejemplos\/#breadcrumb","itemListElement":[{"@type":"ListItem","position":1,"name":"Home","item":"https:\/\/pdf-online.shop\/es\/"},{"@type":"ListItem","position":2,"name":"Ejemplos"}]},{"@type":"WebSite","@id":"https:\/\/pdf-online.shop\/#website","url":"https:\/\/pdf-online.shop\/","name":"PDF-Online","description":"","potentialAction":[{"@type":"SearchAction","target":{"@type":"EntryPoint","urlTemplate":"https:\/\/pdf-online.shop\/?s={search_term_string}"},"query-input":{"@type":"PropertyValueSpecification","valueRequired":true,"valueName":"search_term_string"}}],"inLanguage":"es"}]}},"_links":{"self":[{"href":"https:\/\/pdf-online.shop\/es\/wp-json\/wp\/v2\/pages\/6859"}],"collection":[{"href":"https:\/\/pdf-online.shop\/es\/wp-json\/wp\/v2\/pages"}],"about":[{"href":"https:\/\/pdf-online.shop\/es\/wp-json\/wp\/v2\/types\/page"}],"author":[{"embeddable":true,"href":"https:\/\/pdf-online.shop\/es\/wp-json\/wp\/v2\/users\/1"}],"replies":[{"embeddable":true,"href":"https:\/\/pdf-online.shop\/es\/wp-json\/wp\/v2\/comments?post=6859"}],"version-history":[{"count":1,"href":"https:\/\/pdf-online.shop\/es\/wp-json\/wp\/v2\/pages\/6859\/revisions"}],"predecessor-version":[{"id":6864,"href":"https:\/\/pdf-online.shop\/es\/wp-json\/wp\/v2\/pages\/6859\/revisions\/6864"}],"wp:attachment":[{"href":"https:\/\/pdf-online.shop\/es\/wp-json\/wp\/v2\/media?parent=6859"}],"curies":[{"name":"wp","href":"https:\/\/api.w.org\/{rel}","templated":true}]}}