{"id":6865,"date":"2020-10-06T10:09:18","date_gmt":"2020-10-06T10:09:18","guid":{"rendered":"https:\/\/www.pdf-online.nl\/beneficios\/"},"modified":"2020-10-06T10:09:18","modified_gmt":"2020-10-06T10:09:18","slug":"beneficios","status":"publish","type":"page","link":"https:\/\/pdf-online.shop\/es\/beneficios\/","title":{"rendered":"Beneficios"},"content":{"rendered":"<p>[vc_row][vc_column width=\u00bb1\/6&#8243;][\/vc_column][vc_column width=\u00bb1\/3&#8243;][vc_single_image image=\u00bb6266&#8243; img_size=\u00bbcustom\u00bb full_width=\u00bb\u00bb opacity=\u00bb100&#8243; css_animation=\u00bbfade-right\u00bb][\/vc_column][vc_column width=\u00bb1\/3&#8243;][vc_custom_heading text=\u00bbDispositivos m\u00f3viles\u00bb font_size=\u00bb32&#8243; text_align=\u00bbleft\u00bb text_align_mobile=\u00bbcenter\u00bb][vc_column_text]Disfrute de la lectura digital en varios dispositivos m\u00f3viles como iPad, iPhone, tel\u00e9fonos y tabletas Android. \u00a1No tienes que instalar nada para esto! Simplemente l\u00e9alo en todos los navegadores web.[\/vc_column_text][\/vc_column][vc_column width=\u00bb1\/6&#8243;][\/vc_column][\/vc_row][vc_row][vc_column width=\u00bb1\/6&#8243;][\/vc_column][vc_column width=\u00bb1\/3&#8243;][vc_custom_heading text=\u00bbFunciona en todos los navegadores.\u00bb font_size=\u00bb32&#8243; text_align=\u00bbleft\u00bb text_align_mobile=\u00bbcenter\u00bb][vc_column_text]<\/p>\n<p style=\"text-align: left;\">PDF en l\u00ednea est\u00e1 optimizado para brindar la mejor experiencia en todos los navegadores, incluidos Chrome, Firefox, Safari y m\u00e1s.\n<\/p>\n<p>[\/vc_column_text][\/vc_column][vc_column width=\u00bb1\/3&#8243;][vc_single_image image=\u00bb6412&#8243; img_size=\u00bbcustom\u00bb full_width=\u00bb\u00bb opacity=\u00bb100&#8243; css_animation=\u00bbfade-right\u00bb][\/vc_column][vc_column width=\u00bb1\/6&#8243;][\/vc_column][\/vc_row][vc_row][vc_column width=\u00bb1\/6&#8243;][\/vc_column][vc_column width=\u00bb1\/3&#8243;][vc_single_image image=\u00bb6407&#8243; img_size=\u00bbcustom\u00bb full_width=\u00bb\u00bb opacity=\u00bb100&#8243; css_animation=\u00bbfade-right\u00bb][\/vc_column][vc_column width=\u00bb1\/3&#8243;][vc_custom_heading text=\u00bbCompartir\u00bb font_size=\u00bb32&#8243; text_align=\u00bbleft\u00bb][vc_column_text]Comparta f\u00e1cilmente publicaciones digitales en redes sociales. Por ejemplo, FaceBook o Twitter. Su flipbook digital se distribuir\u00e1 a m\u00e1s personas con mayor rapidez.[\/vc_column_text][\/vc_column][vc_column width=\u00bb1\/6&#8243;][\/vc_column][\/vc_row][vc_row][vc_column width=\u00bb1\/6&#8243;][\/vc_column][vc_column width=\u00bb1\/3&#8243;][vc_custom_heading text=\u00bbAmigable con SEO\u00bb font_size=\u00bb32&#8243; text_align=\u00bbleft\u00bb text_align_mobile=\u00bbcenter\u00bb][vc_column_text]<\/p>\n<p style=\"text-align: left;\">\u00bfCre\u00edas que la optimizaci\u00f3n de motores de b\u00fasqueda solo se aplica a sitios web o blogs? Los motores de b\u00fasqueda pueden indexar f\u00e1cilmente el contenido de Flipbook.\n<\/p>\n<p>[\/vc_column_text][\/vc_column][vc_column width=\u00bb1\/3&#8243;][vc_single_image image=\u00bb6415&#8243; img_size=\u00bbcustom\u00bb full_width=\u00bb\u00bb opacity=\u00bb100&#8243; css_animation=\u00bbfade-right\u00bb][\/vc_column][vc_column width=\u00bb1\/6&#8243;][\/vc_column][\/vc_row]<\/p>\n","protected":false},"excerpt":{"rendered":"<p>[vc_row][vc_column width=\u00bb1\/6&#8243;][\/vc_column][vc_column width=\u00bb1\/3&#8243;][vc_single_image image=\u00bb6266&#8243; img_size=\u00bbcustom\u00bb full_width=\u00bb\u00bb opacity=\u00bb100&#8243; css_animation=\u00bbfade-right\u00bb][\/vc_column][vc_column width=\u00bb1\/3&#8243;][vc_custom_heading text=\u00bbDispositivos m\u00f3viles\u00bb font_size=\u00bb32&#8243; text_align=\u00bbleft\u00bb text_align_mobile=\u00bbcenter\u00bb][vc_column_text]Disfrute de la lectura digital en varios dispositivos m\u00f3viles como iPad, iPhone, tel\u00e9fonos y tabletas Android. \u00a1No tienes que instalar nada para esto! Simplemente l\u00e9alo en todos los navegadores web.[\/vc_column_text][\/vc_column][vc_column width=\u00bb1\/6&#8243;][\/vc_column][\/vc_row][vc_row][vc_column width=\u00bb1\/6&#8243;][\/vc_column][vc_column width=\u00bb1\/3&#8243;][vc_custom_heading text=\u00bbFunciona en todos los navegadores.\u00bb font_size=\u00bb32&#8243; text_align=\u00bbleft\u00bb text_align_mobile=\u00bbcenter\u00bb][vc_column_text] PDF&#8230;<\/p>\n<p><a rel=\"bookmark\" class=\"theme-button-text wvc-button wvc-button-size-xs\" href=\"https:\/\/pdf-online.shop\/es\/beneficios\/\"><small class=\"wvc-button-background-fill\"><\/small><span>Seguir leyendo<\/span><\/a><\/p>\n","protected":false},"author":1,"featured_media":0,"parent":0,"menu_order":0,"comment_status":"closed","ping_status":"closed","template":"","meta":{"footnotes":""},"yoast_head":"<!-- This site is optimized with the Yoast SEO plugin v24.5 - https:\/\/yoast.com\/wordpress\/plugins\/seo\/ -->\n<title>Beneficios - PDF-Online<\/title>\n<meta name=\"robots\" content=\"index, follow, max-snippet:-1, max-image-preview:large, max-video-preview:-1\" \/>\n<link rel=\"canonical\" href=\"https:\/\/pdf-online.shop\/es\/beneficios\/\" \/>\n<meta property=\"og:locale\" content=\"es_ES\" \/>\n<meta property=\"og:type\" content=\"article\" \/>\n<meta property=\"og:title\" content=\"Beneficios - PDF-Online\" \/>\n<meta property=\"og:description\" content=\"[vc_row][vc_column width=\u00bb1\/6&#8243;][\/vc_column][vc_column width=\u00bb1\/3&#8243;][vc_single_image image=\u00bb6266&#8243; img_size=\u00bbcustom\u00bb full_width=\u00bb\u00bb opacity=\u00bb100&#8243; css_animation=\u00bbfade-right\u00bb][\/vc_column][vc_column width=\u00bb1\/3&#8243;][vc_custom_heading text=\u00bbDispositivos m\u00f3viles\u00bb font_size=\u00bb32&#8243; text_align=\u00bbleft\u00bb text_align_mobile=\u00bbcenter\u00bb][vc_column_text]Disfrute de la lectura digital en varios dispositivos m\u00f3viles como iPad, iPhone, tel\u00e9fonos y tabletas Android. \u00a1No tienes que instalar nada para esto! Simplemente l\u00e9alo en todos los navegadores web.[\/vc_column_text][\/vc_column][vc_column width=\u00bb1\/6&#8243;][\/vc_column][\/vc_row][vc_row][vc_column width=\u00bb1\/6&#8243;][\/vc_column][vc_column width=\u00bb1\/3&#8243;][vc_custom_heading text=\u00bbFunciona en todos los navegadores.\u00bb font_size=\u00bb32&#8243; text_align=\u00bbleft\u00bb text_align_mobile=\u00bbcenter\u00bb][vc_column_text] PDF...Seguir leyendo\" \/>\n<meta property=\"og:url\" content=\"https:\/\/pdf-online.shop\/es\/beneficios\/\" \/>\n<meta property=\"og:site_name\" content=\"PDF-Online\" \/>\n<meta name=\"twitter:card\" content=\"summary_large_image\" \/>\n<meta name=\"twitter:label1\" content=\"Tiempo de lectura\" \/>\n\t<meta name=\"twitter:data1\" content=\"2 minutos\" \/>\n<script type=\"application\/ld+json\" class=\"yoast-schema-graph\">{\"@context\":\"https:\/\/schema.org\",\"@graph\":[{\"@type\":\"WebPage\",\"@id\":\"https:\/\/pdf-online.shop\/es\/beneficios\/\",\"url\":\"https:\/\/pdf-online.shop\/es\/beneficios\/\",\"name\":\"Beneficios - PDF-Online\",\"isPartOf\":{\"@id\":\"https:\/\/pdf-online.shop\/#website\"},\"datePublished\":\"2020-10-06T10:09:18+00:00\",\"breadcrumb\":{\"@id\":\"https:\/\/pdf-online.shop\/es\/beneficios\/#breadcrumb\"},\"inLanguage\":\"es\",\"potentialAction\":[{\"@type\":\"ReadAction\",\"target\":[\"https:\/\/pdf-online.shop\/es\/beneficios\/\"]}]},{\"@type\":\"BreadcrumbList\",\"@id\":\"https:\/\/pdf-online.shop\/es\/beneficios\/#breadcrumb\",\"itemListElement\":[{\"@type\":\"ListItem\",\"position\":1,\"name\":\"Home\",\"item\":\"https:\/\/pdf-online.shop\/es\/\"},{\"@type\":\"ListItem\",\"position\":2,\"name\":\"Beneficios\"}]},{\"@type\":\"WebSite\",\"@id\":\"https:\/\/pdf-online.shop\/#website\",\"url\":\"https:\/\/pdf-online.shop\/\",\"name\":\"PDF-Online\",\"description\":\"\",\"potentialAction\":[{\"@type\":\"SearchAction\",\"target\":{\"@type\":\"EntryPoint\",\"urlTemplate\":\"https:\/\/pdf-online.shop\/?s={search_term_string}\"},\"query-input\":{\"@type\":\"PropertyValueSpecification\",\"valueRequired\":true,\"valueName\":\"search_term_string\"}}],\"inLanguage\":\"es\"}]}<\/script>\n<!-- \/ Yoast SEO plugin. -->","yoast_head_json":{"title":"Beneficios - PDF-Online","robots":{"index":"index","follow":"follow","max-snippet":"max-snippet:-1","max-image-preview":"max-image-preview:large","max-video-preview":"max-video-preview:-1"},"canonical":"https:\/\/pdf-online.shop\/es\/beneficios\/","og_locale":"es_ES","og_type":"article","og_title":"Beneficios - PDF-Online","og_description":"[vc_row][vc_column width=\u00bb1\/6&#8243;][\/vc_column][vc_column width=\u00bb1\/3&#8243;][vc_single_image image=\u00bb6266&#8243; img_size=\u00bbcustom\u00bb full_width=\u00bb\u00bb opacity=\u00bb100&#8243; css_animation=\u00bbfade-right\u00bb][\/vc_column][vc_column width=\u00bb1\/3&#8243;][vc_custom_heading text=\u00bbDispositivos m\u00f3viles\u00bb font_size=\u00bb32&#8243; text_align=\u00bbleft\u00bb text_align_mobile=\u00bbcenter\u00bb][vc_column_text]Disfrute de la lectura digital en varios dispositivos m\u00f3viles como iPad, iPhone, tel\u00e9fonos y tabletas Android. \u00a1No tienes que instalar nada para esto! Simplemente l\u00e9alo en todos los navegadores web.[\/vc_column_text][\/vc_column][vc_column width=\u00bb1\/6&#8243;][\/vc_column][\/vc_row][vc_row][vc_column width=\u00bb1\/6&#8243;][\/vc_column][vc_column width=\u00bb1\/3&#8243;][vc_custom_heading text=\u00bbFunciona en todos los navegadores.\u00bb font_size=\u00bb32&#8243; text_align=\u00bbleft\u00bb text_align_mobile=\u00bbcenter\u00bb][vc_column_text] PDF...Seguir leyendo","og_url":"https:\/\/pdf-online.shop\/es\/beneficios\/","og_site_name":"PDF-Online","twitter_card":"summary_large_image","twitter_misc":{"Tiempo de lectura":"2 minutos"},"schema":{"@context":"https:\/\/schema.org","@graph":[{"@type":"WebPage","@id":"https:\/\/pdf-online.shop\/es\/beneficios\/","url":"https:\/\/pdf-online.shop\/es\/beneficios\/","name":"Beneficios - PDF-Online","isPartOf":{"@id":"https:\/\/pdf-online.shop\/#website"},"datePublished":"2020-10-06T10:09:18+00:00","breadcrumb":{"@id":"https:\/\/pdf-online.shop\/es\/beneficios\/#breadcrumb"},"inLanguage":"es","potentialAction":[{"@type":"ReadAction","target":["https:\/\/pdf-online.shop\/es\/beneficios\/"]}]},{"@type":"BreadcrumbList","@id":"https:\/\/pdf-online.shop\/es\/beneficios\/#breadcrumb","itemListElement":[{"@type":"ListItem","position":1,"name":"Home","item":"https:\/\/pdf-online.shop\/es\/"},{"@type":"ListItem","position":2,"name":"Beneficios"}]},{"@type":"WebSite","@id":"https:\/\/pdf-online.shop\/#website","url":"https:\/\/pdf-online.shop\/","name":"PDF-Online","description":"","potentialAction":[{"@type":"SearchAction","target":{"@type":"EntryPoint","urlTemplate":"https:\/\/pdf-online.shop\/?s={search_term_string}"},"query-input":{"@type":"PropertyValueSpecification","valueRequired":true,"valueName":"search_term_string"}}],"inLanguage":"es"}]}},"_links":{"self":[{"href":"https:\/\/pdf-online.shop\/es\/wp-json\/wp\/v2\/pages\/6865"}],"collection":[{"href":"https:\/\/pdf-online.shop\/es\/wp-json\/wp\/v2\/pages"}],"about":[{"href":"https:\/\/pdf-online.shop\/es\/wp-json\/wp\/v2\/types\/page"}],"author":[{"embeddable":true,"href":"https:\/\/pdf-online.shop\/es\/wp-json\/wp\/v2\/users\/1"}],"replies":[{"embeddable":true,"href":"https:\/\/pdf-online.shop\/es\/wp-json\/wp\/v2\/comments?post=6865"}],"version-history":[{"count":1,"href":"https:\/\/pdf-online.shop\/es\/wp-json\/wp\/v2\/pages\/6865\/revisions"}],"predecessor-version":[{"id":6872,"href":"https:\/\/pdf-online.shop\/es\/wp-json\/wp\/v2\/pages\/6865\/revisions\/6872"}],"wp:attachment":[{"href":"https:\/\/pdf-online.shop\/es\/wp-json\/wp\/v2\/media?parent=6865"}],"curies":[{"name":"wp","href":"https:\/\/api.w.org\/{rel}","templated":true}]}}