{"id":6874,"date":"2020-10-06T10:16:06","date_gmt":"2020-10-06T10:16:06","guid":{"rendered":"https:\/\/www.pdf-online.nl\/declaracion-de-privacidad\/"},"modified":"2020-10-06T10:16:06","modified_gmt":"2020-10-06T10:16:06","slug":"declaracion-de-privacidad","status":"publish","type":"page","link":"https:\/\/pdf-online.shop\/es\/declaracion-de-privacidad\/","title":{"rendered":"Declaraci\u00f3n de privacidad"},"content":{"rendered":"<p>Buro Zero respeta y protege la privacidad de todos los visitantes de su sitio web www.pdf-online.shop. Buro Zero s\u00f3lo utiliza la informaci\u00f3n personal que se le proporciona  para los fines descritos en esta Declaraci\u00f3n de Privacidad. La relaci\u00f3n legal entre t\u00fa y Buro Zero se rige por la ley neerlandesa y el procesamiento de los datos personales es, por tanto, de acuerdo con las aplicables leyes y reglamentos neerlandesas de privacidad, en particular la Ley de Protecci\u00f3n de Datos Personales.<\/p>\n","protected":false},"excerpt":{"rendered":"<p>Buro Zero respeta y protege la privacidad de todos los visitantes de su sitio web www.pdf-online.shop. Buro Zero s\u00f3lo utiliza la informaci\u00f3n personal que se le proporciona para los fines descritos en esta Declaraci\u00f3n de Privacidad. La relaci\u00f3n legal entre t\u00fa y Buro Zero se rige por la ley neerlandesa y el procesamiento de los&#8230;<\/p>\n<p><a rel=\"bookmark\" class=\"theme-button-text wvc-button wvc-button-size-xs\" href=\"https:\/\/pdf-online.shop\/es\/declaracion-de-privacidad\/\"><small class=\"wvc-button-background-fill\"><\/small><span>Seguir leyendo<\/span><\/a><\/p>\n","protected":false},"author":1,"featured_media":0,"parent":0,"menu_order":0,"comment_status":"closed","ping_status":"closed","template":"","meta":{"footnotes":""},"yoast_head":"<!-- This site is optimized with the Yoast SEO plugin v24.5 - https:\/\/yoast.com\/wordpress\/plugins\/seo\/ -->\n<title>Declaraci\u00f3n de privacidad - PDF-Online<\/title>\n<meta name=\"robots\" content=\"index, follow, max-snippet:-1, max-image-preview:large, max-video-preview:-1\" \/>\n<link rel=\"canonical\" href=\"https:\/\/pdf-online.shop\/es\/declaracion-de-privacidad\/\" \/>\n<meta property=\"og:locale\" content=\"es_ES\" \/>\n<meta property=\"og:type\" content=\"article\" \/>\n<meta property=\"og:title\" content=\"Declaraci\u00f3n de privacidad - PDF-Online\" \/>\n<meta property=\"og:description\" content=\"Buro Zero respeta y protege la privacidad de todos los visitantes de su sitio web www.pdf-online.shop. Buro Zero s\u00f3lo utiliza la informaci\u00f3n personal que se le proporciona para los fines descritos en esta Declaraci\u00f3n de Privacidad. La relaci\u00f3n legal entre t\u00fa y Buro Zero se rige por la ley neerlandesa y el procesamiento de los...Seguir leyendo\" \/>\n<meta property=\"og:url\" content=\"https:\/\/pdf-online.shop\/es\/declaracion-de-privacidad\/\" \/>\n<meta property=\"og:site_name\" content=\"PDF-Online\" \/>\n<meta name=\"twitter:card\" content=\"summary_large_image\" \/>\n<script type=\"application\/ld+json\" class=\"yoast-schema-graph\">{\"@context\":\"https:\/\/schema.org\",\"@graph\":[{\"@type\":\"WebPage\",\"@id\":\"https:\/\/pdf-online.shop\/es\/declaracion-de-privacidad\/\",\"url\":\"https:\/\/pdf-online.shop\/es\/declaracion-de-privacidad\/\",\"name\":\"Declaraci\u00f3n de privacidad - PDF-Online\",\"isPartOf\":{\"@id\":\"https:\/\/pdf-online.shop\/#website\"},\"datePublished\":\"2020-10-06T10:16:06+00:00\",\"breadcrumb\":{\"@id\":\"https:\/\/pdf-online.shop\/es\/declaracion-de-privacidad\/#breadcrumb\"},\"inLanguage\":\"es\",\"potentialAction\":[{\"@type\":\"ReadAction\",\"target\":[\"https:\/\/pdf-online.shop\/es\/declaracion-de-privacidad\/\"]}]},{\"@type\":\"BreadcrumbList\",\"@id\":\"https:\/\/pdf-online.shop\/es\/declaracion-de-privacidad\/#breadcrumb\",\"itemListElement\":[{\"@type\":\"ListItem\",\"position\":1,\"name\":\"Home\",\"item\":\"https:\/\/pdf-online.shop\/es\/\"},{\"@type\":\"ListItem\",\"position\":2,\"name\":\"Declaraci\u00f3n de privacidad\"}]},{\"@type\":\"WebSite\",\"@id\":\"https:\/\/pdf-online.shop\/#website\",\"url\":\"https:\/\/pdf-online.shop\/\",\"name\":\"PDF-Online\",\"description\":\"\",\"potentialAction\":[{\"@type\":\"SearchAction\",\"target\":{\"@type\":\"EntryPoint\",\"urlTemplate\":\"https:\/\/pdf-online.shop\/?s={search_term_string}\"},\"query-input\":{\"@type\":\"PropertyValueSpecification\",\"valueRequired\":true,\"valueName\":\"search_term_string\"}}],\"inLanguage\":\"es\"}]}<\/script>\n<!-- \/ Yoast SEO plugin. -->","yoast_head_json":{"title":"Declaraci\u00f3n de privacidad - PDF-Online","robots":{"index":"index","follow":"follow","max-snippet":"max-snippet:-1","max-image-preview":"max-image-preview:large","max-video-preview":"max-video-preview:-1"},"canonical":"https:\/\/pdf-online.shop\/es\/declaracion-de-privacidad\/","og_locale":"es_ES","og_type":"article","og_title":"Declaraci\u00f3n de privacidad - PDF-Online","og_description":"Buro Zero respeta y protege la privacidad de todos los visitantes de su sitio web www.pdf-online.shop. Buro Zero s\u00f3lo utiliza la informaci\u00f3n personal que se le proporciona para los fines descritos en esta Declaraci\u00f3n de Privacidad. La relaci\u00f3n legal entre t\u00fa y Buro Zero se rige por la ley neerlandesa y el procesamiento de los...Seguir leyendo","og_url":"https:\/\/pdf-online.shop\/es\/declaracion-de-privacidad\/","og_site_name":"PDF-Online","twitter_card":"summary_large_image","schema":{"@context":"https:\/\/schema.org","@graph":[{"@type":"WebPage","@id":"https:\/\/pdf-online.shop\/es\/declaracion-de-privacidad\/","url":"https:\/\/pdf-online.shop\/es\/declaracion-de-privacidad\/","name":"Declaraci\u00f3n de privacidad - PDF-Online","isPartOf":{"@id":"https:\/\/pdf-online.shop\/#website"},"datePublished":"2020-10-06T10:16:06+00:00","breadcrumb":{"@id":"https:\/\/pdf-online.shop\/es\/declaracion-de-privacidad\/#breadcrumb"},"inLanguage":"es","potentialAction":[{"@type":"ReadAction","target":["https:\/\/pdf-online.shop\/es\/declaracion-de-privacidad\/"]}]},{"@type":"BreadcrumbList","@id":"https:\/\/pdf-online.shop\/es\/declaracion-de-privacidad\/#breadcrumb","itemListElement":[{"@type":"ListItem","position":1,"name":"Home","item":"https:\/\/pdf-online.shop\/es\/"},{"@type":"ListItem","position":2,"name":"Declaraci\u00f3n de privacidad"}]},{"@type":"WebSite","@id":"https:\/\/pdf-online.shop\/#website","url":"https:\/\/pdf-online.shop\/","name":"PDF-Online","description":"","potentialAction":[{"@type":"SearchAction","target":{"@type":"EntryPoint","urlTemplate":"https:\/\/pdf-online.shop\/?s={search_term_string}"},"query-input":{"@type":"PropertyValueSpecification","valueRequired":true,"valueName":"search_term_string"}}],"inLanguage":"es"}]}},"_links":{"self":[{"href":"https:\/\/pdf-online.shop\/es\/wp-json\/wp\/v2\/pages\/6874"}],"collection":[{"href":"https:\/\/pdf-online.shop\/es\/wp-json\/wp\/v2\/pages"}],"about":[{"href":"https:\/\/pdf-online.shop\/es\/wp-json\/wp\/v2\/types\/page"}],"author":[{"embeddable":true,"href":"https:\/\/pdf-online.shop\/es\/wp-json\/wp\/v2\/users\/1"}],"replies":[{"embeddable":true,"href":"https:\/\/pdf-online.shop\/es\/wp-json\/wp\/v2\/comments?post=6874"}],"version-history":[{"count":0,"href":"https:\/\/pdf-online.shop\/es\/wp-json\/wp\/v2\/pages\/6874\/revisions"}],"wp:attachment":[{"href":"https:\/\/pdf-online.shop\/es\/wp-json\/wp\/v2\/media?parent=6874"}],"curies":[{"name":"wp","href":"https:\/\/api.w.org\/{rel}","templated":true}]}}