{"id":6748,"date":"2020-10-05T08:32:53","date_gmt":"2020-10-05T08:32:53","guid":{"rendered":"https:\/\/www.pdf-online.nl\/faq\/"},"modified":"2020-10-05T10:50:51","modified_gmt":"2020-10-05T10:50:51","slug":"faq","status":"publish","type":"page","link":"https:\/\/pdf-online.shop\/fr\/faq\/","title":{"rendered":"FAQ"},"content":{"rendered":"<p>[vc_row equal_height=\u00a0\u00bb\u00a0\u00bb background_type=\u00a0\u00bbimage\u00a0\u00bb background_color=\u00a0\u00bblightergrey\u00a0\u00bb background_img_lazyload=\u00a0\u00bb1&Prime; add_bottom_shape_divider=\u00a0\u00bbyes\u00a0\u00bb sd_bottom_type=\u00a0\u00bbimage\u00a0\u00bb sd_bottom_opacity=\u00a0\u00bb100&Prime; sd_bottom_zindex=\u00a0\u00bb0&Prime; shift_y=\u00a0\u00bb0&Prime; z_index=\u00a0\u00bb0&Prime; sd_bottom_img=\u00a0\u00bb3826&Prime;][vc_column][vc_custom_heading text=\u00a0\u00bb{{post_title}}\u00a0\u00bb font_size=\u00a0\u00bb48&Prime; tag=\u00a0\u00bbh1&Prime; css=\u00a0\u00bb.vc_custom_1592221008968{padding-top: 180px !important;padding-bottom: 90px !important;}\u00a0\u00bb][\/vc_column][\/vc_row][vc_row equal_height=\u00a0\u00bb\u00a0\u00bb gap=\u00a0\u00bb60&Prime; shift_y=\u00a0\u00bb0&Prime; z_index=\u00a0\u00bb0&Prime;][vc_column][vc_accordion accent_color=\u00a0\u00bbsecondary\u00a0\u00bb css=\u00a0\u00bb.vc_custom_1563379175992{margin-top: -15px !important;}\u00a0\u00bb][vc_accordion_tab title=\u00a0\u00bbComment dois-je soumettre le fichier PDF\u2009?\u00a0\u00bb][vc_column_text]Vous pouvez t\u00e9l\u00e9charger le PDF de la m\u00eame mani\u00e8re que vous l\u2019enverriez \u00e0 l\u2019imprimeur. De pr\u00e9f\u00e9rence sans lignes de coupe. Essayez toujours de garder un nombre pair de pages afin de conserver le format livre.[\/vc_column_text][\/vc_accordion_tab][vc_accordion_tab title=\u00a0\u00bbPuis-je h\u00e9berger moi-m\u00eame le PDF navigable\u2009?\u00a0\u00bb][vc_column_text]Bien entendu, vous pouvez \u00e9galement h\u00e9berger vous-m\u00eame le PDF navigable. Veuillez l\u2019indiquer dans la section \u00ab\u2009Commentaires\u2009\u00bb. Nous enverrons un fichier ZIP avec tous les fichiers. Lorsque vous liez le fichier d\u2019index, le PDF navigable s\u2019affiche.[\/vc_column_text][\/vc_accordion_tab][vc_accordion_tab title=\u00a0\u00bbJe vois Buro Zero sur mon relev\u00e9 bancaire, est-ce exact\u2009?\u00a0\u00bb][vc_column_text]PDF Online est un produit de Buro Zero. C\u2019est la raison pour laquelle les virements se font par le biais du compte Buro Zero.[\/vc_column_text][\/vc_accordion_tab][vc_accordion_tab title=\u00a0\u00bbLe PDF navigable est-il disponible pour les t\u00e9l\u00e9phones portables et les tablettes\u2009?\u00a0\u00bb][vc_column_text]Le PDF navigable est r\u00e9actif et compatible avec tout appareil.[\/vc_column_text][\/vc_accordion_tab][vc_accordion_tab title=\u00a0\u00bbLe PDF navigable peut-il \u00eatre utilis\u00e9 avec n\u2019importe quel navigateur\u2009?\u00a0\u00bb][vc_column_text]PDF Online est optimis\u00e9 pour tout navigateur. Vous pouvez l\u2019ouvrir n\u2019importe o\u00f9.[\/vc_column_text][\/vc_accordion_tab][vc_accordion_tab title=\u00a0\u00bbComment fonctionne l\u2019abonnement aux fichiers PDF\u2009?\u00a0\u00bb][vc_column_text]Lorsque vous achetez un paquet PDF, vous recevez un e-mail s\u00e9par\u00e9 de notre part avec les conditions g\u00e9n\u00e9rales. Par le biais de WeTransfer, vous pouvez envoyer les fichiers PDF. Nous vous le renverrons \u00e0 la m\u00eame adresse. Cela concerne 15 fichiers par mois.[\/vc_column_text][\/vc_accordion_tab][vc_accordion_tab title=\u00a0\u00bbPuis-je effectuer une recherche dans un PDF navigable\u2009?\u00a0\u00bb][vc_column_text]Oui, il est possible de faire une recherche dans le PDF navigable.[\/vc_column_text][\/vc_accordion_tab][\/vc_accordion][\/vc_column][\/vc_row]<\/p>\n","protected":false},"excerpt":{"rendered":"<p>[vc_row equal_height=\u00a0\u00bb\u00a0\u00bb background_type=\u00a0\u00bbimage\u00a0\u00bb background_color=\u00a0\u00bblightergrey\u00a0\u00bb background_img_lazyload=\u00a0\u00bb1&Prime; add_bottom_shape_divider=\u00a0\u00bbyes\u00a0\u00bb sd_bottom_type=\u00a0\u00bbimage\u00a0\u00bb sd_bottom_opacity=\u00a0\u00bb100&Prime; sd_bottom_zindex=\u00a0\u00bb0&Prime; shift_y=\u00a0\u00bb0&Prime; z_index=\u00a0\u00bb0&Prime; sd_bottom_img=\u00a0\u00bb3826&Prime;][vc_column][vc_custom_heading text=\u00a0\u00bb{{post_title}}\u00a0\u00bb font_size=\u00a0\u00bb48&Prime; tag=\u00a0\u00bbh1&Prime; css=\u00a0\u00bb.vc_custom_1592221008968{padding-top: 180px !important;padding-bottom: 90px !important;}\u00a0\u00bb][\/vc_column][\/vc_row][vc_row equal_height=\u00a0\u00bb\u00a0\u00bb gap=\u00a0\u00bb60&Prime; shift_y=\u00a0\u00bb0&Prime; z_index=\u00a0\u00bb0&Prime;][vc_column][vc_accordion accent_color=\u00a0\u00bbsecondary\u00a0\u00bb css=\u00a0\u00bb.vc_custom_1563379175992{margin-top: -15px !important;}\u00a0\u00bb][vc_accordion_tab title=\u00a0\u00bbComment dois-je soumettre le fichier PDF\u2009?\u00a0\u00bb][vc_column_text]Vous pouvez t\u00e9l\u00e9charger le PDF de la m\u00eame mani\u00e8re que vous l\u2019enverriez \u00e0 l\u2019imprimeur. De pr\u00e9f\u00e9rence sans lignes de coupe. Essayez toujours&#8230;<\/p>\n<p><a rel=\"bookmark\" class=\"theme-button-text wvc-button wvc-button-size-xs\" href=\"https:\/\/pdf-online.shop\/fr\/faq\/\"><small class=\"wvc-button-background-fill\"><\/small><span>Continue reading<\/span><\/a><\/p>\n","protected":false},"author":1,"featured_media":0,"parent":0,"menu_order":0,"comment_status":"closed","ping_status":"closed","template":"","meta":{"footnotes":""},"yoast_head":"<!-- This site is optimized with the Yoast SEO plugin v24.5 - https:\/\/yoast.com\/wordpress\/plugins\/seo\/ -->\n<title>FAQ - PDF-Online<\/title>\n<meta name=\"robots\" content=\"index, follow, max-snippet:-1, max-image-preview:large, max-video-preview:-1\" \/>\n<link rel=\"canonical\" href=\"https:\/\/pdf-online.shop\/fr\/faq\/\" \/>\n<meta property=\"og:locale\" content=\"fr_FR\" \/>\n<meta property=\"og:type\" content=\"article\" \/>\n<meta property=\"og:title\" content=\"FAQ - PDF-Online\" \/>\n<meta property=\"og:description\" content=\"[vc_row equal_height=\u00a0\u00bb\u00a0\u00bb background_type=\u00a0\u00bbimage\u00a0\u00bb background_color=\u00a0\u00bblightergrey\u00a0\u00bb background_img_lazyload=\u00a0\u00bb1&Prime; add_bottom_shape_divider=\u00a0\u00bbyes\u00a0\u00bb sd_bottom_type=\u00a0\u00bbimage\u00a0\u00bb sd_bottom_opacity=\u00a0\u00bb100&Prime; sd_bottom_zindex=\u00a0\u00bb0&Prime; shift_y=\u00a0\u00bb0&Prime; z_index=\u00a0\u00bb0&Prime; sd_bottom_img=\u00a0\u00bb3826&Prime;][vc_column][vc_custom_heading text=\u00a0\u00bb{{post_title}}\u00a0\u00bb font_size=\u00a0\u00bb48&Prime; tag=\u00a0\u00bbh1&Prime; css=\u00a0\u00bb.vc_custom_1592221008968{padding-top: 180px !important;padding-bottom: 90px !important;}\u00a0\u00bb][\/vc_column][\/vc_row][vc_row equal_height=\u00a0\u00bb\u00a0\u00bb gap=\u00a0\u00bb60&Prime; shift_y=\u00a0\u00bb0&Prime; z_index=\u00a0\u00bb0&Prime;][vc_column][vc_accordion accent_color=\u00a0\u00bbsecondary\u00a0\u00bb css=\u00a0\u00bb.vc_custom_1563379175992{margin-top: -15px !important;}\u00a0\u00bb][vc_accordion_tab title=\u00a0\u00bbComment dois-je soumettre le fichier PDF\u2009?\u00a0\u00bb][vc_column_text]Vous pouvez t\u00e9l\u00e9charger le PDF de la m\u00eame mani\u00e8re que vous l\u2019enverriez \u00e0 l\u2019imprimeur. De pr\u00e9f\u00e9rence sans lignes de coupe. Essayez toujours...Continue reading\" \/>\n<meta property=\"og:url\" content=\"https:\/\/pdf-online.shop\/fr\/faq\/\" \/>\n<meta property=\"og:site_name\" content=\"PDF-Online\" \/>\n<meta property=\"article:modified_time\" content=\"2020-10-05T10:50:51+00:00\" \/>\n<meta name=\"twitter:card\" content=\"summary_large_image\" \/>\n<meta name=\"twitter:label1\" content=\"Dur\u00e9e de lecture estim\u00e9e\" \/>\n\t<meta name=\"twitter:data1\" content=\"2 minutes\" \/>\n<script type=\"application\/ld+json\" class=\"yoast-schema-graph\">{\"@context\":\"https:\/\/schema.org\",\"@graph\":[{\"@type\":\"WebPage\",\"@id\":\"https:\/\/pdf-online.shop\/fr\/faq\/\",\"url\":\"https:\/\/pdf-online.shop\/fr\/faq\/\",\"name\":\"FAQ - PDF-Online\",\"isPartOf\":{\"@id\":\"https:\/\/pdf-online.shop\/#website\"},\"datePublished\":\"2020-10-05T08:32:53+00:00\",\"dateModified\":\"2020-10-05T10:50:51+00:00\",\"breadcrumb\":{\"@id\":\"https:\/\/pdf-online.shop\/fr\/faq\/#breadcrumb\"},\"inLanguage\":\"fr-FR\",\"potentialAction\":[{\"@type\":\"ReadAction\",\"target\":[\"https:\/\/pdf-online.shop\/fr\/faq\/\"]}]},{\"@type\":\"BreadcrumbList\",\"@id\":\"https:\/\/pdf-online.shop\/fr\/faq\/#breadcrumb\",\"itemListElement\":[{\"@type\":\"ListItem\",\"position\":1,\"name\":\"Home\",\"item\":\"https:\/\/pdf-online.shop\/fr\/\"},{\"@type\":\"ListItem\",\"position\":2,\"name\":\"FAQ\"}]},{\"@type\":\"WebSite\",\"@id\":\"https:\/\/pdf-online.shop\/#website\",\"url\":\"https:\/\/pdf-online.shop\/\",\"name\":\"PDF-Online\",\"description\":\"\",\"potentialAction\":[{\"@type\":\"SearchAction\",\"target\":{\"@type\":\"EntryPoint\",\"urlTemplate\":\"https:\/\/pdf-online.shop\/?s={search_term_string}\"},\"query-input\":{\"@type\":\"PropertyValueSpecification\",\"valueRequired\":true,\"valueName\":\"search_term_string\"}}],\"inLanguage\":\"fr-FR\"}]}<\/script>\n<!-- \/ Yoast SEO plugin. -->","yoast_head_json":{"title":"FAQ - PDF-Online","robots":{"index":"index","follow":"follow","max-snippet":"max-snippet:-1","max-image-preview":"max-image-preview:large","max-video-preview":"max-video-preview:-1"},"canonical":"https:\/\/pdf-online.shop\/fr\/faq\/","og_locale":"fr_FR","og_type":"article","og_title":"FAQ - PDF-Online","og_description":"[vc_row equal_height=\u00a0\u00bb\u00a0\u00bb background_type=\u00a0\u00bbimage\u00a0\u00bb background_color=\u00a0\u00bblightergrey\u00a0\u00bb background_img_lazyload=\u00a0\u00bb1&Prime; add_bottom_shape_divider=\u00a0\u00bbyes\u00a0\u00bb sd_bottom_type=\u00a0\u00bbimage\u00a0\u00bb sd_bottom_opacity=\u00a0\u00bb100&Prime; sd_bottom_zindex=\u00a0\u00bb0&Prime; shift_y=\u00a0\u00bb0&Prime; z_index=\u00a0\u00bb0&Prime; sd_bottom_img=\u00a0\u00bb3826&Prime;][vc_column][vc_custom_heading text=\u00a0\u00bb{{post_title}}\u00a0\u00bb font_size=\u00a0\u00bb48&Prime; tag=\u00a0\u00bbh1&Prime; css=\u00a0\u00bb.vc_custom_1592221008968{padding-top: 180px !important;padding-bottom: 90px !important;}\u00a0\u00bb][\/vc_column][\/vc_row][vc_row equal_height=\u00a0\u00bb\u00a0\u00bb gap=\u00a0\u00bb60&Prime; shift_y=\u00a0\u00bb0&Prime; z_index=\u00a0\u00bb0&Prime;][vc_column][vc_accordion accent_color=\u00a0\u00bbsecondary\u00a0\u00bb css=\u00a0\u00bb.vc_custom_1563379175992{margin-top: -15px !important;}\u00a0\u00bb][vc_accordion_tab title=\u00a0\u00bbComment dois-je soumettre le fichier PDF\u2009?\u00a0\u00bb][vc_column_text]Vous pouvez t\u00e9l\u00e9charger le PDF de la m\u00eame mani\u00e8re que vous l\u2019enverriez \u00e0 l\u2019imprimeur. De pr\u00e9f\u00e9rence sans lignes de coupe. Essayez toujours...Continue reading","og_url":"https:\/\/pdf-online.shop\/fr\/faq\/","og_site_name":"PDF-Online","article_modified_time":"2020-10-05T10:50:51+00:00","twitter_card":"summary_large_image","twitter_misc":{"Dur\u00e9e de lecture estim\u00e9e":"2 minutes"},"schema":{"@context":"https:\/\/schema.org","@graph":[{"@type":"WebPage","@id":"https:\/\/pdf-online.shop\/fr\/faq\/","url":"https:\/\/pdf-online.shop\/fr\/faq\/","name":"FAQ - PDF-Online","isPartOf":{"@id":"https:\/\/pdf-online.shop\/#website"},"datePublished":"2020-10-05T08:32:53+00:00","dateModified":"2020-10-05T10:50:51+00:00","breadcrumb":{"@id":"https:\/\/pdf-online.shop\/fr\/faq\/#breadcrumb"},"inLanguage":"fr-FR","potentialAction":[{"@type":"ReadAction","target":["https:\/\/pdf-online.shop\/fr\/faq\/"]}]},{"@type":"BreadcrumbList","@id":"https:\/\/pdf-online.shop\/fr\/faq\/#breadcrumb","itemListElement":[{"@type":"ListItem","position":1,"name":"Home","item":"https:\/\/pdf-online.shop\/fr\/"},{"@type":"ListItem","position":2,"name":"FAQ"}]},{"@type":"WebSite","@id":"https:\/\/pdf-online.shop\/#website","url":"https:\/\/pdf-online.shop\/","name":"PDF-Online","description":"","potentialAction":[{"@type":"SearchAction","target":{"@type":"EntryPoint","urlTemplate":"https:\/\/pdf-online.shop\/?s={search_term_string}"},"query-input":{"@type":"PropertyValueSpecification","valueRequired":true,"valueName":"search_term_string"}}],"inLanguage":"fr-FR"}]}},"_links":{"self":[{"href":"https:\/\/pdf-online.shop\/fr\/wp-json\/wp\/v2\/pages\/6748"}],"collection":[{"href":"https:\/\/pdf-online.shop\/fr\/wp-json\/wp\/v2\/pages"}],"about":[{"href":"https:\/\/pdf-online.shop\/fr\/wp-json\/wp\/v2\/types\/page"}],"author":[{"embeddable":true,"href":"https:\/\/pdf-online.shop\/fr\/wp-json\/wp\/v2\/users\/1"}],"replies":[{"embeddable":true,"href":"https:\/\/pdf-online.shop\/fr\/wp-json\/wp\/v2\/comments?post=6748"}],"version-history":[{"count":2,"href":"https:\/\/pdf-online.shop\/fr\/wp-json\/wp\/v2\/pages\/6748\/revisions"}],"predecessor-version":[{"id":6801,"href":"https:\/\/pdf-online.shop\/fr\/wp-json\/wp\/v2\/pages\/6748\/revisions\/6801"}],"wp:attachment":[{"href":"https:\/\/pdf-online.shop\/fr\/wp-json\/wp\/v2\/media?parent=6748"}],"curies":[{"name":"wp","href":"https:\/\/api.w.org\/{rel}","templated":true}]}}