{"id":6750,"date":"2020-10-05T08:38:57","date_gmt":"2020-10-05T08:38:57","guid":{"rendered":"https:\/\/www.pdf-online.nl\/a-propos-de-nous\/"},"modified":"2020-10-05T10:49:59","modified_gmt":"2020-10-05T10:49:59","slug":"a-propos-de-nous","status":"publish","type":"page","link":"https:\/\/pdf-online.shop\/fr\/a-propos-de-nous\/","title":{"rendered":"\u00c0 propos de nous"},"content":{"rendered":"<p>[vc_row columns_placement=\u00a0\u00bbmiddle\u00a0\u00bb equal_height=\u00a0\u00bb\u00a0\u00bb content_placement=\u00a0\u00bbmiddle\u00a0\u00bb background_type=\u00a0\u00bbimage\u00a0\u00bb background_color=\u00a0\u00bblightergrey\u00a0\u00bb background_img_lazyload=\u00a0\u00bb1&Prime; add_bottom_shape_divider=\u00a0\u00bbyes\u00a0\u00bb sd_bottom_type=\u00a0\u00bbimage\u00a0\u00bb sd_bottom_opacity=\u00a0\u00bb100&Prime; sd_bottom_zindex=\u00a0\u00bb0&Prime; shift_y=\u00a0\u00bb0&Prime; z_index=\u00a0\u00bb0&Prime; min_height=\u00a0\u00bb450&Prime; css=\u00a0\u00bb.vc_custom_1592219801806{padding-bottom: 40px !important;}\u00a0\u00bb sd_bottom_img=\u00a0\u00bb3826&Prime;][vc_column width=\u00a0\u00bb1\/2&Prime;][vc_custom_heading text=\u00a0\u00bb{{page_title}}\u00a0\u00bb font_size=\u00a0\u00bb48&Prime; text_align=\u00a0\u00bbleft\u00a0\u00bb tag=\u00a0\u00bbh1&Prime; css_animation=\u00a0\u00bbfadeInUp\u00a0\u00bb css=\u00a0\u00bb.vc_custom_1563461635117{margin-bottom: 15px !important;}\u00a0\u00bb][vc_column_text css_animation=\u00a0\u00bbfade\u00a0\u00bb css_animation_delay=\u00a0\u00bb300&Prime;]<span style=\"font-size: 14pt;\">PDF Online est un produit de Buro Zero. PDF Online convertit les fichiers PDF en PDF navigables r\u00e9actifs. PDF Online est d\u00e9j\u00e0 actif depuis plus de 10 ans dans la branche et a d\u00e9j\u00e0 converti plus de 20\u2009000 fichiers PDF.<\/span>[\/vc_column_text][\/vc_column][vc_column width=\u00a0\u00bb1\/2&Prime;]\n\t\t\t\t<p class=\"rs-p-wp-fix\"><\/p>\n\t\t\t\t<sr7-module data-alias=\"app_dev\" data-id=\"4\" id=\"SR7_4_1\" class=\"rs-ov-hidden\" data-version=\"6.7.51\">\n\t\t\t\t\t<sr7-adjuster><\/sr7-adjuster>\n\t\t\t\t\t<sr7-content>\n\t\t\t\t\t\t<sr7-slide id=\"SR7_4_1-5\" data-key=\"5\">\n\t\t\t\t\t\t<\/sr7-slide>\n\t\t\t\t\t\t<sr7-slide id=\"SR7_4_1-45\" data-key=\"45\">\n\t\t\t\t\t\t<\/sr7-slide>\n\t\t\t\t\t<\/sr7-content>\n\t\t\t\t\t<image_lists style=\"display:none\">\n\t\t\t\t\t\t<img data-src=\"\/\/pdf-online.shop\/wp-content\/uploads\/2020\/06\/home-icon-2.png\" data-libid=\"5071\" alt=\"shade\" title=\"home-icon-2\" width=\"0\" height=\"0\" data-dbsrc=\"Ly9wZGYtb25saW5lLnNob3Avd3AtY29udGVudC91cGxvYWRzLzIwMjAvMDYvaG9tZS1pY29uLTIucG5n\"\/>\n\t\t\t\t\t\t<img data-src=\"\/\/pdf-online.shop\/wp-content\/uploads\/2020\/06\/icon-jaarverslagen-def.png\" data-libid=\"5917\" title=\"icon-jaarverslagen-def\" width=\"0\" height=\"0\" data-dbsrc=\"Ly9wZGYtb25saW5lLnNob3Avd3AtY29udGVudC91cGxvYWRzLzIwMjAvMDYvaWNvbi1qYWFydmVyc2xhZ2VuLWRlZi5wbmc=\"\/>\n\t\t\t\t\t\t<img data-src=\"\/\/pdf-online.shop\/wp-content\/uploads\/2020\/06\/circle.png\" data-libid=\"5921\" title=\"circle\" width=\"0\" height=\"0\" data-dbsrc=\"Ly9wZGYtb25saW5lLnNob3Avd3AtY29udGVudC91cGxvYWRzLzIwMjAvMDYvY2lyY2xlLnBuZw==\"\/>\n\t\t\t\t\t\t<img data-src=\"\/\/pdf-online.shop\/wp-content\/uploads\/2020\/06\/table.png\" data-libid=\"5924\" title=\"table\" width=\"0\" height=\"0\" data-dbsrc=\"Ly9wZGYtb25saW5lLnNob3Avd3AtY29udGVudC91cGxvYWRzLzIwMjAvMDYvdGFibGUucG5n\"\/>\n\t\t\t\t\t\t<img data-src=\"\/\/pdf-online.shop\/wp-content\/uploads\/2020\/06\/tabel2.png\" data-libid=\"5926\" title=\"tabel2\" width=\"0\" height=\"0\" data-dbsrc=\"Ly9wZGYtb25saW5lLnNob3Avd3AtY29udGVudC91cGxvYWRzLzIwMjAvMDYvdGFiZWwyLnBuZw==\"\/>\n\t\t\t\t\t\t<img data-src=\"\/\/pdf-online.shop\/wp-content\/uploads\/2020\/06\/cirle2.png\" data-libid=\"5929\" title=\"cirle2\" width=\"0\" height=\"0\" data-dbsrc=\"Ly9wZGYtb25saW5lLnNob3Avd3AtY29udGVudC91cGxvYWRzLzIwMjAvMDYvY2lybGUyLnBuZw==\"\/>\n\t\t\t\t\t<\/image_lists>\n\t\t\t\t<\/sr7-module>\n\t\t\t\t<script>\n\t\t\t\t\twindow.SR7 ??={};SR7.PMH ??={}; SR7.PMH[\"SR7_4_1\"] = {cn:100,state:false,fn: function() { if (window._tpt!==undefined && window._tpt.prepareModuleHeight !== undefined) {  _tpt.prepareModuleHeight({id:\"SR7_4_1\",el:[600,600,768,960,720],type:'hero',shdw:'0',gh:[600,600,768,960,720],gw:[600,600,1024,778,480],vpt:['50%&#039;,&#039;50%&#039;,&#039;50%&#039;,&#039;50%&#039;,&#039;50%'],size:{fullWidth:false, fullHeight:false},mh:'0',onh:0,onw:0,bg:{color:'{\"orig\":\"transparent\",\"type\":\"solid\",\"string\":\"transparent\"}'},plType:'-1',plColor:'#FFFFFF'});   SR7.PMH[\"SR7_4_1\"].state=true;} else if(SR7.PMH[\"SR7_4_1\"].cn-->0)\tsetTimeout( SR7.PMH[\"SR7_4_1\"].fn,19);}};SR7.PMH[\"SR7_4_1\" ].fn();\n\t\t\t\t<\/script>\n[\/vc_column][\/vc_row][vc_row equal_height=\u00a0\u00bb\u00a0\u00bb gap=\u00a0\u00bb100&Prime; shift_y=\u00a0\u00bb0&Prime; z_index=\u00a0\u00bb0&Prime;][vc_column width=\u00a0\u00bb1\/3&Prime; shift_x=\u00a0\u00bb0&Prime; shift_y=\u00a0\u00bb0&Prime; z_index=\u00a0\u00bb0&Prime; css_animation=\u00a0\u00bbfade-up\u00a0\u00bb][vc_custom_heading text=\u00a0\u00bbFiable\u00a0\u00bb font_size=\u00a0\u00bb28&Prime; text_align=\u00a0\u00bbleft\u00a0\u00bb css=\u00a0\u00bb.vc_custom_1592915690712{margin-bottom: 15px !important;}\u00a0\u00bb][vc_column_text]PDF Online est actif depuis 10 ans dans la publication num\u00e9rique. Notre riche exp\u00e9rience fait de nous un partenaire fiable pour les petites et grandes entreprises.[\/vc_column_text][\/vc_column][vc_column width=\u00a0\u00bb1\/3&Prime; shift_x=\u00a0\u00bb0&Prime; shift_y=\u00a0\u00bb0&Prime; z_index=\u00a0\u00bb0&Prime; css_animation=\u00a0\u00bbfade-up\u00a0\u00bb css_animation_delay=\u00a0\u00bb300&Prime;][vc_custom_heading text=\u00a0\u00bbLivr\u00e9 dans les 48 heures\u00a0\u00bb font_size=\u00a0\u00bb28&Prime; text_align=\u00a0\u00bbleft\u00a0\u00bb css=\u00a0\u00bb.vc_custom_1592915718293{margin-bottom: 15px !important;}\u00a0\u00bb][vc_column_text]Nous convertissons votre fichier PDF dans les 48 heures en un PDF navigable, personnalis\u00e9 \u00e0 votre style maison. Simple et rapide.[\/vc_column_text][\/vc_column][vc_column width=\u00a0\u00bb1\/3&Prime; shift_x=\u00a0\u00bb0&Prime; shift_y=\u00a0\u00bb0&Prime; z_index=\u00a0\u00bb0&Prime; css_animation=\u00a0\u00bbfade-up\u00a0\u00bb css_animation_delay=\u00a0\u00bb600&Prime;][vc_custom_heading text=\u00a0\u00bbAvantageux\u00a0\u00bb font_size=\u00a0\u00bb28&Prime; text_align=\u00a0\u00bbleft\u00a0\u00bb css=\u00a0\u00bb.vc_custom_1592915729721{margin-bottom: 15px !important;}\u00a0\u00bb][vc_column_text]PDF Online est le moyen le moins cher de convertir votre fichier PDF. Choisissez un tarif unique pour un fichier PDF ou souscrivez un abonnement \u00e0 un co\u00fbt fixe comp\u00e9titif mensuel.[\/vc_column_text][\/vc_column][\/vc_row][vc_row columns_placement=\u00a0\u00bbmiddle\u00a0\u00bb equal_height=\u00a0\u00bbyes\u00a0\u00bb content_placement=\u00a0\u00bbmiddle\u00a0\u00bb shift_y=\u00a0\u00bb0&Prime; z_index=\u00a0\u00bb0&Prime; min_height=\u00a0\u00bb400&Prime; css=\u00a0\u00bb.vc_custom_1563534807697{padding-top: 0px !important;padding-bottom: 0px !important;}\u00a0\u00bb][vc_column width=\u00a0\u00bb1\/2&Prime;]\n\t\t\t\t<p class=\"rs-p-wp-fix\"><\/p>\n\t\t\t\t<sr7-module data-alias=\"data_protection\" data-id=\"9\" id=\"SR7_9_2\" class=\"rs-ov-hidden\" data-version=\"6.7.51\">\n\t\t\t\t\t<sr7-adjuster><\/sr7-adjuster>\n\t\t\t\t\t<sr7-content>\n\t\t\t\t\t\t<sr7-slide id=\"SR7_9_2-11\" data-key=\"11\">\n\t\t\t\t\t\t<\/sr7-slide>\n\t\t\t\t\t\t<sr7-slide id=\"SR7_9_2-48\" data-key=\"48\">\n\t\t\t\t\t\t<\/sr7-slide>\n\t\t\t\t\t<\/sr7-content>\n\t\t\t\t\t<image_lists style=\"display:none\">\n\t\t\t\t\t\t<img data-src=\"\/\/pdf-online.shop\/wp-content\/uploads\/2020\/06\/background-enterprice.png\" data-libid=\"5955\" title=\"background-enterprice\" width=\"0\" height=\"0\" data-dbsrc=\"Ly9wZGYtb25saW5lLnNob3Avd3AtY29udGVudC91cGxvYWRzLzIwMjAvMDYvYmFja2dyb3VuZC1lbnRlcnByaWNlLnBuZw==\"\/>\n\t\t\t\t\t\t<img data-src=\"\/\/pdf-online.shop\/wp-content\/uploads\/2020\/06\/icon-home-telefoon.png\" data-libid=\"5958\" title=\"icon-home-telefoon\" width=\"0\" height=\"0\" data-dbsrc=\"Ly9wZGYtb25saW5lLnNob3Avd3AtY29udGVudC91cGxvYWRzLzIwMjAvMDYvaWNvbi1ob21lLXRlbGVmb29uLnBuZw==\"\/>\n\t\t\t\t\t\t<img data-src=\"\/\/pdf-online.shop\/wp-content\/uploads\/2020\/06\/icon-home-persoon.png\" data-libid=\"5078\" alt=\"persoon\" title=\"icon-home-persoon\" width=\"0\" height=\"0\" data-dbsrc=\"Ly9wZGYtb25saW5lLnNob3Avd3AtY29udGVudC91cGxvYWRzLzIwMjAvMDYvaWNvbi1ob21lLXBlcnNvb24ucG5n\"\/>\n\t\t\t\t\t\t<img data-src=\"\/\/pdf-online.shop\/wp-content\/uploads\/2020\/06\/icon-cloud-home.png\" data-libid=\"5076\" alt=\"cloud\" title=\"icon-cloud-home\" width=\"0\" height=\"0\" data-dbsrc=\"Ly9wZGYtb25saW5lLnNob3Avd3AtY29udGVudC91cGxvYWRzLzIwMjAvMDYvaWNvbi1jbG91ZC1ob21lLnBuZw==\"\/>\n\t\t\t\t\t\t<img data-src=\"\/\/pdf-online.shop\/wp-content\/uploads\/2020\/06\/wifi-icon-home.png\" data-libid=\"5077\" alt=\"wifi\" title=\"wifi-icon-home\" width=\"0\" height=\"0\" data-dbsrc=\"Ly9wZGYtb25saW5lLnNob3Avd3AtY29udGVudC91cGxvYWRzLzIwMjAvMDYvd2lmaS1pY29uLWhvbWUucG5n\"\/>\n\t\t\t\t\t\t<img data-src=\"\/\/pdf-online.shop\/wp-content\/uploads\/2020\/06\/@-2.png\" data-libid=\"5961\" alt=\"@\" title=\"@-2\" width=\"0\" height=\"0\" data-dbsrc=\"Ly9wZGYtb25saW5lLnNob3Avd3AtY29udGVudC91cGxvYWRzLzIwMjAvMDYvQC0yLnBuZw==\"\/>\n\t\t\t\t\t\t<img data-src=\"\/\/pdf-online.shop\/wp-content\/uploads\/2020\/06\/cloud-pink.png\" data-libid=\"5082\" title=\"cloud-pink\" width=\"0\" height=\"0\" data-dbsrc=\"Ly9wZGYtb25saW5lLnNob3Avd3AtY29udGVudC91cGxvYWRzLzIwMjAvMDYvY2xvdWQtcGluay5wbmc=\"\/>\n\t\t\t\t\t<\/image_lists>\n\t\t\t\t<\/sr7-module>\n\t\t\t\t<script>\n\t\t\t\t\twindow.SR7 ??={};SR7.PMH ??={}; SR7.PMH[\"SR7_9_2\"] = {cn:100,state:false,fn: function() { if (window._tpt!==undefined && window._tpt.prepareModuleHeight !== undefined) {  _tpt.prepareModuleHeight({id:\"SR7_9_2\",el:[575,575,768,960,720],type:'hero',shdw:'0',gh:[575,575,575,575,394],gw:[700,700,700,700,480],vpt:['50%'],size:{fullWidth:false, fullHeight:false},mh:'0',onh:0,onw:0,bg:{color:'{\"orig\":\"transparent\",\"type\":\"solid\",\"string\":\"transparent\"}'},plType:'-1',plColor:'#FFFFFF'});   SR7.PMH[\"SR7_9_2\"].state=true;} else if(SR7.PMH[\"SR7_9_2\"].cn-->0)\tsetTimeout( SR7.PMH[\"SR7_9_2\"].fn,19);}};SR7.PMH[\"SR7_9_2\" ].fn();\n\t\t\t\t<\/script>\n[\/vc_column][vc_column width=\u00a0\u00bb1\/2&Prime;][vc_custom_heading text=\u00a0\u00bbDes r\u00e9ponses rapides \u00e0 vos questions\u00a0\u00bb font_size=\u00a0\u00bb32&Prime; text_align=\u00a0\u00bbleft\u00a0\u00bb][vc_column_text]Si vous avez une question, regardez notre page FAQ ou posez-la par l\u2019interm\u00e9diaire de notre formulaire de contrat. Notre \u00e9quipe de support essayera de vous aider aussi vite que possible. Nous vous aiderons volontiers \u00e0 cr\u00e9er un PDF navigable de belle qualit\u00e9.[\/vc_column_text][vc_button button_type=\u00a0\u00bbtheme-button-special-accent-secondary\u00a0\u00bb title=\u00a0\u00bbContactez nous\u00a0\u00bb align=\u00a0\u00bbleft\u00a0\u00bb font_weight=\u00a0\u00bb700&Prime; link=\u00a0\u00bburl:http%3A%2F%2Fpdf-online.shop%2Fcontact-us%2F|title:Contact%20Us||\u00a0\u00bb css_animation=\u00a0\u00bbfade\u00a0\u00bb css_animation_delay=\u00a0\u00bb600&Prime;][vc_empty_space height=\u00a0\u00bb20px\u00a0\u00bb][\/vc_column][\/vc_row][vc_row columns_placement=\u00a0\u00bbmiddle\u00a0\u00bb equal_height=\u00a0\u00bbyes\u00a0\u00bb content_placement=\u00a0\u00bbmiddle\u00a0\u00bb shift_y=\u00a0\u00bb0&Prime; z_index=\u00a0\u00bb0&Prime; min_height=\u00a0\u00bb400&Prime; css=\u00a0\u00bb.vc_custom_1563535499904{padding-top: 0px !important;}\u00a0\u00bb][vc_column width=\u00a0\u00bb1\/2&Prime;][vc_custom_heading text=\u00a0\u00bbLes avantages de PDF Online\u00a0\u00bb font_size=\u00a0\u00bb32&Prime; text_align=\u00a0\u00bbleft\u00a0\u00bb][vc_column_text]<span style=\"font-size: 12pt;\">Le PDF navigable en ligne est optimis\u00e9 pour tout appareil et fonctionne avec tous les navigateurs. Nous h\u00e9bergeons le PDF gratuitement et sans publicit\u00e9. L\u2019\u00e9dition num\u00e9rique rend cette solution \u00e9cologique et respectueuse de l\u2019environnement.<\/span>[\/vc_column_text][\/vc_column][vc_column width=\u00a0\u00bb1\/2&Prime;]\n\t\t\t\t<p class=\"rs-p-wp-fix\"><\/p>\n\t\t\t\t<sr7-module data-alias=\"ui_medlay_1\" data-id=\"20\" id=\"SR7_20_3\" data-version=\"6.7.51\">\n\t\t\t\t\t<sr7-adjuster><\/sr7-adjuster>\n\t\t\t\t\t<sr7-content>\n\t\t\t\t\t\t<sr7-slide id=\"SR7_20_3-24\" data-key=\"24\">\n\t\t\t\t\t\t<\/sr7-slide>\n\t\t\t\t\t\t<sr7-slide id=\"SR7_20_3-49\" data-key=\"49\">\n\t\t\t\t\t\t<\/sr7-slide>\n\t\t\t\t\t<\/sr7-content>\n\t\t\t\t<\/sr7-module>\n\t\t\t\t<script>\n\t\t\t\t\twindow.SR7 ??={};SR7.PMH ??={}; SR7.PMH[\"SR7_20_3\"] = {cn:100,state:false,fn: function() { if (window._tpt!==undefined && window._tpt.prepareModuleHeight !== undefined) {  _tpt.prepareModuleHeight({id:\"SR7_20_3\",el:[700],type:'hero',shdw:'0',gh:[700],gw:[800],vpt:['50%'],size:{fullWidth:false, fullHeight:false},mh:'0',onh:0,onw:0,bg:{color:'transparent'},plType:'-1',plColor:'#FFFFFF'});   SR7.PMH[\"SR7_20_3\"].state=true;} else if(SR7.PMH[\"SR7_20_3\"].cn-->0)\tsetTimeout( SR7.PMH[\"SR7_20_3\"].fn,19);}};SR7.PMH[\"SR7_20_3\" ].fn();\n\t\t\t\t<\/script>\n[\/vc_column][\/vc_row][vc_row][vc_column][vc_row columns_placement=\"middle\" equal_height=\"yes\" content_placement=\"middle\" background_type=\"transparent\" shift_y=\"0\" z_index=\"0\" min_height=\"250\" el_class=\"start-pdf\"][vc_column][vc_cta h2=\"Commencez \u00e0 cr\u00e9er votre PDF maintenant!\" font_size=\"32\" btn_button_type=\"theme-button-special-accent-secondary\" btn_title=\"Commencez imm\u00e9diatement\" btn_font_weight=\"700\" btn_link=\"url:http%3A%2F%2Fpdf-online.shop%2Ftarieven%2F|title:Tarifs|\"][\/vc_column][\/vc_row][\/vc_column][\/vc_row]<\/p>\n","protected":false},"excerpt":{"rendered":"<p>[vc_row columns_placement=\u00a0\u00bbmiddle\u00a0\u00bb equal_height=\u00a0\u00bb\u00a0\u00bb content_placement=\u00a0\u00bbmiddle\u00a0\u00bb background_type=\u00a0\u00bbimage\u00a0\u00bb background_color=\u00a0\u00bblightergrey\u00a0\u00bb background_img_lazyload=\u00a0\u00bb1&Prime; add_bottom_shape_divider=\u00a0\u00bbyes\u00a0\u00bb sd_bottom_type=\u00a0\u00bbimage\u00a0\u00bb sd_bottom_opacity=\u00a0\u00bb100&Prime; sd_bottom_zindex=\u00a0\u00bb0&Prime; shift_y=\u00a0\u00bb0&Prime; z_index=\u00a0\u00bb0&Prime; min_height=\u00a0\u00bb450&Prime; css=\u00a0\u00bb.vc_custom_1592219801806{padding-bottom: 40px !important;}\u00a0\u00bb sd_bottom_img=\u00a0\u00bb3826&Prime;][vc_column width=\u00a0\u00bb1\/2&Prime;][vc_custom_heading text=\u00a0\u00bb{{page_title}}\u00a0\u00bb font_size=\u00a0\u00bb48&Prime; text_align=\u00a0\u00bbleft\u00a0\u00bb tag=\u00a0\u00bbh1&Prime; css_animation=\u00a0\u00bbfadeInUp\u00a0\u00bb css=\u00a0\u00bb.vc_custom_1563461635117{margin-bottom: 15px !important;}\u00a0\u00bb][vc_column_text css_animation=\u00a0\u00bbfade\u00a0\u00bb css_animation_delay=\u00a0\u00bb300&Prime;]PDF Online est un produit de Buro Zero. PDF Online convertit les fichiers PDF en PDF navigables r\u00e9actifs. PDF Online est d\u00e9j\u00e0 actif depuis plus de 10&#8230;<\/p>\n<p><a rel=\"bookmark\" class=\"theme-button-text wvc-button wvc-button-size-xs\" href=\"https:\/\/pdf-online.shop\/fr\/a-propos-de-nous\/\"><small class=\"wvc-button-background-fill\"><\/small><span>Continue reading<\/span><\/a><\/p>\n","protected":false},"author":1,"featured_media":0,"parent":0,"menu_order":0,"comment_status":"closed","ping_status":"closed","template":"","meta":{"footnotes":""},"yoast_head":"<!-- This site is optimized with the Yoast SEO plugin v24.5 - https:\/\/yoast.com\/wordpress\/plugins\/seo\/ -->\n<title>\u00c0 propos de nous - PDF-Online<\/title>\n<meta name=\"robots\" content=\"noindex, follow\" \/>\n<meta property=\"og:locale\" content=\"fr_FR\" \/>\n<meta property=\"og:type\" content=\"article\" \/>\n<meta property=\"og:title\" content=\"\u00c0 propos de nous - PDF-Online\" \/>\n<meta property=\"og:description\" content=\"[vc_row columns_placement=\u00a0\u00bbmiddle\u00a0\u00bb equal_height=\u00a0\u00bb\u00a0\u00bb content_placement=\u00a0\u00bbmiddle\u00a0\u00bb background_type=\u00a0\u00bbimage\u00a0\u00bb background_color=\u00a0\u00bblightergrey\u00a0\u00bb background_img_lazyload=\u00a0\u00bb1&Prime; add_bottom_shape_divider=\u00a0\u00bbyes\u00a0\u00bb sd_bottom_type=\u00a0\u00bbimage\u00a0\u00bb sd_bottom_opacity=\u00a0\u00bb100&Prime; sd_bottom_zindex=\u00a0\u00bb0&Prime; shift_y=\u00a0\u00bb0&Prime; z_index=\u00a0\u00bb0&Prime; min_height=\u00a0\u00bb450&Prime; css=\u00a0\u00bb.vc_custom_1592219801806{padding-bottom: 40px !important;}\u00a0\u00bb sd_bottom_img=\u00a0\u00bb3826&Prime;][vc_column width=\u00a0\u00bb1\/2&Prime;][vc_custom_heading text=\u00a0\u00bb{{page_title}}\u00a0\u00bb font_size=\u00a0\u00bb48&Prime; text_align=\u00a0\u00bbleft\u00a0\u00bb tag=\u00a0\u00bbh1&Prime; css_animation=\u00a0\u00bbfadeInUp\u00a0\u00bb css=\u00a0\u00bb.vc_custom_1563461635117{margin-bottom: 15px !important;}\u00a0\u00bb][vc_column_text css_animation=\u00a0\u00bbfade\u00a0\u00bb css_animation_delay=\u00a0\u00bb300&Prime;]PDF Online est un produit de Buro Zero. PDF Online convertit les fichiers PDF en PDF navigables r\u00e9actifs. PDF Online est d\u00e9j\u00e0 actif depuis plus de 10...Continue reading\" \/>\n<meta property=\"og:url\" content=\"https:\/\/pdf-online.shop\/fr\/a-propos-de-nous\/\" \/>\n<meta property=\"og:site_name\" content=\"PDF-Online\" \/>\n<meta property=\"article:modified_time\" content=\"2020-10-05T10:49:59+00:00\" \/>\n<meta name=\"twitter:card\" content=\"summary_large_image\" \/>\n<meta name=\"twitter:label1\" content=\"Dur\u00e9e de lecture estim\u00e9e\" \/>\n\t<meta name=\"twitter:data1\" content=\"3 minutes\" \/>\n<script type=\"application\/ld+json\" class=\"yoast-schema-graph\">{\"@context\":\"https:\/\/schema.org\",\"@graph\":[{\"@type\":\"WebPage\",\"@id\":\"https:\/\/pdf-online.shop\/fr\/a-propos-de-nous\/\",\"url\":\"https:\/\/pdf-online.shop\/fr\/a-propos-de-nous\/\",\"name\":\"\u00c0 propos de nous - PDF-Online\",\"isPartOf\":{\"@id\":\"https:\/\/pdf-online.shop\/#website\"},\"datePublished\":\"2020-10-05T08:38:57+00:00\",\"dateModified\":\"2020-10-05T10:49:59+00:00\",\"breadcrumb\":{\"@id\":\"https:\/\/pdf-online.shop\/fr\/a-propos-de-nous\/#breadcrumb\"},\"inLanguage\":\"fr-FR\",\"potentialAction\":[{\"@type\":\"ReadAction\",\"target\":[\"https:\/\/pdf-online.shop\/fr\/a-propos-de-nous\/\"]}]},{\"@type\":\"BreadcrumbList\",\"@id\":\"https:\/\/pdf-online.shop\/fr\/a-propos-de-nous\/#breadcrumb\",\"itemListElement\":[{\"@type\":\"ListItem\",\"position\":1,\"name\":\"Home\",\"item\":\"https:\/\/pdf-online.shop\/fr\/\"},{\"@type\":\"ListItem\",\"position\":2,\"name\":\"\u00c0 propos de nous\"}]},{\"@type\":\"WebSite\",\"@id\":\"https:\/\/pdf-online.shop\/#website\",\"url\":\"https:\/\/pdf-online.shop\/\",\"name\":\"PDF-Online\",\"description\":\"\",\"potentialAction\":[{\"@type\":\"SearchAction\",\"target\":{\"@type\":\"EntryPoint\",\"urlTemplate\":\"https:\/\/pdf-online.shop\/?s={search_term_string}\"},\"query-input\":{\"@type\":\"PropertyValueSpecification\",\"valueRequired\":true,\"valueName\":\"search_term_string\"}}],\"inLanguage\":\"fr-FR\"}]}<\/script>\n<!-- \/ Yoast SEO plugin. -->","yoast_head_json":{"title":"\u00c0 propos de nous - PDF-Online","robots":{"index":"noindex","follow":"follow"},"og_locale":"fr_FR","og_type":"article","og_title":"\u00c0 propos de nous - PDF-Online","og_description":"[vc_row columns_placement=\u00a0\u00bbmiddle\u00a0\u00bb equal_height=\u00a0\u00bb\u00a0\u00bb content_placement=\u00a0\u00bbmiddle\u00a0\u00bb background_type=\u00a0\u00bbimage\u00a0\u00bb background_color=\u00a0\u00bblightergrey\u00a0\u00bb background_img_lazyload=\u00a0\u00bb1&Prime; add_bottom_shape_divider=\u00a0\u00bbyes\u00a0\u00bb sd_bottom_type=\u00a0\u00bbimage\u00a0\u00bb sd_bottom_opacity=\u00a0\u00bb100&Prime; sd_bottom_zindex=\u00a0\u00bb0&Prime; shift_y=\u00a0\u00bb0&Prime; z_index=\u00a0\u00bb0&Prime; min_height=\u00a0\u00bb450&Prime; css=\u00a0\u00bb.vc_custom_1592219801806{padding-bottom: 40px !important;}\u00a0\u00bb sd_bottom_img=\u00a0\u00bb3826&Prime;][vc_column width=\u00a0\u00bb1\/2&Prime;][vc_custom_heading text=\u00a0\u00bb{{page_title}}\u00a0\u00bb font_size=\u00a0\u00bb48&Prime; text_align=\u00a0\u00bbleft\u00a0\u00bb tag=\u00a0\u00bbh1&Prime; css_animation=\u00a0\u00bbfadeInUp\u00a0\u00bb css=\u00a0\u00bb.vc_custom_1563461635117{margin-bottom: 15px !important;}\u00a0\u00bb][vc_column_text css_animation=\u00a0\u00bbfade\u00a0\u00bb css_animation_delay=\u00a0\u00bb300&Prime;]PDF Online est un produit de Buro Zero. PDF Online convertit les fichiers PDF en PDF navigables r\u00e9actifs. PDF Online est d\u00e9j\u00e0 actif depuis plus de 10...Continue reading","og_url":"https:\/\/pdf-online.shop\/fr\/a-propos-de-nous\/","og_site_name":"PDF-Online","article_modified_time":"2020-10-05T10:49:59+00:00","twitter_card":"summary_large_image","twitter_misc":{"Dur\u00e9e de lecture estim\u00e9e":"3 minutes"},"schema":{"@context":"https:\/\/schema.org","@graph":[{"@type":"WebPage","@id":"https:\/\/pdf-online.shop\/fr\/a-propos-de-nous\/","url":"https:\/\/pdf-online.shop\/fr\/a-propos-de-nous\/","name":"\u00c0 propos de nous - PDF-Online","isPartOf":{"@id":"https:\/\/pdf-online.shop\/#website"},"datePublished":"2020-10-05T08:38:57+00:00","dateModified":"2020-10-05T10:49:59+00:00","breadcrumb":{"@id":"https:\/\/pdf-online.shop\/fr\/a-propos-de-nous\/#breadcrumb"},"inLanguage":"fr-FR","potentialAction":[{"@type":"ReadAction","target":["https:\/\/pdf-online.shop\/fr\/a-propos-de-nous\/"]}]},{"@type":"BreadcrumbList","@id":"https:\/\/pdf-online.shop\/fr\/a-propos-de-nous\/#breadcrumb","itemListElement":[{"@type":"ListItem","position":1,"name":"Home","item":"https:\/\/pdf-online.shop\/fr\/"},{"@type":"ListItem","position":2,"name":"\u00c0 propos de nous"}]},{"@type":"WebSite","@id":"https:\/\/pdf-online.shop\/#website","url":"https:\/\/pdf-online.shop\/","name":"PDF-Online","description":"","potentialAction":[{"@type":"SearchAction","target":{"@type":"EntryPoint","urlTemplate":"https:\/\/pdf-online.shop\/?s={search_term_string}"},"query-input":{"@type":"PropertyValueSpecification","valueRequired":true,"valueName":"search_term_string"}}],"inLanguage":"fr-FR"}]}},"_links":{"self":[{"href":"https:\/\/pdf-online.shop\/fr\/wp-json\/wp\/v2\/pages\/6750"}],"collection":[{"href":"https:\/\/pdf-online.shop\/fr\/wp-json\/wp\/v2\/pages"}],"about":[{"href":"https:\/\/pdf-online.shop\/fr\/wp-json\/wp\/v2\/types\/page"}],"author":[{"embeddable":true,"href":"https:\/\/pdf-online.shop\/fr\/wp-json\/wp\/v2\/users\/1"}],"replies":[{"embeddable":true,"href":"https:\/\/pdf-online.shop\/fr\/wp-json\/wp\/v2\/comments?post=6750"}],"version-history":[{"count":1,"href":"https:\/\/pdf-online.shop\/fr\/wp-json\/wp\/v2\/pages\/6750\/revisions"}],"predecessor-version":[{"id":6751,"href":"https:\/\/pdf-online.shop\/fr\/wp-json\/wp\/v2\/pages\/6750\/revisions\/6751"}],"wp:attachment":[{"href":"https:\/\/pdf-online.shop\/fr\/wp-json\/wp\/v2\/media?parent=6750"}],"curies":[{"name":"wp","href":"https:\/\/api.w.org\/{rel}","templated":true}]}}