{"id":6752,"date":"2020-10-05T08:42:44","date_gmt":"2020-10-05T08:42:44","guid":{"rendered":"https:\/\/www.pdf-online.nl\/exemples\/"},"modified":"2020-10-05T10:49:26","modified_gmt":"2020-10-05T10:49:26","slug":"exemples","status":"publish","type":"page","link":"https:\/\/pdf-online.shop\/fr\/exemples\/","title":{"rendered":"Exemples"},"content":{"rendered":"<p>[vc_row equal_height=\u00a0\u00bb\u00a0\u00bb background_type=\u00a0\u00bbimage\u00a0\u00bb background_color=\u00a0\u00bblightergrey\u00a0\u00bb background_img_lazyload=\u00a0\u00bb1&Prime; add_bottom_shape_divider=\u00a0\u00bbyes\u00a0\u00bb sd_bottom_type=\u00a0\u00bbimage\u00a0\u00bb sd_bottom_opacity=\u00a0\u00bb100&Prime; sd_bottom_zindex=\u00a0\u00bb0&Prime; shift_y=\u00a0\u00bb0&Prime; z_index=\u00a0\u00bb0&Prime; sd_bottom_img=\u00a0\u00bb3826&Prime;][vc_column width=\u00a0\u00bb1\/2&Prime;][vc_custom_heading text=\u00a0\u00bbExemples\u00a0\u00bb font_size=\u00a0\u00bb48&Prime; text_align=\u00a0\u00bbleft\u00a0\u00bb tag=\u00a0\u00bbh1&Prime; css=\u00a0\u00bb.vc_custom_1592466870344{padding-top: 180px !important;padding-bottom: 0px !important;}\u00a0\u00bb css_animation=\u00a0\u00bbfadeInUp\u00a0\u00bb][vc_column_text]Le PDF navigable peut \u00eatre cr\u00e9\u00e9 de mani\u00e8re personnalis\u00e9e avec votre propre logo et mise en page couleur. D\u2019autre part, il est possible d\u2019int\u00e9grer une vid\u00e9o et de rendre le tout pleinement mesurable. PDF Online a d\u00e9j\u00e0 converti plus de 20\u2009000 PDF en PDF navigables. Quelques exemples ci-dessous :[\/vc_column_text][\/vc_column][vc_column width=\u00a0\u00bb1\/2&Prime;]\n\t\t\t\t<p class=\"rs-p-wp-fix\"><\/p>\n\t\t\t\t<sr7-module data-alias=\"ui-medley-1-1\" data-id=\"26\" id=\"SR7_26_1\" data-version=\"6.7.54\">\n\t\t\t\t\t<sr7-adjuster><\/sr7-adjuster>\n\t\t\t\t\t<sr7-content>\n\t\t\t\t\t\t<sr7-slide id=\"SR7_26_1-33\" data-key=\"33\">\n\t\t\t\t\t\t<\/sr7-slide>\n\t\t\t\t\t\t<sr7-slide id=\"SR7_26_1-53\" data-key=\"53\">\n\t\t\t\t\t\t<\/sr7-slide>\n\t\t\t\t\t<\/sr7-content>\n\t\t\t\t<\/sr7-module>\n\t\t\t\t<script>\n\t\t\t\t\twindow.SR7 ??={};SR7.PMH ??={}; SR7.PMH[\"SR7_26_1\"] = {cn:100,state:false,fn: function() { if (window._tpt!==undefined && window._tpt.prepareModuleHeight !== undefined) {  _tpt.prepareModuleHeight({id:\"SR7_26_1\",el:[700],type:'hero',shdw:'0',gh:[700],gw:[800],vpt:['50%'],size:{fullWidth:false, fullHeight:false},mh:'0',onh:0,onw:0,bg:{color:'transparent'},plType:'-1',plColor:'#FFFFFF'});   SR7.PMH[\"SR7_26_1\"].state=true;} else if(SR7.PMH[\"SR7_26_1\"].cn-->0)\tsetTimeout( SR7.PMH[\"SR7_26_1\"].fn,19);}};SR7.PMH[\"SR7_26_1\" ].fn();\n\t\t\t\t<\/script>\n[\/vc_column][\/vc_row][vc_row][vc_column][vc_gallery slides_per_view=\u00a0\u00bb3&Prime; hover_effect=\u00a0\u00bbzoomin\u00a0\u00bb onclick=\u00a0\u00bbcustom_link\u00a0\u00bb custom_links_target=\u00a0\u00bb_blank\u00a0\u00bb images=\u00a0\u00bb6034,6008,6004,6039,6107,6100&Prime; css_animation=\u00a0\u00bbfadeInDown\u00a0\u00bb custom_links=\u00a0\u00bb#E-8_aHR0cHMlM0ElMkYlMkZ2aWV3ZXIucGRmLW9ubGluZS5ubCUyRmJvb2tzJTJGZ3NpeiUyQ2h0dHBzJTNBJTJGJTJGdmlld2VyLnBkZi1vbmxpbmUubmwlMkZib29rcyUyRnZtcXElMkNodHRwcyUzQSUyRiUyRnZpZXdlci5wZGYtb25saW5lLm5sJTJGYm9va3MlMkZrcHdtJTJDaHR0cHMlM0ElMkYlMkZ2aWV3ZXIucGRmLW9ubGluZS5ubCUyRmJvb2tzJTJGcm1pZSUyQ2h0dHBzJTNBJTJGJTJGdmlld2VyLnBkZi1vbmxpbmUubmwlMkZib29rcyUyRmpicGUlMkNodHRwcyUzQSUyRiUyRnZpZXdlci5wZGYtb25saW5lLm5sJTJGYm9va3MlMkZpd21t\u00a0\u00bb][\/vc_column][\/vc_row][vc_row][vc_column][vc_row columns_placement=\"middle\" equal_height=\"yes\" content_placement=\"middle\" background_type=\"transparent\" shift_y=\"0\" z_index=\"0\" min_height=\"250\" el_class=\"start-pdf\"][vc_column][vc_cta h2=\"Commencez \u00e0 cr\u00e9er votre PDF maintenant!\" font_size=\"32\" btn_button_type=\"theme-button-special-accent-secondary\" btn_title=\"Commencez imm\u00e9diatement\" btn_font_weight=\"700\" btn_link=\"url:http%3A%2F%2Fpdf-online.shop%2Ftarieven%2F|title:Tarifs|\"][\/vc_column][\/vc_row][\/vc_column][\/vc_row]<\/p>\n","protected":false},"excerpt":{"rendered":"<p>[vc_row equal_height=\u00a0\u00bb\u00a0\u00bb background_type=\u00a0\u00bbimage\u00a0\u00bb background_color=\u00a0\u00bblightergrey\u00a0\u00bb background_img_lazyload=\u00a0\u00bb1&Prime; add_bottom_shape_divider=\u00a0\u00bbyes\u00a0\u00bb sd_bottom_type=\u00a0\u00bbimage\u00a0\u00bb sd_bottom_opacity=\u00a0\u00bb100&Prime; sd_bottom_zindex=\u00a0\u00bb0&Prime; shift_y=\u00a0\u00bb0&Prime; z_index=\u00a0\u00bb0&Prime; sd_bottom_img=\u00a0\u00bb3826&Prime;][vc_column width=\u00a0\u00bb1\/2&Prime;][vc_custom_heading text=\u00a0\u00bbExemples\u00a0\u00bb font_size=\u00a0\u00bb48&Prime; text_align=\u00a0\u00bbleft\u00a0\u00bb tag=\u00a0\u00bbh1&Prime; css=\u00a0\u00bb.vc_custom_1592466870344{padding-top: 180px !important;padding-bottom: 0px !important;}\u00a0\u00bb css_animation=\u00a0\u00bbfadeInUp\u00a0\u00bb][vc_column_text]Le PDF navigable peut \u00eatre cr\u00e9\u00e9 de mani\u00e8re personnalis\u00e9e avec votre propre logo et mise en page couleur. D\u2019autre part, il est possible d\u2019int\u00e9grer une vid\u00e9o et de rendre le tout pleinement mesurable&#8230;.<\/p>\n<p><a rel=\"bookmark\" class=\"theme-button-text wvc-button wvc-button-size-xs\" href=\"https:\/\/pdf-online.shop\/fr\/exemples\/\"><small class=\"wvc-button-background-fill\"><\/small><span>Continue reading<\/span><\/a><\/p>\n","protected":false},"author":1,"featured_media":0,"parent":0,"menu_order":0,"comment_status":"closed","ping_status":"closed","template":"","meta":{"footnotes":""},"yoast_head":"<!-- This site is optimized with the Yoast SEO plugin v24.5 - https:\/\/yoast.com\/wordpress\/plugins\/seo\/ -->\n<title>Exemples - PDF-Online<\/title>\n<meta name=\"robots\" content=\"index, follow, max-snippet:-1, max-image-preview:large, max-video-preview:-1\" \/>\n<link rel=\"canonical\" href=\"https:\/\/pdf-online.shop\/fr\/exemples\/\" \/>\n<meta property=\"og:locale\" content=\"fr_FR\" \/>\n<meta property=\"og:type\" content=\"article\" \/>\n<meta property=\"og:title\" content=\"Exemples - PDF-Online\" \/>\n<meta property=\"og:description\" content=\"[vc_row equal_height=\u00a0\u00bb\u00a0\u00bb background_type=\u00a0\u00bbimage\u00a0\u00bb background_color=\u00a0\u00bblightergrey\u00a0\u00bb background_img_lazyload=\u00a0\u00bb1&Prime; add_bottom_shape_divider=\u00a0\u00bbyes\u00a0\u00bb sd_bottom_type=\u00a0\u00bbimage\u00a0\u00bb sd_bottom_opacity=\u00a0\u00bb100&Prime; sd_bottom_zindex=\u00a0\u00bb0&Prime; shift_y=\u00a0\u00bb0&Prime; z_index=\u00a0\u00bb0&Prime; sd_bottom_img=\u00a0\u00bb3826&Prime;][vc_column width=\u00a0\u00bb1\/2&Prime;][vc_custom_heading text=\u00a0\u00bbExemples\u00a0\u00bb font_size=\u00a0\u00bb48&Prime; text_align=\u00a0\u00bbleft\u00a0\u00bb tag=\u00a0\u00bbh1&Prime; css=\u00a0\u00bb.vc_custom_1592466870344{padding-top: 180px !important;padding-bottom: 0px !important;}\u00a0\u00bb css_animation=\u00a0\u00bbfadeInUp\u00a0\u00bb][vc_column_text]Le PDF navigable peut \u00eatre cr\u00e9\u00e9 de mani\u00e8re personnalis\u00e9e avec votre propre logo et mise en page couleur. D\u2019autre part, il est possible d\u2019int\u00e9grer une vid\u00e9o et de rendre le tout pleinement mesurable....Continue reading\" \/>\n<meta property=\"og:url\" content=\"https:\/\/pdf-online.shop\/fr\/exemples\/\" \/>\n<meta property=\"og:site_name\" content=\"PDF-Online\" \/>\n<meta property=\"article:modified_time\" content=\"2020-10-05T10:49:26+00:00\" \/>\n<meta name=\"twitter:card\" content=\"summary_large_image\" \/>\n<meta name=\"twitter:label1\" content=\"Dur\u00e9e de lecture estim\u00e9e\" \/>\n\t<meta name=\"twitter:data1\" content=\"1 minute\" \/>\n<script type=\"application\/ld+json\" class=\"yoast-schema-graph\">{\"@context\":\"https:\/\/schema.org\",\"@graph\":[{\"@type\":\"WebPage\",\"@id\":\"https:\/\/pdf-online.shop\/fr\/exemples\/\",\"url\":\"https:\/\/pdf-online.shop\/fr\/exemples\/\",\"name\":\"Exemples - PDF-Online\",\"isPartOf\":{\"@id\":\"https:\/\/pdf-online.shop\/#website\"},\"datePublished\":\"2020-10-05T08:42:44+00:00\",\"dateModified\":\"2020-10-05T10:49:26+00:00\",\"breadcrumb\":{\"@id\":\"https:\/\/pdf-online.shop\/fr\/exemples\/#breadcrumb\"},\"inLanguage\":\"fr-FR\",\"potentialAction\":[{\"@type\":\"ReadAction\",\"target\":[\"https:\/\/pdf-online.shop\/fr\/exemples\/\"]}]},{\"@type\":\"BreadcrumbList\",\"@id\":\"https:\/\/pdf-online.shop\/fr\/exemples\/#breadcrumb\",\"itemListElement\":[{\"@type\":\"ListItem\",\"position\":1,\"name\":\"Home\",\"item\":\"https:\/\/pdf-online.shop\/fr\/\"},{\"@type\":\"ListItem\",\"position\":2,\"name\":\"Exemples\"}]},{\"@type\":\"WebSite\",\"@id\":\"https:\/\/pdf-online.shop\/#website\",\"url\":\"https:\/\/pdf-online.shop\/\",\"name\":\"PDF-Online\",\"description\":\"\",\"potentialAction\":[{\"@type\":\"SearchAction\",\"target\":{\"@type\":\"EntryPoint\",\"urlTemplate\":\"https:\/\/pdf-online.shop\/?s={search_term_string}\"},\"query-input\":{\"@type\":\"PropertyValueSpecification\",\"valueRequired\":true,\"valueName\":\"search_term_string\"}}],\"inLanguage\":\"fr-FR\"}]}<\/script>\n<!-- \/ Yoast SEO plugin. -->","yoast_head_json":{"title":"Exemples - PDF-Online","robots":{"index":"index","follow":"follow","max-snippet":"max-snippet:-1","max-image-preview":"max-image-preview:large","max-video-preview":"max-video-preview:-1"},"canonical":"https:\/\/pdf-online.shop\/fr\/exemples\/","og_locale":"fr_FR","og_type":"article","og_title":"Exemples - PDF-Online","og_description":"[vc_row equal_height=\u00a0\u00bb\u00a0\u00bb background_type=\u00a0\u00bbimage\u00a0\u00bb background_color=\u00a0\u00bblightergrey\u00a0\u00bb background_img_lazyload=\u00a0\u00bb1&Prime; add_bottom_shape_divider=\u00a0\u00bbyes\u00a0\u00bb sd_bottom_type=\u00a0\u00bbimage\u00a0\u00bb sd_bottom_opacity=\u00a0\u00bb100&Prime; sd_bottom_zindex=\u00a0\u00bb0&Prime; shift_y=\u00a0\u00bb0&Prime; z_index=\u00a0\u00bb0&Prime; sd_bottom_img=\u00a0\u00bb3826&Prime;][vc_column width=\u00a0\u00bb1\/2&Prime;][vc_custom_heading text=\u00a0\u00bbExemples\u00a0\u00bb font_size=\u00a0\u00bb48&Prime; text_align=\u00a0\u00bbleft\u00a0\u00bb tag=\u00a0\u00bbh1&Prime; css=\u00a0\u00bb.vc_custom_1592466870344{padding-top: 180px !important;padding-bottom: 0px !important;}\u00a0\u00bb css_animation=\u00a0\u00bbfadeInUp\u00a0\u00bb][vc_column_text]Le PDF navigable peut \u00eatre cr\u00e9\u00e9 de mani\u00e8re personnalis\u00e9e avec votre propre logo et mise en page couleur. D\u2019autre part, il est possible d\u2019int\u00e9grer une vid\u00e9o et de rendre le tout pleinement mesurable....Continue reading","og_url":"https:\/\/pdf-online.shop\/fr\/exemples\/","og_site_name":"PDF-Online","article_modified_time":"2020-10-05T10:49:26+00:00","twitter_card":"summary_large_image","twitter_misc":{"Dur\u00e9e de lecture estim\u00e9e":"1 minute"},"schema":{"@context":"https:\/\/schema.org","@graph":[{"@type":"WebPage","@id":"https:\/\/pdf-online.shop\/fr\/exemples\/","url":"https:\/\/pdf-online.shop\/fr\/exemples\/","name":"Exemples - PDF-Online","isPartOf":{"@id":"https:\/\/pdf-online.shop\/#website"},"datePublished":"2020-10-05T08:42:44+00:00","dateModified":"2020-10-05T10:49:26+00:00","breadcrumb":{"@id":"https:\/\/pdf-online.shop\/fr\/exemples\/#breadcrumb"},"inLanguage":"fr-FR","potentialAction":[{"@type":"ReadAction","target":["https:\/\/pdf-online.shop\/fr\/exemples\/"]}]},{"@type":"BreadcrumbList","@id":"https:\/\/pdf-online.shop\/fr\/exemples\/#breadcrumb","itemListElement":[{"@type":"ListItem","position":1,"name":"Home","item":"https:\/\/pdf-online.shop\/fr\/"},{"@type":"ListItem","position":2,"name":"Exemples"}]},{"@type":"WebSite","@id":"https:\/\/pdf-online.shop\/#website","url":"https:\/\/pdf-online.shop\/","name":"PDF-Online","description":"","potentialAction":[{"@type":"SearchAction","target":{"@type":"EntryPoint","urlTemplate":"https:\/\/pdf-online.shop\/?s={search_term_string}"},"query-input":{"@type":"PropertyValueSpecification","valueRequired":true,"valueName":"search_term_string"}}],"inLanguage":"fr-FR"}]}},"_links":{"self":[{"href":"https:\/\/pdf-online.shop\/fr\/wp-json\/wp\/v2\/pages\/6752"}],"collection":[{"href":"https:\/\/pdf-online.shop\/fr\/wp-json\/wp\/v2\/pages"}],"about":[{"href":"https:\/\/pdf-online.shop\/fr\/wp-json\/wp\/v2\/types\/page"}],"author":[{"embeddable":true,"href":"https:\/\/pdf-online.shop\/fr\/wp-json\/wp\/v2\/users\/1"}],"replies":[{"embeddable":true,"href":"https:\/\/pdf-online.shop\/fr\/wp-json\/wp\/v2\/comments?post=6752"}],"version-history":[{"count":2,"href":"https:\/\/pdf-online.shop\/fr\/wp-json\/wp\/v2\/pages\/6752\/revisions"}],"predecessor-version":[{"id":6800,"href":"https:\/\/pdf-online.shop\/fr\/wp-json\/wp\/v2\/pages\/6752\/revisions\/6800"}],"wp:attachment":[{"href":"https:\/\/pdf-online.shop\/fr\/wp-json\/wp\/v2\/media?parent=6752"}],"curies":[{"name":"wp","href":"https:\/\/api.w.org\/{rel}","templated":true}]}}