{"id":6758,"date":"2020-10-05T08:47:53","date_gmt":"2020-10-05T08:47:53","guid":{"rendered":"https:\/\/www.pdf-online.nl\/avantages\/"},"modified":"2020-10-05T08:47:54","modified_gmt":"2020-10-05T08:47:54","slug":"avantages","status":"publish","type":"page","link":"https:\/\/pdf-online.shop\/fr\/avantages\/","title":{"rendered":"Avantages"},"content":{"rendered":"<p>[vc_row][vc_column width=\u00a0\u00bb1\/6&Prime;][\/vc_column][vc_column width=\u00a0\u00bb1\/3&Prime;][vc_single_image image=\u00a0\u00bb6266&Prime; img_size=\u00a0\u00bbcustom\u00a0\u00bb full_width=\u00a0\u00bb\u00a0\u00bb opacity=\u00a0\u00bb100&Prime; css_animation=\u00a0\u00bbfade-right\u00a0\u00bb][\/vc_column][vc_column width=\u00a0\u00bb1\/3&Prime;][vc_custom_heading text=\u00a0\u00bbAppareils mobiles\u00a0\u00bb font_size=\u00a0\u00bb32&Prime; text_align=\u00a0\u00bbleft\u00a0\u00bb text_align_mobile=\u00a0\u00bbcenter\u00a0\u00bb][vc_column_text]Profitez de la lecture num\u00e9rique sur divers appareils mobiles tels que iPad, iPhone, t\u00e9l\u00e9phones et tablettes Android. Vous n&rsquo;avez rien \u00e0 installer pour cela! Lisez-le simplement dans tous les navigateurs Web.[\/vc_column_text][\/vc_column][vc_column width=\u00a0\u00bb1\/6&Prime;][\/vc_column][\/vc_row][vc_row][vc_column width=\u00a0\u00bb1\/6&Prime;][\/vc_column][vc_column width=\u00a0\u00bb1\/3&Prime;][vc_custom_heading text=\u00a0\u00bb Fonctionne sur tous les navigateurs\u00a0\u00bb font_size=\u00a0\u00bb32&Prime; text_align=\u00a0\u00bbleft\u00a0\u00bb text_align_mobile=\u00a0\u00bbcenter\u00a0\u00bb][vc_column_text]<\/p>\n<p style=\"text-align: left;\">PDF en ligne est optimis\u00e9 pour offrir la meilleure exp\u00e9rience dans tous les navigateurs, y compris Chrome, Firefox, Safari et plus encore.<\/p>\n<p>[\/vc_column_text][\/vc_column][vc_column width=\u00a0\u00bb1\/3&Prime;][vc_single_image image=\u00a0\u00bb6412&Prime; img_size=\u00a0\u00bbcustom\u00a0\u00bb full_width=\u00a0\u00bb\u00a0\u00bb opacity=\u00a0\u00bb100&Prime; css_animation=\u00a0\u00bbfade-right\u00a0\u00bb][\/vc_column][vc_column width=\u00a0\u00bb1\/6&Prime;][\/vc_column][\/vc_row][vc_row][vc_column width=\u00a0\u00bb1\/6&Prime;][\/vc_column][vc_column width=\u00a0\u00bb1\/3&Prime;][vc_single_image image=\u00a0\u00bb6407&Prime; img_size=\u00a0\u00bbcustom\u00a0\u00bb full_width=\u00a0\u00bb\u00a0\u00bb opacity=\u00a0\u00bb100&Prime; css_animation=\u00a0\u00bbfade-right\u00a0\u00bb][\/vc_column][vc_column width=\u00a0\u00bb1\/3&Prime;][vc_custom_heading text=\u00a0\u00bbPartager\u00a0\u00bb font_size=\u00a0\u00bb32&Prime; text_align=\u00a0\u00bbleft\u00a0\u00bb][vc_column_text]Partagez facilement des publications num\u00e9riques sur les r\u00e9seaux sociaux. Par exemple FaceBook ou Twitter. Votre flipbook num\u00e9rique sera distribu\u00e9 \u00e0 plus de personnes plus rapidement.[\/vc_column_text][\/vc_column][vc_column width=\u00a0\u00bb1\/6&Prime;][\/vc_column][\/vc_row][vc_row][vc_column width=\u00a0\u00bb1\/6&Prime;][\/vc_column][vc_column width=\u00a0\u00bb1\/3&Prime;][vc_custom_heading text=\u00a0\u00bbSEO convivial\u00a0\u00bb font_size=\u00a0\u00bb32&Prime; text_align=\u00a0\u00bbleft\u00a0\u00bb text_align_mobile=\u00a0\u00bbcenter\u00a0\u00bb][vc_column_text]<\/p>\n<p style=\"text-align: left;\">Pensiez-vous que l&rsquo;optimisation des moteurs de recherche ne s&rsquo;applique qu&rsquo;aux sites Web ou aux blogs? Le contenu du Flipbook peut \u00eatre facilement index\u00e9 par les moteurs de recherche.<\/p>\n<p>[\/vc_column_text][\/vc_column][vc_column width=\u00a0\u00bb1\/3&Prime;][vc_single_image image=\u00a0\u00bb6415&Prime; img_size=\u00a0\u00bbcustom\u00a0\u00bb full_width=\u00a0\u00bb\u00a0\u00bb opacity=\u00a0\u00bb100&Prime; css_animation=\u00a0\u00bbfade-right\u00a0\u00bb][\/vc_column][vc_column width=\u00a0\u00bb1\/6&Prime;][\/vc_column][\/vc_row]<\/p>\n","protected":false},"excerpt":{"rendered":"<p>[vc_row][vc_column width=\u00a0\u00bb1\/6&Prime;][\/vc_column][vc_column width=\u00a0\u00bb1\/3&Prime;][vc_single_image image=\u00a0\u00bb6266&Prime; img_size=\u00a0\u00bbcustom\u00a0\u00bb full_width=\u00a0\u00bb\u00a0\u00bb opacity=\u00a0\u00bb100&Prime; css_animation=\u00a0\u00bbfade-right\u00a0\u00bb][\/vc_column][vc_column width=\u00a0\u00bb1\/3&Prime;][vc_custom_heading text=\u00a0\u00bbAppareils mobiles\u00a0\u00bb font_size=\u00a0\u00bb32&Prime; text_align=\u00a0\u00bbleft\u00a0\u00bb text_align_mobile=\u00a0\u00bbcenter\u00a0\u00bb][vc_column_text]Profitez de la lecture num\u00e9rique sur divers appareils mobiles tels que iPad, iPhone, t\u00e9l\u00e9phones et tablettes Android. Vous n&rsquo;avez rien \u00e0 installer pour cela! Lisez-le simplement dans tous les navigateurs Web.[\/vc_column_text][\/vc_column][vc_column width=\u00a0\u00bb1\/6&Prime;][\/vc_column][\/vc_row][vc_row][vc_column width=\u00a0\u00bb1\/6&Prime;][\/vc_column][vc_column width=\u00a0\u00bb1\/3&Prime;][vc_custom_heading text=\u00a0\u00bb Fonctionne sur tous les navigateurs\u00a0\u00bb font_size=\u00a0\u00bb32&Prime; text_align=\u00a0\u00bbleft\u00a0\u00bb&#8230;<\/p>\n<p><a rel=\"bookmark\" class=\"theme-button-text wvc-button wvc-button-size-xs\" href=\"https:\/\/pdf-online.shop\/fr\/avantages\/\"><small class=\"wvc-button-background-fill\"><\/small><span>Continue reading<\/span><\/a><\/p>\n","protected":false},"author":1,"featured_media":0,"parent":0,"menu_order":0,"comment_status":"closed","ping_status":"closed","template":"","meta":{"footnotes":""},"yoast_head":"<!-- This site is optimized with the Yoast SEO plugin v24.5 - https:\/\/yoast.com\/wordpress\/plugins\/seo\/ -->\n<title>Avantages - PDF-Online<\/title>\n<meta name=\"robots\" content=\"index, follow, max-snippet:-1, max-image-preview:large, max-video-preview:-1\" \/>\n<link rel=\"canonical\" href=\"https:\/\/pdf-online.shop\/fr\/avantages\/\" \/>\n<meta property=\"og:locale\" content=\"fr_FR\" \/>\n<meta property=\"og:type\" content=\"article\" \/>\n<meta property=\"og:title\" content=\"Avantages - PDF-Online\" \/>\n<meta property=\"og:description\" content=\"[vc_row][vc_column width=\u00a0\u00bb1\/6&Prime;][\/vc_column][vc_column width=\u00a0\u00bb1\/3&Prime;][vc_single_image image=\u00a0\u00bb6266&Prime; img_size=\u00a0\u00bbcustom\u00a0\u00bb full_width=\u00a0\u00bb\u00a0\u00bb opacity=\u00a0\u00bb100&Prime; css_animation=\u00a0\u00bbfade-right\u00a0\u00bb][\/vc_column][vc_column width=\u00a0\u00bb1\/3&Prime;][vc_custom_heading text=\u00a0\u00bbAppareils mobiles\u00a0\u00bb font_size=\u00a0\u00bb32&Prime; text_align=\u00a0\u00bbleft\u00a0\u00bb text_align_mobile=\u00a0\u00bbcenter\u00a0\u00bb][vc_column_text]Profitez de la lecture num\u00e9rique sur divers appareils mobiles tels que iPad, iPhone, t\u00e9l\u00e9phones et tablettes Android. Vous n&rsquo;avez rien \u00e0 installer pour cela! Lisez-le simplement dans tous les navigateurs Web.[\/vc_column_text][\/vc_column][vc_column width=\u00a0\u00bb1\/6&Prime;][\/vc_column][\/vc_row][vc_row][vc_column width=\u00a0\u00bb1\/6&Prime;][\/vc_column][vc_column width=\u00a0\u00bb1\/3&Prime;][vc_custom_heading text=\u00a0\u00bb Fonctionne sur tous les navigateurs\u00a0\u00bb font_size=\u00a0\u00bb32&Prime; text_align=\u00a0\u00bbleft\u00a0\u00bb...Continue reading\" \/>\n<meta property=\"og:url\" content=\"https:\/\/pdf-online.shop\/fr\/avantages\/\" \/>\n<meta property=\"og:site_name\" content=\"PDF-Online\" \/>\n<meta property=\"article:modified_time\" content=\"2020-10-05T08:47:54+00:00\" \/>\n<meta name=\"twitter:card\" content=\"summary_large_image\" \/>\n<meta name=\"twitter:label1\" content=\"Dur\u00e9e de lecture estim\u00e9e\" \/>\n\t<meta name=\"twitter:data1\" content=\"2 minutes\" \/>\n<script type=\"application\/ld+json\" class=\"yoast-schema-graph\">{\"@context\":\"https:\/\/schema.org\",\"@graph\":[{\"@type\":\"WebPage\",\"@id\":\"https:\/\/pdf-online.shop\/fr\/avantages\/\",\"url\":\"https:\/\/pdf-online.shop\/fr\/avantages\/\",\"name\":\"Avantages - PDF-Online\",\"isPartOf\":{\"@id\":\"https:\/\/pdf-online.shop\/#website\"},\"datePublished\":\"2020-10-05T08:47:53+00:00\",\"dateModified\":\"2020-10-05T08:47:54+00:00\",\"breadcrumb\":{\"@id\":\"https:\/\/pdf-online.shop\/fr\/avantages\/#breadcrumb\"},\"inLanguage\":\"fr-FR\",\"potentialAction\":[{\"@type\":\"ReadAction\",\"target\":[\"https:\/\/pdf-online.shop\/fr\/avantages\/\"]}]},{\"@type\":\"BreadcrumbList\",\"@id\":\"https:\/\/pdf-online.shop\/fr\/avantages\/#breadcrumb\",\"itemListElement\":[{\"@type\":\"ListItem\",\"position\":1,\"name\":\"Home\",\"item\":\"https:\/\/pdf-online.shop\/fr\/\"},{\"@type\":\"ListItem\",\"position\":2,\"name\":\"Avantages\"}]},{\"@type\":\"WebSite\",\"@id\":\"https:\/\/pdf-online.shop\/#website\",\"url\":\"https:\/\/pdf-online.shop\/\",\"name\":\"PDF-Online\",\"description\":\"\",\"potentialAction\":[{\"@type\":\"SearchAction\",\"target\":{\"@type\":\"EntryPoint\",\"urlTemplate\":\"https:\/\/pdf-online.shop\/?s={search_term_string}\"},\"query-input\":{\"@type\":\"PropertyValueSpecification\",\"valueRequired\":true,\"valueName\":\"search_term_string\"}}],\"inLanguage\":\"fr-FR\"}]}<\/script>\n<!-- \/ Yoast SEO plugin. -->","yoast_head_json":{"title":"Avantages - PDF-Online","robots":{"index":"index","follow":"follow","max-snippet":"max-snippet:-1","max-image-preview":"max-image-preview:large","max-video-preview":"max-video-preview:-1"},"canonical":"https:\/\/pdf-online.shop\/fr\/avantages\/","og_locale":"fr_FR","og_type":"article","og_title":"Avantages - PDF-Online","og_description":"[vc_row][vc_column width=\u00a0\u00bb1\/6&Prime;][\/vc_column][vc_column width=\u00a0\u00bb1\/3&Prime;][vc_single_image image=\u00a0\u00bb6266&Prime; img_size=\u00a0\u00bbcustom\u00a0\u00bb full_width=\u00a0\u00bb\u00a0\u00bb opacity=\u00a0\u00bb100&Prime; css_animation=\u00a0\u00bbfade-right\u00a0\u00bb][\/vc_column][vc_column width=\u00a0\u00bb1\/3&Prime;][vc_custom_heading text=\u00a0\u00bbAppareils mobiles\u00a0\u00bb font_size=\u00a0\u00bb32&Prime; text_align=\u00a0\u00bbleft\u00a0\u00bb text_align_mobile=\u00a0\u00bbcenter\u00a0\u00bb][vc_column_text]Profitez de la lecture num\u00e9rique sur divers appareils mobiles tels que iPad, iPhone, t\u00e9l\u00e9phones et tablettes Android. Vous n&rsquo;avez rien \u00e0 installer pour cela! Lisez-le simplement dans tous les navigateurs Web.[\/vc_column_text][\/vc_column][vc_column width=\u00a0\u00bb1\/6&Prime;][\/vc_column][\/vc_row][vc_row][vc_column width=\u00a0\u00bb1\/6&Prime;][\/vc_column][vc_column width=\u00a0\u00bb1\/3&Prime;][vc_custom_heading text=\u00a0\u00bb Fonctionne sur tous les navigateurs\u00a0\u00bb font_size=\u00a0\u00bb32&Prime; text_align=\u00a0\u00bbleft\u00a0\u00bb...Continue reading","og_url":"https:\/\/pdf-online.shop\/fr\/avantages\/","og_site_name":"PDF-Online","article_modified_time":"2020-10-05T08:47:54+00:00","twitter_card":"summary_large_image","twitter_misc":{"Dur\u00e9e de lecture estim\u00e9e":"2 minutes"},"schema":{"@context":"https:\/\/schema.org","@graph":[{"@type":"WebPage","@id":"https:\/\/pdf-online.shop\/fr\/avantages\/","url":"https:\/\/pdf-online.shop\/fr\/avantages\/","name":"Avantages - PDF-Online","isPartOf":{"@id":"https:\/\/pdf-online.shop\/#website"},"datePublished":"2020-10-05T08:47:53+00:00","dateModified":"2020-10-05T08:47:54+00:00","breadcrumb":{"@id":"https:\/\/pdf-online.shop\/fr\/avantages\/#breadcrumb"},"inLanguage":"fr-FR","potentialAction":[{"@type":"ReadAction","target":["https:\/\/pdf-online.shop\/fr\/avantages\/"]}]},{"@type":"BreadcrumbList","@id":"https:\/\/pdf-online.shop\/fr\/avantages\/#breadcrumb","itemListElement":[{"@type":"ListItem","position":1,"name":"Home","item":"https:\/\/pdf-online.shop\/fr\/"},{"@type":"ListItem","position":2,"name":"Avantages"}]},{"@type":"WebSite","@id":"https:\/\/pdf-online.shop\/#website","url":"https:\/\/pdf-online.shop\/","name":"PDF-Online","description":"","potentialAction":[{"@type":"SearchAction","target":{"@type":"EntryPoint","urlTemplate":"https:\/\/pdf-online.shop\/?s={search_term_string}"},"query-input":{"@type":"PropertyValueSpecification","valueRequired":true,"valueName":"search_term_string"}}],"inLanguage":"fr-FR"}]}},"_links":{"self":[{"href":"https:\/\/pdf-online.shop\/fr\/wp-json\/wp\/v2\/pages\/6758"}],"collection":[{"href":"https:\/\/pdf-online.shop\/fr\/wp-json\/wp\/v2\/pages"}],"about":[{"href":"https:\/\/pdf-online.shop\/fr\/wp-json\/wp\/v2\/types\/page"}],"author":[{"embeddable":true,"href":"https:\/\/pdf-online.shop\/fr\/wp-json\/wp\/v2\/users\/1"}],"replies":[{"embeddable":true,"href":"https:\/\/pdf-online.shop\/fr\/wp-json\/wp\/v2\/comments?post=6758"}],"version-history":[{"count":1,"href":"https:\/\/pdf-online.shop\/fr\/wp-json\/wp\/v2\/pages\/6758\/revisions"}],"predecessor-version":[{"id":6765,"href":"https:\/\/pdf-online.shop\/fr\/wp-json\/wp\/v2\/pages\/6758\/revisions\/6765"}],"wp:attachment":[{"href":"https:\/\/pdf-online.shop\/fr\/wp-json\/wp\/v2\/media?parent=6758"}],"curies":[{"name":"wp","href":"https:\/\/api.w.org\/{rel}","templated":true}]}}