{"id":6768,"date":"2020-10-05T08:57:05","date_gmt":"2020-10-05T08:57:05","guid":{"rendered":"https:\/\/www.pdf-online.nl\/declaration-de-confidentialite\/"},"modified":"2020-10-05T08:57:05","modified_gmt":"2020-10-05T08:57:05","slug":"declaration-de-confidentialite","status":"publish","type":"page","link":"https:\/\/pdf-online.shop\/fr\/declaration-de-confidentialite\/","title":{"rendered":"D\u00e9claration de confidentialit\u00e9"},"content":{"rendered":"<p>Buro Zero respecte et prot\u00e8ge la vie priv\u00e9e de tous les visiteurs de son site web www.pdf-online.shop. Buro Zero utilise toutes les informations personnelles qui lui sont fournies uniquement aux fins d\u00e9crites dans la pr\u00e9sente d\u00e9claration de confidentialit\u00e9. La relation juridique entre vous et Buro Zero est r\u00e9gie par le droit n\u00e9erlandais et le traitement des donn\u00e9es personnelles est donc conforme aux lois et r\u00e8glements n\u00e9erlandais applicables en mati\u00e8re de protection de la vie priv\u00e9e, en particulier la loi sur la protection des donn\u00e9es \u00e0 caract\u00e8re personnel.<\/p>\n","protected":false},"excerpt":{"rendered":"<p>Buro Zero respecte et prot\u00e8ge la vie priv\u00e9e de tous les visiteurs de son site web www.pdf-online.shop. Buro Zero utilise toutes les informations personnelles qui lui sont fournies uniquement aux fins d\u00e9crites dans la pr\u00e9sente d\u00e9claration de confidentialit\u00e9. La relation juridique entre vous et Buro Zero est r\u00e9gie par le droit n\u00e9erlandais et le traitement&#8230;<\/p>\n<p><a rel=\"bookmark\" class=\"theme-button-text wvc-button wvc-button-size-xs\" href=\"https:\/\/pdf-online.shop\/fr\/declaration-de-confidentialite\/\"><small class=\"wvc-button-background-fill\"><\/small><span>Continue reading<\/span><\/a><\/p>\n","protected":false},"author":1,"featured_media":0,"parent":0,"menu_order":0,"comment_status":"closed","ping_status":"closed","template":"","meta":{"footnotes":""},"yoast_head":"<!-- This site is optimized with the Yoast SEO plugin v24.5 - https:\/\/yoast.com\/wordpress\/plugins\/seo\/ -->\n<title>D\u00e9claration de confidentialit\u00e9 - PDF-Online<\/title>\n<meta name=\"robots\" content=\"index, follow, max-snippet:-1, max-image-preview:large, max-video-preview:-1\" \/>\n<link rel=\"canonical\" href=\"https:\/\/pdf-online.shop\/fr\/declaration-de-confidentialite\/\" \/>\n<meta property=\"og:locale\" content=\"fr_FR\" \/>\n<meta property=\"og:type\" content=\"article\" \/>\n<meta property=\"og:title\" content=\"D\u00e9claration de confidentialit\u00e9 - PDF-Online\" \/>\n<meta property=\"og:description\" content=\"Buro Zero respecte et prot\u00e8ge la vie priv\u00e9e de tous les visiteurs de son site web www.pdf-online.shop. Buro Zero utilise toutes les informations personnelles qui lui sont fournies uniquement aux fins d\u00e9crites dans la pr\u00e9sente d\u00e9claration de confidentialit\u00e9. La relation juridique entre vous et Buro Zero est r\u00e9gie par le droit n\u00e9erlandais et le traitement...Continue reading\" \/>\n<meta property=\"og:url\" content=\"https:\/\/pdf-online.shop\/fr\/declaration-de-confidentialite\/\" \/>\n<meta property=\"og:site_name\" content=\"PDF-Online\" \/>\n<meta name=\"twitter:card\" content=\"summary_large_image\" \/>\n<meta name=\"twitter:label1\" content=\"Dur\u00e9e de lecture estim\u00e9e\" \/>\n\t<meta name=\"twitter:data1\" content=\"1 minute\" \/>\n<script type=\"application\/ld+json\" class=\"yoast-schema-graph\">{\"@context\":\"https:\/\/schema.org\",\"@graph\":[{\"@type\":\"WebPage\",\"@id\":\"https:\/\/pdf-online.shop\/fr\/declaration-de-confidentialite\/\",\"url\":\"https:\/\/pdf-online.shop\/fr\/declaration-de-confidentialite\/\",\"name\":\"D\u00e9claration de confidentialit\u00e9 - PDF-Online\",\"isPartOf\":{\"@id\":\"https:\/\/pdf-online.shop\/#website\"},\"datePublished\":\"2020-10-05T08:57:05+00:00\",\"breadcrumb\":{\"@id\":\"https:\/\/pdf-online.shop\/fr\/declaration-de-confidentialite\/#breadcrumb\"},\"inLanguage\":\"fr-FR\",\"potentialAction\":[{\"@type\":\"ReadAction\",\"target\":[\"https:\/\/pdf-online.shop\/fr\/declaration-de-confidentialite\/\"]}]},{\"@type\":\"BreadcrumbList\",\"@id\":\"https:\/\/pdf-online.shop\/fr\/declaration-de-confidentialite\/#breadcrumb\",\"itemListElement\":[{\"@type\":\"ListItem\",\"position\":1,\"name\":\"Home\",\"item\":\"https:\/\/pdf-online.shop\/fr\/\"},{\"@type\":\"ListItem\",\"position\":2,\"name\":\"D\u00e9claration de confidentialit\u00e9\"}]},{\"@type\":\"WebSite\",\"@id\":\"https:\/\/pdf-online.shop\/#website\",\"url\":\"https:\/\/pdf-online.shop\/\",\"name\":\"PDF-Online\",\"description\":\"\",\"potentialAction\":[{\"@type\":\"SearchAction\",\"target\":{\"@type\":\"EntryPoint\",\"urlTemplate\":\"https:\/\/pdf-online.shop\/?s={search_term_string}\"},\"query-input\":{\"@type\":\"PropertyValueSpecification\",\"valueRequired\":true,\"valueName\":\"search_term_string\"}}],\"inLanguage\":\"fr-FR\"}]}<\/script>\n<!-- \/ Yoast SEO plugin. -->","yoast_head_json":{"title":"D\u00e9claration de confidentialit\u00e9 - PDF-Online","robots":{"index":"index","follow":"follow","max-snippet":"max-snippet:-1","max-image-preview":"max-image-preview:large","max-video-preview":"max-video-preview:-1"},"canonical":"https:\/\/pdf-online.shop\/fr\/declaration-de-confidentialite\/","og_locale":"fr_FR","og_type":"article","og_title":"D\u00e9claration de confidentialit\u00e9 - PDF-Online","og_description":"Buro Zero respecte et prot\u00e8ge la vie priv\u00e9e de tous les visiteurs de son site web www.pdf-online.shop. Buro Zero utilise toutes les informations personnelles qui lui sont fournies uniquement aux fins d\u00e9crites dans la pr\u00e9sente d\u00e9claration de confidentialit\u00e9. La relation juridique entre vous et Buro Zero est r\u00e9gie par le droit n\u00e9erlandais et le traitement...Continue reading","og_url":"https:\/\/pdf-online.shop\/fr\/declaration-de-confidentialite\/","og_site_name":"PDF-Online","twitter_card":"summary_large_image","twitter_misc":{"Dur\u00e9e de lecture estim\u00e9e":"1 minute"},"schema":{"@context":"https:\/\/schema.org","@graph":[{"@type":"WebPage","@id":"https:\/\/pdf-online.shop\/fr\/declaration-de-confidentialite\/","url":"https:\/\/pdf-online.shop\/fr\/declaration-de-confidentialite\/","name":"D\u00e9claration de confidentialit\u00e9 - PDF-Online","isPartOf":{"@id":"https:\/\/pdf-online.shop\/#website"},"datePublished":"2020-10-05T08:57:05+00:00","breadcrumb":{"@id":"https:\/\/pdf-online.shop\/fr\/declaration-de-confidentialite\/#breadcrumb"},"inLanguage":"fr-FR","potentialAction":[{"@type":"ReadAction","target":["https:\/\/pdf-online.shop\/fr\/declaration-de-confidentialite\/"]}]},{"@type":"BreadcrumbList","@id":"https:\/\/pdf-online.shop\/fr\/declaration-de-confidentialite\/#breadcrumb","itemListElement":[{"@type":"ListItem","position":1,"name":"Home","item":"https:\/\/pdf-online.shop\/fr\/"},{"@type":"ListItem","position":2,"name":"D\u00e9claration de confidentialit\u00e9"}]},{"@type":"WebSite","@id":"https:\/\/pdf-online.shop\/#website","url":"https:\/\/pdf-online.shop\/","name":"PDF-Online","description":"","potentialAction":[{"@type":"SearchAction","target":{"@type":"EntryPoint","urlTemplate":"https:\/\/pdf-online.shop\/?s={search_term_string}"},"query-input":{"@type":"PropertyValueSpecification","valueRequired":true,"valueName":"search_term_string"}}],"inLanguage":"fr-FR"}]}},"_links":{"self":[{"href":"https:\/\/pdf-online.shop\/fr\/wp-json\/wp\/v2\/pages\/6768"}],"collection":[{"href":"https:\/\/pdf-online.shop\/fr\/wp-json\/wp\/v2\/pages"}],"about":[{"href":"https:\/\/pdf-online.shop\/fr\/wp-json\/wp\/v2\/types\/page"}],"author":[{"embeddable":true,"href":"https:\/\/pdf-online.shop\/fr\/wp-json\/wp\/v2\/users\/1"}],"replies":[{"embeddable":true,"href":"https:\/\/pdf-online.shop\/fr\/wp-json\/wp\/v2\/comments?post=6768"}],"version-history":[{"count":0,"href":"https:\/\/pdf-online.shop\/fr\/wp-json\/wp\/v2\/pages\/6768\/revisions"}],"wp:attachment":[{"href":"https:\/\/pdf-online.shop\/fr\/wp-json\/wp\/v2\/media?parent=6768"}],"curies":[{"name":"wp","href":"https:\/\/api.w.org\/{rel}","templated":true}]}}