{"id":6775,"date":"2020-10-05T09:08:16","date_gmt":"2020-10-05T09:08:16","guid":{"rendered":"https:\/\/www.pdf-online.nl\/tarifs\/"},"modified":"2021-01-27T15:20:38","modified_gmt":"2021-01-27T15:20:38","slug":"tarifs","status":"publish","type":"page","link":"https:\/\/pdf-online.shop\/fr\/tarifs\/","title":{"rendered":"Tarifs"},"content":{"rendered":"<p>[vc_row equal_height=\u00a0\u00bb\u00a0\u00bb shift_y=\u00a0\u00bb0&Prime; z_index=\u00a0\u00bb0&Prime; css=\u00a0\u00bb.vc_custom_1611672831595{padding-top: 10px !important;padding-bottom: 0px !important;}\u00a0\u00bb][vc_column][vc_custom_heading text=\u00a0\u00bb{{page_title}}\u00a0\u00bb font_size=\u00a0\u00bb48&Prime; text_align=\u00a0\u00bbleft\u00a0\u00bb tag=\u00a0\u00bbh1&Prime; css_animation=\u00a0\u00bbfadeInUp\u00a0\u00bb][\/vc_column][\/vc_row][vc_row equal_height=\u00a0\u00bb\u00a0\u00bb shift_y=\u00a0\u00bb0&Prime; z_index=\u00a0\u00bb0&Prime; css=\u00a0\u00bb.vc_custom_1611672552042{padding-top: 0px !important;padding-bottom: 0px !important;}\u00a0\u00bb][vc_column width=\u00a0\u00bb1\/3&Prime;][wvc_pricing_table title=\u00a0\u00bbPDF ONE\u00a0\u00bb title_tag=\u00a0\u00bbh1&Prime; button_text=\u00a0\u00bbAcheter maintenant\u00a0\u00bb tagline=\u00a0\u00bb1 x PDF navigable pour des frais uniques\u00a0\u00bb price_period=\u00a0\u00bb\u00c0 partir de\u00a0\u00bb services=\u00a0\u00bbPas de frais mensuels<br \/>\nRapide et simple<br \/>\nR\u00e9actif pour chaque appareil<br \/>\nH\u00e9bergement gratuit dans un environnement s\u00e9curis\u00e9<br \/>\nPDF navigable sans publicit\u00e9<br \/>\nStyle maison propre avec logo et couleur<br \/>\nCompatible pour chaque navigateur\u00a0\u00bb css_animation=\u00a0\u00bbfade-right\u00a0\u00bb price=\u00a0\u00bb\u20ac35&Prime; css_animation_delay=\u00a0\u00bb250&Prime; link=\u00a0\u00bburl:http%3A%2F%2Fpdf-online.shop%2Ffr%2Fproduct%2Fpdf-one%2F|title:PDF%20One||\u00a0\u00bb currency=\u00a0\u00bb\u20ac\u00a0\u00bb][\/vc_column][vc_column width=\u00a0\u00bb1\/3&Prime;][wvc_pricing_table title=\u00a0\u00bbPDF BUNDLE\u00a0\u00bb title_tag=\u00a0\u00bbh2&Prime; button_text=\u00a0\u00bbAcheter maintenant\u00a0\u00bb featured=\u00a0\u00bbyes\u00a0\u00bb featured_text=\u00a0\u00bbMeilleur choix\u00a0\u00bb tagline=\u00a0\u00bbId\u00e9al pour les rapports annuels, les magazines et les brochures\u00a0\u00bb currency=\u00a0\u00bb\u20ac\u00a0\u00bb price_period=\u00a0\u00bbPar mois\u00a0\u00bb services=\u00a0\u00bbConvertir 15 fichiers PDF par mois.<br \/>\nPour un PDF jusqu\u2019\u00e0 100 pages.<br \/>\nR\u00e9actif pour chaque appareil<br \/>\nH\u00e9bergement gratuit dans un environnement s\u00e9curis\u00e9<br \/>\nPDF navigable sans publicit\u00e9<br \/>\nStyle maison propre avec logo et couleur<br \/>\nLivraison simple par wetransfer.com\u00a0\u00bb css_animation=\u00a0\u00bbfade-up\u00a0\u00bb price=\u00a0\u00bb\u20ac65&Prime; css_animation_delay=\u00a0\u00bb450&Prime; link=\u00a0\u00bburl:http%3A%2F%2Fpdf-online.shop%2Ffr%2Fshop%2Fcart%2F%3Fadd-to-cart%3D5984|title:PDF%20BUNDLE||\u00a0\u00bb][\/vc_column][vc_column width=\u00a0\u00bb1\/3&Prime;][wvc_pricing_table title=\u00a0\u00bbPDF ENTERPRISE\u00a0\u00bb button_text=\u00a0\u00bbAcheter maintenant\u00a0\u00bb tagline=\u00a0\u00bbId\u00e9al pour les \u00e9diteurs, les imprimeries et les autorit\u00e9s publiques\u00a0\u00bb currency=\u00a0\u00bb\u20ac\u00a0\u00bb price_period=\u00a0\u00bbPar mois\u00a0\u00bb services=\u00a0\u00bbT\u00e9l\u00e9charger 100 fichiers PDF<br \/>\nLivraison simple par wetransfer.com<br \/>\nR\u00e9actif pour chaque appareil<br \/>\nH\u00e9bergement gratuit dans un environnement s\u00e9curis\u00e9<br \/>\nPDF navigable sans publicit\u00e9<br \/>\nStyle maison propre avec logo et couleur<br \/>\nCompatible pour chaque navigateur\u00a0\u00bb css_animation=\u00a0\u00bbfade-left\u00a0\u00bb price=\u00a0\u00bb\u20ac245&Prime; css_animation_delay=\u00a0\u00bb250&Prime; link=\u00a0\u00bburl:http%3A%2F%2Fpdf-online.shop%2Ffr%2Fshop%2Fcart%2F%3Fadd-to-cart%3D5997|title:PDF%20ENTERPRISE||\u00a0\u00bb][\/vc_column][\/vc_row][vc_row equal_height=\u00a0\u00bb\u00a0\u00bb add_bottom_shape_divider=\u00a0\u00bbyes\u00a0\u00bb sd_bottom_type=\u00a0\u00bbimage\u00a0\u00bb sd_bottom_opacity=\u00a0\u00bb100&Prime; sd_bottom_zindex=\u00a0\u00bb0&Prime; shift_y=\u00a0\u00bb0&Prime; z_index=\u00a0\u00bb0&Prime; sd_bottom_img=\u00a0\u00bb3826&Prime; css=\u00a0\u00bb.vc_custom_1611672916748{padding-top: 0px !important;padding-bottom: 0px !important;}\u00a0\u00bb][vc_column width=\u00a0\u00bb1\/2&Prime; shift_x=\u00a0\u00bb0&Prime; shift_y=\u00a0\u00bb0&Prime; z_index=\u00a0\u00bb0&Prime; el_class=\u00a0\u00bbpricing-header-textblok\u00a0\u00bb][vc_column_text]Avec PDF One, vous pouvez convertir les fichiers PDF en PDF navigables une seule fois, sans frais mensuels. Si vous souhaitez convertir plusieurs fichiers PDF chaque mois, nous proposons \u00e9galement des abonnements \u00e0 prix r\u00e9duit. T\u00e9l\u00e9chargez via Wetransfer les fichiers au format PDF Online et nous nous assurerons qu\u2019ils sont plac\u00e9s en ligne sous forme de fichier PDF navigable. Vous trouverez ci-dessous nos diff\u00e9rentes possibilit\u00e9s.[\/vc_column_text][\/vc_column][vc_column width=\u00a0\u00bb1\/2&Prime;][vc_column_text]\n\t\t\t\t<p class=\"rs-p-wp-fix\"><\/p>\n\t\t\t\t<sr7-module data-alias=\"online_shopping\" data-id=\"17\" id=\"SR7_17_1\" data-version=\"6.7.51\">\n\t\t\t\t\t<sr7-adjuster><\/sr7-adjuster>\n\t\t\t\t\t<sr7-content>\n\t\t\t\t\t\t<sr7-slide id=\"SR7_17_1-21\" data-key=\"21\">\n\t\t\t\t\t\t<\/sr7-slide>\n\t\t\t\t\t\t<sr7-slide id=\"SR7_17_1-47\" data-key=\"47\">\n\t\t\t\t\t\t<\/sr7-slide>\n\t\t\t\t\t<\/sr7-content>\n\t\t\t\t<\/sr7-module>\n\t\t\t\t<script>\n\t\t\t\t\twindow.SR7 ??={};SR7.PMH ??={}; SR7.PMH[\"SR7_17_1\"] = {cn:100,state:false,fn: function() { if (window._tpt!==undefined && window._tpt.prepareModuleHeight !== undefined) {  _tpt.prepareModuleHeight({id:\"SR7_17_1\",el:[600],type:'hero',shdw:'0',gh:[600],gw:[600],vpt:['50%'],size:{fullWidth:false, fullHeight:false},mh:'0',onh:0,onw:0,bg:{color:'transparent'},plType:'-1',plColor:'#FFFFFF'});   SR7.PMH[\"SR7_17_1\"].state=true;} else if(SR7.PMH[\"SR7_17_1\"].cn-->0)\tsetTimeout( SR7.PMH[\"SR7_17_1\"].fn,19);}};SR7.PMH[\"SR7_17_1\" ].fn();\n\t\t\t\t<\/script>\n[\/vc_column_text][\/vc_column][\/vc_row][vc_row equal_height=\u00a0\u00bb\u00a0\u00bb shift_y=\u00a0\u00bb0&Prime; z_index=\u00a0\u00bb0&Prime; css=\u00a0\u00bb.vc_custom_1611672803543{padding-top: 0px !important;padding-bottom: 0px !important;}\u00a0\u00bb][vc_column][vc_custom_heading text=\u00a0\u00bbExemples\u00a0\u00bb font_size=\u00a0\u00bb48&Prime; text_align=\u00a0\u00bbleft\u00a0\u00bb tag=\u00a0\u00bbh1&Prime; css_animation=\u00a0\u00bbfadeInUp\u00a0\u00bb][vc_gallery slides_per_view=\u00a0\u00bb3&Prime; onclick=\u00a0\u00bbcustom_link\u00a0\u00bb custom_links_target=\u00a0\u00bb_blank\u00a0\u00bb custom_links=\u00a0\u00bb#E-8_aHR0cHMlM0ElMkYlMkZ2aWV3ZXIucGRmLW9ubGluZS5ubCUyRmJvb2tzJTJGZ3NpeiUyQ2h0dHBzJTNBJTJGJTJGdmlld2VyLnBkZi1vbmxpbmUubmwlMkZib29rcyUyRnZtcXElMkNodHRwcyUzQSUyRiUyRnZpZXdlci5wZGYtb25saW5lLm5sJTJGYm9va3MlMkZrcHdtJTJDaHR0cHMlM0ElMkYlMkZ2aWV3ZXIucGRmLW9ubGluZS5ubCUyRmJvb2tzJTJGcm1pZSUyQ2h0dHBzJTNBJTJGJTJGdmlld2VyLnBkZi1vbmxpbmUubmwlMkZib29rcyUyRmpicGUlMkNodHRwcyUzQSUyRiUyRnZpZXdlci5wZGYtb25saW5lLm5sJTJGYm9va3MlMkZpd21t\u00a0\u00bb css=\u00a0\u00bb.vc_custom_1611672480753{padding-top: 0px !important;padding-bottom: 0px !important;}\u00a0\u00bb images=\u00a0\u00bb7166,7171,7176,7181,7186,7191&Prime;][\/vc_column][\/vc_row]<\/p>\n","protected":false},"excerpt":{"rendered":"<p>[vc_row equal_height=\u00a0\u00bb\u00a0\u00bb shift_y=\u00a0\u00bb0&Prime; z_index=\u00a0\u00bb0&Prime; css=\u00a0\u00bb.vc_custom_1611672831595{padding-top: 10px !important;padding-bottom: 0px !important;}\u00a0\u00bb][vc_column][vc_custom_heading text=\u00a0\u00bb{{page_title}}\u00a0\u00bb font_size=\u00a0\u00bb48&Prime; text_align=\u00a0\u00bbleft\u00a0\u00bb tag=\u00a0\u00bbh1&Prime; css_animation=\u00a0\u00bbfadeInUp\u00a0\u00bb][\/vc_column][\/vc_row][vc_row equal_height=\u00a0\u00bb\u00a0\u00bb shift_y=\u00a0\u00bb0&Prime; z_index=\u00a0\u00bb0&Prime; css=\u00a0\u00bb.vc_custom_1611672552042{padding-top: 0px !important;padding-bottom: 0px !important;}\u00a0\u00bb][vc_column width=\u00a0\u00bb1\/3&Prime;][wvc_pricing_table title=\u00a0\u00bbPDF ONE\u00a0\u00bb title_tag=\u00a0\u00bbh1&Prime; button_text=\u00a0\u00bbAcheter maintenant\u00a0\u00bb tagline=\u00a0\u00bb1 x PDF navigable pour des frais uniques\u00a0\u00bb price_period=\u00a0\u00bb\u00c0 partir de\u00a0\u00bb services=\u00a0\u00bbPas de frais mensuels Rapide et simple R\u00e9actif pour chaque appareil H\u00e9bergement gratuit dans un environnement&#8230;<\/p>\n<p><a rel=\"bookmark\" class=\"theme-button-text wvc-button wvc-button-size-xs\" href=\"https:\/\/pdf-online.shop\/fr\/tarifs\/\"><small class=\"wvc-button-background-fill\"><\/small><span>Continue reading<\/span><\/a><\/p>\n","protected":false},"author":1,"featured_media":0,"parent":0,"menu_order":0,"comment_status":"closed","ping_status":"closed","template":"","meta":{"footnotes":""},"yoast_head":"<!-- This site is optimized with the Yoast SEO plugin v24.5 - https:\/\/yoast.com\/wordpress\/plugins\/seo\/ -->\n<title>Tarifs - PDF-Online<\/title>\n<meta name=\"robots\" content=\"index, follow, max-snippet:-1, max-image-preview:large, max-video-preview:-1\" \/>\n<link rel=\"canonical\" href=\"https:\/\/pdf-online.shop\/fr\/tarifs\/\" \/>\n<meta property=\"og:locale\" content=\"fr_FR\" \/>\n<meta property=\"og:type\" content=\"article\" \/>\n<meta property=\"og:title\" content=\"Tarifs - PDF-Online\" \/>\n<meta property=\"og:description\" content=\"[vc_row equal_height=\u00a0\u00bb\u00a0\u00bb shift_y=\u00a0\u00bb0&Prime; z_index=\u00a0\u00bb0&Prime; css=\u00a0\u00bb.vc_custom_1611672831595{padding-top: 10px !important;padding-bottom: 0px !important;}\u00a0\u00bb][vc_column][vc_custom_heading text=\u00a0\u00bb{{page_title}}\u00a0\u00bb font_size=\u00a0\u00bb48&Prime; text_align=\u00a0\u00bbleft\u00a0\u00bb tag=\u00a0\u00bbh1&Prime; css_animation=\u00a0\u00bbfadeInUp\u00a0\u00bb][\/vc_column][\/vc_row][vc_row equal_height=\u00a0\u00bb\u00a0\u00bb shift_y=\u00a0\u00bb0&Prime; z_index=\u00a0\u00bb0&Prime; css=\u00a0\u00bb.vc_custom_1611672552042{padding-top: 0px !important;padding-bottom: 0px !important;}\u00a0\u00bb][vc_column width=\u00a0\u00bb1\/3&Prime;][wvc_pricing_table title=\u00a0\u00bbPDF ONE\u00a0\u00bb title_tag=\u00a0\u00bbh1&Prime; button_text=\u00a0\u00bbAcheter maintenant\u00a0\u00bb tagline=\u00a0\u00bb1 x PDF navigable pour des frais uniques\u00a0\u00bb price_period=\u00a0\u00bb\u00c0 partir de\u00a0\u00bb services=\u00a0\u00bbPas de frais mensuels Rapide et simple R\u00e9actif pour chaque appareil H\u00e9bergement gratuit dans un environnement...Continue reading\" \/>\n<meta property=\"og:url\" content=\"https:\/\/pdf-online.shop\/fr\/tarifs\/\" \/>\n<meta property=\"og:site_name\" content=\"PDF-Online\" \/>\n<meta property=\"article:modified_time\" content=\"2021-01-27T15:20:38+00:00\" \/>\n<meta name=\"twitter:card\" content=\"summary_large_image\" \/>\n<meta name=\"twitter:label1\" content=\"Dur\u00e9e de lecture estim\u00e9e\" \/>\n\t<meta name=\"twitter:data1\" content=\"3 minutes\" \/>\n<script type=\"application\/ld+json\" class=\"yoast-schema-graph\">{\"@context\":\"https:\/\/schema.org\",\"@graph\":[{\"@type\":\"WebPage\",\"@id\":\"https:\/\/pdf-online.shop\/fr\/tarifs\/\",\"url\":\"https:\/\/pdf-online.shop\/fr\/tarifs\/\",\"name\":\"Tarifs - PDF-Online\",\"isPartOf\":{\"@id\":\"https:\/\/pdf-online.shop\/#website\"},\"datePublished\":\"2020-10-05T09:08:16+00:00\",\"dateModified\":\"2021-01-27T15:20:38+00:00\",\"breadcrumb\":{\"@id\":\"https:\/\/pdf-online.shop\/fr\/tarifs\/#breadcrumb\"},\"inLanguage\":\"fr-FR\",\"potentialAction\":[{\"@type\":\"ReadAction\",\"target\":[\"https:\/\/pdf-online.shop\/fr\/tarifs\/\"]}]},{\"@type\":\"BreadcrumbList\",\"@id\":\"https:\/\/pdf-online.shop\/fr\/tarifs\/#breadcrumb\",\"itemListElement\":[{\"@type\":\"ListItem\",\"position\":1,\"name\":\"Home\",\"item\":\"https:\/\/pdf-online.shop\/fr\/\"},{\"@type\":\"ListItem\",\"position\":2,\"name\":\"Tarifs\"}]},{\"@type\":\"WebSite\",\"@id\":\"https:\/\/pdf-online.shop\/#website\",\"url\":\"https:\/\/pdf-online.shop\/\",\"name\":\"PDF-Online\",\"description\":\"\",\"potentialAction\":[{\"@type\":\"SearchAction\",\"target\":{\"@type\":\"EntryPoint\",\"urlTemplate\":\"https:\/\/pdf-online.shop\/?s={search_term_string}\"},\"query-input\":{\"@type\":\"PropertyValueSpecification\",\"valueRequired\":true,\"valueName\":\"search_term_string\"}}],\"inLanguage\":\"fr-FR\"}]}<\/script>\n<!-- \/ Yoast SEO plugin. -->","yoast_head_json":{"title":"Tarifs - PDF-Online","robots":{"index":"index","follow":"follow","max-snippet":"max-snippet:-1","max-image-preview":"max-image-preview:large","max-video-preview":"max-video-preview:-1"},"canonical":"https:\/\/pdf-online.shop\/fr\/tarifs\/","og_locale":"fr_FR","og_type":"article","og_title":"Tarifs - PDF-Online","og_description":"[vc_row equal_height=\u00a0\u00bb\u00a0\u00bb shift_y=\u00a0\u00bb0&Prime; z_index=\u00a0\u00bb0&Prime; css=\u00a0\u00bb.vc_custom_1611672831595{padding-top: 10px !important;padding-bottom: 0px !important;}\u00a0\u00bb][vc_column][vc_custom_heading text=\u00a0\u00bb{{page_title}}\u00a0\u00bb font_size=\u00a0\u00bb48&Prime; text_align=\u00a0\u00bbleft\u00a0\u00bb tag=\u00a0\u00bbh1&Prime; css_animation=\u00a0\u00bbfadeInUp\u00a0\u00bb][\/vc_column][\/vc_row][vc_row equal_height=\u00a0\u00bb\u00a0\u00bb shift_y=\u00a0\u00bb0&Prime; z_index=\u00a0\u00bb0&Prime; css=\u00a0\u00bb.vc_custom_1611672552042{padding-top: 0px !important;padding-bottom: 0px !important;}\u00a0\u00bb][vc_column width=\u00a0\u00bb1\/3&Prime;][wvc_pricing_table title=\u00a0\u00bbPDF ONE\u00a0\u00bb title_tag=\u00a0\u00bbh1&Prime; button_text=\u00a0\u00bbAcheter maintenant\u00a0\u00bb tagline=\u00a0\u00bb1 x PDF navigable pour des frais uniques\u00a0\u00bb price_period=\u00a0\u00bb\u00c0 partir de\u00a0\u00bb services=\u00a0\u00bbPas de frais mensuels Rapide et simple R\u00e9actif pour chaque appareil H\u00e9bergement gratuit dans un environnement...Continue reading","og_url":"https:\/\/pdf-online.shop\/fr\/tarifs\/","og_site_name":"PDF-Online","article_modified_time":"2021-01-27T15:20:38+00:00","twitter_card":"summary_large_image","twitter_misc":{"Dur\u00e9e de lecture estim\u00e9e":"3 minutes"},"schema":{"@context":"https:\/\/schema.org","@graph":[{"@type":"WebPage","@id":"https:\/\/pdf-online.shop\/fr\/tarifs\/","url":"https:\/\/pdf-online.shop\/fr\/tarifs\/","name":"Tarifs - PDF-Online","isPartOf":{"@id":"https:\/\/pdf-online.shop\/#website"},"datePublished":"2020-10-05T09:08:16+00:00","dateModified":"2021-01-27T15:20:38+00:00","breadcrumb":{"@id":"https:\/\/pdf-online.shop\/fr\/tarifs\/#breadcrumb"},"inLanguage":"fr-FR","potentialAction":[{"@type":"ReadAction","target":["https:\/\/pdf-online.shop\/fr\/tarifs\/"]}]},{"@type":"BreadcrumbList","@id":"https:\/\/pdf-online.shop\/fr\/tarifs\/#breadcrumb","itemListElement":[{"@type":"ListItem","position":1,"name":"Home","item":"https:\/\/pdf-online.shop\/fr\/"},{"@type":"ListItem","position":2,"name":"Tarifs"}]},{"@type":"WebSite","@id":"https:\/\/pdf-online.shop\/#website","url":"https:\/\/pdf-online.shop\/","name":"PDF-Online","description":"","potentialAction":[{"@type":"SearchAction","target":{"@type":"EntryPoint","urlTemplate":"https:\/\/pdf-online.shop\/?s={search_term_string}"},"query-input":{"@type":"PropertyValueSpecification","valueRequired":true,"valueName":"search_term_string"}}],"inLanguage":"fr-FR"}]}},"_links":{"self":[{"href":"https:\/\/pdf-online.shop\/fr\/wp-json\/wp\/v2\/pages\/6775"}],"collection":[{"href":"https:\/\/pdf-online.shop\/fr\/wp-json\/wp\/v2\/pages"}],"about":[{"href":"https:\/\/pdf-online.shop\/fr\/wp-json\/wp\/v2\/types\/page"}],"author":[{"embeddable":true,"href":"https:\/\/pdf-online.shop\/fr\/wp-json\/wp\/v2\/users\/1"}],"replies":[{"embeddable":true,"href":"https:\/\/pdf-online.shop\/fr\/wp-json\/wp\/v2\/comments?post=6775"}],"version-history":[{"count":5,"href":"https:\/\/pdf-online.shop\/fr\/wp-json\/wp\/v2\/pages\/6775\/revisions"}],"predecessor-version":[{"id":7211,"href":"https:\/\/pdf-online.shop\/fr\/wp-json\/wp\/v2\/pages\/6775\/revisions\/7211"}],"wp:attachment":[{"href":"https:\/\/pdf-online.shop\/fr\/wp-json\/wp\/v2\/media?parent=6775"}],"curies":[{"name":"wp","href":"https:\/\/api.w.org\/{rel}","templated":true}]}}