{"id":6782,"date":"2020-10-05T09:38:52","date_gmt":"2020-10-05T09:38:52","guid":{"rendered":"https:\/\/www.pdf-online.nl\/avertissement\/"},"modified":"2020-10-05T09:38:52","modified_gmt":"2020-10-05T09:38:52","slug":"avertissement","status":"publish","type":"page","link":"https:\/\/pdf-online.shop\/fr\/avertissement\/","title":{"rendered":"Avertissement"},"content":{"rendered":"<p>La composition, le contenu et la structure de ce site sont prot\u00e9g\u00e9s par le droit d&rsquo;auteur. Rien de tout cela ne peut \u00eatre reproduit et \/ ou rendu public par impression, photocopie, microfilm ou de toute autre mani\u00e8re, sans l&rsquo;autorisation \u00e9crite pr\u00e9alable de Buro Zero.<\/p>\n<p>Les informations de ce site ont \u00e9t\u00e9 compil\u00e9es avec soin. Buro Zero ne peut \u00eatre tenu responsable d&rsquo;\u00e9ventuelles erreurs et aucun droit ne peut \u00eatre d\u00e9riv\u00e9 du contenu de ce site.<\/p>\n<p>Buro Zero exerce le plus grand soin dans la pr\u00e9paration, la composition et la diffusion des informations sur ce site, mais ne peut en aucune mani\u00e8re garantir l&rsquo;exactitude ou l&rsquo;exhaustivit\u00e9 des informations.<\/p>\n<p>Buro Zero n&rsquo;accepte aucune responsabilit\u00e9 pour les dommages caus\u00e9s par l&rsquo;utilisation ou le caract\u00e8re incomplet des informations propos\u00e9es sur ce site de quelque mani\u00e8re que ce soit. Les informations et recommandations pr\u00e9sentes sur ce site Web sont susceptibles d&rsquo;\u00eatre modifi\u00e9es sans avertissement ni pr\u00e9avis.<\/p>\n","protected":false},"excerpt":{"rendered":"<p>La composition, le contenu et la structure de ce site sont prot\u00e9g\u00e9s par le droit d&rsquo;auteur. Rien de tout cela ne peut \u00eatre reproduit et \/ ou rendu public par impression, photocopie, microfilm ou de toute autre mani\u00e8re, sans l&rsquo;autorisation \u00e9crite pr\u00e9alable de Buro Zero. Les informations de ce site ont \u00e9t\u00e9 compil\u00e9es avec soin&#8230;.<\/p>\n<p><a rel=\"bookmark\" class=\"theme-button-text wvc-button wvc-button-size-xs\" href=\"https:\/\/pdf-online.shop\/fr\/avertissement\/\"><small class=\"wvc-button-background-fill\"><\/small><span>Continue reading<\/span><\/a><\/p>\n","protected":false},"author":1,"featured_media":0,"parent":0,"menu_order":0,"comment_status":"closed","ping_status":"closed","template":"","meta":{"footnotes":""},"yoast_head":"<!-- This site is optimized with the Yoast SEO plugin v24.5 - https:\/\/yoast.com\/wordpress\/plugins\/seo\/ -->\n<title>Avertissement - PDF-Online<\/title>\n<meta name=\"robots\" content=\"index, follow, max-snippet:-1, max-image-preview:large, max-video-preview:-1\" \/>\n<link rel=\"canonical\" href=\"https:\/\/pdf-online.shop\/fr\/avertissement\/\" \/>\n<meta property=\"og:locale\" content=\"fr_FR\" \/>\n<meta property=\"og:type\" content=\"article\" \/>\n<meta property=\"og:title\" content=\"Avertissement - PDF-Online\" \/>\n<meta property=\"og:description\" content=\"La composition, le contenu et la structure de ce site sont prot\u00e9g\u00e9s par le droit d&rsquo;auteur. Rien de tout cela ne peut \u00eatre reproduit et \/ ou rendu public par impression, photocopie, microfilm ou de toute autre mani\u00e8re, sans l&rsquo;autorisation \u00e9crite pr\u00e9alable de Buro Zero. Les informations de ce site ont \u00e9t\u00e9 compil\u00e9es avec soin....Continue reading\" \/>\n<meta property=\"og:url\" content=\"https:\/\/pdf-online.shop\/fr\/avertissement\/\" \/>\n<meta property=\"og:site_name\" content=\"PDF-Online\" \/>\n<meta name=\"twitter:card\" content=\"summary_large_image\" \/>\n<meta name=\"twitter:label1\" content=\"Dur\u00e9e de lecture estim\u00e9e\" \/>\n\t<meta name=\"twitter:data1\" content=\"1 minute\" \/>\n<script type=\"application\/ld+json\" class=\"yoast-schema-graph\">{\"@context\":\"https:\/\/schema.org\",\"@graph\":[{\"@type\":\"WebPage\",\"@id\":\"https:\/\/pdf-online.shop\/fr\/avertissement\/\",\"url\":\"https:\/\/pdf-online.shop\/fr\/avertissement\/\",\"name\":\"Avertissement - PDF-Online\",\"isPartOf\":{\"@id\":\"https:\/\/pdf-online.shop\/#website\"},\"datePublished\":\"2020-10-05T09:38:52+00:00\",\"breadcrumb\":{\"@id\":\"https:\/\/pdf-online.shop\/fr\/avertissement\/#breadcrumb\"},\"inLanguage\":\"fr-FR\",\"potentialAction\":[{\"@type\":\"ReadAction\",\"target\":[\"https:\/\/pdf-online.shop\/fr\/avertissement\/\"]}]},{\"@type\":\"BreadcrumbList\",\"@id\":\"https:\/\/pdf-online.shop\/fr\/avertissement\/#breadcrumb\",\"itemListElement\":[{\"@type\":\"ListItem\",\"position\":1,\"name\":\"Home\",\"item\":\"https:\/\/pdf-online.shop\/fr\/\"},{\"@type\":\"ListItem\",\"position\":2,\"name\":\"Avertissement\"}]},{\"@type\":\"WebSite\",\"@id\":\"https:\/\/pdf-online.shop\/#website\",\"url\":\"https:\/\/pdf-online.shop\/\",\"name\":\"PDF-Online\",\"description\":\"\",\"potentialAction\":[{\"@type\":\"SearchAction\",\"target\":{\"@type\":\"EntryPoint\",\"urlTemplate\":\"https:\/\/pdf-online.shop\/?s={search_term_string}\"},\"query-input\":{\"@type\":\"PropertyValueSpecification\",\"valueRequired\":true,\"valueName\":\"search_term_string\"}}],\"inLanguage\":\"fr-FR\"}]}<\/script>\n<!-- \/ Yoast SEO plugin. -->","yoast_head_json":{"title":"Avertissement - PDF-Online","robots":{"index":"index","follow":"follow","max-snippet":"max-snippet:-1","max-image-preview":"max-image-preview:large","max-video-preview":"max-video-preview:-1"},"canonical":"https:\/\/pdf-online.shop\/fr\/avertissement\/","og_locale":"fr_FR","og_type":"article","og_title":"Avertissement - PDF-Online","og_description":"La composition, le contenu et la structure de ce site sont prot\u00e9g\u00e9s par le droit d&rsquo;auteur. Rien de tout cela ne peut \u00eatre reproduit et \/ ou rendu public par impression, photocopie, microfilm ou de toute autre mani\u00e8re, sans l&rsquo;autorisation \u00e9crite pr\u00e9alable de Buro Zero. Les informations de ce site ont \u00e9t\u00e9 compil\u00e9es avec soin....Continue reading","og_url":"https:\/\/pdf-online.shop\/fr\/avertissement\/","og_site_name":"PDF-Online","twitter_card":"summary_large_image","twitter_misc":{"Dur\u00e9e de lecture estim\u00e9e":"1 minute"},"schema":{"@context":"https:\/\/schema.org","@graph":[{"@type":"WebPage","@id":"https:\/\/pdf-online.shop\/fr\/avertissement\/","url":"https:\/\/pdf-online.shop\/fr\/avertissement\/","name":"Avertissement - PDF-Online","isPartOf":{"@id":"https:\/\/pdf-online.shop\/#website"},"datePublished":"2020-10-05T09:38:52+00:00","breadcrumb":{"@id":"https:\/\/pdf-online.shop\/fr\/avertissement\/#breadcrumb"},"inLanguage":"fr-FR","potentialAction":[{"@type":"ReadAction","target":["https:\/\/pdf-online.shop\/fr\/avertissement\/"]}]},{"@type":"BreadcrumbList","@id":"https:\/\/pdf-online.shop\/fr\/avertissement\/#breadcrumb","itemListElement":[{"@type":"ListItem","position":1,"name":"Home","item":"https:\/\/pdf-online.shop\/fr\/"},{"@type":"ListItem","position":2,"name":"Avertissement"}]},{"@type":"WebSite","@id":"https:\/\/pdf-online.shop\/#website","url":"https:\/\/pdf-online.shop\/","name":"PDF-Online","description":"","potentialAction":[{"@type":"SearchAction","target":{"@type":"EntryPoint","urlTemplate":"https:\/\/pdf-online.shop\/?s={search_term_string}"},"query-input":{"@type":"PropertyValueSpecification","valueRequired":true,"valueName":"search_term_string"}}],"inLanguage":"fr-FR"}]}},"_links":{"self":[{"href":"https:\/\/pdf-online.shop\/fr\/wp-json\/wp\/v2\/pages\/6782"}],"collection":[{"href":"https:\/\/pdf-online.shop\/fr\/wp-json\/wp\/v2\/pages"}],"about":[{"href":"https:\/\/pdf-online.shop\/fr\/wp-json\/wp\/v2\/types\/page"}],"author":[{"embeddable":true,"href":"https:\/\/pdf-online.shop\/fr\/wp-json\/wp\/v2\/users\/1"}],"replies":[{"embeddable":true,"href":"https:\/\/pdf-online.shop\/fr\/wp-json\/wp\/v2\/comments?post=6782"}],"version-history":[{"count":0,"href":"https:\/\/pdf-online.shop\/fr\/wp-json\/wp\/v2\/pages\/6782\/revisions"}],"wp:attachment":[{"href":"https:\/\/pdf-online.shop\/fr\/wp-json\/wp\/v2\/media?parent=6782"}],"curies":[{"name":"wp","href":"https:\/\/api.w.org\/{rel}","templated":true}]}}