{"id":6795,"date":"2020-06-15T12:52:25","date_gmt":"2020-06-15T12:52:25","guid":{"rendered":"https:\/\/www.pdf-online.nl\/product\/pdf-one\/"},"modified":"2020-10-05T10:28:57","modified_gmt":"2020-10-05T10:28:57","slug":"pdf-one","status":"publish","type":"product","link":"https:\/\/pdf-online.shop\/fr\/produit\/pdf-one\/","title":{"rendered":"PDF One"},"content":{"rendered":"","protected":false},"excerpt":{"rendered":"<div class=\"wvc-pricing-table-inner\">\n<ul>\n<li class=\"wvc-pricing-table-title-cell\">\n<h3 class=\"wvc-pricing-table-title\">PDF ONE<\/h3>\n<p><span class=\"wvc-pricing-table-tagline\">Co\u00fbts ponctuels<\/span><\/li>\n<li class=\"wvc-pt-cell\"><span class=\"wvc-pt-cell-text\">Pas de frais mensuels<\/span><\/li>\n<li class=\"wvc-pt-cell\"><span class=\"wvc-pt-cell-text\">Rapide et simple<\/span><\/li>\n<li class=\"wvc-pt-cell\"><span class=\"wvc-pt-cell-text\">R\u00e9actif pour chaque appareil<\/span><\/li>\n<li class=\"wvc-pt-cell\"><span class=\"wvc-pt-cell-text\">H\u00e9bergement gratuit dans un environnement s\u00e9curis\u00e9<\/span><\/li>\n<li class=\"wvc-pt-cell\"><span class=\"wvc-pt-cell-text\">PDF navigable sans publicit\u00e9<\/span><\/li>\n<li class=\"wvc-pt-cell\"><span class=\"wvc-pt-cell-text\">Style maison propre avec logo et couleur<\/span><\/li>\n<li class=\"wvc-pt-cell\"><span class=\"wvc-pt-cell-text\">Compatible pour chaque navigateur<\/span><\/li>\n<\/ul>\n<\/div>\n","protected":false},"featured_media":6796,"comment_status":"closed","ping_status":"closed","template":"","meta":[],"product_cat":[88],"product_tag":[],"yoast_head":"<!-- This site is optimized with the Yoast SEO plugin v24.5 - https:\/\/yoast.com\/wordpress\/plugins\/seo\/ -->\n<title>PDF One - PDF-Online<\/title>\n<meta name=\"robots\" content=\"index, follow, max-snippet:-1, max-image-preview:large, max-video-preview:-1\" \/>\n<link rel=\"canonical\" href=\"https:\/\/pdf-online.shop\/fr\/produit\/pdf-one\/\" \/>\n<meta property=\"og:locale\" content=\"fr_FR\" \/>\n<meta property=\"og:type\" content=\"article\" \/>\n<meta property=\"og:title\" content=\"PDF One - PDF-Online\" \/>\n<meta property=\"og:description\" content=\"PDF ONE Co\u00fbts ponctuels Pas de frais mensuels Rapide et simple R\u00e9actif pour chaque appareil H\u00e9bergement gratuit dans un environnement s\u00e9curis\u00e9 PDF navigable sans publicit\u00e9 Style maison propre avec logo et couleur Compatible pour chaque navigateur\" \/>\n<meta property=\"og:url\" content=\"https:\/\/pdf-online.shop\/fr\/produit\/pdf-one\/\" \/>\n<meta property=\"og:site_name\" content=\"PDF-Online\" \/>\n<meta property=\"article:modified_time\" content=\"2020-10-05T10:28:57+00:00\" \/>\n<meta property=\"og:image\" content=\"https:\/\/pdf-online.shop\/wp-content\/uploads\/2020\/06\/pdf-one.jpg\" \/>\n\t<meta property=\"og:image:width\" content=\"1000\" \/>\n\t<meta property=\"og:image:height\" content=\"1000\" \/>\n\t<meta property=\"og:image:type\" content=\"image\/jpeg\" \/>\n<meta name=\"twitter:card\" content=\"summary_large_image\" \/>\n<script type=\"application\/ld+json\" class=\"yoast-schema-graph\">{\"@context\":\"https:\/\/schema.org\",\"@graph\":[{\"@type\":\"WebPage\",\"@id\":\"https:\/\/pdf-online.shop\/fr\/produit\/pdf-one\/\",\"url\":\"https:\/\/pdf-online.shop\/fr\/produit\/pdf-one\/\",\"name\":\"PDF One - PDF-Online\",\"isPartOf\":{\"@id\":\"https:\/\/pdf-online.shop\/#website\"},\"primaryImageOfPage\":{\"@id\":\"https:\/\/pdf-online.shop\/fr\/produit\/pdf-one\/#primaryimage\"},\"image\":{\"@id\":\"https:\/\/pdf-online.shop\/fr\/produit\/pdf-one\/#primaryimage\"},\"thumbnailUrl\":\"https:\/\/pdf-online.shop\/wp-content\/uploads\/2020\/06\/pdf-one.jpg\",\"datePublished\":\"2020-06-15T12:52:25+00:00\",\"dateModified\":\"2020-10-05T10:28:57+00:00\",\"breadcrumb\":{\"@id\":\"https:\/\/pdf-online.shop\/fr\/produit\/pdf-one\/#breadcrumb\"},\"inLanguage\":\"fr-FR\",\"potentialAction\":[{\"@type\":\"ReadAction\",\"target\":[\"https:\/\/pdf-online.shop\/fr\/produit\/pdf-one\/\"]}]},{\"@type\":\"ImageObject\",\"inLanguage\":\"fr-FR\",\"@id\":\"https:\/\/pdf-online.shop\/fr\/produit\/pdf-one\/#primaryimage\",\"url\":\"https:\/\/pdf-online.shop\/wp-content\/uploads\/2020\/06\/pdf-one.jpg\",\"contentUrl\":\"https:\/\/pdf-online.shop\/wp-content\/uploads\/2020\/06\/pdf-one.jpg\",\"width\":1000,\"height\":1000},{\"@type\":\"BreadcrumbList\",\"@id\":\"https:\/\/pdf-online.shop\/fr\/produit\/pdf-one\/#breadcrumb\",\"itemListElement\":[{\"@type\":\"ListItem\",\"position\":1,\"name\":\"Home\",\"item\":\"https:\/\/pdf-online.shop\/fr\/\"},{\"@type\":\"ListItem\",\"position\":2,\"name\":\"Shop\",\"item\":\"https:\/\/pdf-online.shop\/shop\/\"},{\"@type\":\"ListItem\",\"position\":3,\"name\":\"PDF One\"}]},{\"@type\":\"WebSite\",\"@id\":\"https:\/\/pdf-online.shop\/#website\",\"url\":\"https:\/\/pdf-online.shop\/\",\"name\":\"PDF-Online\",\"description\":\"\",\"potentialAction\":[{\"@type\":\"SearchAction\",\"target\":{\"@type\":\"EntryPoint\",\"urlTemplate\":\"https:\/\/pdf-online.shop\/?s={search_term_string}\"},\"query-input\":{\"@type\":\"PropertyValueSpecification\",\"valueRequired\":true,\"valueName\":\"search_term_string\"}}],\"inLanguage\":\"fr-FR\"}]}<\/script>\n<!-- \/ Yoast SEO plugin. -->","yoast_head_json":{"title":"PDF One - PDF-Online","robots":{"index":"index","follow":"follow","max-snippet":"max-snippet:-1","max-image-preview":"max-image-preview:large","max-video-preview":"max-video-preview:-1"},"canonical":"https:\/\/pdf-online.shop\/fr\/produit\/pdf-one\/","og_locale":"fr_FR","og_type":"article","og_title":"PDF One - PDF-Online","og_description":"PDF ONE Co\u00fbts ponctuels Pas de frais mensuels Rapide et simple R\u00e9actif pour chaque appareil H\u00e9bergement gratuit dans un environnement s\u00e9curis\u00e9 PDF navigable sans publicit\u00e9 Style maison propre avec logo et couleur Compatible pour chaque navigateur","og_url":"https:\/\/pdf-online.shop\/fr\/produit\/pdf-one\/","og_site_name":"PDF-Online","article_modified_time":"2020-10-05T10:28:57+00:00","og_image":[{"width":1000,"height":1000,"url":"https:\/\/pdf-online.shop\/wp-content\/uploads\/2020\/06\/pdf-one.jpg","type":"image\/jpeg"}],"twitter_card":"summary_large_image","schema":{"@context":"https:\/\/schema.org","@graph":[{"@type":"WebPage","@id":"https:\/\/pdf-online.shop\/fr\/produit\/pdf-one\/","url":"https:\/\/pdf-online.shop\/fr\/produit\/pdf-one\/","name":"PDF One - PDF-Online","isPartOf":{"@id":"https:\/\/pdf-online.shop\/#website"},"primaryImageOfPage":{"@id":"https:\/\/pdf-online.shop\/fr\/produit\/pdf-one\/#primaryimage"},"image":{"@id":"https:\/\/pdf-online.shop\/fr\/produit\/pdf-one\/#primaryimage"},"thumbnailUrl":"https:\/\/pdf-online.shop\/wp-content\/uploads\/2020\/06\/pdf-one.jpg","datePublished":"2020-06-15T12:52:25+00:00","dateModified":"2020-10-05T10:28:57+00:00","breadcrumb":{"@id":"https:\/\/pdf-online.shop\/fr\/produit\/pdf-one\/#breadcrumb"},"inLanguage":"fr-FR","potentialAction":[{"@type":"ReadAction","target":["https:\/\/pdf-online.shop\/fr\/produit\/pdf-one\/"]}]},{"@type":"ImageObject","inLanguage":"fr-FR","@id":"https:\/\/pdf-online.shop\/fr\/produit\/pdf-one\/#primaryimage","url":"https:\/\/pdf-online.shop\/wp-content\/uploads\/2020\/06\/pdf-one.jpg","contentUrl":"https:\/\/pdf-online.shop\/wp-content\/uploads\/2020\/06\/pdf-one.jpg","width":1000,"height":1000},{"@type":"BreadcrumbList","@id":"https:\/\/pdf-online.shop\/fr\/produit\/pdf-one\/#breadcrumb","itemListElement":[{"@type":"ListItem","position":1,"name":"Home","item":"https:\/\/pdf-online.shop\/fr\/"},{"@type":"ListItem","position":2,"name":"Shop","item":"https:\/\/pdf-online.shop\/shop\/"},{"@type":"ListItem","position":3,"name":"PDF One"}]},{"@type":"WebSite","@id":"https:\/\/pdf-online.shop\/#website","url":"https:\/\/pdf-online.shop\/","name":"PDF-Online","description":"","potentialAction":[{"@type":"SearchAction","target":{"@type":"EntryPoint","urlTemplate":"https:\/\/pdf-online.shop\/?s={search_term_string}"},"query-input":{"@type":"PropertyValueSpecification","valueRequired":true,"valueName":"search_term_string"}}],"inLanguage":"fr-FR"}]}},"_links":{"self":[{"href":"https:\/\/pdf-online.shop\/fr\/wp-json\/wp\/v2\/product\/6795"}],"collection":[{"href":"https:\/\/pdf-online.shop\/fr\/wp-json\/wp\/v2\/product"}],"about":[{"href":"https:\/\/pdf-online.shop\/fr\/wp-json\/wp\/v2\/types\/product"}],"replies":[{"embeddable":true,"href":"https:\/\/pdf-online.shop\/fr\/wp-json\/wp\/v2\/comments?post=6795"}],"wp:featuredmedia":[{"embeddable":true,"href":"https:\/\/pdf-online.shop\/fr\/wp-json\/wp\/v2\/media\/6796"}],"wp:attachment":[{"href":"https:\/\/pdf-online.shop\/fr\/wp-json\/wp\/v2\/media?parent=6795"}],"wp:term":[{"taxonomy":"product_cat","embeddable":true,"href":"https:\/\/pdf-online.shop\/fr\/wp-json\/wp\/v2\/product_cat?post=6795"},{"taxonomy":"product_tag","embeddable":true,"href":"https:\/\/pdf-online.shop\/fr\/wp-json\/wp\/v2\/product_tag?post=6795"}],"curies":[{"name":"wp","href":"https:\/\/api.w.org\/{rel}","templated":true}]}}